{"id":2476,"date":"2016-05-25T23:00:55","date_gmt":"2016-05-25T23:00:55","guid":{"rendered":"http:\/\/blogsaverroes.juntadeandalucia.es\/ceipbarahonadesoto\/?page_id=2476"},"modified":"2019-11-11T11:23:19","modified_gmt":"2019-11-11T11:23:19","slug":"plan-de-convivencia","status":"publish","type":"page","link":"https:\/\/blogsaverroes.juntadeandalucia.es\/ceipbarahonadesoto\/plan-de-convivencia\/","title":{"rendered":"PLAN DE CONVIVENCIA"},"content":{"rendered":"<p><a href=\"http:\/\/blogsaverroes.juntadeandalucia.es\/ceipbarahonadesoto\/files\/2016\/05\/logo-lucena-ciudad-educadora-e1464215826685.jpg\"><img loading=\"lazy\" decoding=\"async\" class=\" wp-image-2473 alignleft\" src=\"http:\/\/blogsaverroes.juntadeandalucia.es\/ceipbarahonadesoto\/files\/2016\/05\/logo-lucena-ciudad-educadora-186x300.jpg\" alt=\"logo lucena ciudad educadora\" width=\"87\" height=\"136\"><\/a> <a href=\"http:\/\/blogsaverroes.juntadeandalucia.es\/ceipbarahonadesoto\/files\/2016\/05\/Logo-RAEEP-fondo-verde-590x423-copia.jpg\"><img loading=\"lazy\" decoding=\"async\" class=\" wp-image-2478 alignleft\" src=\"http:\/\/blogsaverroes.juntadeandalucia.es\/ceipbarahonadesoto\/files\/2016\/05\/Logo-RAEEP-azulejo-300x191.jpg\" alt=\"Logo RAEEP azulejo\" width=\"205\" height=\"133\"><img loading=\"lazy\" decoding=\"async\" class=\" wp-image-2477 alignleft\" src=\"http:\/\/blogsaverroes.juntadeandalucia.es\/ceipbarahonadesoto\/files\/2016\/05\/Logo-RAEEP-fondo-verde-590x423-copia-300x215.jpg\" alt=\"Logo RAEEP fondo verde 590x423 copia\" width=\"195\" height=\"142\"><\/a><\/p>\n<p>&nbsp;<\/p>\n<p>&nbsp;<\/p>\n<p>&nbsp;<\/p>\n<p>&nbsp;<\/p>\n<p>&nbsp;<\/p>\n<p><a href=\"https:\/\/blogsaverroes.juntadeandalucia.es\/ceipbarahonadesoto\/files\/2019\/11\/PLAN-DE-CONVIVENCIA.pdf\">PLAN DE CONVIVENCIA<\/a><\/p>\n<ul>\n<li><a href=\"https:\/\/drive.google.com\/open?id=0B24djUY4nYWOMmhWTXIwbXktemM\" target=\"_blank\" rel=\"noopener noreferrer\">&nbsp;PROTOCOLO DE AGRESI\u00d3N DOCENTE<\/a><\/li>\n<li><a href=\"https:\/\/drive.google.com\/open?id=0B24djUY4nYWOM0tmc3BLNWp2N1k\" target=\"_blank\" rel=\"noopener noreferrer\">&nbsp;PROTOCOLO DE ACTUACI\u00d3N EN CASO DE MALTRATO INFANTIL<\/a><\/li>\n<li><a href=\"https:\/\/drive.google.com\/open?id=0B24djUY4nYWOOHdHQ3ItbnFvRms\" target=\"_blank\" rel=\"noopener noreferrer\">&nbsp;PROTOCOLO DE ACTUACI\u00d3N EN SUPUESTOS DE ACOSO ESCOLAR<\/a><\/li>\n<\/ul>\n","protected":false},"excerpt":{"rendered":"<p>&nbsp; &nbsp; &nbsp; &nbsp; &nbsp; PLAN DE CONVIVENCIA &nbsp;PROTOCOLO DE AGRESI\u00d3N DOCENTE &nbsp;PROTOCOLO DE ACTUACI\u00d3N EN CASO DE MALTRATO INFANTIL &nbsp;PROTOCOLO DE ACTUACI\u00d3N EN SUPUESTOS&hellip;<\/p>\n","protected":false},"author":2165,"featured_media":0,"parent":0,"menu_order":0,"comment_status":"closed","ping_status":"closed","template":"","meta":{"ngg_post_thumbnail":0,"footnotes":"","_mc_calendar":[]},"aioseo_notices":[],"_links":{"self":[{"href":"https:\/\/blogsaverroes.juntadeandalucia.es\/ceipbarahonadesoto\/wp-json\/wp\/v2\/pages\/2476"}],"collection":[{"href":"https:\/\/blogsaverroes.juntadeandalucia.es\/ceipbarahonadesoto\/wp-json\/wp\/v2\/pages"}],"about":[{"href":"https:\/\/blogsaverroes.juntadeandalucia.es\/ceipbarahonadesoto\/wp-json\/wp\/v2\/types\/page"}],"author":[{"embeddable":true,"href":"https:\/\/blogsaverroes.juntadeandalucia.es\/ceipbarahonadesoto\/wp-json\/wp\/v2\/users\/2165"}],"replies":[{"embeddable":true,"href":"https:\/\/blogsaverroes.juntadeandalucia.es\/ceipbarahonadesoto\/wp-json\/wp\/v2\/comments?post=2476"}],"version-history":[{"count":5,"href":"https:\/\/blogsaverroes.juntadeandalucia.es\/ceipbarahonadesoto\/wp-json\/wp\/v2\/pages\/2476\/revisions"}],"predecessor-version":[{"id":2496,"href":"https:\/\/blogsaverroes.juntadeandalucia.es\/ceipbarahonadesoto\/wp-json\/wp\/v2\/pages\/2476\/revisions\/2496"}],"wp:attachment":[{"href":"https:\/\/blogsaverroes.juntadeandalucia.es\/ceipbarahonadesoto\/wp-json\/wp\/v2\/media?parent=2476"}],"curies":[{"name":"wp","href":"https:\/\/api.w.org\/{rel}","templated":true}]}}