{"id":2626,"date":"2021-09-02T14:00:57","date_gmt":"2021-09-02T14:00:57","guid":{"rendered":"http:\/\/blogsaverroes.juntadeandalucia.es\/ceipbarahonadesoto\/?page_id=2626"},"modified":"2022-10-18T08:59:49","modified_gmt":"2022-10-18T08:59:49","slug":"consejo-escolar","status":"publish","type":"page","link":"https:\/\/blogsaverroes.juntadeandalucia.es\/ceipbarahonadesoto\/consejo-escolar\/","title":{"rendered":"CONSEJO ESCOLAR"},"content":{"rendered":"<p><a href=\"https:\/\/blogsaverroes.juntadeandalucia.es\/ceipbarahonadesoto\/files\/2018\/09\/consejo-escolar.jpg\"><img loading=\"lazy\" decoding=\"async\" class=\"alignleft size-medium wp-image-3397\" src=\"https:\/\/blogsaverroes.juntadeandalucia.es\/ceipbarahonadesoto\/files\/2018\/09\/consejo-escolar-300x155.jpg\" alt=\"\" width=\"300\" height=\"155\" srcset=\"https:\/\/blogsaverroes.juntadeandalucia.es\/ceipbarahonadesoto\/files\/2018\/09\/consejo-escolar-300x155.jpg 300w, https:\/\/blogsaverroes.juntadeandalucia.es\/ceipbarahonadesoto\/files\/2018\/09\/consejo-escolar-24x12.jpg 24w, https:\/\/blogsaverroes.juntadeandalucia.es\/ceipbarahonadesoto\/files\/2018\/09\/consejo-escolar-36x19.jpg 36w, https:\/\/blogsaverroes.juntadeandalucia.es\/ceipbarahonadesoto\/files\/2018\/09\/consejo-escolar-48x25.jpg 48w, https:\/\/blogsaverroes.juntadeandalucia.es\/ceipbarahonadesoto\/files\/2018\/09\/consejo-escolar.jpg 620w\" sizes=\"(max-width: 300px) 100vw, 300px\" \/><\/a><a href=\"http:\/\/blogsaverroes.juntadeandalucia.es\/ceipbarahonadesoto\/files\/2016\/11\/consejo-escolar.jpg\"><br \/>\n<\/a><\/p>\n<p style=\"text-align: justify\">El Consejo Escolar de los centros docentes p\u00fablicos es el \u00f3rgano de participaci\u00f3n en los mismos de los diferentes sectores de la comunidad educativa.<\/p>\n<p style=\"text-align: justify\">&nbsp;<\/p>\n<p style=\"text-align: justify\">Est\u00e1 presidido por el director o directora del centro y, en funci\u00f3n de las caracter\u00edsticas de este, contempla un n\u00famero determinado de plazas que son ocupadas por miembros de los diferentes grupos del \u00e1mbito educativo: jefe de estudios, profesores, padres y madres, alumnos, personal de administraci\u00f3n y servicios, etc.<\/p>\n<p>FORMAN EL CONSEJO<\/p>\n<table style=\"width: 656px\">\n<tbody>\n<tr>\n<td style=\"width: 413px\"><span style=\"font-family: 'Open Sans', sans-serif;font-size: 15px;font-style: normal;font-weight: 400\">Balmisa Reina, Jes\u00fas Francisco&nbsp;<\/span><\/td>\n<td style=\"width: 243px\"><b style=\"font-family: 'Open Sans', sans-serif;font-size: 15px;font-style: normal\">PRESIDENTE<\/b>&nbsp;<\/td>\n<\/tr>\n<tr>\n<td style=\"width: 413px\">Mata L\u00f3pez, \u00c1gueda Mar\u00eda<\/td>\n<td style=\"width: 243px\"><b style=\"font-family: 'Open Sans', sans-serif;font-size: 15px;font-style: normal\">JEFA DE ESTUDIOS<\/b><\/td>\n<\/tr>\n<tr>\n<td style=\"width: 413px\">Casas Garc\u00eda, Carmen<\/td>\n<td style=\"width: 243px\"><b style=\"font-family: 'Open Sans', sans-serif;font-size: 15px;font-style: normal\">SECRETARIA<\/b><b><\/b><\/td>\n<\/tr>\n<tr>\n<td style=\"width: 413px\"><span style=\"font-family: 'Open Sans', sans-serif;font-size: 15px;font-style: normal;font-weight: 400\">Alba G\u00f3mez, Antonia<\/span><\/td>\n<td style=\"width: 243px\"><b>SECTOR PROFESORADO<\/b><\/td>\n<\/tr>\n<tr>\n<td style=\"width: 413px\">Alcaide Fern\u00e1ndez, Mar\u00eda Dolores<\/td>\n<td style=\"width: 243px\"><b>SECTOR PROFESORADO<\/b><\/td>\n<\/tr>\n<tr>\n<td style=\"width: 413px\"><span style=\"font-family: 'Open Sans', sans-serif;font-size: 15px;font-style: normal;font-weight: 400\">Carrasco Caracuel, Francisca de Paula<\/span><\/td>\n<td style=\"width: 243px\"><b>SECTOR PROFESORADO<\/b><\/td>\n<\/tr>\n<tr>\n<td style=\"width: 413px\">L\u00f3pez Alcaide, Mar\u00eda Lourdes<\/td>\n<td style=\"width: 243px\"><b>SECTOR PROFESORADO<\/b><\/td>\n<\/tr>\n<tr>\n<td style=\"width: 413px\">Acero&nbsp;Cort\u00e9s,&nbsp;Antonio<\/td>\n<td style=\"width: 243px\"><strong>FOMENTO IGUALDAD<\/strong><\/td>\n<\/tr>\n<tr>\n<td style=\"width: 413px\">Moreno&nbsp;Nieto,&nbsp;Gema<\/td>\n<td style=\"width: 243px\"><b style=\"font-family: 'Open Sans', sans-serif;font-size: 15px;font-style: normal\">REPRESENTANTE DEL AYUNTAMIENTO<\/b><span style=\"font-family: 'Open Sans', sans-serif;font-size: 15px;font-style: normal;font-weight: 400\">&nbsp;<\/span><\/td>\n<\/tr>\n<tr>\n<td style=\"width: 413px\">Llamas Garc\u00eda, Mar\u00eda del Carmen<\/td>\n<td style=\"width: 243px\"><strong style=\"font-family: 'Open Sans', sans-serif;font-size: 15px;font-style: normal\">SECTOR PADRES Y MADRES<\/strong><\/td>\n<\/tr>\n<tr>\n<td style=\"width: 413px\"><span style=\"font-family: 'Open Sans', sans-serif;font-size: 15px;font-style: normal;font-weight: 400\">Mart\u00edn Garc\u00eda-Maroto, Natalia<\/span><\/td>\n<td style=\"width: 243px\"><strong style=\"font-family: 'Open Sans', sans-serif;font-size: 15px;font-style: normal\">SECTOR PADRES Y MADRES<\/strong><\/td>\n<\/tr>\n<tr>\n<td style=\"width: 413px\">Mu\u00f1oz Villa, Mar\u00eda Cristina<\/td>\n<td style=\"width: 243px\"><strong style=\"font-family: 'Open Sans', sans-serif;font-size: 15px;font-style: normal\">SECTOR PADRES Y MADRES<\/strong><\/td>\n<\/tr>\n<tr class=\"menuContextual row-hover\">\n<td class=\"text-left snc-col-1 cuerpo1 celdaConEnlaces\" style=\"width: 413px\">\n<div class=\"d-block\"><span class=\"texto-SNC \">Rueda Molinero, Araceli<\/span><\/div>\n<\/td>\n<td style=\"width: 243px\"><strong style=\"font-family: 'Open Sans', sans-serif;font-size: 15px;font-style: normal\">SECTOR PADRES Y MADRES<\/strong><\/td>\n<\/tr>\n<tr>\n<td style=\"width: 413px\">Ruiz P\u00e9rez, Mar\u00eda del Carmen<\/td>\n<td style=\"width: 243px\"><strong style=\"font-family: 'Open Sans', sans-serif;font-size: 15px;font-style: normal\"><strong>SECTOR PADRES Y MADRES<\/strong><\/strong><\/td>\n<\/tr>\n<tr>\n<td style=\"width: 413px\">Salazar Martos, Elisa<\/td>\n<td style=\"width: 243px\"><strong style=\"font-family: 'Open Sans', sans-serif;font-size: 15px;font-style: normal\">SECTOR PADRES Y MADRES<\/strong><\/td>\n<\/tr>\n<tr>\n<td style=\"width: 413px\">Tienda&nbsp;Ariza,&nbsp;M\u00f3nica<\/td>\n<td style=\"width: 243px\"><strong style=\"font-family: 'Open Sans', sans-serif;font-size: 15px;font-style: normal\">SECTOR PADRES Y MADRES<\/strong><\/td>\n<\/tr>\n<tr>\n<td style=\"width: 413px\"><span style=\"font-family: 'Open Sans', sans-serif;font-size: 15px;font-style: normal;font-weight: 400\">Mu\u00f1oz Chac\u00f3n, Gregorio&nbsp; &nbsp;&nbsp;<\/span><\/td>\n<td style=\"width: 243px\"><b style=\"font-family: 'Open Sans', sans-serif;font-size: 15px;font-style: normal\">REPRESENTANTE DEL P.A.S.<\/b><span style=\"font-family: 'Open Sans', sans-serif;font-size: 15px;font-style: normal;font-weight: 400\">&nbsp;<\/span><\/td>\n<\/tr>\n<tr>\n<td style=\"width: 413px\">&nbsp;<\/td>\n<td style=\"width: 243px\">&nbsp;<\/td>\n<\/tr>\n<tr>\n<td style=\"width: 413px\">&nbsp;<\/td>\n<td style=\"width: 243px\">&nbsp;<\/td>\n<\/tr>\n<\/tbody>\n<\/table>\n<p>&nbsp;<\/p>\n","protected":false},"excerpt":{"rendered":"<p>El Consejo Escolar de los centros docentes p\u00fablicos es el \u00f3rgano de participaci\u00f3n en los mismos de los diferentes sectores de la comunidad educativa. &nbsp;&hellip;<\/p>\n","protected":false},"author":2165,"featured_media":0,"parent":0,"menu_order":0,"comment_status":"open","ping_status":"open","template":"","meta":{"ngg_post_thumbnail":0,"footnotes":"","_mc_calendar":[]},"aioseo_notices":[],"_links":{"self":[{"href":"https:\/\/blogsaverroes.juntadeandalucia.es\/ceipbarahonadesoto\/wp-json\/wp\/v2\/pages\/2626"}],"collection":[{"href":"https:\/\/blogsaverroes.juntadeandalucia.es\/ceipbarahonadesoto\/wp-json\/wp\/v2\/pages"}],"about":[{"href":"https:\/\/blogsaverroes.juntadeandalucia.es\/ceipbarahonadesoto\/wp-json\/wp\/v2\/types\/page"}],"author":[{"embeddable":true,"href":"https:\/\/blogsaverroes.juntadeandalucia.es\/ceipbarahonadesoto\/wp-json\/wp\/v2\/users\/2165"}],"replies":[{"embeddable":true,"href":"https:\/\/blogsaverroes.juntadeandalucia.es\/ceipbarahonadesoto\/wp-json\/wp\/v2\/comments?post=2626"}],"version-history":[{"count":10,"href":"https:\/\/blogsaverroes.juntadeandalucia.es\/ceipbarahonadesoto\/wp-json\/wp\/v2\/pages\/2626\/revisions"}],"predecessor-version":[{"id":5350,"href":"https:\/\/blogsaverroes.juntadeandalucia.es\/ceipbarahonadesoto\/wp-json\/wp\/v2\/pages\/2626\/revisions\/5350"}],"wp:attachment":[{"href":"https:\/\/blogsaverroes.juntadeandalucia.es\/ceipbarahonadesoto\/wp-json\/wp\/v2\/media?parent=2626"}],"curies":[{"name":"wp","href":"https:\/\/api.w.org\/{rel}","templated":true}]}}