{"id":35,"date":"2018-09-03T08:21:43","date_gmt":"2018-09-03T08:21:43","guid":{"rendered":"http:\/\/blogsaverroes.juntadeandalucia.es\/pre\/ceip\/?page_id=35"},"modified":"2018-09-03T22:25:52","modified_gmt":"2018-09-03T22:25:52","slug":"el-centro-2","status":"publish","type":"page","link":"https:\/\/blogsaverroes.juntadeandalucia.es\/ceipbarahonadesoto\/el-centro-2\/","title":{"rendered":"Datos del centro"},"content":{"rendered":"<h4><strong>Datos de contacto<\/strong><a href=\"http:\/\/blogsaverroes.juntadeandalucia.es\/ceipbarahonadesoto\/files\/2015\/03\/fachada.jpg\"><img loading=\"lazy\" decoding=\"async\" class=\" size-medium wp-image-2441 alignright\" src=\"http:\/\/blogsaverroes.juntadeandalucia.es\/ceipbarahonadesoto\/files\/2015\/03\/fachada-300x225.jpg\" alt=\"fachada\" width=\"300\" height=\"225\" srcset=\"https:\/\/blogsaverroes.juntadeandalucia.es\/ceipbarahonadesoto\/files\/2015\/03\/fachada-300x225.jpg 300w, https:\/\/blogsaverroes.juntadeandalucia.es\/ceipbarahonadesoto\/files\/2015\/03\/fachada-700x525.jpg 700w, https:\/\/blogsaverroes.juntadeandalucia.es\/ceipbarahonadesoto\/files\/2015\/03\/fachada.jpg 853w\" sizes=\"(max-width: 300px) 100vw, 300px\" \/><\/a><\/h4>\n<p>CEIP BARAHONA DE SOTO<\/p>\n<p><strong>Direcci\u00f3n: Calle Ancha 50, 14900 Lucena (C\u00f3rdoba)<\/strong><\/p>\n<p><strong>Tel\u00e9fono: 957596941<\/strong><\/p>\n<p><strong>M\u00f3vil: 671567879<\/strong><\/p>\n<p><strong>FAX: 957596942<\/strong><\/p>\n<p><strong>Email:<\/strong>&nbsp;14004476.edu@juntadeandalucia.es<\/p>\n<p>&nbsp;<\/p>\n<h4>&nbsp;<\/h4>\n","protected":false},"excerpt":{"rendered":"<p>Datos de contacto CEIP BARAHONA DE SOTO Direcci\u00f3n: Calle Ancha 50, 14900 Lucena (C\u00f3rdoba) Tel\u00e9fono: 957596941 M\u00f3vil: 671567879 FAX: 957596942 Email:&nbsp;14004476.edu@juntadeandalucia.es &nbsp; &nbsp;<\/p>\n","protected":false},"author":1,"featured_media":2441,"parent":0,"menu_order":0,"comment_status":"closed","ping_status":"open","template":"","meta":{"ngg_post_thumbnail":0,"footnotes":"","_mc_calendar":[]},"aioseo_notices":[],"_links":{"self":[{"href":"https:\/\/blogsaverroes.juntadeandalucia.es\/ceipbarahonadesoto\/wp-json\/wp\/v2\/pages\/35"}],"collection":[{"href":"https:\/\/blogsaverroes.juntadeandalucia.es\/ceipbarahonadesoto\/wp-json\/wp\/v2\/pages"}],"about":[{"href":"https:\/\/blogsaverroes.juntadeandalucia.es\/ceipbarahonadesoto\/wp-json\/wp\/v2\/types\/page"}],"author":[{"embeddable":true,"href":"https:\/\/blogsaverroes.juntadeandalucia.es\/ceipbarahonadesoto\/wp-json\/wp\/v2\/users\/1"}],"replies":[{"embeddable":true,"href":"https:\/\/blogsaverroes.juntadeandalucia.es\/ceipbarahonadesoto\/wp-json\/wp\/v2\/comments?post=35"}],"version-history":[{"count":13,"href":"https:\/\/blogsaverroes.juntadeandalucia.es\/ceipbarahonadesoto\/wp-json\/wp\/v2\/pages\/35\/revisions"}],"predecessor-version":[{"id":3381,"href":"https:\/\/blogsaverroes.juntadeandalucia.es\/ceipbarahonadesoto\/wp-json\/wp\/v2\/pages\/35\/revisions\/3381"}],"wp:featuredmedia":[{"embeddable":true,"href":"https:\/\/blogsaverroes.juntadeandalucia.es\/ceipbarahonadesoto\/wp-json\/wp\/v2\/media\/2441"}],"wp:attachment":[{"href":"https:\/\/blogsaverroes.juntadeandalucia.es\/ceipbarahonadesoto\/wp-json\/wp\/v2\/media?parent=35"}],"curies":[{"name":"wp","href":"https:\/\/api.w.org\/{rel}","templated":true}]}}