{"id":49,"date":"2025-11-06T08:47:05","date_gmt":"2025-11-06T08:47:05","guid":{"rendered":"http:\/\/blogsaverroes.juntadeandalucia.es\/pre\/ceip\/?page_id=49"},"modified":"2025-11-07T13:03:48","modified_gmt":"2025-11-07T13:03:48","slug":"proyecto-educativo","status":"publish","type":"page","link":"https:\/\/blogsaverroes.juntadeandalucia.es\/ceipbarahonadesoto\/proyecto-educativo\/","title":{"rendered":"PLAN DE CENTRO"},"content":{"rendered":"<p><img loading=\"lazy\" decoding=\"async\" class=\" wp-image-1662 alignleft\" src=\"http:\/\/blogsaverroes.juntadeandalucia.es\/ceipbarahonadesoto\/files\/2015\/03\/proyecto-300x266.png\" alt=\"proyecto\" width=\"198\" height=\"176\" srcset=\"https:\/\/blogsaverroes.juntadeandalucia.es\/ceipbarahonadesoto\/files\/2015\/03\/proyecto-300x266.png 300w, https:\/\/blogsaverroes.juntadeandalucia.es\/ceipbarahonadesoto\/files\/2015\/03\/proyecto-332x295.png 332w, https:\/\/blogsaverroes.juntadeandalucia.es\/ceipbarahonadesoto\/files\/2015\/03\/proyecto.png 640w\" sizes=\"(max-width: 198px) 100vw, 198px\" \/><\/p>\n<p>Un centro se define en gran medida por su <strong>Proyecto Educativo<\/strong>. En \u00e9l se plasma el modelo educativo y la concreci\u00f3n de la normativa que un centro realiza respecto a las ense\u00f1anzas que imparte. Aspectos tales como las finales educativas, objetivos, atenci\u00f3n a la diversidad, etc.<\/p>\n<p><img loading=\"lazy\" decoding=\"async\" class=\" wp-image-2443 alignright\" src=\"http:\/\/blogsaverroes.juntadeandalucia.es\/ceipbarahonadesoto\/files\/2015\/03\/mestre_obra_engenheiro001.gif\" alt=\"mestre_obra_engenheiro001\" width=\"160\" height=\"159\"><\/p>\n<p>&nbsp;<\/p>\n<p>&nbsp;<\/p>\n<p><strong>PROYECTO EDUCATIVO<\/strong><\/p>\n<p><a href=\"https:\/\/blogsaverroes.juntadeandalucia.es\/ceipbarahonadesoto\/files\/2024\/11\/0.IDENTIDAD-PROPIA-DEL-CENTRO.pdf\">0.IDENTIDAD PROPIA DEL CENTRO<\/a><\/p>\n<p><a href=\"https:\/\/blogsaverroes.juntadeandalucia.es\/ceipbarahonadesoto\/files\/2024\/11\/1.-OBJETIVOS-PROPIOS-PARA-LA-MEJORA-DEL-DESARROLLO-DE-LAS-COMPETENCIAS-CLAVES-PREVISTAS-EN-LOS-PERFILES-COMPETENCIALES.pdf\">1. OBJETIVOS PROPIOS PARA LA MEJORA DEL DESARROLLO DE LAS COMPETENCIAS CLAVES PREVISTAS EN LOS PERFILES COMPETENCIALES<\/a><\/p>\n<p><a href=\"https:\/\/blogsaverroes.juntadeandalucia.es\/ceipbarahonadesoto\/files\/2024\/11\/2.-PRINCIPIOS-PEDAGOGICOS-Y-METODOLOGICOS-DEL-CENTRO.pdf\">2. PRINCIPIOS PEDAG\u00d3GICOS Y METODOL\u00d3GICOS DEL CENTRO<\/a><\/p>\n<p><a href=\"https:\/\/blogsaverroes.juntadeandalucia.es\/ceipbarahonadesoto\/files\/2024\/11\/3.-COORDINACION-Y-CONCRECION-DE-LOS-CONTENIDOS-CURRICULARES.pdf\">3. -COORDINACI\u00d3N Y CONCRECI\u00d3N DE LOS CONTENIDOS CURRICULARES,<\/a><\/p>\n<p><a href=\"https:\/\/blogsaverroes.juntadeandalucia.es\/ceipbarahonadesoto\/files\/2024\/11\/4.-HORAS-DE-DEDICACION-A-ORGANOS-DE-COORDINACION-Y-REDUCCIONES-HORARIAS.pdf\">4. <\/a><a href=\"https:\/\/blogsaverroes.juntadeandalucia.es\/ceipbarahonadesoto\/files\/2025\/11\/4.-HORAS-DE-DEDICACION-A-ORGANOS-DE-COORDINACION-Y-REDUCCIONES-HORARIAS.pdf\">4. HORAS DE DEDICACI\u00d3N A \u00d3RGANOS DE COORDINACI\u00d3N Y REDUCCIONES HORARIAS<\/a><\/p>\n<p><a href=\"https:\/\/blogsaverroes.juntadeandalucia.es\/ceipbarahonadesoto\/files\/2024\/11\/5.-Los-procedimientos-y-criterios-de-evaluacion-promocion-del-alumnado-y-titulacion-del-alumnado.pdf\">5. Los procedimientos y criterios de evaluaci\u00f3n, promoci\u00f3n del alumnado y titulaci\u00f3n del alumnado.<\/a><\/p>\n<p><a href=\"https:\/\/blogsaverroes.juntadeandalucia.es\/ceipbarahonadesoto\/files\/2024\/11\/6.-Plan-de-Atencion-a-la-Diversidad.pdf\">6. Plan de Atenci\u00f3n a la Diversidad<\/a><\/p>\n<p><a href=\"https:\/\/blogsaverroes.juntadeandalucia.es\/ceipbarahonadesoto\/files\/2024\/11\/7.-La-organizacion-de-las-actividades-de-recuperacion-para-el-alumnado-con-areas-pendientes-de-evaluacion-positivaion-a-la-diversidad-del-alumnado-TERMINADO.pdf\">7. La organizaci\u00f3n de las actividades de recuperaci\u00f3n para el alumnado con \u00e1reas pendientes de evaluaci\u00f3n positivai\u00f3n a la diversidad del alumnado TERMINADO<\/a><\/p>\n<p><a href=\"https:\/\/blogsaverroes.juntadeandalucia.es\/ceipbarahonadesoto\/files\/2024\/11\/8-El-plan-de-orientacion-y-accion-tutorial-TERMINADO-1.pdf\">8 El plan de orientaci\u00f3n y acci\u00f3n tutorial TERMINADO (1)<\/a><\/p>\n<p><a href=\"https:\/\/blogsaverroes.juntadeandalucia.es\/ceipbarahonadesoto\/files\/2024\/11\/9.-COMPROMISO-EDUCATIVO.pdf\">9. COMPROMISO EDUCATIVO<\/a><\/p>\n<p><a href=\"https:\/\/blogsaverroes.juntadeandalucia.es\/ceipbarahonadesoto\/files\/2024\/11\/10.-PLAN-DE-CONVIVENCIA.pdf\">10. PLAN DE CONVIVENCIA<\/a><\/p>\n<p><a href=\"https:\/\/blogsaverroes.juntadeandalucia.es\/ceipbarahonadesoto\/files\/2024\/11\/11.-PLAN-DE-FORMACION-2024-25.pdf\">11. <\/a><a href=\"https:\/\/blogsaverroes.juntadeandalucia.es\/ceipbarahonadesoto\/files\/2025\/11\/11.-PLAN-DE-FORMACION-2025-26.pdf\">&nbsp;PLAN DE FORMACION 2025-26<\/a><\/p>\n<p><a href=\"https:\/\/blogsaverroes.juntadeandalucia.es\/ceipbarahonadesoto\/files\/2024\/11\/12.-CRITERIOS-PARA-ORGANIZAR-Y-DISTRIBUIR-EL-TIEMPO-ESCOLAR-2023-24.pdf\">12. <\/a><a href=\"https:\/\/blogsaverroes.juntadeandalucia.es\/ceipbarahonadesoto\/files\/2025\/11\/12.-CRITERIOS-PARA-ORGANIZAR-Y-DISTRIBUIR-EL-TIEMPO-ESCOLAR-2025-26.pdf\">&nbsp;CRITERIOS PARA ORGANIZAR Y DISTRIBUIR EL TIEMPO ESCOLAR 2025-26<\/a><\/p>\n<p><a href=\"https:\/\/blogsaverroes.juntadeandalucia.es\/ceipbarahonadesoto\/files\/2024\/11\/13-Los-procedimientos-de-evaluacion-interna.pdf\">13. Los procedimientos de evaluaci\u00f3n interna.<\/a><\/p>\n<p><a href=\"https:\/\/blogsaverroes.juntadeandalucia.es\/ceipbarahonadesoto\/files\/2024\/11\/14.Los-criterios-para-establecer-los-agrupamientos.pdf\">14.Los criterios para establecer los agrupamientos&#8230;<\/a><\/p>\n<p><a href=\"https:\/\/blogsaverroes.juntadeandalucia.es\/ceipbarahonadesoto\/files\/2024\/11\/15.-CRITERIOS-GENERALES-PARA-ELABORAR-LAS-PROGRAMACIONES-DIDACTICAS.pdf\">15. CRITERIOS GENERALES PARA ELABORAR LAS PROGRAMACIONES DID\u00c1CTICAS<\/a><\/p>\n<p><a href=\"https:\/\/blogsaverroes.juntadeandalucia.es\/ceipbarahonadesoto\/files\/2024\/11\/16.-PLANES-ESTRATEGICOS.pdf\">16. PLANES ESTRAT\u00c9GICOS<\/a><\/p>\n<p><a href=\"https:\/\/blogsaverroes.juntadeandalucia.es\/ceipbarahonadesoto\/files\/2024\/11\/17.-PROGRAMA-DE-TRANSITO.pdf\">17. PR\u00d3GRAMA DE TR\u00c1NSITO<\/a><\/p>\n<p><a href=\"https:\/\/blogsaverroes.juntadeandalucia.es\/ceipbarahonadesoto\/files\/2024\/11\/18.-CRITERIOS-SELECCION-LIBROS-DE-TEXTO-23-27-NUEVO.pdf\">18. CRITERIOS SELECCI\u00d3N LIBROS DE TEXTO 23-27 NUEVO<\/a><\/p>\n<p><a href=\"https:\/\/blogsaverroes.juntadeandalucia.es\/ceipbarahonadesoto\/files\/2024\/11\/19.-ACTIVIDADES-EXTRAESCOLARES-Y-COMPLEMENTARIAS.pdf\">19.<\/a><a href=\"https:\/\/blogsaverroes.juntadeandalucia.es\/ceipbarahonadesoto\/files\/2025\/11\/19.-ACTIVIDADES-EXTRAESCOLARES-Y-COMPLEMENTARIAS.pdf\">&nbsp;ACTIVIDADES EXTRAESCOLARES Y COMPLEMENTARIAS<\/a><\/p>\n<p><a href=\"https:\/\/blogsaverroes.juntadeandalucia.es\/ceipbarahonadesoto\/files\/2024\/11\/20.-CRITERIOS-ASIGNACION-DE-AULAS-Y-ESPACIOS.pdf\">20. CRITERIOS ASIGNACI\u00d3N DE AULAS Y ESPACIOS<\/a> <a href=\"https:\/\/blogsaverroes.juntadeandalucia.es\/ceipbarahonadesoto\/files\/2024\/11\/ROF.pdf\">ROF<\/a> <a href=\"https:\/\/blogsaverroes.juntadeandalucia.es\/ceipbarahonadesoto\/files\/2024\/11\/PROYECTO-DE-GESTION.pdf\">PROYECTO DE GESTI\u00d3N<\/a> <a href=\"https:\/\/blogsaverroes.juntadeandalucia.es\/ceipbarahonadesoto\/files\/2024\/11\/PROGRAMACION-CICLO-INFANTIL.pdf\">PROGRAMACI\u00d3N CICLO INFANTIL<\/a><\/p>\n<p><a href=\"https:\/\/blogsaverroes.juntadeandalucia.es\/ceipbarahonadesoto\/files\/2024\/11\/21.-PROTOCOLO-AGRESION-DOCENTE.pdf\">21. PROTOCOLO AGRESI\u00d3N DOCENTE<\/a><\/p>\n<p><a href=\"https:\/\/blogsaverroes.juntadeandalucia.es\/ceipbarahonadesoto\/files\/2024\/11\/22.-PROTOCOLO-DE-ACTUACION-EN-CASO-DE-MALTRATO-INFANTIL.pdf\">22. PROTOCOLO DE ACTUACI\u00d3N EN CASO DE MALTRATO INFANTIL<\/a><\/p>\n<p><a href=\"https:\/\/blogsaverroes.juntadeandalucia.es\/ceipbarahonadesoto\/files\/2024\/11\/23.-PROTOCOLO-DE-ACTUACION-EN-SUPUESTOS-DE-ACOSO-ESCOLAR.pdf\">23. PROTOCOLO DE ACTUACI\u00d3N EN SUPUESTOS DE ACOSO ESCOLAR<\/a><\/p>\n<p><a href=\"https:\/\/blogsaverroes.juntadeandalucia.es\/ceipbarahonadesoto\/files\/2024\/11\/24.-PLAN-DE-IGUALDAD-EN-EL-CENTRO.pdf\">24. <\/a><a href=\"https:\/\/blogsaverroes.juntadeandalucia.es\/ceipbarahonadesoto\/files\/2025\/11\/24.-PLAN-DE-IGUALDAD-EN-EL-CENTRO.pdf\">&nbsp;PLAN DE IGUALDAD EN EL CENTRO<\/a><\/p>\n<p><a href=\"https:\/\/blogsaverroes.juntadeandalucia.es\/ceipbarahonadesoto\/files\/2024\/11\/25.-PLAN-DE-ACOGIDA.pdf\">25. PLAN DE ACOGIDA<\/a><\/p>\n<p><a href=\"https:\/\/blogsaverroes.juntadeandalucia.es\/ceipbarahonadesoto\/files\/2025\/01\/26.-PROYECTO-EDUCATIVO-BILINGUE.pdf\">26<\/a><a href=\"https:\/\/blogsaverroes.juntadeandalucia.es\/ceipbarahonadesoto\/files\/2025\/11\/26.-PROYECTO-EDUCATIVO-BILINGUE.pdf\">. PROYECTO EDUCATIVO BILING\u00dcE<\/a><\/p>\n<p><a href=\"https:\/\/blogsaverroes.juntadeandalucia.es\/ceipbarahonadesoto\/files\/2024\/11\/27.-PROYECTO-LINGUISTICO-DE-CENTRO-BS.pdf\">27. <\/a><a href=\"https:\/\/blogsaverroes.juntadeandalucia.es\/ceipbarahonadesoto\/files\/2025\/11\/27.-PROYECTO-LINGUISTICO-DE-CENTRO.pdf\">&nbsp;PROYECTO LING\u00dc\u00cdSTICO DE CENTRO<\/a><\/p>\n<p><a href=\"https:\/\/blogsaverroes.juntadeandalucia.es\/ceipbarahonadesoto\/files\/2024\/11\/28.-PROTOCOLO-UNIFICADO-DE-ACTUACION-TELEMATICA.pdf\">28. PROTOCOLO UNIFICADO DE ACTUACI\u00d3N TELEM\u00c1TICA<\/a><\/p>\n<p><a href=\"https:\/\/blogsaverroes.juntadeandalucia.es\/ceipbarahonadesoto\/files\/2024\/11\/29.-PROTOCOLO-DE-ACTUACION-ANTE-OLAS-DE-CALOR-O-ALTAS-TEMPERATURAS-EXCEPCIONALES-3.pdf\">29. PROTOCOLO DE ACTUACI\u00d3N ANTE OLAS DE CALOR O ALTAS TEMPERATURAS EXCEPCIONALES (3)<\/a><\/p>\n<p><a href=\"https:\/\/blogsaverroes.juntadeandalucia.es\/ceipbarahonadesoto\/files\/2024\/11\/31.-PLAN-LECTOR.pdf\">31. PLAN LECTOR<\/a><\/p>\n<p><a href=\"https:\/\/blogsaverroes.juntadeandalucia.es\/ceipbarahonadesoto\/files\/2025\/01\/32.-OTROS-PLANES-Y-PROYECTOS.pdf\">32. <\/a><a href=\"https:\/\/blogsaverroes.juntadeandalucia.es\/ceipbarahonadesoto\/files\/2025\/11\/32.-OTROS-PLANES-Y-PROYECTOS.pdf\">OTROS PLANES Y PROYECTOS<\/a><\/p>\n<p><a href=\"https:\/\/blogsaverroes.juntadeandalucia.es\/ceipbarahonadesoto\/files\/2024\/11\/33.-PLAN-AUTOPROTECCION-2024-25.pdf\">33. <\/a><a href=\"https:\/\/blogsaverroes.juntadeandalucia.es\/ceipbarahonadesoto\/files\/2025\/11\/33.-PLAN-DE-AUTOPROTECCION-25-26.pdf\">&nbsp;PLAN DE AUTOPROTECCI\u00d3N 25-26<\/a><\/p>\n<p><a href=\"https:\/\/blogsaverroes.juntadeandalucia.es\/ceipbarahonadesoto\/files\/2025\/01\/34.-Plan-de-actuacion-digital-24-25.pdf\">34. <\/a><a href=\"https:\/\/blogsaverroes.juntadeandalucia.es\/ceipbarahonadesoto\/files\/2025\/11\/34.-PLAN-DE-ACTUACION-DIGITAL-2025-26.pdf\">PLAN DE ACTUACI\u00d3N DIGITAL 2025-26<\/a><\/p>\n<p><a href=\"https:\/\/blogsaverroes.juntadeandalucia.es\/ceipbarahonadesoto\/files\/2025\/11\/35.-PLAN-PARA-EL-FOMENTO-DEL-RAZONAMIENTO-MATEMATICO.docx.pdf\">35. PLAN PARA EL FOMENTO DEL RAZONAMIENTO MATEM\u00c1TICO.docx<\/a><\/p>\n<p><a href=\"https:\/\/blogsaverroes.juntadeandalucia.es\/ceipbarahonadesoto\/files\/2025\/11\/36.-PLAN-ANUAL-EOE-25-26.pdf\">36. PLAN ANUAL EOE 25-26<\/a><\/p>\n<p><a href=\"https:\/\/blogsaverroes.juntadeandalucia.es\/ceipbarahonadesoto\/files\/2024\/11\/PROYECTO-DE-GESTION.pdf\">PROYECTO DE GESTI\u00d3N<\/a><\/p>\n<p><a href=\"https:\/\/blogsaverroes.juntadeandalucia.es\/ceipbarahonadesoto\/files\/2024\/11\/ROF.pdf\">ROF<\/a><\/p>\n<p>&nbsp;<\/p>\n<p>&nbsp;<\/p>\n<p>&nbsp;<\/p>\n<p>&nbsp;<\/p>\n<p>&nbsp;<\/p>\n<p>&nbsp;<\/p>\n<p>&nbsp;<\/p>\n<p>&nbsp;<\/p>\n<p>&nbsp;<\/p>\n<p>&nbsp;<\/p>\n<p>&nbsp;<\/p>\n<p>&nbsp;<\/p>\n<p>&nbsp;<\/p>\n<p>&nbsp;<\/p>\n<p>&nbsp;<\/p>\n<p>&nbsp;<\/p>\n<p>&nbsp;<\/p>\n<p>&nbsp;<\/p>\n<p>&nbsp;<\/p>\n<p>&nbsp;<\/p>\n<p>&nbsp;<\/p>\n<p>&nbsp;<\/p>\n<p>&nbsp;<\/p>\n","protected":false},"excerpt":{"rendered":"<p>Un centro se define en gran medida por su Proyecto Educativo. En \u00e9l se plasma el modelo educativo y la concreci\u00f3n de la normativa que&hellip;<\/p>\n","protected":false},"author":1,"featured_media":1662,"parent":0,"menu_order":0,"comment_status":"closed","ping_status":"open","template":"","meta":{"ngg_post_thumbnail":0,"footnotes":"","_mc_calendar":[]},"aioseo_notices":[],"_links":{"self":[{"href":"https:\/\/blogsaverroes.juntadeandalucia.es\/ceipbarahonadesoto\/wp-json\/wp\/v2\/pages\/49"}],"collection":[{"href":"https:\/\/blogsaverroes.juntadeandalucia.es\/ceipbarahonadesoto\/wp-json\/wp\/v2\/pages"}],"about":[{"href":"https:\/\/blogsaverroes.juntadeandalucia.es\/ceipbarahonadesoto\/wp-json\/wp\/v2\/types\/page"}],"author":[{"embeddable":true,"href":"https:\/\/blogsaverroes.juntadeandalucia.es\/ceipbarahonadesoto\/wp-json\/wp\/v2\/users\/1"}],"replies":[{"embeddable":true,"href":"https:\/\/blogsaverroes.juntadeandalucia.es\/ceipbarahonadesoto\/wp-json\/wp\/v2\/comments?post=49"}],"version-history":[{"count":40,"href":"https:\/\/blogsaverroes.juntadeandalucia.es\/ceipbarahonadesoto\/wp-json\/wp\/v2\/pages\/49\/revisions"}],"predecessor-version":[{"id":8106,"href":"https:\/\/blogsaverroes.juntadeandalucia.es\/ceipbarahonadesoto\/wp-json\/wp\/v2\/pages\/49\/revisions\/8106"}],"wp:featuredmedia":[{"embeddable":true,"href":"https:\/\/blogsaverroes.juntadeandalucia.es\/ceipbarahonadesoto\/wp-json\/wp\/v2\/media\/1662"}],"wp:attachment":[{"href":"https:\/\/blogsaverroes.juntadeandalucia.es\/ceipbarahonadesoto\/wp-json\/wp\/v2\/media?parent=49"}],"curies":[{"name":"wp","href":"https:\/\/api.w.org\/{rel}","templated":true}]}}