{"id":44,"date":"2015-03-13T08:42:15","date_gmt":"2015-03-13T08:42:15","guid":{"rendered":"http:\/\/blogsaverroes.juntadeandalucia.es\/pre\/ceip\/?page_id=44"},"modified":"2024-11-18T10:35:45","modified_gmt":"2024-11-18T10:35:45","slug":"planes-y-proyectos","status":"publish","type":"page","link":"https:\/\/blogsaverroes.juntadeandalucia.es\/ceipbeatrizgalindo\/planes-y-proyectos\/","title":{"rendered":"Planes y Programas"},"content":{"rendered":"<h1 style=\"text-align: center\">&nbsp;<\/h1>\n<p>Cada centro personaliza y adapta su Proyecto Educativo adheri\u00e9ndose a diferentes <strong>Planes y Programas<\/strong> promovidos desde la Consejer\u00eda de Educaci\u00f3n.<\/p>\n<ul>\n<li><strong>Plan de Igualdad entre Hombres y Mujeres<\/strong><\/li>\n<li><strong>Plan de Apertura<\/strong><\/li>\n<li><strong>Plan de Autoprotecci\u00f3n<\/strong><\/li>\n<li><a href=\"https:\/\/drive.google.com\/file\/d\/107vB5Sarv9xNe6gvDqdwhiAgxWiog2AW\/view?usp=sharing\"><strong>TDE<\/strong><\/a><\/li>\n<li><strong>Red Andaluza Escuela Espacio de Paz<\/strong><\/li>\n<\/ul>\n<p><a href=\"http:\/\/www.juntadeandalucia.es\/educacion\/webportal\/web\/planes-y-programas\" target=\"_blank\" rel=\"noopener noreferrer\">Portal de Planes y Programas de la Consejer\u00eda de Educaci\u00f3n<\/a><\/p>\n","protected":false},"excerpt":{"rendered":"<p>&nbsp; Cada centro personaliza y adapta su Proyecto Educativo adheri\u00e9ndose a diferentes Planes y Programas promovidos desde la Consejer\u00eda de Educaci\u00f3n. Plan de Igualdad entre Hombres y Mujeres Plan de Apertura Plan de Autoprotecci\u00f3n&#46;&#46;&#46;<\/p>\n","protected":false},"author":1,"featured_media":0,"parent":0,"menu_order":0,"comment_status":"closed","ping_status":"closed","template":"","meta":{"ngg_post_thumbnail":0,"footnotes":"","_mc_calendar":[]},"aioseo_notices":[],"_links":{"self":[{"href":"https:\/\/blogsaverroes.juntadeandalucia.es\/ceipbeatrizgalindo\/wp-json\/wp\/v2\/pages\/44"}],"collection":[{"href":"https:\/\/blogsaverroes.juntadeandalucia.es\/ceipbeatrizgalindo\/wp-json\/wp\/v2\/pages"}],"about":[{"href":"https:\/\/blogsaverroes.juntadeandalucia.es\/ceipbeatrizgalindo\/wp-json\/wp\/v2\/types\/page"}],"author":[{"embeddable":true,"href":"https:\/\/blogsaverroes.juntadeandalucia.es\/ceipbeatrizgalindo\/wp-json\/wp\/v2\/users\/1"}],"replies":[{"embeddable":true,"href":"https:\/\/blogsaverroes.juntadeandalucia.es\/ceipbeatrizgalindo\/wp-json\/wp\/v2\/comments?post=44"}],"version-history":[{"count":15,"href":"https:\/\/blogsaverroes.juntadeandalucia.es\/ceipbeatrizgalindo\/wp-json\/wp\/v2\/pages\/44\/revisions"}],"predecessor-version":[{"id":2686,"href":"https:\/\/blogsaverroes.juntadeandalucia.es\/ceipbeatrizgalindo\/wp-json\/wp\/v2\/pages\/44\/revisions\/2686"}],"wp:attachment":[{"href":"https:\/\/blogsaverroes.juntadeandalucia.es\/ceipbeatrizgalindo\/wp-json\/wp\/v2\/media?parent=44"}],"curies":[{"name":"wp","href":"https:\/\/api.w.org\/{rel}","templated":true}]}}