{"id":870,"date":"2015-03-16T07:24:27","date_gmt":"2015-03-16T07:24:27","guid":{"rendered":"http:\/\/blogsaverroes.juntadeandalucia.es\/pre\/ceip\/?page_id=103"},"modified":"2025-03-10T13:17:21","modified_gmt":"2025-03-10T12:17:21","slug":"aula-matinal","status":"publish","type":"page","link":"https:\/\/blogsaverroes.juntadeandalucia.es\/ceipbeatrizgalindo\/aula-matinal\/","title":{"rendered":"Aula Matinal"},"content":{"rendered":"<h3><strong>Sobre el Aula Matinal<\/strong><\/h3>\n<p>Abre a las 7.30 horas de lunes a viernes, ofreciendo actividades diversas a los estudiantes hasta el comienzo del horario lectivo.<\/p>\n<p>Puede\u00a0utilizarse\u00a0cualquier d\u00eda previa inscripci\u00f3n y domiciliaci\u00f3n bancaria.<\/p>\n<p>Desc\u00e1rgate aqu\u00ed el formulario, rell\u00e9nalo y entr\u00e9galo en la secretar\u00eda del Colegio en el horario de atenci\u00f3n a las familias.<\/p>\n<p><strong>Plazas autorizadas para aula matinal: 120<\/strong><\/p>\n<ul>\n<li><a href=\"http:\/\/blogsaverroes.juntadeandalucia.es\/ceipbeatrizgalindo\/files\/2015\/03\/Inscripci\u00f3n-en-Plan-de-Apertura.pdf\">Inscripci\u00f3n en Plan de Apertura<\/a><\/li>\n<li><a href=\"http:\/\/blogsaverroes.juntadeandalucia.es\/ceipbeatrizgalindo\/files\/2015\/03\/Baja-Aula-Matinal.pdf\">Baja Aula Matinal<\/a><\/li>\n<\/ul>\n<p><strong>Cuadro de bonificaciones y cuota mensual:<\/strong><\/p>\n<table class=\"aligncenter\" style=\"height: 324px;border-color: #000000;background-color: #eaeaea\" width=\"221\">\n<tbody>\n<tr>\n<td style=\"text-align: center\">Bonificaciones<\/td>\n<td style=\"text-align: center\">Cuota mensual<\/td>\n<\/tr>\n<tr>\n<td style=\"text-align: center\">0%<\/td>\n<td style=\"text-align: center\">15,40 \u20ac<\/td>\n<\/tr>\n<tr>\n<td style=\"text-align: center\">10%<\/td>\n<td style=\"text-align: center\">13,86 \u20ac<\/td>\n<\/tr>\n<tr>\n<td style=\"text-align: center\">18%<\/td>\n<td style=\"text-align: center\">12,63 \u20ac<\/td>\n<\/tr>\n<tr>\n<td style=\"text-align: center\">26%<\/td>\n<td style=\"text-align: center\">11,40 \u20ac<\/td>\n<\/tr>\n<tr>\n<td style=\"text-align: center\">34%<\/td>\n<td style=\"text-align: center\">10,16 \u20ac<\/td>\n<\/tr>\n<tr>\n<td style=\"text-align: center\">42%<\/td>\n<td style=\"text-align: center\">8,93 \u20ac<\/td>\n<\/tr>\n<tr>\n<td style=\"text-align: center\">50%<\/td>\n<td style=\"text-align: center\">7,7 \u20ac<\/td>\n<\/tr>\n<tr>\n<td style=\"text-align: center\">100%<\/td>\n<td style=\"text-align: center\">0 \u20ac<\/td>\n<\/tr>\n<tr>\n<td style=\"text-align: center\"><strong>D\u00eda suelto<\/strong><\/td>\n<td style=\"text-align: center\"><strong>1,18 \u20ac<\/strong><\/td>\n<\/tr>\n<\/tbody>\n<\/table>\n","protected":false},"excerpt":{"rendered":"<p>Sobre el Aula Matinal Abre a las 7.30 horas de lunes a viernes, ofreciendo actividades diversas a los estudiantes hasta el comienzo del horario lectivo. Puede\u00a0utilizarse\u00a0cualquier d\u00eda previa inscripci\u00f3n y domiciliaci\u00f3n bancaria. Desc\u00e1rgate aqu\u00ed&#46;&#46;&#46;<\/p>\n","protected":false},"author":1,"featured_media":0,"parent":0,"menu_order":0,"comment_status":"closed","ping_status":"open","template":"","meta":{"ngg_post_thumbnail":0,"footnotes":"","_mc_calendar":[]},"aioseo_notices":[],"_links":{"self":[{"href":"https:\/\/blogsaverroes.juntadeandalucia.es\/ceipbeatrizgalindo\/wp-json\/wp\/v2\/pages\/870"}],"collection":[{"href":"https:\/\/blogsaverroes.juntadeandalucia.es\/ceipbeatrizgalindo\/wp-json\/wp\/v2\/pages"}],"about":[{"href":"https:\/\/blogsaverroes.juntadeandalucia.es\/ceipbeatrizgalindo\/wp-json\/wp\/v2\/types\/page"}],"author":[{"embeddable":true,"href":"https:\/\/blogsaverroes.juntadeandalucia.es\/ceipbeatrizgalindo\/wp-json\/wp\/v2\/users\/1"}],"replies":[{"embeddable":true,"href":"https:\/\/blogsaverroes.juntadeandalucia.es\/ceipbeatrizgalindo\/wp-json\/wp\/v2\/comments?post=870"}],"version-history":[{"count":12,"href":"https:\/\/blogsaverroes.juntadeandalucia.es\/ceipbeatrizgalindo\/wp-json\/wp\/v2\/pages\/870\/revisions"}],"predecessor-version":[{"id":2410,"href":"https:\/\/blogsaverroes.juntadeandalucia.es\/ceipbeatrizgalindo\/wp-json\/wp\/v2\/pages\/870\/revisions\/2410"}],"wp:attachment":[{"href":"https:\/\/blogsaverroes.juntadeandalucia.es\/ceipbeatrizgalindo\/wp-json\/wp\/v2\/media?parent=870"}],"curies":[{"name":"wp","href":"https:\/\/api.w.org\/{rel}","templated":true}]}}