{"id":872,"date":"2015-03-16T12:50:42","date_gmt":"2015-03-16T12:50:42","guid":{"rendered":"http:\/\/blogsaverroes.juntadeandalucia.es\/pre\/ceip\/?page_id=120"},"modified":"2020-11-04T12:54:51","modified_gmt":"2020-11-04T12:54:51","slug":"contactar","status":"publish","type":"page","link":"https:\/\/blogsaverroes.juntadeandalucia.es\/ceipbeatrizgalindo\/contactar\/","title":{"rendered":"Contactar"},"content":{"rendered":"<p>Puede contactar con nosotros a trav\u00e9s de:<\/p>\n<ul>\n<li>Tel\u00e9fono del centro: 955 62 42 84<\/li>\n<li>Pasen o iPasen.<\/li>\n<li>Correo electr\u00f3nico del centro: 41011452.edu@juntadeandalucia.es<\/li>\n<\/ul>\n","protected":false},"excerpt":{"rendered":"<p>Puede contactar con nosotros a trav\u00e9s de: Tel\u00e9fono del centro: 955 62 42 84 Pasen o iPasen. Correo electr\u00f3nico del centro: 41011452.edu@juntadeandalucia.es<\/p>\n","protected":false},"author":1,"featured_media":0,"parent":0,"menu_order":0,"comment_status":"closed","ping_status":"open","template":"","meta":{"ngg_post_thumbnail":0,"footnotes":"","_mc_calendar":[]},"aioseo_notices":[],"_links":{"self":[{"href":"https:\/\/blogsaverroes.juntadeandalucia.es\/ceipbeatrizgalindo\/wp-json\/wp\/v2\/pages\/872"}],"collection":[{"href":"https:\/\/blogsaverroes.juntadeandalucia.es\/ceipbeatrizgalindo\/wp-json\/wp\/v2\/pages"}],"about":[{"href":"https:\/\/blogsaverroes.juntadeandalucia.es\/ceipbeatrizgalindo\/wp-json\/wp\/v2\/types\/page"}],"author":[{"embeddable":true,"href":"https:\/\/blogsaverroes.juntadeandalucia.es\/ceipbeatrizgalindo\/wp-json\/wp\/v2\/users\/1"}],"replies":[{"embeddable":true,"href":"https:\/\/blogsaverroes.juntadeandalucia.es\/ceipbeatrizgalindo\/wp-json\/wp\/v2\/comments?post=872"}],"version-history":[{"count":9,"href":"https:\/\/blogsaverroes.juntadeandalucia.es\/ceipbeatrizgalindo\/wp-json\/wp\/v2\/pages\/872\/revisions"}],"predecessor-version":[{"id":2592,"href":"https:\/\/blogsaverroes.juntadeandalucia.es\/ceipbeatrizgalindo\/wp-json\/wp\/v2\/pages\/872\/revisions\/2592"}],"wp:attachment":[{"href":"https:\/\/blogsaverroes.juntadeandalucia.es\/ceipbeatrizgalindo\/wp-json\/wp\/v2\/media?parent=872"}],"curies":[{"name":"wp","href":"https:\/\/api.w.org\/{rel}","templated":true}]}}