{"id":12857,"date":"2019-12-15T23:40:17","date_gmt":"2019-12-15T22:40:17","guid":{"rendered":"https:\/\/blogsaverroes.juntadeandalucia.es\/ceipblancadelosrios\/?page_id=12857"},"modified":"2020-10-08T23:44:47","modified_gmt":"2020-10-08T21:44:47","slug":"hour-of-code-2019","status":"publish","type":"page","link":"https:\/\/blogsaverroes.juntadeandalucia.es\/ceipblancadelosrios\/fototeca\/actividades-educativas-2019-20\/hour-of-code-2019\/","title":{"rendered":"Hour of Code 2019"},"content":{"rendered":"<h4><span style=\"color: #008000\">Semana del 10 al 12 de diciembre de 2019:<\/span><\/h4>\n<ul>\n<li><span style=\"color: #0000ff\">La Hora del C\u00f3digo es una introducci\u00f3n de una hora de duraci\u00f3n a las Ciencias de la Computaci\u00f3n, dise\u00f1ada para mostrar que todo el mundo puede aprender a programar y as\u00ed comprender los fundamentos b\u00e1sicos de la disciplina.<\/span><\/li>\n<li><span style=\"color: #0000ff\"><i>Todos<\/i>&nbsp;los estudiantes deben tener la oportunidad de aprender Ciencias de la Computaci\u00f3n. Ayuda a fomentar las habilidades de resoluci\u00f3n de problemas, la l\u00f3gica y la creatividad. Introducir a los estudiantes de forma temprana en las ciencias de la computaci\u00f3n, les permitir\u00e1 disponer de conocimientos imprescindibles en el s.XXI; fundamentales sea cual sea su futuro desarrollo profesional. Ver m\u00e1s estad\u00edsticas en&nbsp;<a style=\"color: #0000ff\" href=\"http:\/\/code.org\/\">Code.org<\/a>.<\/span><\/li>\n<\/ul>\n<ol style=\"list-style-type: upper-roman\">\n<li><span style=\"color: #0000ff\">Coding UNPLUGGED (en papel):&nbsp;<strong>(Enlace a fotos de&nbsp;<a href=\"https:\/\/wp.me\/P76aSc-3lA\">2\u00ba Ciclo<\/a>&nbsp;y&nbsp;<a href=\"https:\/\/wp.me\/P76aSc-3lK\">3\u00ba Ciclo<\/a>)<\/strong><\/span><\/li>\n<li><span style=\"color: #0000ff\">Coding PLUGGED (con ordenador):&nbsp;<strong>(Enlace a fotos de&nbsp;<a href=\"https:\/\/wp.me\/P76aSc-3lY\">3\u00ba Ciclo<\/a>)<\/strong><\/span><\/li>\n<\/ol>\n","protected":false},"excerpt":{"rendered":"<p>Semana del 10 al 12 de diciembre de 2019: La Hora del C\u00f3digo es una introducci\u00f3n de una hora de duraci\u00f3n a las Ciencias de la Computaci\u00f3n, dise\u00f1ada para mostrar que todo el mundo&#46;&#46;&#46;<\/p>\n","protected":false},"author":2329,"featured_media":0,"parent":12329,"menu_order":0,"comment_status":"closed","ping_status":"closed","template":"page-templates\/child-menu.php","meta":{"ngg_post_thumbnail":0,"footnotes":"","_mc_calendar":[]},"aioseo_notices":[],"_links":{"self":[{"href":"https:\/\/blogsaverroes.juntadeandalucia.es\/ceipblancadelosrios\/wp-json\/wp\/v2\/pages\/12857"}],"collection":[{"href":"https:\/\/blogsaverroes.juntadeandalucia.es\/ceipblancadelosrios\/wp-json\/wp\/v2\/pages"}],"about":[{"href":"https:\/\/blogsaverroes.juntadeandalucia.es\/ceipblancadelosrios\/wp-json\/wp\/v2\/types\/page"}],"author":[{"embeddable":true,"href":"https:\/\/blogsaverroes.juntadeandalucia.es\/ceipblancadelosrios\/wp-json\/wp\/v2\/users\/2329"}],"replies":[{"embeddable":true,"href":"https:\/\/blogsaverroes.juntadeandalucia.es\/ceipblancadelosrios\/wp-json\/wp\/v2\/comments?post=12857"}],"version-history":[{"count":6,"href":"https:\/\/blogsaverroes.juntadeandalucia.es\/ceipblancadelosrios\/wp-json\/wp\/v2\/pages\/12857\/revisions"}],"predecessor-version":[{"id":12895,"href":"https:\/\/blogsaverroes.juntadeandalucia.es\/ceipblancadelosrios\/wp-json\/wp\/v2\/pages\/12857\/revisions\/12895"}],"up":[{"embeddable":true,"href":"https:\/\/blogsaverroes.juntadeandalucia.es\/ceipblancadelosrios\/wp-json\/wp\/v2\/pages\/12329"}],"wp:attachment":[{"href":"https:\/\/blogsaverroes.juntadeandalucia.es\/ceipblancadelosrios\/wp-json\/wp\/v2\/media?parent=12857"}],"curies":[{"name":"wp","href":"https:\/\/api.w.org\/{rel}","templated":true}]}}