{"id":13855,"date":"2020-10-06T22:42:07","date_gmt":"2020-10-06T20:42:07","guid":{"rendered":"https:\/\/blogsaverroes.juntadeandalucia.es\/ceipblancadelosrios\/?page_id=13855"},"modified":"2021-05-17T16:33:32","modified_gmt":"2021-05-17T14:33:32","slug":"plan-de-apertura-2","status":"publish","type":"page","link":"https:\/\/blogsaverroes.juntadeandalucia.es\/ceipblancadelosrios\/plan-de-apertura-2\/","title":{"rendered":"Plan de Apertura"},"content":{"rendered":"<div class=\"inner_cuerpo\">\n<p><img loading=\"lazy\" decoding=\"async\" class=\"alignleft wp-image-13862\" src=\"https:\/\/blogsaverroes.juntadeandalucia.es\/ceipblancadelosrios\/files\/2020\/10\/plan-apoyo-familias-andaluzas.jpg\" alt=\"\" width=\"303\" height=\"220\" srcset=\"https:\/\/blogsaverroes.juntadeandalucia.es\/ceipblancadelosrios\/files\/2020\/10\/plan-apoyo-familias-andaluzas.jpg 900w, https:\/\/blogsaverroes.juntadeandalucia.es\/ceipblancadelosrios\/files\/2020\/10\/plan-apoyo-familias-andaluzas-300x218.jpg 300w, https:\/\/blogsaverroes.juntadeandalucia.es\/ceipblancadelosrios\/files\/2020\/10\/plan-apoyo-familias-andaluzas-800x580.jpg 800w, https:\/\/blogsaverroes.juntadeandalucia.es\/ceipblancadelosrios\/files\/2020\/10\/plan-apoyo-familias-andaluzas-768x557.jpg 768w, https:\/\/blogsaverroes.juntadeandalucia.es\/ceipblancadelosrios\/files\/2020\/10\/plan-apoyo-familias-andaluzas-24x17.jpg 24w, https:\/\/blogsaverroes.juntadeandalucia.es\/ceipblancadelosrios\/files\/2020\/10\/plan-apoyo-familias-andaluzas-36x26.jpg 36w, https:\/\/blogsaverroes.juntadeandalucia.es\/ceipblancadelosrios\/files\/2020\/10\/plan-apoyo-familias-andaluzas-48x35.jpg 48w\" sizes=\"(max-width: 303px) 100vw, 303px\" \/><\/p>\n<p style=\"text-align: justify\">Los servicios conexos a la ense\u00f1anza son de gran relevancia para la conciliaci\u00f3n de la vida laboral y familiar, por tanto, los servicios complementarios de aula matinal, comedor escolar y actividades extraescolares se han ido manteniendo dentro del Sistema P\u00fablico Educativo Andaluz desde su implantaci\u00f3n.<\/p>\n<p style=\"text-align: justify\">Los centros de ense\u00f1anza que imparten educaci\u00f3n primaria y secundaria pueden ofrecer algunos servicios escolares complementarios. Saber de qu\u00e9 servicios dispone un centro puede ser un criterio importante en el momento de elegir la preferencia por uno u otro para solicitar la admisi\u00f3n.<\/p>\n<p style=\"text-align: justify\">Dentro del Plan de Apoyo a las Familias Andaluzas, la Consejer\u00eda de Educaci\u00f3n persigue que los centros docentes, m\u00e1s all\u00e1 de la jornada lectiva tradicional, sean capaces de ofrecer al alumnado y sus familias una oferta de jornada escolar completa, de forma que encuentren en sus centros las actividades que necesitan para completar su formaci\u00f3n y para utilizar de una manera educativa su tiempo libre.<\/p>\n<\/div>\n","protected":false},"excerpt":{"rendered":"<p>Los servicios conexos a la ense\u00f1anza son de gran relevancia para la conciliaci\u00f3n de la vida laboral y familiar, por tanto, los servicios complementarios de aula matinal, comedor escolar y actividades extraescolares se han&#46;&#46;&#46;<\/p>\n","protected":false},"author":2329,"featured_media":0,"parent":0,"menu_order":0,"comment_status":"closed","ping_status":"closed","template":"page-templates\/child-menu.php","meta":{"ngg_post_thumbnail":0,"footnotes":"","_mc_calendar":[]},"aioseo_notices":[],"_links":{"self":[{"href":"https:\/\/blogsaverroes.juntadeandalucia.es\/ceipblancadelosrios\/wp-json\/wp\/v2\/pages\/13855"}],"collection":[{"href":"https:\/\/blogsaverroes.juntadeandalucia.es\/ceipblancadelosrios\/wp-json\/wp\/v2\/pages"}],"about":[{"href":"https:\/\/blogsaverroes.juntadeandalucia.es\/ceipblancadelosrios\/wp-json\/wp\/v2\/types\/page"}],"author":[{"embeddable":true,"href":"https:\/\/blogsaverroes.juntadeandalucia.es\/ceipblancadelosrios\/wp-json\/wp\/v2\/users\/2329"}],"replies":[{"embeddable":true,"href":"https:\/\/blogsaverroes.juntadeandalucia.es\/ceipblancadelosrios\/wp-json\/wp\/v2\/comments?post=13855"}],"version-history":[{"count":6,"href":"https:\/\/blogsaverroes.juntadeandalucia.es\/ceipblancadelosrios\/wp-json\/wp\/v2\/pages\/13855\/revisions"}],"predecessor-version":[{"id":14704,"href":"https:\/\/blogsaverroes.juntadeandalucia.es\/ceipblancadelosrios\/wp-json\/wp\/v2\/pages\/13855\/revisions\/14704"}],"wp:attachment":[{"href":"https:\/\/blogsaverroes.juntadeandalucia.es\/ceipblancadelosrios\/wp-json\/wp\/v2\/media?parent=13855"}],"curies":[{"name":"wp","href":"https:\/\/api.w.org\/{rel}","templated":true}]}}