{"id":14498,"date":"2021-02-14T23:04:46","date_gmt":"2021-02-14T22:04:46","guid":{"rendered":"https:\/\/blogsaverroes.juntadeandalucia.es\/ceipblancadelosrios\/?page_id=14498"},"modified":"2021-09-07T18:53:47","modified_gmt":"2021-09-07T16:53:47","slug":"11-feb-mujeres-y-ninas-en-la-ciencia","status":"publish","type":"page","link":"https:\/\/blogsaverroes.juntadeandalucia.es\/ceipblancadelosrios\/fototeca\/actividades-educativas-2020-21\/11-feb-mujeres-y-ninas-en-la-ciencia\/","title":{"rendered":"11 Feb. Mujeres y ni\u00f1as en la Ciencia"},"content":{"rendered":"<h1 style=\"text-align: center\"><span style=\"color: #008080\"><strong>\u00a1apoSTEMos por las mujeres STEM!<\/strong><\/span><\/h1>\n<p style=\"text-align: center\"><strong>Desde nuestro centro educativo, donde defendemos una educaci\u00f3n basada en valores de igualdad, quer\u00edamos hacer un homenaje y dar visibilidad a nuestras mujeres cient\u00edficas. <\/strong><\/p>\n<p style=\"text-align: center\"><strong>Vuestro testimonio es un ejemplo para todas nuestras ni\u00f1as y una inspiraci\u00f3n para no tener miedo en un futuro al elegir carreras relacionadas con la ciencia, la ingenier\u00eda, la tecnolog\u00eda y las matem\u00e1ticas.<\/strong><\/p>\n<p>&nbsp;<\/p>\n<p>https:\/\/youtu.be\/EtmVl8L-lzk<\/p>\n<p>&nbsp;<\/p>\n","protected":false},"excerpt":{"rendered":"<p>\u00a1apoSTEMos por las mujeres STEM! Desde nuestro centro educativo, donde defendemos una educaci\u00f3n basada en valores de igualdad, quer\u00edamos hacer un homenaje y dar visibilidad a nuestras mujeres cient\u00edficas. Vuestro testimonio es un ejemplo&#46;&#46;&#46;<\/p>\n","protected":false},"author":2329,"featured_media":0,"parent":14837,"menu_order":2,"comment_status":"closed","ping_status":"closed","template":"page-templates\/child-menu.php","meta":{"ngg_post_thumbnail":0,"footnotes":"","_mc_calendar":[]},"aioseo_notices":[],"_links":{"self":[{"href":"https:\/\/blogsaverroes.juntadeandalucia.es\/ceipblancadelosrios\/wp-json\/wp\/v2\/pages\/14498"}],"collection":[{"href":"https:\/\/blogsaverroes.juntadeandalucia.es\/ceipblancadelosrios\/wp-json\/wp\/v2\/pages"}],"about":[{"href":"https:\/\/blogsaverroes.juntadeandalucia.es\/ceipblancadelosrios\/wp-json\/wp\/v2\/types\/page"}],"author":[{"embeddable":true,"href":"https:\/\/blogsaverroes.juntadeandalucia.es\/ceipblancadelosrios\/wp-json\/wp\/v2\/users\/2329"}],"replies":[{"embeddable":true,"href":"https:\/\/blogsaverroes.juntadeandalucia.es\/ceipblancadelosrios\/wp-json\/wp\/v2\/comments?post=14498"}],"version-history":[{"count":3,"href":"https:\/\/blogsaverroes.juntadeandalucia.es\/ceipblancadelosrios\/wp-json\/wp\/v2\/pages\/14498\/revisions"}],"predecessor-version":[{"id":14503,"href":"https:\/\/blogsaverroes.juntadeandalucia.es\/ceipblancadelosrios\/wp-json\/wp\/v2\/pages\/14498\/revisions\/14503"}],"up":[{"embeddable":true,"href":"https:\/\/blogsaverroes.juntadeandalucia.es\/ceipblancadelosrios\/wp-json\/wp\/v2\/pages\/14837"}],"wp:attachment":[{"href":"https:\/\/blogsaverroes.juntadeandalucia.es\/ceipblancadelosrios\/wp-json\/wp\/v2\/media?parent=14498"}],"curies":[{"name":"wp","href":"https:\/\/api.w.org\/{rel}","templated":true}]}}