{"id":15249,"date":"2022-05-09T18:37:12","date_gmt":"2022-05-09T16:37:12","guid":{"rendered":"https:\/\/blogsaverroes.juntadeandalucia.es\/ceipblancadelosrios\/?page_id=15249"},"modified":"2025-03-03T09:52:31","modified_gmt":"2025-03-03T08:52:31","slug":"language-assistant","status":"publish","type":"page","link":"https:\/\/blogsaverroes.juntadeandalucia.es\/ceipblancadelosrios\/language-assistant\/","title":{"rendered":"LANGUAGE ASSISTANT"},"content":{"rendered":"<p><img loading=\"lazy\" decoding=\"async\" class=\"aligncenter size-full wp-image-15251\" src=\"https:\/\/blogsaverroes.juntadeandalucia.es\/ceipblancadelosrios\/files\/2022\/05\/Cabecera-Language-Assistant.jpeg\" alt=\"\" width=\"703\" height=\"186\" srcset=\"https:\/\/blogsaverroes.juntadeandalucia.es\/ceipblancadelosrios\/files\/2022\/05\/Cabecera-Language-Assistant.jpeg 703w, https:\/\/blogsaverroes.juntadeandalucia.es\/ceipblancadelosrios\/files\/2022\/05\/Cabecera-Language-Assistant-300x79.jpeg 300w\" sizes=\"(max-width: 703px) 100vw, 703px\" \/><\/p>\n<p>&nbsp;<\/p>\n<h2 style=\"text-align: center\"><span style=\"color: #ff6600\"><strong>INFORMATION SHEET FOR LANGUAGE ASSISTANTS<img loading=\"lazy\" decoding=\"async\" class=\"aligncenter wp-image-15252\" src=\"https:\/\/blogsaverroes.juntadeandalucia.es\/ceipblancadelosrios\/files\/2022\/05\/logo3.jpeg\" alt=\"\" width=\"218\" height=\"218\" srcset=\"https:\/\/blogsaverroes.juntadeandalucia.es\/ceipblancadelosrios\/files\/2022\/05\/logo3.jpeg 300w, https:\/\/blogsaverroes.juntadeandalucia.es\/ceipblancadelosrios\/files\/2022\/05\/logo3-150x150.jpeg 150w, https:\/\/blogsaverroes.juntadeandalucia.es\/ceipblancadelosrios\/files\/2022\/05\/logo3-80x80.jpeg 80w\" sizes=\"(max-width: 218px) 100vw, 218px\" \/><\/strong><\/span><\/h2>\n<p>&nbsp;<\/p>\n<h5 class=\"p1\"><span style=\"color: #0000ff\"><b>SCHOOL DATA<\/b><\/span><\/h5>\n<p><span style=\"color: #000000\"><strong>C.E.I.P. Blanca de los R\u00edos<\/strong><\/span><\/p>\n<p><span style=\"color: #000000\"><strong>Address:<\/strong> C\/ Alcal\u00e1 de Guada\u00edra, s\/n 41300 San Jos\u00e9 de la Rinconada (Sevilla)<\/span><\/p>\n<p><span style=\"color: #000000\"><strong>Phone number:<\/strong> 955624497<\/span><\/p>\n<p><span style=\"color: #000000\"><strong>Location link on google Maps<\/strong><\/span><\/p>\n<p style=\"text-align: left\">[googlemaps https:\/\/www.google.com\/maps\/embed?pb=!1m18!1m12!1m3!1d3165.65393318244!2d-5.943741948929896!3d37.49249213602334!2m3!1f0!2f0!3f0!3m2!1i1024!2i768!4f13.1!3m3!1m2!1s0xd12427e20eb8c15%3A0xc2a9446c260bb422!2sColegio+P%C3%BAblico+Blanca+de+los+R%C3%ADos!5e0!3m2!1ses!2ses!4v1448279177841&amp;w=600&amp;h=450]<\/p>\n<h5>&nbsp;<\/h5>\n<h5><span style=\"color: #0000ff\"><strong>CONTACT OF THE REFERENCE PERSON(S)<\/strong><\/span><\/h5>\n<ul>\n<li><span style=\"color: #000000\"><strong>Email of school:<\/strong><\/span> <a href=\"mailto:41011993.edu@juntadeandalucia.es\">41011993.edu@juntadeandalucia.es<\/a><\/li>\n<\/ul>\n<ul>\n<li><span style=\"color: #000000\"><strong>Email of a member of the management team<\/strong> <em>(Ana Fern\u00e1ndez Gonz\u00e1lez &#8211; headmistress)<\/em> <\/span>&nbsp;<a href=\"mailto:ana.fernandez.gonzalez@blancadelosrios.org\">afergon744@g.educaand.es<\/a><\/li>\n<\/ul>\n<ul>\n<li><span style=\"color: #000000\"><strong>Email of the teacher coordinating the program<\/strong> <em>(Sonia \u00c1vila Membrives)<\/em> <\/span>&nbsp;<a href=\"mailto:sonia.avila.membrives@blancadelosrios.org\">savimem590@g.educaand.es<\/a><\/li>\n<\/ul>\n<h5><span style=\"color: #0000ff\"><strong>EDUCATION LEVEL&nbsp;<\/strong><\/span><\/h5>\n<ul>\n<li><span style=\"color: #000000\">Early Childhood Education (3-5 years old)<\/span><\/li>\n<li><span style=\"color: #000000\">Elementary School (6-11\/12 years old)<\/span><\/li>\n<\/ul>\n<h5><span style=\"color: #0000ff\"><strong>COLLABORATION SUBJECTS\/MODULES OF THE LANGUAGE ASSISTANT&nbsp;<\/strong><\/span><\/h5>\n<p><span style=\"color: #000000\">Natural and Social Science or PE (maybe even English lessons).<\/span><\/p>\n<h5><span style=\"color: #0000ff\"><strong>INFORMATION ABOUT THE TOWN AND\/OR NEIGHBORHOOD<\/strong><\/span><\/h5>\n<p class=\"LO-normal\" style=\"margin-top: 14.0pt;background: white\"><span lang=\"EN-US\" style=\"color: #000000\">Our school is located in San Jos\u00e9 de la Rinconada town, 13 km from Seville.&nbsp;<\/span><\/p>\n<p class=\"LO-normal\" style=\"background: white\"><span style=\"color: #000000\"><span lang=\"EN-US\">San Jos\u00e9 de la Rinconada is a good place to live. However, Seville is a lovely and big city and language <\/span><span lang=\"EN-US\">assistants<\/span><span lang=\"EN-US\">&nbsp;usually prefer to live in the center of Seville instead of our town.&nbsp;<\/span><\/span><\/p>\n<p class=\"LO-normal\" style=\"margin-bottom: 14.0pt;background: white\"><span lang=\"EN-US\" style=\"color: #000000\">Seville offers a wide variety of tourist, leisure, sports\u2026 opportunities.<\/span><\/p>\n<h5><span style=\"color: #0000ff\"><strong>GETTING TO SCHOOL&nbsp;<\/strong><\/span><\/h5>\n<p><span style=\"color: #000000\">If you choose to live in San Jos\u00e9 de la Rinconada, you can walk to school without any problem.<\/span><\/p>\n<p><span style=\"color: #000000\">In case you prefer to live in Seville, you will need to come to school by train or bus:<\/span> <span style=\"color: #ff6600\"><a style=\"color: #ff6600\" href=\"https:\/\/www.renfe.com\/es\/es\/cercanias\/cercanias-sevilla\">https:\/\/www.renfe.com\/es\/es\/cercanias\/cercanias-sevilla<\/a><\/span><\/p>\n<p><span style=\"color: #000000\">This is the railway website&nbsp;where you can check the schedules to travel from Santa Justa Station or San Bernardo Station, both in Seville, to El C\u00e1\u00f1amo Station in San Jos\u00e9 de la Rinconada. Santa Justa Station is located&nbsp;in Nervi\u00f3n&nbsp;neighbourhood and San Bernardo Station is located&nbsp;in Viapol&nbsp;area. El C\u00e1\u00f1amo Station is in San Jos\u00e9 de la&nbsp;Rinconada and&nbsp;it is only 15 minutes walking to our school.<\/span><\/p>\n<p><span style=\"color: #000000\">The website for travelling by bus is:<\/span>&nbsp;<span style=\"color: #ff6600\"><a style=\"color: #ff6600\" href=\"https:\/\/siu.ctas.ctan.es\/horarios_lineas_tabla.php?linea=206\">https:\/\/siu.ctas.ctan.es\/horarios_lineas_tabla.php?linea=206<\/a>&nbsp;<\/span><\/p>\n<p><span style=\"color: #000000\">It&nbsp;will help you with the schedules from Plaza de Armas Bus Station, in Center of Seville, to a bus stop just outside our school.<\/span><\/p>\n<h5><span style=\"color: #0000ff\"><strong>ACCOMMODATION<\/strong><\/span><\/h5>\n<table style=\"border-collapse: collapse;width: 24.2836%\">\n<tbody>\n<tr>\n<td style=\"width: 100%\">\n<ul>\n<li><span style=\"color: #0000ff\">Where to live in town?<\/span><\/li>\n<li><span style=\"color: #0000ff\">Possibility of staying with a family?<\/span><\/li>\n<li><span style=\"color: #0000ff\">Possibility of sharing a flat with teachers?<\/span><\/li>\n<\/ul>\n<\/td>\n<\/tr>\n<\/tbody>\n<\/table>\n<p class=\"p1\"><span style=\"color: #000000\">Language assistants usually share a flat in neighborhoods of Seville close to the train station (Santa Justa or San Bernardo) or the bus station (Plaza de Armas).<\/span><\/p>\n<p class=\"LO-normal\" style=\"text-align: justify\"><span lang=\"EN-US\" style=\"color: #000000\">You can look for ads of people who want to share a flat on the bulletin boards of the universities.<\/span><\/p>\n<p class=\"LO-normal\" style=\"text-align: justify\"><span lang=\"EN-US\" style=\"color: #000000\">This is a famous webpage to find flats to rent: <\/span><span lang=\"EN-US\" style=\"color: #ff6600\"><a style=\"color: #ff6600\" href=\"https:\/\/www.cambalacheinmobiliaria.com\/alquiler-sevilla\/index.html\">https:\/\/www.cambalacheinmobiliaria.com\/alquiler-sevilla\/index.html<\/a><\/span><\/p>\n<h5><span style=\"color: #0000ff\"><strong>CONTACT WITH OTHER LANGUAGE ASSISTANTS<\/strong><\/span><\/h5>\n<p><span style=\"color: #000000\">Every course year Language Assistants of San Jos\u00e9 de la Rinconada usually create a WhatsApp group to have contact with each other.<\/span><\/p>\n","protected":false},"excerpt":{"rendered":"<p>&nbsp; INFORMATION SHEET FOR LANGUAGE ASSISTANTS &nbsp; SCHOOL DATA C.E.I.P. Blanca de los R\u00edos Address: C\/ Alcal\u00e1 de Guada\u00edra, s\/n 41300 San Jos\u00e9 de la Rinconada (Sevilla) Phone number: 955624497 Location link on google&#46;&#46;&#46;<\/p>\n","protected":false},"author":2329,"featured_media":0,"parent":0,"menu_order":0,"comment_status":"closed","ping_status":"closed","template":"page-templates\/child-menu.php","meta":{"ngg_post_thumbnail":0,"footnotes":"","_mc_calendar":[]},"aioseo_notices":[],"_links":{"self":[{"href":"https:\/\/blogsaverroes.juntadeandalucia.es\/ceipblancadelosrios\/wp-json\/wp\/v2\/pages\/15249"}],"collection":[{"href":"https:\/\/blogsaverroes.juntadeandalucia.es\/ceipblancadelosrios\/wp-json\/wp\/v2\/pages"}],"about":[{"href":"https:\/\/blogsaverroes.juntadeandalucia.es\/ceipblancadelosrios\/wp-json\/wp\/v2\/types\/page"}],"author":[{"embeddable":true,"href":"https:\/\/blogsaverroes.juntadeandalucia.es\/ceipblancadelosrios\/wp-json\/wp\/v2\/users\/2329"}],"replies":[{"embeddable":true,"href":"https:\/\/blogsaverroes.juntadeandalucia.es\/ceipblancadelosrios\/wp-json\/wp\/v2\/comments?post=15249"}],"version-history":[{"count":18,"href":"https:\/\/blogsaverroes.juntadeandalucia.es\/ceipblancadelosrios\/wp-json\/wp\/v2\/pages\/15249\/revisions"}],"predecessor-version":[{"id":19116,"href":"https:\/\/blogsaverroes.juntadeandalucia.es\/ceipblancadelosrios\/wp-json\/wp\/v2\/pages\/15249\/revisions\/19116"}],"wp:attachment":[{"href":"https:\/\/blogsaverroes.juntadeandalucia.es\/ceipblancadelosrios\/wp-json\/wp\/v2\/media?parent=15249"}],"curies":[{"name":"wp","href":"https:\/\/api.w.org\/{rel}","templated":true}]}}