{"id":17689,"date":"2024-04-09T18:09:58","date_gmt":"2024-04-09T16:09:58","guid":{"rendered":"https:\/\/blogsaverroes.juntadeandalucia.es\/ceipblancadelosrios\/?page_id=17689"},"modified":"2024-04-09T18:10:08","modified_gmt":"2024-04-09T16:10:08","slug":"formacion-permanente-del-profesorado","status":"publish","type":"page","link":"https:\/\/blogsaverroes.juntadeandalucia.es\/ceipblancadelosrios\/fototeca\/actividades-2023-24\/formacion-permanente-del-profesorado\/","title":{"rendered":"FORMACI\u00d3N PERMANENTE DEL PROFESORADO"},"content":{"rendered":"<p>El claustro del Blanca se est\u00e1 formando en la Convivencia en la escuela. Est\u00e1 formaci\u00f3n se est\u00e1 realizando a trav\u00e9s del Centro del Profesorado de Sevilla.<\/p>\nngg_shortcode_0_placeholder\n","protected":false},"excerpt":{"rendered":"<p>El claustro del Blanca se est\u00e1 formando en la Convivencia en la escuela. Est\u00e1 formaci\u00f3n se est\u00e1 realizando a trav\u00e9s del Centro del Profesorado de Sevilla.<\/p>\n","protected":false},"author":2329,"featured_media":0,"parent":17224,"menu_order":3,"comment_status":"closed","ping_status":"closed","template":"page-templates\/child-menu.php","meta":{"ngg_post_thumbnail":0,"footnotes":"","_mc_calendar":[]},"aioseo_notices":[],"_links":{"self":[{"href":"https:\/\/blogsaverroes.juntadeandalucia.es\/ceipblancadelosrios\/wp-json\/wp\/v2\/pages\/17689"}],"collection":[{"href":"https:\/\/blogsaverroes.juntadeandalucia.es\/ceipblancadelosrios\/wp-json\/wp\/v2\/pages"}],"about":[{"href":"https:\/\/blogsaverroes.juntadeandalucia.es\/ceipblancadelosrios\/wp-json\/wp\/v2\/types\/page"}],"author":[{"embeddable":true,"href":"https:\/\/blogsaverroes.juntadeandalucia.es\/ceipblancadelosrios\/wp-json\/wp\/v2\/users\/2329"}],"replies":[{"embeddable":true,"href":"https:\/\/blogsaverroes.juntadeandalucia.es\/ceipblancadelosrios\/wp-json\/wp\/v2\/comments?post=17689"}],"version-history":[{"count":1,"href":"https:\/\/blogsaverroes.juntadeandalucia.es\/ceipblancadelosrios\/wp-json\/wp\/v2\/pages\/17689\/revisions"}],"predecessor-version":[{"id":17697,"href":"https:\/\/blogsaverroes.juntadeandalucia.es\/ceipblancadelosrios\/wp-json\/wp\/v2\/pages\/17689\/revisions\/17697"}],"up":[{"embeddable":true,"href":"https:\/\/blogsaverroes.juntadeandalucia.es\/ceipblancadelosrios\/wp-json\/wp\/v2\/pages\/17224"}],"wp:attachment":[{"href":"https:\/\/blogsaverroes.juntadeandalucia.es\/ceipblancadelosrios\/wp-json\/wp\/v2\/media?parent=17689"}],"curies":[{"name":"wp","href":"https:\/\/api.w.org\/{rel}","templated":true}]}}