{"id":17941,"date":"2024-05-28T18:12:34","date_gmt":"2024-05-28T16:12:34","guid":{"rendered":"https:\/\/blogsaverroes.juntadeandalucia.es\/ceipblancadelosrios\/?page_id=17941"},"modified":"2024-05-29T18:21:39","modified_gmt":"2024-05-29T16:21:39","slug":"semana-cultural","status":"publish","type":"page","link":"https:\/\/blogsaverroes.juntadeandalucia.es\/ceipblancadelosrios\/semana-cultural\/","title":{"rendered":"Semana Cultural"},"content":{"rendered":"<h1>&nbsp;<\/h1>\n<p><img loading=\"lazy\" decoding=\"async\" class=\"alignleft wp-image-17956\" src=\"https:\/\/blogsaverroes.juntadeandalucia.es\/ceipblancadelosrios\/files\/2024\/05\/IMG_1338.jpg\" alt=\"\" width=\"430\" height=\"323\" srcset=\"https:\/\/blogsaverroes.juntadeandalucia.es\/ceipblancadelosrios\/files\/2024\/05\/IMG_1338.jpg 1600w, https:\/\/blogsaverroes.juntadeandalucia.es\/ceipblancadelosrios\/files\/2024\/05\/IMG_1338-300x225.jpg 300w, https:\/\/blogsaverroes.juntadeandalucia.es\/ceipblancadelosrios\/files\/2024\/05\/IMG_1338-800x600.jpg 800w, https:\/\/blogsaverroes.juntadeandalucia.es\/ceipblancadelosrios\/files\/2024\/05\/IMG_1338-768x576.jpg 768w, https:\/\/blogsaverroes.juntadeandalucia.es\/ceipblancadelosrios\/files\/2024\/05\/IMG_1338-1536x1152.jpg 1536w, https:\/\/blogsaverroes.juntadeandalucia.es\/ceipblancadelosrios\/files\/2024\/05\/IMG_1338-2048x1536.jpg 2048w\" sizes=\"(max-width: 430px) 100vw, 430px\" \/><\/p>\n<h2 style=\"text-align: center\">MURAL DEL GIMNASIO:<\/h2>\n<h3 style=\"text-align: center\">Composici\u00f3n realizada por todos los alumnos del centro donde cada grupo tuvo sus espacio para transmitir la amistad y el amor en el mundo, a trav\u00e9s de dibujos, formas y colores. El mural fue realizado para el 30 de enero de 2014, conmemorando el d\u00eda de la Paz de aquel curso escolar.<\/h3>\n<p>&nbsp;<\/p>\n<p>&nbsp;<\/p>\n<p>&nbsp;<\/p>\n<p>&nbsp;<\/p>\n<p><img loading=\"lazy\" decoding=\"async\" class=\"alignright wp-image-17955\" src=\"https:\/\/blogsaverroes.juntadeandalucia.es\/ceipblancadelosrios\/files\/2024\/05\/IMG_1336.jpg\" alt=\"\" width=\"452\" height=\"339\" srcset=\"https:\/\/blogsaverroes.juntadeandalucia.es\/ceipblancadelosrios\/files\/2024\/05\/IMG_1336.jpg 1600w, https:\/\/blogsaverroes.juntadeandalucia.es\/ceipblancadelosrios\/files\/2024\/05\/IMG_1336-300x225.jpg 300w, https:\/\/blogsaverroes.juntadeandalucia.es\/ceipblancadelosrios\/files\/2024\/05\/IMG_1336-800x600.jpg 800w, https:\/\/blogsaverroes.juntadeandalucia.es\/ceipblancadelosrios\/files\/2024\/05\/IMG_1336-768x576.jpg 768w, https:\/\/blogsaverroes.juntadeandalucia.es\/ceipblancadelosrios\/files\/2024\/05\/IMG_1336-1536x1152.jpg 1536w, https:\/\/blogsaverroes.juntadeandalucia.es\/ceipblancadelosrios\/files\/2024\/05\/IMG_1336-2048x1536.jpg 2048w\" sizes=\"(max-width: 452px) 100vw, 452px\" \/><\/p>\n<h2>&nbsp;<\/h2>\n<h2 style=\"text-align: center\">MURAL DE LAS PALOMAS:<\/h2>\n<h3 style=\"text-align: center\">Decorado, con gran mensaje, realizado por Manolo Tac\u00f3n, maestro del centro. Sirvi\u00f3 para fotografiar a todos los alumnos del colegio (padrinos con ahijados), inmortalizando abrazos y sonrisas, entre ellos, como habilidades b\u00e1sicas en las que sustentar la amistad. El mural fue elaborado para el 30 de enero de 2016, celebrando el d\u00eda de la Paz,&nbsp; en aquel a\u00f1o.<\/h3>\n<p>&nbsp;<\/p>\n<p>&nbsp;<\/p>\n<p>&nbsp;<\/p>\n<p><img loading=\"lazy\" decoding=\"async\" class=\"alignleft wp-image-17966\" src=\"https:\/\/blogsaverroes.juntadeandalucia.es\/ceipblancadelosrios\/files\/2024\/05\/IMG_1322.jpg\" alt=\"\" width=\"503\" height=\"377\" srcset=\"https:\/\/blogsaverroes.juntadeandalucia.es\/ceipblancadelosrios\/files\/2024\/05\/IMG_1322.jpg 1600w, https:\/\/blogsaverroes.juntadeandalucia.es\/ceipblancadelosrios\/files\/2024\/05\/IMG_1322-300x225.jpg 300w, https:\/\/blogsaverroes.juntadeandalucia.es\/ceipblancadelosrios\/files\/2024\/05\/IMG_1322-800x600.jpg 800w, https:\/\/blogsaverroes.juntadeandalucia.es\/ceipblancadelosrios\/files\/2024\/05\/IMG_1322-768x576.jpg 768w, https:\/\/blogsaverroes.juntadeandalucia.es\/ceipblancadelosrios\/files\/2024\/05\/IMG_1322-1536x1152.jpg 1536w, https:\/\/blogsaverroes.juntadeandalucia.es\/ceipblancadelosrios\/files\/2024\/05\/IMG_1322-2048x1536.jpg 2048w\" sizes=\"(max-width: 503px) 100vw, 503px\" \/><\/p>\n<h2 style=\"text-align: center\">MURAL DEL 10\u00ba ANIVERSARIO:<\/h2>\n<h3 style=\"text-align: center\">Mural situado en la entrada principal del centro cuya ejecuci\u00f3n estuvo coordinada por Ricardo P\u00e9rez y Manolo Tac\u00f3n, maestros del centro. En este dibujo, a gran escala, se conmemor\u00f3 el 10\u00ba cumplea\u00f1os de nuestro centro, en mayo del curso escolar 2018-19. Los colores y los dibujos representan d\u00f3nde se sit\u00faa el colegio, las ense\u00f1anzas impartidas y nuestro crecimiento hasta ese a\u00f1o. Se culmina con lo m\u00e1s importante, las huellas de nuestros alumnos en ese \u00e1rbol, ya robusto, s\u00edmbolo de 10 a\u00f1os educando la mente y el coraz\u00f3n.<\/h3>\n<p>&nbsp;<\/p>\n<p><img loading=\"lazy\" decoding=\"async\" class=\"wp-image-17957 alignright\" src=\"https:\/\/blogsaverroes.juntadeandalucia.es\/ceipblancadelosrios\/files\/2024\/05\/IMG_1319.jpg\" alt=\"\" width=\"504\" height=\"378\" srcset=\"https:\/\/blogsaverroes.juntadeandalucia.es\/ceipblancadelosrios\/files\/2024\/05\/IMG_1319.jpg 1600w, https:\/\/blogsaverroes.juntadeandalucia.es\/ceipblancadelosrios\/files\/2024\/05\/IMG_1319-300x225.jpg 300w, https:\/\/blogsaverroes.juntadeandalucia.es\/ceipblancadelosrios\/files\/2024\/05\/IMG_1319-800x600.jpg 800w, https:\/\/blogsaverroes.juntadeandalucia.es\/ceipblancadelosrios\/files\/2024\/05\/IMG_1319-768x576.jpg 768w, https:\/\/blogsaverroes.juntadeandalucia.es\/ceipblancadelosrios\/files\/2024\/05\/IMG_1319-1536x1152.jpg 1536w, https:\/\/blogsaverroes.juntadeandalucia.es\/ceipblancadelosrios\/files\/2024\/05\/IMG_1319-2048x1536.jpg 2048w\" sizes=\"(max-width: 504px) 100vw, 504px\" \/><\/p>\n<p>&nbsp;<\/p>\n<h2 style=\"text-align: center\">MURAL I SEMANA CULTURAL<\/h2>\n<h3 style=\"text-align: left\">Composici\u00f3n elaborada por algunos alumnos de nuestro centro, representantes de las diferentes clases, niveles y ciclos; y coordinada por Manolo Tac\u00f3n. El mural sirvi\u00f3 de imagen en la celebraci\u00f3n de la I semana cultural \u201cAbracemos el planeta\u201d, en el curso 2022-23.<br \/>\nTambi\u00e9n, en este espacio, se elabor\u00f3 un taller te\u00f3rico-pr\u00e1ctico abordando temas como el reciclaje, la reducci\u00f3n de residuos, la reutilizaci\u00f3n y la conservaci\u00f3n del planeta.<\/h3>\n<p>&nbsp;<\/p>\n<p><img loading=\"lazy\" decoding=\"async\" class=\"aligncenter wp-image-17958\" src=\"https:\/\/blogsaverroes.juntadeandalucia.es\/ceipblancadelosrios\/files\/2024\/05\/b295803b-1816-416d-b35f-f1367eaede35.jpg\" alt=\"\" width=\"463\" height=\"306\" srcset=\"https:\/\/blogsaverroes.juntadeandalucia.es\/ceipblancadelosrios\/files\/2024\/05\/b295803b-1816-416d-b35f-f1367eaede35.jpg 1383w, https:\/\/blogsaverroes.juntadeandalucia.es\/ceipblancadelosrios\/files\/2024\/05\/b295803b-1816-416d-b35f-f1367eaede35-300x199.jpg 300w, https:\/\/blogsaverroes.juntadeandalucia.es\/ceipblancadelosrios\/files\/2024\/05\/b295803b-1816-416d-b35f-f1367eaede35-800x530.jpg 800w, https:\/\/blogsaverroes.juntadeandalucia.es\/ceipblancadelosrios\/files\/2024\/05\/b295803b-1816-416d-b35f-f1367eaede35-768x509.jpg 768w\" sizes=\"(max-width: 463px) 100vw, 463px\" \/><\/p>\n<h2 style=\"text-align: center\">MURAL II SEMANA CULTURAL:<\/h2>\n<h3 style=\"text-align: center\">Mural realizado por Manolo Tac\u00f3n, maestro del centro, que sirve de logo para la II semana cultural del&nbsp; &nbsp; &nbsp; &nbsp; &nbsp; &nbsp; &nbsp;\u201cBlanca\u201d en el curso escolar 2023-24. Con esta imagen se conmemora el 775 aniversario de nuestra localidad y el 15\u00ba cumplea\u00f1os de nuestro colegio, ayud\u00e1ndonos de s\u00edmbolos e im\u00e1genes que recuerdan tradiciones, cultura, naturaleza y costumbres de nuestro pueblo adem\u00e1s de se\u00f1as de identidad del CEIP Blanca de los R\u00edos.<\/h3>\n","protected":false},"excerpt":{"rendered":"<p>&nbsp; MURAL DEL GIMNASIO: Composici\u00f3n realizada por todos los alumnos del centro donde cada grupo tuvo sus espacio para transmitir la amistad y el amor en el mundo, a trav\u00e9s de dibujos, formas y&#46;&#46;&#46;<\/p>\n","protected":false},"author":2329,"featured_media":0,"parent":0,"menu_order":0,"comment_status":"closed","ping_status":"closed","template":"","meta":{"ngg_post_thumbnail":0,"footnotes":"","_mc_calendar":[]},"aioseo_notices":[],"_links":{"self":[{"href":"https:\/\/blogsaverroes.juntadeandalucia.es\/ceipblancadelosrios\/wp-json\/wp\/v2\/pages\/17941"}],"collection":[{"href":"https:\/\/blogsaverroes.juntadeandalucia.es\/ceipblancadelosrios\/wp-json\/wp\/v2\/pages"}],"about":[{"href":"https:\/\/blogsaverroes.juntadeandalucia.es\/ceipblancadelosrios\/wp-json\/wp\/v2\/types\/page"}],"author":[{"embeddable":true,"href":"https:\/\/blogsaverroes.juntadeandalucia.es\/ceipblancadelosrios\/wp-json\/wp\/v2\/users\/2329"}],"replies":[{"embeddable":true,"href":"https:\/\/blogsaverroes.juntadeandalucia.es\/ceipblancadelosrios\/wp-json\/wp\/v2\/comments?post=17941"}],"version-history":[{"count":9,"href":"https:\/\/blogsaverroes.juntadeandalucia.es\/ceipblancadelosrios\/wp-json\/wp\/v2\/pages\/17941\/revisions"}],"predecessor-version":[{"id":17971,"href":"https:\/\/blogsaverroes.juntadeandalucia.es\/ceipblancadelosrios\/wp-json\/wp\/v2\/pages\/17941\/revisions\/17971"}],"wp:attachment":[{"href":"https:\/\/blogsaverroes.juntadeandalucia.es\/ceipblancadelosrios\/wp-json\/wp\/v2\/media?parent=17941"}],"curies":[{"name":"wp","href":"https:\/\/api.w.org\/{rel}","templated":true}]}}