{"id":17942,"date":"2024-05-28T18:12:34","date_gmt":"2024-05-28T16:12:34","guid":{"rendered":"https:\/\/blogsaverroes.juntadeandalucia.es\/ceipblancadelosrios\/?page_id=17942"},"modified":"2024-06-12T12:05:57","modified_gmt":"2024-06-12T10:05:57","slug":"angel-lopez","status":"publish","type":"page","link":"https:\/\/blogsaverroes.juntadeandalucia.es\/ceipblancadelosrios\/angel-lopez\/","title":{"rendered":"\u00c1ngel L\u00f3pez"},"content":{"rendered":"<p>&nbsp; &nbsp; &nbsp; Lo que empez\u00f3 siendo una humilde propuesta de participaci\u00f3n a un artista local para la Semana Cultural, se convirti\u00f3 en un proyecto, por una parte ligada a una iniciativa local del \u00e1rea de <span style=\"color: #ff6600\">Cultura del Ayuntamiento de la Rinconada<\/span> y por otra al deseo de <span style=\"color: #ff6600\">\u00c1ngel L\u00f3pez<\/span> de hacer un regalo al centro y poner en valor la diversidad de todo tipo en el mundo que vivimos.<\/p>\n<p style=\"text-align: justify\">&nbsp; &nbsp; &nbsp;As\u00ed es como el germen de una idea, representada en una bombilla en el mural de la zona exterior del cole <span style=\"color: #800000\">(Sapere aude)<\/span>, se ha transformado en estos dos maravillosos murales que hoy se integran en la entidad del CEIP Blanca de los R\u00edos, un colegio en el que su equipo directivo en particular y su Claustro en general, apuesta por un futuro en el que los ni\u00f1os y ni\u00f1as, se atrevan a pensar, a crear y respeten el valor de la diferencia.<\/p>\n<p style=\"text-align: justify\">&nbsp; &nbsp; Ten\u00e9is aqu\u00ed el resultado de un proceso creativo que se inici\u00f3 mucho antes, pero que ha conllevado al artista 24 d\u00edas de trabajo desde antes del amanecer hasta el anochecer, lidiando con todo tipo de fen\u00f3menos climatol\u00f3gicos (viento, altas temperaturas, cambios de luz\u2026) y apartando temporalmente otras obligaciones y aficiones que hacen de \u00e9l la persona y el artista que es. Y todo por AMOR AL ARTE.<\/p>\n<p style=\"text-align: justify\">Gracias \u00c1ngel.<\/p>\n<p>P.D. Si deseas conocer sus trabajos&nbsp; art\u00edsticos puedes visitar su Instagram <span style=\"color: #0000ff\"><a style=\"color: #0000ff\" href=\"https:\/\/www.instagram.com\/p\/C8FIzuRI-4l\/?igsh=MTFnN25uaXVuZnVvYw==\" target=\"_blank\" rel=\"noopener\">@angellopez.art<\/a><\/span><\/p>\n<p style=\"text-align: justify\"><span style=\"color: #ff0000\">&nbsp; &nbsp; &nbsp; &nbsp; &nbsp; &nbsp; &nbsp; &nbsp; &nbsp; &nbsp; &nbsp; &nbsp; &nbsp; &nbsp; &nbsp; &nbsp; &nbsp; &nbsp; &nbsp; &nbsp; &nbsp; &nbsp; &nbsp; &nbsp; &nbsp; &nbsp; &nbsp; &nbsp; &nbsp; &nbsp; &nbsp; &nbsp; &nbsp; &nbsp; &nbsp; &nbsp; &nbsp; &nbsp; &nbsp; &nbsp; &nbsp; &nbsp; &nbsp; &nbsp; &nbsp; &nbsp; &nbsp; &nbsp; &nbsp; &nbsp; &nbsp; &nbsp; &nbsp; &nbsp; &nbsp; &nbsp; &nbsp;PINCHA EN LAS FOTOS PARA SABER M\u00c1S&nbsp; &nbsp; &nbsp; &nbsp; &nbsp; &nbsp; &nbsp; &nbsp; &nbsp; &nbsp; &nbsp; &nbsp; &nbsp; &nbsp; &nbsp; &nbsp; &nbsp; &nbsp; &nbsp; &nbsp; &nbsp; &nbsp; &nbsp; &nbsp; &nbsp; &nbsp; &nbsp; &nbsp; &nbsp; &nbsp; &nbsp; &nbsp; &nbsp; &nbsp; &nbsp; &nbsp; &nbsp; &nbsp; &nbsp; &nbsp; &nbsp; &nbsp; &nbsp; &nbsp; &nbsp; &nbsp; &nbsp; &nbsp; &nbsp; &nbsp; &nbsp; &nbsp; &nbsp; &nbsp; &nbsp; &nbsp; &nbsp; &nbsp; &nbsp; &nbsp; <\/span><\/p>\n<p style=\"text-align: justify\"><span style=\"color: #ff0000\">&nbsp; &nbsp; &nbsp; &nbsp; &nbsp; <\/span><span style=\"color: #800000;text-align: center\">Sapere aude&nbsp; &nbsp; &nbsp; &nbsp; &nbsp; &nbsp; &nbsp; &nbsp; &nbsp; &nbsp; &nbsp; &nbsp; &nbsp; &nbsp; &nbsp; &nbsp; &nbsp; &nbsp;<span style=\"color: #800000\">Mundo Diverso<\/span><\/span><a href=\"https:\/\/youtu.be\/iIMqUWMsKkg\" target=\"_blank\" rel=\"noopener\"><img loading=\"lazy\" decoding=\"async\" class=\"alignleft wp-image-17989\" src=\"https:\/\/blogsaverroes.juntadeandalucia.es\/ceipblancadelosrios\/files\/2024\/06\/445373073_819495346800557_8936173082332163797_n_upscayl_16x_ultramix_balanced-copia.jpg\" alt=\"\" width=\"390\" height=\"258\" srcset=\"https:\/\/blogsaverroes.juntadeandalucia.es\/ceipblancadelosrios\/files\/2024\/06\/445373073_819495346800557_8936173082332163797_n_upscayl_16x_ultramix_balanced-copia.jpg 1600w, https:\/\/blogsaverroes.juntadeandalucia.es\/ceipblancadelosrios\/files\/2024\/06\/445373073_819495346800557_8936173082332163797_n_upscayl_16x_ultramix_balanced-copia-300x199.jpg 300w, https:\/\/blogsaverroes.juntadeandalucia.es\/ceipblancadelosrios\/files\/2024\/06\/445373073_819495346800557_8936173082332163797_n_upscayl_16x_ultramix_balanced-copia-800x530.jpg 800w, https:\/\/blogsaverroes.juntadeandalucia.es\/ceipblancadelosrios\/files\/2024\/06\/445373073_819495346800557_8936173082332163797_n_upscayl_16x_ultramix_balanced-copia-768x509.jpg 768w, https:\/\/blogsaverroes.juntadeandalucia.es\/ceipblancadelosrios\/files\/2024\/06\/445373073_819495346800557_8936173082332163797_n_upscayl_16x_ultramix_balanced-copia-1536x1017.jpg 1536w, https:\/\/blogsaverroes.juntadeandalucia.es\/ceipblancadelosrios\/files\/2024\/06\/445373073_819495346800557_8936173082332163797_n_upscayl_16x_ultramix_balanced-copia-2048x1356.jpg 2048w\" sizes=\"(max-width: 390px) 100vw, 390px\" \/><\/a><a href=\"https:\/\/youtu.be\/jrobGVwHZBA\" target=\"_blank\" rel=\"noopener\"><img loading=\"lazy\" decoding=\"async\" class=\"alignright wp-image-18000\" src=\"https:\/\/blogsaverroes.juntadeandalucia.es\/ceipblancadelosrios\/files\/2024\/06\/1717679573888.jpg\" alt=\"\" width=\"389\" height=\"256\" srcset=\"https:\/\/blogsaverroes.juntadeandalucia.es\/ceipblancadelosrios\/files\/2024\/06\/1717679573888.jpg 1422w, https:\/\/blogsaverroes.juntadeandalucia.es\/ceipblancadelosrios\/files\/2024\/06\/1717679573888-300x197.jpg 300w, https:\/\/blogsaverroes.juntadeandalucia.es\/ceipblancadelosrios\/files\/2024\/06\/1717679573888-800x527.jpg 800w, https:\/\/blogsaverroes.juntadeandalucia.es\/ceipblancadelosrios\/files\/2024\/06\/1717679573888-768x506.jpg 768w\" sizes=\"(max-width: 389px) 100vw, 389px\" \/><\/a><\/p>\n<p><span style=\"color: #800000\">&nbsp; &nbsp; &nbsp; &nbsp; &nbsp; &nbsp; &nbsp; &nbsp; &nbsp; &nbsp; &nbsp; &nbsp; &nbsp; &nbsp; &nbsp; &nbsp; &nbsp; &nbsp; &nbsp; &nbsp; &nbsp; &nbsp; &nbsp; &nbsp; &nbsp; &nbsp; &nbsp; &nbsp; &nbsp; &nbsp; &nbsp; &nbsp; &nbsp; &nbsp; &nbsp; &nbsp; &nbsp; &nbsp; &nbsp; &nbsp; &nbsp; &nbsp; &nbsp; &nbsp; &nbsp; &nbsp; &nbsp; &nbsp; &nbsp; &nbsp; &nbsp; &nbsp; &nbsp; &nbsp; &nbsp; &nbsp; &nbsp; &nbsp; &nbsp; &nbsp; &nbsp; &nbsp; &nbsp; &nbsp; &nbsp; &nbsp; &nbsp; &nbsp; &nbsp; &nbsp; &nbsp; &nbsp; &nbsp; &nbsp; &nbsp; &nbsp; &nbsp; &nbsp; &nbsp; &nbsp; &nbsp; &nbsp; &nbsp; &nbsp; &nbsp; &nbsp; &nbsp; &nbsp; &nbsp; &nbsp; &nbsp; &nbsp; &nbsp; &nbsp; &nbsp; &nbsp; &nbsp; &nbsp; &nbsp; &nbsp; &nbsp; &nbsp; &nbsp; &nbsp; &nbsp; &nbsp; &nbsp; &nbsp; &nbsp; &nbsp; &nbsp; &nbsp; &nbsp; &nbsp; &nbsp; &nbsp; &nbsp; &nbsp; &nbsp; &nbsp; &nbsp; &nbsp; &nbsp; &nbsp; &nbsp; &nbsp; &nbsp; &nbsp; &nbsp; &nbsp; &nbsp; &nbsp; &nbsp; &nbsp; &nbsp; &nbsp; &nbsp; &nbsp; &nbsp; &nbsp; &nbsp; &nbsp; &nbsp; &nbsp; &nbsp; &nbsp; &nbsp; &nbsp; &nbsp; &nbsp; &nbsp; &nbsp; &nbsp; &nbsp; &nbsp; &nbsp; &nbsp; &nbsp; &nbsp; &nbsp; &nbsp; &nbsp; &nbsp; &nbsp; &nbsp; &nbsp; &nbsp; &nbsp; &nbsp; &nbsp; &nbsp; &nbsp; &nbsp; &nbsp; &nbsp; &nbsp; &nbsp; &nbsp; &nbsp; &nbsp; &nbsp; &nbsp; &nbsp; &nbsp; &nbsp; &nbsp; &nbsp; &nbsp; &nbsp; &nbsp; &nbsp; &nbsp; &nbsp; &nbsp; &nbsp; &nbsp; &nbsp; &nbsp; &nbsp; &nbsp; &nbsp; &nbsp; &nbsp; &nbsp; &nbsp; &nbsp; &nbsp; &nbsp; &nbsp; &nbsp; &nbsp; &nbsp; <\/span><\/p>\n<h3 style=\"text-align: center\"><span style=\"color: #339966\">\u00bfQU\u00c9 SIGNIFICADO TIENEN LOS MURALES?<\/span><\/h3>\n<h4><span style=\"color: #800000\">&nbsp; <\/span><\/h4>\n<h4><span style=\"color: #800000\"><em><strong><span style=\"color: #3366ff\">SAPERE AUDE<\/span><\/strong><\/em><\/span><\/h4>\n<h4><span style=\"color: #800000\">1. BUHO: Inteligecia \/ Sabidur\u00eda<br \/>\n2. CARPA KOI: Fuerza y Perseverancia.<br \/>\n3. FLOR DE CEREZO:<br \/>\n&#8211; belleza ef\u00edmera y la fragilidad de la vida \/ MONO NO AWARE\/TEMPUS FUGIT<br \/>\n&#8211; renovaci\u00f3n y la esperanza \/ RESILIENCIA<br \/>\n4. ABEJORRO:<br \/>\n\u201cNunca dejes que nadie te diga que no puedes hacer algo, ni siquiera yo. Si tienes un sue\u00f1o tienes que protegerlo. Las personas que no son capaces de hacer algo te dir\u00e1n que t\u00fa tampoco puedes. Si quieres algo ve a por ello y punto.\u201d<br \/>\n5. TUT\u00da: FANTAS\u00cdA Y ENCANTO<br \/>\n6. TURQUESA: INSPIRACI\u00d3N Y CRECIMIENTO<br \/>\n7. SAPERE AUDE: \u00abTEN EL VALOR DE PENSAR POR TI MISMO\u00bb&nbsp; &nbsp; <\/span><\/h4>\n<h4>&nbsp;<\/h4>\n<h4><em><strong><span style=\"color: #3366ff\">MUNDO DIVERSO<\/span><\/strong><\/em><\/h4>\n<h4><span style=\"color: #993300\">1. ARCO IRIS: signo de diversidad e INCLUSIVIDAD, de esperanza<\/span><br \/>\n<span style=\"color: #993300\">2. ESTRELLAS: SUE\u00d1OS \/deseos<\/span><br \/>\n<span style=\"color: #993300\">3. CORAZ\u00d3N: AMOR<\/span><br \/>\n<span style=\"color: #993300\">4. ANTIFAZ: Anonimato<\/span><br \/>\n<span style=\"color: #993300\">5. NI\u00d1A Y NI\u00d1O \/ SUPERHEROES: discapacidad\/Resiliencia<\/span><\/h4>\n<h4><span style=\"color: #800000\">&nbsp; &nbsp; &nbsp; &nbsp; &nbsp; &nbsp; &nbsp; &nbsp; &nbsp; &nbsp; &nbsp; &nbsp; &nbsp; &nbsp; &nbsp; &nbsp; &nbsp; &nbsp; &nbsp; &nbsp; &nbsp; &nbsp; &nbsp; &nbsp; &nbsp; &nbsp; &nbsp; &nbsp; &nbsp; &nbsp; &nbsp; &nbsp; &nbsp; &nbsp; &nbsp; &nbsp; &nbsp; &nbsp; &nbsp; &nbsp; &nbsp; &nbsp; &nbsp; &nbsp; &nbsp; &nbsp; &nbsp; &nbsp; &nbsp; &nbsp; &nbsp; &nbsp; &nbsp; &nbsp; &nbsp; &nbsp; &nbsp; &nbsp; &nbsp; &nbsp; &nbsp; &nbsp; &nbsp; &nbsp; &nbsp; &nbsp; &nbsp; &nbsp; &nbsp;&nbsp;<\/span><\/h4>\n","protected":false},"excerpt":{"rendered":"<p>&nbsp; &nbsp; &nbsp; Lo que empez\u00f3 siendo una humilde propuesta de participaci\u00f3n a un artista local para la Semana Cultural, se convirti\u00f3 en un proyecto, por una parte ligada a una iniciativa local del&#46;&#46;&#46;<\/p>\n","protected":false},"author":2329,"featured_media":0,"parent":0,"menu_order":0,"comment_status":"closed","ping_status":"closed","template":"","meta":{"ngg_post_thumbnail":0,"footnotes":"","_mc_calendar":[]},"aioseo_notices":[],"_links":{"self":[{"href":"https:\/\/blogsaverroes.juntadeandalucia.es\/ceipblancadelosrios\/wp-json\/wp\/v2\/pages\/17942"}],"collection":[{"href":"https:\/\/blogsaverroes.juntadeandalucia.es\/ceipblancadelosrios\/wp-json\/wp\/v2\/pages"}],"about":[{"href":"https:\/\/blogsaverroes.juntadeandalucia.es\/ceipblancadelosrios\/wp-json\/wp\/v2\/types\/page"}],"author":[{"embeddable":true,"href":"https:\/\/blogsaverroes.juntadeandalucia.es\/ceipblancadelosrios\/wp-json\/wp\/v2\/users\/2329"}],"replies":[{"embeddable":true,"href":"https:\/\/blogsaverroes.juntadeandalucia.es\/ceipblancadelosrios\/wp-json\/wp\/v2\/comments?post=17942"}],"version-history":[{"count":25,"href":"https:\/\/blogsaverroes.juntadeandalucia.es\/ceipblancadelosrios\/wp-json\/wp\/v2\/pages\/17942\/revisions"}],"predecessor-version":[{"id":18076,"href":"https:\/\/blogsaverroes.juntadeandalucia.es\/ceipblancadelosrios\/wp-json\/wp\/v2\/pages\/17942\/revisions\/18076"}],"wp:attachment":[{"href":"https:\/\/blogsaverroes.juntadeandalucia.es\/ceipblancadelosrios\/wp-json\/wp\/v2\/media?parent=17942"}],"curies":[{"name":"wp","href":"https:\/\/api.w.org\/{rel}","templated":true}]}}