{"id":17978,"date":"2024-06-06T11:27:18","date_gmt":"2024-06-06T09:27:18","guid":{"rendered":"https:\/\/blogsaverroes.juntadeandalucia.es\/ceipblancadelosrios\/?page_id=17978"},"modified":"2024-06-06T11:27:18","modified_gmt":"2024-06-06T09:27:18","slug":"por-que-estudiar-religion","status":"publish","type":"page","link":"https:\/\/blogsaverroes.juntadeandalucia.es\/ceipblancadelosrios\/religion-2\/por-que-estudiar-religion\/","title":{"rendered":"\u00bfPor qu\u00e9 estudiar religi\u00f3n?"},"content":{"rendered":"<h1 class=\"single-post-title\"><span class=\"post-title\">\u00bfPor qu\u00e9 estudiar religi\u00f3n?<\/span><\/h1>\n<p><em>Vamos a tratar de sintetizar en cinco ideas que est\u00e1n muy en l\u00ednea con el curr\u00edculo actual esta pregunta:<\/em><\/p>\n<p><em>1.- Comprensi\u00f3n del mundo&nbsp;<\/em><\/p>\n<p><em>2.- Desarrollo del pensamiento cr\u00edtico.&nbsp;<\/em><\/p>\n<p><em>3.- Valorar la diversidad de la religi\u00f3n y culturas<\/em><\/p>\n<p><em>4.- Los valores que nos aporta la fe&nbsp;<\/em><\/p>\n<p><em>5.- Crecimiento personal, interioridad y encuentro con Dios.&nbsp;&nbsp;<\/em><\/p>\n<div style=\"width: 1280px;\" class=\"wp-video\"><!--[if lt IE 9]><script>document.createElement('video');<\/script><![endif]-->\n<video class=\"wp-video-shortcode\" id=\"video-17978-1\" width=\"1280\" height=\"720\" preload=\"metadata\" controls=\"controls\"><source type=\"video\/mp4\" src=\"https:\/\/blogsaverroes.juntadeandalucia.es\/ceipblancadelosrios\/files\/2024\/06\/\u00bfPor-que-estudiar-religion.mp4?_=1\" \/><a href=\"https:\/\/blogsaverroes.juntadeandalucia.es\/ceipblancadelosrios\/files\/2024\/06\/\u00bfPor-que-estudiar-religion.mp4\">https:\/\/blogsaverroes.juntadeandalucia.es\/ceipblancadelosrios\/files\/2024\/06\/\u00bfPor-que-estudiar-religion.mp4<\/a><\/video><\/div>\n","protected":false},"excerpt":{"rendered":"<p>\u00bfPor qu\u00e9 estudiar religi\u00f3n? Vamos a tratar de sintetizar en cinco ideas que est\u00e1n muy en l\u00ednea con el curr\u00edculo actual esta pregunta: 1.- Comprensi\u00f3n del mundo&nbsp; 2.- Desarrollo del pensamiento cr\u00edtico.&nbsp; 3.- Valorar&#46;&#46;&#46;<\/p>\n","protected":false},"author":2329,"featured_media":0,"parent":14228,"menu_order":2,"comment_status":"closed","ping_status":"closed","template":"page-templates\/child-menu.php","meta":{"ngg_post_thumbnail":0,"footnotes":"","_mc_calendar":[]},"aioseo_notices":[],"_links":{"self":[{"href":"https:\/\/blogsaverroes.juntadeandalucia.es\/ceipblancadelosrios\/wp-json\/wp\/v2\/pages\/17978"}],"collection":[{"href":"https:\/\/blogsaverroes.juntadeandalucia.es\/ceipblancadelosrios\/wp-json\/wp\/v2\/pages"}],"about":[{"href":"https:\/\/blogsaverroes.juntadeandalucia.es\/ceipblancadelosrios\/wp-json\/wp\/v2\/types\/page"}],"author":[{"embeddable":true,"href":"https:\/\/blogsaverroes.juntadeandalucia.es\/ceipblancadelosrios\/wp-json\/wp\/v2\/users\/2329"}],"replies":[{"embeddable":true,"href":"https:\/\/blogsaverroes.juntadeandalucia.es\/ceipblancadelosrios\/wp-json\/wp\/v2\/comments?post=17978"}],"version-history":[{"count":1,"href":"https:\/\/blogsaverroes.juntadeandalucia.es\/ceipblancadelosrios\/wp-json\/wp\/v2\/pages\/17978\/revisions"}],"predecessor-version":[{"id":17980,"href":"https:\/\/blogsaverroes.juntadeandalucia.es\/ceipblancadelosrios\/wp-json\/wp\/v2\/pages\/17978\/revisions\/17980"}],"up":[{"embeddable":true,"href":"https:\/\/blogsaverroes.juntadeandalucia.es\/ceipblancadelosrios\/wp-json\/wp\/v2\/pages\/14228"}],"wp:attachment":[{"href":"https:\/\/blogsaverroes.juntadeandalucia.es\/ceipblancadelosrios\/wp-json\/wp\/v2\/media?parent=17978"}],"curies":[{"name":"wp","href":"https:\/\/api.w.org\/{rel}","templated":true}]}}