{"id":18552,"date":"2024-12-01T19:48:38","date_gmt":"2024-12-01T18:48:38","guid":{"rendered":"https:\/\/blogsaverroes.juntadeandalucia.es\/ceipblancadelosrios\/?page_id=18552"},"modified":"2024-12-01T20:06:37","modified_gmt":"2024-12-01T19:06:37","slug":"primera-siembra-de-otono","status":"publish","type":"page","link":"https:\/\/blogsaverroes.juntadeandalucia.es\/ceipblancadelosrios\/cima\/huerto-escolar\/primera-siembra-de-otono\/","title":{"rendered":"Primera siembra de oto\u00f1o"},"content":{"rendered":"<p style=\"text-align: left\">EN ESTE MES DE NOVIEMBRE HEMOS COMENZADO CON LAS TAREAS DE SIEMBRA. EN LOS PARTERRES HEMOS PLANTADO SEMILLAS COMO LAS HABAS, Y PEQUE\u00d1OS PLANTONES DE CRUC\u00cdFERAS ( COLIFLORES, BR\u00d3COLIS Y ROMANESCOS). ADEM\u00c1S SE HAN TRATADO LAS PROPIEDADES QUE NOS APORTAN ESTAS VERDURAS Y LA IMPORTANCIA SE PRODUCIR COMPOST, EN EL COLE, A PARTIR DE LOS RESTOS DE FRUTAS Y VERDURAS DEL DESAYUNO DE NUESTROS ALUMNOS.<br \/>\nTODAS ESTAS ACTIVIDADES SE HAN REALIZADO EN UN CLIMA DE COOPERACI\u00d3N ENTRE ALUMNOS PADRINOS Y AHIJADOS.<\/p>\nngg_shortcode_0_placeholder\n","protected":false},"excerpt":{"rendered":"<p>EN ESTE MES DE NOVIEMBRE HEMOS COMENZADO CON LAS TAREAS DE SIEMBRA. EN LOS PARTERRES HEMOS PLANTADO SEMILLAS COMO LAS HABAS, Y PEQUE\u00d1OS PLANTONES DE CRUC\u00cdFERAS ( COLIFLORES, BR\u00d3COLIS Y ROMANESCOS). ADEM\u00c1S SE HAN&#46;&#46;&#46;<\/p>\n","protected":false},"author":2329,"featured_media":0,"parent":18256,"menu_order":2,"comment_status":"closed","ping_status":"closed","template":"page-templates\/child-menu.php","meta":{"ngg_post_thumbnail":0,"footnotes":"","_mc_calendar":[]},"aioseo_notices":[],"_links":{"self":[{"href":"https:\/\/blogsaverroes.juntadeandalucia.es\/ceipblancadelosrios\/wp-json\/wp\/v2\/pages\/18552"}],"collection":[{"href":"https:\/\/blogsaverroes.juntadeandalucia.es\/ceipblancadelosrios\/wp-json\/wp\/v2\/pages"}],"about":[{"href":"https:\/\/blogsaverroes.juntadeandalucia.es\/ceipblancadelosrios\/wp-json\/wp\/v2\/types\/page"}],"author":[{"embeddable":true,"href":"https:\/\/blogsaverroes.juntadeandalucia.es\/ceipblancadelosrios\/wp-json\/wp\/v2\/users\/2329"}],"replies":[{"embeddable":true,"href":"https:\/\/blogsaverroes.juntadeandalucia.es\/ceipblancadelosrios\/wp-json\/wp\/v2\/comments?post=18552"}],"version-history":[{"count":5,"href":"https:\/\/blogsaverroes.juntadeandalucia.es\/ceipblancadelosrios\/wp-json\/wp\/v2\/pages\/18552\/revisions"}],"predecessor-version":[{"id":18691,"href":"https:\/\/blogsaverroes.juntadeandalucia.es\/ceipblancadelosrios\/wp-json\/wp\/v2\/pages\/18552\/revisions\/18691"}],"up":[{"embeddable":true,"href":"https:\/\/blogsaverroes.juntadeandalucia.es\/ceipblancadelosrios\/wp-json\/wp\/v2\/pages\/18256"}],"wp:attachment":[{"href":"https:\/\/blogsaverroes.juntadeandalucia.es\/ceipblancadelosrios\/wp-json\/wp\/v2\/media?parent=18552"}],"curies":[{"name":"wp","href":"https:\/\/api.w.org\/{rel}","templated":true}]}}