{"id":18692,"date":"2024-12-01T20:19:43","date_gmt":"2024-12-01T19:19:43","guid":{"rendered":"https:\/\/blogsaverroes.juntadeandalucia.es\/ceipblancadelosrios\/?page_id=18692"},"modified":"2024-12-01T20:22:08","modified_gmt":"2024-12-01T19:22:08","slug":"a-la-rica-compota-de-membrillos","status":"publish","type":"page","link":"https:\/\/blogsaverroes.juntadeandalucia.es\/ceipblancadelosrios\/cima\/huerto-escolar\/a-la-rica-compota-de-membrillos\/","title":{"rendered":"A la rica compota de membrillos."},"content":{"rendered":"<p>EN ESTA ESTACI\u00d3N OTO\u00d1AL HEMOS CONTINUADO REALIZANDO TAREAS DE RECOLECCI\u00d3N EN OTROS \u00c1RBOLES FRUTALES, COMO EL MANDARINO Y EL MEMBRILLO. HEMOS COMENZADO CON VISITAS AL HUERTO Y LA RECOGIDA DE LA FRUTA, Y TERMINADO CON LA DEGUSTACI\u00d3N DE ESTAS. EN ALGUNAS OCASIONES TAL Y COMO NOS LAS OFRECEN LOS \u00c1RBOLES, Y EN OTRAS COCINADAS, TENIENDO PRESENTES EL RECETARIO ANDALUZ Y CON EL APOYO DE FAMILIAS.<br \/>\nUN EJEMPLO HA SIDO LA ELABORACI\u00d3N DE COMPOTA DE MEMBRILLO.<\/p>\nngg_shortcode_0_placeholder\n","protected":false},"excerpt":{"rendered":"<p>EN ESTA ESTACI\u00d3N OTO\u00d1AL HEMOS CONTINUADO REALIZANDO TAREAS DE RECOLECCI\u00d3N EN OTROS \u00c1RBOLES FRUTALES, COMO EL MANDARINO Y EL MEMBRILLO. HEMOS COMENZADO CON VISITAS AL HUERTO Y LA RECOGIDA DE LA FRUTA, Y TERMINADO&#46;&#46;&#46;<\/p>\n","protected":false},"author":2329,"featured_media":0,"parent":18256,"menu_order":3,"comment_status":"closed","ping_status":"closed","template":"page-templates\/child-menu.php","meta":{"ngg_post_thumbnail":0,"footnotes":"","_mc_calendar":[]},"aioseo_notices":[],"_links":{"self":[{"href":"https:\/\/blogsaverroes.juntadeandalucia.es\/ceipblancadelosrios\/wp-json\/wp\/v2\/pages\/18692"}],"collection":[{"href":"https:\/\/blogsaverroes.juntadeandalucia.es\/ceipblancadelosrios\/wp-json\/wp\/v2\/pages"}],"about":[{"href":"https:\/\/blogsaverroes.juntadeandalucia.es\/ceipblancadelosrios\/wp-json\/wp\/v2\/types\/page"}],"author":[{"embeddable":true,"href":"https:\/\/blogsaverroes.juntadeandalucia.es\/ceipblancadelosrios\/wp-json\/wp\/v2\/users\/2329"}],"replies":[{"embeddable":true,"href":"https:\/\/blogsaverroes.juntadeandalucia.es\/ceipblancadelosrios\/wp-json\/wp\/v2\/comments?post=18692"}],"version-history":[{"count":1,"href":"https:\/\/blogsaverroes.juntadeandalucia.es\/ceipblancadelosrios\/wp-json\/wp\/v2\/pages\/18692\/revisions"}],"predecessor-version":[{"id":18739,"href":"https:\/\/blogsaverroes.juntadeandalucia.es\/ceipblancadelosrios\/wp-json\/wp\/v2\/pages\/18692\/revisions\/18739"}],"up":[{"embeddable":true,"href":"https:\/\/blogsaverroes.juntadeandalucia.es\/ceipblancadelosrios\/wp-json\/wp\/v2\/pages\/18256"}],"wp:attachment":[{"href":"https:\/\/blogsaverroes.juntadeandalucia.es\/ceipblancadelosrios\/wp-json\/wp\/v2\/media?parent=18692"}],"curies":[{"name":"wp","href":"https:\/\/api.w.org\/{rel}","templated":true}]}}