{"id":18988,"date":"2025-02-20T10:50:37","date_gmt":"2025-02-20T09:50:37","guid":{"rendered":"https:\/\/blogsaverroes.juntadeandalucia.es\/ceipblancadelosrios\/?page_id=18988"},"modified":"2025-02-20T10:54:17","modified_gmt":"2025-02-20T09:54:17","slug":"nuestra-carteleria-de-invierno","status":"publish","type":"page","link":"https:\/\/blogsaverroes.juntadeandalucia.es\/ceipblancadelosrios\/cima\/huerto-escolar\/nuestra-carteleria-de-invierno\/","title":{"rendered":"Nuestra carteler\u00eda de Invierno"},"content":{"rendered":"<p>HEMOS CONTINUADO CON LAS ACTIVIDADES QUE SE HAN ORGANIZADO DESDE EL HUERTO Y EN RELACI\u00d3N CON OTRAS \u00c1REAS, COMO C. DEL MEDIO Y E. PL\u00c1STICA. ESTAS HAN SIDO LA ELABORACI\u00d3N DE CARTELES Y EL COMENTARIO EN CLASE SOBRE ALGUNAS CARACTERISTICAS DE LAS HORTALIZAS SEMBRADAS. EN ESTOS TRABAJOS SE HAN REPRESENTADO LAS VERDURAS PLANTADAS, EN LAS SIEMBRA DE INVIERNO, A TRAV\u00c9S DE DIVERSAS T\u00c9CNICAS. ESTOS CARTELES SE HAN SEGUIDO REALIZANDO EN SESIONES DE FORMA CONJUNTA ENTRE PADRINOS Y AHIJADOS. UNA VEZ TERMINADAS, ALGUNAS DE ELLAS SE HAN COLOCADO EN LA ZONA DE LOS PARTERRES DONDE SE SEMBRARON DICHAS VERDURAS.<\/p>\nngg_shortcode_0_placeholder\n","protected":false},"excerpt":{"rendered":"<p>HEMOS CONTINUADO CON LAS ACTIVIDADES QUE SE HAN ORGANIZADO DESDE EL HUERTO Y EN RELACI\u00d3N CON OTRAS \u00c1REAS, COMO C. DEL MEDIO Y E. PL\u00c1STICA. ESTAS HAN SIDO LA ELABORACI\u00d3N DE CARTELES Y EL&#46;&#46;&#46;<\/p>\n","protected":false},"author":2329,"featured_media":0,"parent":18256,"menu_order":7,"comment_status":"closed","ping_status":"closed","template":"page-templates\/child-menu.php","meta":{"ngg_post_thumbnail":0,"footnotes":"","_mc_calendar":[]},"aioseo_notices":[],"_links":{"self":[{"href":"https:\/\/blogsaverroes.juntadeandalucia.es\/ceipblancadelosrios\/wp-json\/wp\/v2\/pages\/18988"}],"collection":[{"href":"https:\/\/blogsaverroes.juntadeandalucia.es\/ceipblancadelosrios\/wp-json\/wp\/v2\/pages"}],"about":[{"href":"https:\/\/blogsaverroes.juntadeandalucia.es\/ceipblancadelosrios\/wp-json\/wp\/v2\/types\/page"}],"author":[{"embeddable":true,"href":"https:\/\/blogsaverroes.juntadeandalucia.es\/ceipblancadelosrios\/wp-json\/wp\/v2\/users\/2329"}],"replies":[{"embeddable":true,"href":"https:\/\/blogsaverroes.juntadeandalucia.es\/ceipblancadelosrios\/wp-json\/wp\/v2\/comments?post=18988"}],"version-history":[{"count":4,"href":"https:\/\/blogsaverroes.juntadeandalucia.es\/ceipblancadelosrios\/wp-json\/wp\/v2\/pages\/18988\/revisions"}],"predecessor-version":[{"id":19049,"href":"https:\/\/blogsaverroes.juntadeandalucia.es\/ceipblancadelosrios\/wp-json\/wp\/v2\/pages\/18988\/revisions\/19049"}],"up":[{"embeddable":true,"href":"https:\/\/blogsaverroes.juntadeandalucia.es\/ceipblancadelosrios\/wp-json\/wp\/v2\/pages\/18256"}],"wp:attachment":[{"href":"https:\/\/blogsaverroes.juntadeandalucia.es\/ceipblancadelosrios\/wp-json\/wp\/v2\/media?parent=18988"}],"curies":[{"name":"wp","href":"https:\/\/api.w.org\/{rel}","templated":true}]}}