{"id":19051,"date":"2025-02-20T13:54:54","date_gmt":"2025-02-20T12:54:54","guid":{"rendered":"https:\/\/blogsaverroes.juntadeandalucia.es\/ceipblancadelosrios\/?page_id=19051"},"modified":"2025-02-24T10:12:05","modified_gmt":"2025-02-24T09:12:05","slug":"acceso-a-la-secretaria-virtual-a-traves-del-iande","status":"publish","type":"page","link":"https:\/\/blogsaverroes.juntadeandalucia.es\/ceipblancadelosrios\/escolarizacion\/acceso-a-la-secretaria-virtual-a-traves-del-iande\/","title":{"rendered":"Acceso a la SECRETAR\u00cdA VIRTUAL a trav\u00e9s del iANDE"},"content":{"rendered":"<p style=\"text-align: center\"><strong>NOTA IMPORTANTE<\/strong><\/p>\n<p>Si vuestros\/as hijos\/as ya est\u00e1n escolarizados en una Ecuela Infantil, pod\u00e9is solicitar el iANDE en el mismo centroen el que est\u00e1n inscritos.<\/p>\n<p>\u00a1AQU\u00cd OS DEJAMOS UN <strong>PEQUE\u00d1O TUTORIAL EN PDF<\/strong> (PINCHA PARA DESCARGAR) Y UN <strong>V\u00cdDEO<\/strong> DE C\u00d3MO HACERLO!<a href=\"https:\/\/drive.google.com\/file\/d\/1Ho7K5dSkEBmn-BRp3p7h0S_T9xUoLcR2\/view?usp=sharing\" target=\"_blank\" rel=\"noopener\"><img loading=\"lazy\" decoding=\"async\" class=\"wp-image-19059 aligncenter\" src=\"https:\/\/blogsaverroes.juntadeandalucia.es\/ceipblancadelosrios\/files\/2025\/02\/IANDE.png\" alt=\"\" width=\"158\" height=\"115\"><\/a><\/p>\n<div style=\"width: 640px;\" class=\"wp-video\"><!--[if lt IE 9]><script>document.createElement('video');<\/script><![endif]-->\n<video class=\"wp-video-shortcode\" id=\"video-19051-1\" width=\"640\" height=\"360\" preload=\"metadata\" controls=\"controls\"><source type=\"video\/mp4\" src=\"https:\/\/blogsaverroes.juntadeandalucia.es\/ceipblancadelosrios\/files\/2025\/02\/videoplayback.mp4?_=1\" \/><a href=\"https:\/\/blogsaverroes.juntadeandalucia.es\/ceipblancadelosrios\/files\/2025\/02\/videoplayback.mp4\">https:\/\/blogsaverroes.juntadeandalucia.es\/ceipblancadelosrios\/files\/2025\/02\/videoplayback.mp4<\/a><\/video><\/div>\n","protected":false},"excerpt":{"rendered":"<p>NOTA IMPORTANTE Si vuestros\/as hijos\/as ya est\u00e1n escolarizados en una Ecuela Infantil, pod\u00e9is solicitar el iANDE en el mismo centroen el que est\u00e1n inscritos. \u00a1AQU\u00cd OS DEJAMOS UN PEQUE\u00d1O TUTORIAL EN PDF (PINCHA PARA&#46;&#46;&#46;<\/p>\n","protected":false},"author":2329,"featured_media":0,"parent":141,"menu_order":2,"comment_status":"closed","ping_status":"closed","template":"page-templates\/child-menu.php","meta":{"ngg_post_thumbnail":0,"footnotes":"","_mc_calendar":[]},"aioseo_notices":[],"_links":{"self":[{"href":"https:\/\/blogsaverroes.juntadeandalucia.es\/ceipblancadelosrios\/wp-json\/wp\/v2\/pages\/19051"}],"collection":[{"href":"https:\/\/blogsaverroes.juntadeandalucia.es\/ceipblancadelosrios\/wp-json\/wp\/v2\/pages"}],"about":[{"href":"https:\/\/blogsaverroes.juntadeandalucia.es\/ceipblancadelosrios\/wp-json\/wp\/v2\/types\/page"}],"author":[{"embeddable":true,"href":"https:\/\/blogsaverroes.juntadeandalucia.es\/ceipblancadelosrios\/wp-json\/wp\/v2\/users\/2329"}],"replies":[{"embeddable":true,"href":"https:\/\/blogsaverroes.juntadeandalucia.es\/ceipblancadelosrios\/wp-json\/wp\/v2\/comments?post=19051"}],"version-history":[{"count":5,"href":"https:\/\/blogsaverroes.juntadeandalucia.es\/ceipblancadelosrios\/wp-json\/wp\/v2\/pages\/19051\/revisions"}],"predecessor-version":[{"id":19061,"href":"https:\/\/blogsaverroes.juntadeandalucia.es\/ceipblancadelosrios\/wp-json\/wp\/v2\/pages\/19051\/revisions\/19061"}],"up":[{"embeddable":true,"href":"https:\/\/blogsaverroes.juntadeandalucia.es\/ceipblancadelosrios\/wp-json\/wp\/v2\/pages\/141"}],"wp:attachment":[{"href":"https:\/\/blogsaverroes.juntadeandalucia.es\/ceipblancadelosrios\/wp-json\/wp\/v2\/media?parent=19051"}],"curies":[{"name":"wp","href":"https:\/\/api.w.org\/{rel}","templated":true}]}}