{"id":19079,"date":"2025-02-24T14:25:01","date_gmt":"2025-02-24T13:25:01","guid":{"rendered":"https:\/\/blogsaverroes.juntadeandalucia.es\/ceipblancadelosrios\/?page_id=19079"},"modified":"2025-02-24T14:38:58","modified_gmt":"2025-02-24T13:38:58","slug":"nformacion_ipasen","status":"publish","type":"page","link":"https:\/\/blogsaverroes.juntadeandalucia.es\/ceipblancadelosrios\/escolarizacion\/nformacion_ipasen\/","title":{"rendered":"NFORMACI\u00d3N IPASEN"},"content":{"rendered":"<table class=\"tablaPagInicio table bg-white\">\n<tbody>\n<tr class=\"vigente\">\n<td>\n<p style=\"font-size: 16px;font-weight: 400\">iPASEN es una herramienta fundamental en la escolaridad de los\/as ni\u00f1os\/as, sin embargo a veces nos surgen problemas en el acceso.<\/p>\n<p style=\"font-size: 16px;font-weight: 400\">En el documento adjunto, pod\u00e9is encontrar explicaci\u00f3n a c\u00f3mo solventar dichos problemas. Esperamos que os sea de utilidad.<\/p>\n<p>PINCHA EN EL LOGO PARA DESCARGARTE LA INFORMACI\u00d3N<\/p>\n<p><a href=\"https:\/\/drive.google.com\/file\/d\/1DcMHWDAdG6KZUVRUCqbUaJllM6HmbCpz\/view?usp=sharing\" target=\"_blank\" rel=\"noopener\"><img loading=\"lazy\" decoding=\"async\" class=\"aligncenter  wp-image-19083\" src=\"https:\/\/blogsaverroes.juntadeandalucia.es\/ceipblancadelosrios\/files\/2025\/02\/ipasen-logo.jpg\" alt=\"\" width=\"321\" height=\"321\" srcset=\"https:\/\/blogsaverroes.juntadeandalucia.es\/ceipblancadelosrios\/files\/2025\/02\/ipasen-logo.jpg 512w, https:\/\/blogsaverroes.juntadeandalucia.es\/ceipblancadelosrios\/files\/2025\/02\/ipasen-logo-300x300.jpg 300w, https:\/\/blogsaverroes.juntadeandalucia.es\/ceipblancadelosrios\/files\/2025\/02\/ipasen-logo-150x150.jpg 150w, https:\/\/blogsaverroes.juntadeandalucia.es\/ceipblancadelosrios\/files\/2025\/02\/ipasen-logo-80x80.jpg 80w, https:\/\/blogsaverroes.juntadeandalucia.es\/ceipblancadelosrios\/files\/2025\/02\/ipasen-logo-320x320.jpg 320w\" sizes=\"(max-width: 321px) 100vw, 321px\" \/><\/a><\/p>\n<h5>&nbsp;<\/h5>\n<p>&nbsp;<\/td>\n<\/tr>\n<\/tbody>\n<\/table>\n","protected":false},"excerpt":{"rendered":"<p>iPASEN es una herramienta fundamental en la escolaridad de los\/as ni\u00f1os\/as, sin embargo a veces nos surgen problemas en el acceso. En el documento adjunto, pod\u00e9is encontrar explicaci\u00f3n a c\u00f3mo solventar dichos problemas. Esperamos&#46;&#46;&#46;<\/p>\n","protected":false},"author":2329,"featured_media":0,"parent":141,"menu_order":3,"comment_status":"closed","ping_status":"closed","template":"page-templates\/child-menu.php","meta":{"ngg_post_thumbnail":0,"footnotes":"","_mc_calendar":[]},"aioseo_notices":[],"_links":{"self":[{"href":"https:\/\/blogsaverroes.juntadeandalucia.es\/ceipblancadelosrios\/wp-json\/wp\/v2\/pages\/19079"}],"collection":[{"href":"https:\/\/blogsaverroes.juntadeandalucia.es\/ceipblancadelosrios\/wp-json\/wp\/v2\/pages"}],"about":[{"href":"https:\/\/blogsaverroes.juntadeandalucia.es\/ceipblancadelosrios\/wp-json\/wp\/v2\/types\/page"}],"author":[{"embeddable":true,"href":"https:\/\/blogsaverroes.juntadeandalucia.es\/ceipblancadelosrios\/wp-json\/wp\/v2\/users\/2329"}],"replies":[{"embeddable":true,"href":"https:\/\/blogsaverroes.juntadeandalucia.es\/ceipblancadelosrios\/wp-json\/wp\/v2\/comments?post=19079"}],"version-history":[{"count":5,"href":"https:\/\/blogsaverroes.juntadeandalucia.es\/ceipblancadelosrios\/wp-json\/wp\/v2\/pages\/19079\/revisions"}],"predecessor-version":[{"id":19085,"href":"https:\/\/blogsaverroes.juntadeandalucia.es\/ceipblancadelosrios\/wp-json\/wp\/v2\/pages\/19079\/revisions\/19085"}],"up":[{"embeddable":true,"href":"https:\/\/blogsaverroes.juntadeandalucia.es\/ceipblancadelosrios\/wp-json\/wp\/v2\/pages\/141"}],"wp:attachment":[{"href":"https:\/\/blogsaverroes.juntadeandalucia.es\/ceipblancadelosrios\/wp-json\/wp\/v2\/media?parent=19079"}],"curies":[{"name":"wp","href":"https:\/\/api.w.org\/{rel}","templated":true}]}}