{"id":19822,"date":"2025-06-16T11:19:28","date_gmt":"2025-06-16T09:19:28","guid":{"rendered":"https:\/\/blogsaverroes.juntadeandalucia.es\/ceipblancadelosrios\/?page_id=19822"},"modified":"2025-06-16T11:19:28","modified_gmt":"2025-06-16T09:19:28","slug":"los-ultimos-frutos-de-la-temporada-escolar","status":"publish","type":"page","link":"https:\/\/blogsaverroes.juntadeandalucia.es\/ceipblancadelosrios\/cima\/huerto-escolar\/los-ultimos-frutos-de-la-temporada-escolar\/","title":{"rendered":"LOS \u00daLTIMOS FRUTOS DE LA TEMPORADA ESCOLAR"},"content":{"rendered":"<p>DURANTE ESTAS \u00daLTIMAS SEMANAS, A POCOS D\u00cdAS DE QUE LLEGUE EL VERANO, SE HAN ESTADO RECOLECTANDO FRUTAS Y HORTALIZAS, COMO N\u00cdSPEROS, PEPINOS, CALABACINES Y PUERROS.<br \/>\nEN LOS TALLERES DE COCINA, CON ESTOS MANJARES, HEMOS PREPARADO PLATOS FR\u00cdOS, COMO ENSALADAS, Y PLATOS CALIENTES, COMO TORTILLAS, REVUELTOS Y PARRILLADAS. TODOS SE LO HAN PASADO GENIAL, RECOGIENDO, PREPARANDO Y PROBANDO, AQUELLO QUE PLANTARON HACE UNOS MESES.<\/p>\nngg_shortcode_0_placeholder\n","protected":false},"excerpt":{"rendered":"<p>DURANTE ESTAS \u00daLTIMAS SEMANAS, A POCOS D\u00cdAS DE QUE LLEGUE EL VERANO, SE HAN ESTADO RECOLECTANDO FRUTAS Y HORTALIZAS, COMO N\u00cdSPEROS, PEPINOS, CALABACINES Y PUERROS. EN LOS TALLERES DE COCINA, CON ESTOS MANJARES, HEMOS&#46;&#46;&#46;<\/p>\n","protected":false},"author":2329,"featured_media":0,"parent":18256,"menu_order":15,"comment_status":"closed","ping_status":"closed","template":"page-templates\/child-menu.php","meta":{"ngg_post_thumbnail":0,"footnotes":"","_mc_calendar":[]},"aioseo_notices":[],"_links":{"self":[{"href":"https:\/\/blogsaverroes.juntadeandalucia.es\/ceipblancadelosrios\/wp-json\/wp\/v2\/pages\/19822"}],"collection":[{"href":"https:\/\/blogsaverroes.juntadeandalucia.es\/ceipblancadelosrios\/wp-json\/wp\/v2\/pages"}],"about":[{"href":"https:\/\/blogsaverroes.juntadeandalucia.es\/ceipblancadelosrios\/wp-json\/wp\/v2\/types\/page"}],"author":[{"embeddable":true,"href":"https:\/\/blogsaverroes.juntadeandalucia.es\/ceipblancadelosrios\/wp-json\/wp\/v2\/users\/2329"}],"replies":[{"embeddable":true,"href":"https:\/\/blogsaverroes.juntadeandalucia.es\/ceipblancadelosrios\/wp-json\/wp\/v2\/comments?post=19822"}],"version-history":[{"count":1,"href":"https:\/\/blogsaverroes.juntadeandalucia.es\/ceipblancadelosrios\/wp-json\/wp\/v2\/pages\/19822\/revisions"}],"predecessor-version":[{"id":19883,"href":"https:\/\/blogsaverroes.juntadeandalucia.es\/ceipblancadelosrios\/wp-json\/wp\/v2\/pages\/19822\/revisions\/19883"}],"up":[{"embeddable":true,"href":"https:\/\/blogsaverroes.juntadeandalucia.es\/ceipblancadelosrios\/wp-json\/wp\/v2\/pages\/18256"}],"wp:attachment":[{"href":"https:\/\/blogsaverroes.juntadeandalucia.es\/ceipblancadelosrios\/wp-json\/wp\/v2\/media?parent=19822"}],"curies":[{"name":"wp","href":"https:\/\/api.w.org\/{rel}","templated":true}]}}