{"id":19976,"date":"2025-10-13T19:42:40","date_gmt":"2025-10-13T17:42:40","guid":{"rendered":"https:\/\/blogsaverroes.juntadeandalucia.es\/ceipblancadelosrios\/?page_id=19976"},"modified":"2025-10-13T20:06:37","modified_gmt":"2025-10-13T18:06:37","slug":"nuestro-huerto-escolar-arranca-un-ano-mas-con-nuevas-experiencias-y-actividades","status":"publish","type":"page","link":"https:\/\/blogsaverroes.juntadeandalucia.es\/ceipblancadelosrios\/cima\/arte-cultura-y-creatividad-musica-y-danza\/nuestro-huerto-escolar-arranca-un-ano-mas-con-nuevas-experiencias-y-actividades\/","title":{"rendered":"NUESTRO HUERTO ESCOLAR ARRANCA UN A\u00d1O M\u00c1S CON NUEVAS EXPERIENCIAS Y ACTIVIDADES."},"content":{"rendered":"<p><img loading=\"lazy\" decoding=\"async\" class=\"aligncenter wp-image-19977\" src=\"https:\/\/blogsaverroes.juntadeandalucia.es\/ceipblancadelosrios\/files\/2025\/10\/buen-trabajo.gif\" alt=\"\" width=\"120\" height=\"120\"><\/p>\n<p>HEMOS SEGUIDO INVOLUCRANDO AL ALUMNADO DE PRIMARIA, REALIZAR&nbsp; TAREAS DE LIMPIEZA Y PREPARACI\u00d3N DEL&nbsp;<\/p>\n<p>ESPACIO, PARA FUTURAS TAREAS DE SIEMBRA.&nbsp;<\/p>\n<p>&nbsp;<\/p>\n<p>LOS ALUMNOS HAN PARTICIPADO CON ENTUSIASMO, ORGANIZ\u00c1NDOSE A LA PERFECCI\u00d3N Y REALIZANDO UN GRAN TRABAJO EN EQUIPO.<\/p>\nngg_shortcode_0_placeholder\n","protected":false},"excerpt":{"rendered":"<p>HEMOS SEGUIDO INVOLUCRANDO AL ALUMNADO DE PRIMARIA, REALIZAR&nbsp; TAREAS DE LIMPIEZA Y PREPARACI\u00d3N DEL&nbsp; ESPACIO, PARA FUTURAS TAREAS DE SIEMBRA.&nbsp; &nbsp; LOS ALUMNOS HAN PARTICIPADO CON ENTUSIASMO, ORGANIZ\u00c1NDOSE A LA PERFECCI\u00d3N Y REALIZANDO UN&#46;&#46;&#46;<\/p>\n","protected":false},"author":2329,"featured_media":0,"parent":18336,"menu_order":0,"comment_status":"closed","ping_status":"closed","template":"page-templates\/child-menu.php","meta":{"ngg_post_thumbnail":0,"footnotes":"","_mc_calendar":[]},"aioseo_notices":[],"_links":{"self":[{"href":"https:\/\/blogsaverroes.juntadeandalucia.es\/ceipblancadelosrios\/wp-json\/wp\/v2\/pages\/19976"}],"collection":[{"href":"https:\/\/blogsaverroes.juntadeandalucia.es\/ceipblancadelosrios\/wp-json\/wp\/v2\/pages"}],"about":[{"href":"https:\/\/blogsaverroes.juntadeandalucia.es\/ceipblancadelosrios\/wp-json\/wp\/v2\/types\/page"}],"author":[{"embeddable":true,"href":"https:\/\/blogsaverroes.juntadeandalucia.es\/ceipblancadelosrios\/wp-json\/wp\/v2\/users\/2329"}],"replies":[{"embeddable":true,"href":"https:\/\/blogsaverroes.juntadeandalucia.es\/ceipblancadelosrios\/wp-json\/wp\/v2\/comments?post=19976"}],"version-history":[{"count":5,"href":"https:\/\/blogsaverroes.juntadeandalucia.es\/ceipblancadelosrios\/wp-json\/wp\/v2\/pages\/19976\/revisions"}],"predecessor-version":[{"id":20033,"href":"https:\/\/blogsaverroes.juntadeandalucia.es\/ceipblancadelosrios\/wp-json\/wp\/v2\/pages\/19976\/revisions\/20033"}],"up":[{"embeddable":true,"href":"https:\/\/blogsaverroes.juntadeandalucia.es\/ceipblancadelosrios\/wp-json\/wp\/v2\/pages\/18336"}],"wp:attachment":[{"href":"https:\/\/blogsaverroes.juntadeandalucia.es\/ceipblancadelosrios\/wp-json\/wp\/v2\/media?parent=19976"}],"curies":[{"name":"wp","href":"https:\/\/api.w.org\/{rel}","templated":true}]}}