{"id":200,"date":"2015-03-17T10:04:24","date_gmt":"2015-03-17T10:04:24","guid":{"rendered":"http:\/\/blogsaverroes.juntadeandalucia.es\/pre\/ceip\/?page_id=200"},"modified":"2021-09-07T18:17:22","modified_gmt":"2021-09-07T16:17:22","slug":"quienes-formamos-el-ampa","status":"publish","type":"page","link":"https:\/\/blogsaverroes.juntadeandalucia.es\/ceipblancadelosrios\/ampa-el-pincel\/quienes-formamos-el-ampa\/","title":{"rendered":"Hazte Soci@ de tu AMPA"},"content":{"rendered":"<div><img loading=\"lazy\" decoding=\"async\" class=\"aligncenter size-full wp-image-14784\" src=\"https:\/\/blogsaverroes.juntadeandalucia.es\/ceipblancadelosrios\/files\/2021\/06\/36956170_1074982952648674_6312815228845293568_n.png\" alt=\"\" width=\"1214\" height=\"586\" srcset=\"https:\/\/blogsaverroes.juntadeandalucia.es\/ceipblancadelosrios\/files\/2021\/06\/36956170_1074982952648674_6312815228845293568_n.png 1214w, https:\/\/blogsaverroes.juntadeandalucia.es\/ceipblancadelosrios\/files\/2021\/06\/36956170_1074982952648674_6312815228845293568_n-300x145.png 300w, https:\/\/blogsaverroes.juntadeandalucia.es\/ceipblancadelosrios\/files\/2021\/06\/36956170_1074982952648674_6312815228845293568_n-800x386.png 800w, https:\/\/blogsaverroes.juntadeandalucia.es\/ceipblancadelosrios\/files\/2021\/06\/36956170_1074982952648674_6312815228845293568_n-768x371.png 768w\" sizes=\"(max-width: 1214px) 100vw, 1214px\" \/><\/div>\n<div>&nbsp;<\/div>\n<div>Estimadas familias, como cada a\u00f1o comienza el periodo para hacerse <strong>Soci@ de nuestra AMPA.<\/strong><\/div>\n<div>&nbsp;<\/div>\n<div>El pago de la cuota es una cantidad \u00fanica de 10\u20ac por familia, con independencia del n\u00famero de hermanos o hermanas que est\u00e9n escolarizados en el centro.<\/div>\n<div>Dicho pago se realiza por ingreso o transferencia bancaria, informaci\u00f3n de la cual os adjuntamos documentaci\u00f3n explicando los pasos para llevarlo a cabo.<\/div>\n<div>Si alguna familia tuviera dificultad para realizar el pago de esta manera, pod\u00e9is mandar un email a <a href=\"mailto:ampaelpincel@gmail.com\" rel=\"noreferrer\">ampaelpincel@gmail.com<\/a>, notificando la situaci\u00f3n e intentar\u00e1n solucionarlo.<\/div>\n<div>&nbsp;<\/div>\n<div>Este a\u00f1o, AMPA va a implementar una medida por la cual una vez sea tramitada correctamente toda la documentaci\u00f3n de la inscripci\u00f3n, se notificar\u00e1 por email el n\u00famero de soci@, no siendo posible por el momento la entrega del carnet f\u00edsico.&nbsp;<\/div>\n<div>&nbsp;<\/div>\n<div>Os adjuntamos documento de inscripci\u00f3n e informaci\u00f3n.<\/div>\n<div>&nbsp;<\/div>\n<div>Gracias por vuestra colaboraci\u00f3n.<\/div>\n<div>&nbsp;<\/div>\n<div>Un saludo<\/div>\n<div>El Equipo Directivo y la AMPA \u00abEl Pincel\u00bb<\/div>\n<div>&nbsp;<\/div>\n<h4><a href=\"https:\/\/blogsaverroes.juntadeandalucia.es\/ceipblancadelosrios\/files\/2021\/06\/HAZTE-SOCIO-AMPA-21-22.pdf\">Como hacerse socio AMPA 21\/ 22&nbsp;<\/a><\/h4>\n<h4><a href=\"https:\/\/blogsaverroes.juntadeandalucia.es\/ceipblancadelosrios\/files\/2021\/06\/Solicitud-de-inscripcio\u0301n-AMPA.pdf\">Solicitud de inscripci\u00f3n AMPA \u00abAUTORRELLENABLE\u00bb<\/a><\/h4>\n<p style=\"text-align: center\">&nbsp;<\/p>\n","protected":false},"excerpt":{"rendered":"<p>&nbsp; Estimadas familias, como cada a\u00f1o comienza el periodo para hacerse Soci@ de nuestra AMPA. &nbsp; El pago de la cuota es una cantidad \u00fanica de 10\u20ac por familia, con independencia del n\u00famero de&#46;&#46;&#46;<\/p>\n","protected":false},"author":1,"featured_media":0,"parent":13786,"menu_order":0,"comment_status":"open","ping_status":"open","template":"page-templates\/child-menu.php","meta":{"ngg_post_thumbnail":0,"footnotes":"","_mc_calendar":[]},"aioseo_notices":[],"_links":{"self":[{"href":"https:\/\/blogsaverroes.juntadeandalucia.es\/ceipblancadelosrios\/wp-json\/wp\/v2\/pages\/200"}],"collection":[{"href":"https:\/\/blogsaverroes.juntadeandalucia.es\/ceipblancadelosrios\/wp-json\/wp\/v2\/pages"}],"about":[{"href":"https:\/\/blogsaverroes.juntadeandalucia.es\/ceipblancadelosrios\/wp-json\/wp\/v2\/types\/page"}],"author":[{"embeddable":true,"href":"https:\/\/blogsaverroes.juntadeandalucia.es\/ceipblancadelosrios\/wp-json\/wp\/v2\/users\/1"}],"replies":[{"embeddable":true,"href":"https:\/\/blogsaverroes.juntadeandalucia.es\/ceipblancadelosrios\/wp-json\/wp\/v2\/comments?post=200"}],"version-history":[{"count":16,"href":"https:\/\/blogsaverroes.juntadeandalucia.es\/ceipblancadelosrios\/wp-json\/wp\/v2\/pages\/200\/revisions"}],"predecessor-version":[{"id":14833,"href":"https:\/\/blogsaverroes.juntadeandalucia.es\/ceipblancadelosrios\/wp-json\/wp\/v2\/pages\/200\/revisions\/14833"}],"up":[{"embeddable":true,"href":"https:\/\/blogsaverroes.juntadeandalucia.es\/ceipblancadelosrios\/wp-json\/wp\/v2\/pages\/13786"}],"wp:attachment":[{"href":"https:\/\/blogsaverroes.juntadeandalucia.es\/ceipblancadelosrios\/wp-json\/wp\/v2\/media?parent=200"}],"curies":[{"name":"wp","href":"https:\/\/api.w.org\/{rel}","templated":true}]}}