{"id":2074,"date":"2015-11-23T11:36:22","date_gmt":"2015-11-23T11:36:22","guid":{"rendered":"http:\/\/blogsaverroes.juntadeandalucia.es\/ceipblancadelosrios\/?page_id=2074"},"modified":"2020-10-07T12:41:12","modified_gmt":"2020-10-07T10:41:12","slug":"nuestro-centro","status":"publish","type":"page","link":"https:\/\/blogsaverroes.juntadeandalucia.es\/ceipblancadelosrios\/nuestro-centro\/","title":{"rendered":"Datos del Centro"},"content":{"rendered":"<table style=\"border-collapse: collapse;width: 100%\">\n<tbody>\n<tr>\n<td style=\"width: 50%;text-align: left\">\n<h3><span style=\"color: #008080\">Datos de Contacto<\/span><\/h3>\n<div>\n<ul>\n<li><strong>C\u00f3digo:<\/strong>&nbsp;41011993<\/li>\n<li><strong>Centro:&nbsp;<\/strong>C.E.I.P.&nbsp;Blanca de los R\u00edos<\/li>\n<li><strong>Domicilio:&nbsp;<\/strong>C\/ Alcal\u00e1 de Guada\u00edra, s\/n<\/li>\n<li><strong>Localidad:&nbsp;<\/strong>San Jos\u00e9 de la Rinconada<\/li>\n<li><strong>Municipio:<\/strong>&nbsp;La Rinconada<\/li>\n<li><strong>Provincia:<\/strong>&nbsp;Sevilla<\/li>\n<li><strong>C\u00f3digo postal:<\/strong>&nbsp;41300<\/li>\n<li><strong>Tel\u00e9fono:<\/strong>&nbsp;955624497<\/li>\n<li><strong>Tel\u00e9fono corp:<\/strong>&nbsp;691127<\/li>\n<li><strong>Fax:<\/strong>&nbsp;955624499<\/li>\n<li><strong>email:<\/strong>&nbsp; 41011993.edu@juntadeandalucia.es<\/li>\n<li><strong>Web:<\/strong> <a href=\"https:\/\/blogsaverroes.juntadeandalucia.es\/ceipblancadelosrios\/\">https:\/\/blogsaverroes.juntadeandalucia.es\/ceipblancadelosrios\/<\/a><\/li>\n<\/ul>\n<\/div>\n<\/td>\n<td style=\"width: 50%;text-align: left\">\n<h3><span style=\"color: #008080\">Localizaci\u00f3n<\/span><\/h3>\n<p>[googlemaps https:\/\/www.google.com\/maps\/embed?pb=!1m18!1m12!1m3!1d3165.65393318244!2d-5.943741948929896!3d37.49249213602334!2m3!1f0!2f0!3f0!3m2!1i1024!2i768!4f13.1!3m3!1m2!1s0xd12427e20eb8c15%3A0xc2a9446c260bb422!2sColegio+P%C3%BAblico+Blanca+de+los+R%C3%ADos!5e0!3m2!1ses!2ses!4v1448279177841&amp;w=600&amp;h=450]<\/td>\n<\/tr>\n<tr>\n<td style=\"width: 50%;text-align: left\">\n<h3><span style=\"color: #008080\">Oferta Educativa<\/span><\/h3>\n<ul>\n<li><strong>Centro biling\u00fce Espa\u00f1ol &#8211; Ingl\u00e9s<\/strong><\/li>\n<li><strong>Segundo ciclo de Educaci\u00f3n Infantil<\/strong><\/li>\n<li><strong>Educaci\u00f3n Primaria<\/strong><\/li>\n<li><strong>Educaci\u00f3n B\u00e1sica Especial<\/strong>\n<ul>\n<li>Audici\u00f3n y lenguaje apoyo a la integraci\u00f3n<\/li>\n<li>Educaci\u00f3n especial apoyo a la integraci\u00f3n<\/li>\n<\/ul>\n<\/li>\n<\/ul>\n<\/td>\n<td style=\"width: 50%;text-align: left\">\n<h3><span style=\"color: #008080\">Adscripciones<\/span><\/h3>\n<ul>\n<li>1\u00ba curso de E.S.O. (41701766)&nbsp; &nbsp; <strong>I.E.S. Carmen Laff\u00f3n <\/strong>&nbsp; 100%<\/li>\n<\/ul>\n<h3><span style=\"color: #008080\">Servicios Complementarios<\/span><\/h3>\n<ul>\n<li>Plan de apertura. Aula matinal<\/li>\n<li>Plan de apertura. Comedor<\/li>\n<li>Plan de apertura. Actividades extraescolares<\/li>\n<\/ul>\n<\/td>\n<\/tr>\n<\/tbody>\n<\/table>\n<h3><span style=\"color: #008080\">Instalaciones<\/span><\/h3>\nngg_shortcode_0_placeholder\n","protected":false},"excerpt":{"rendered":"<p>Datos de Contacto C\u00f3digo:&nbsp;41011993 Centro:&nbsp;C.E.I.P.&nbsp;Blanca de los R\u00edos Domicilio:&nbsp;C\/ Alcal\u00e1 de Guada\u00edra, s\/n Localidad:&nbsp;San Jos\u00e9 de la Rinconada Municipio:&nbsp;La Rinconada Provincia:&nbsp;Sevilla C\u00f3digo postal:&nbsp;41300 Tel\u00e9fono:&nbsp;955624497 Tel\u00e9fono corp:&nbsp;691127 Fax:&nbsp;955624499 email:&nbsp; 41011993.edu@juntadeandalucia.es Web: https:\/\/blogsaverroes.juntadeandalucia.es\/ceipblancadelosrios\/ Localizaci\u00f3n [googlemaps https:\/\/www.google.com\/maps\/embed?pb=!1m18!1m12!1m3!1d3165.65393318244!2d-5.943741948929896!3d37.49249213602334!2m3!1f0!2f0!3f0!3m2!1i1024!2i768!4f13.1!3m3!1m2!1s0xd12427e20eb8c15%3A0xc2a9446c260bb422!2sColegio+P%C3%BAblico+Blanca+de+los+R%C3%ADos!5e0!3m2!1ses!2ses!4v1448279177841&amp;w=600&amp;h=450]&#46;&#46;&#46;<\/p>\n","protected":false},"author":1,"featured_media":0,"parent":0,"menu_order":0,"comment_status":"closed","ping_status":"open","template":"","meta":{"ngg_post_thumbnail":0,"footnotes":"","_mc_calendar":[]},"aioseo_notices":[],"_links":{"self":[{"href":"https:\/\/blogsaverroes.juntadeandalucia.es\/ceipblancadelosrios\/wp-json\/wp\/v2\/pages\/2074"}],"collection":[{"href":"https:\/\/blogsaverroes.juntadeandalucia.es\/ceipblancadelosrios\/wp-json\/wp\/v2\/pages"}],"about":[{"href":"https:\/\/blogsaverroes.juntadeandalucia.es\/ceipblancadelosrios\/wp-json\/wp\/v2\/types\/page"}],"author":[{"embeddable":true,"href":"https:\/\/blogsaverroes.juntadeandalucia.es\/ceipblancadelosrios\/wp-json\/wp\/v2\/users\/1"}],"replies":[{"embeddable":true,"href":"https:\/\/blogsaverroes.juntadeandalucia.es\/ceipblancadelosrios\/wp-json\/wp\/v2\/comments?post=2074"}],"version-history":[{"count":16,"href":"https:\/\/blogsaverroes.juntadeandalucia.es\/ceipblancadelosrios\/wp-json\/wp\/v2\/pages\/2074\/revisions"}],"predecessor-version":[{"id":13705,"href":"https:\/\/blogsaverroes.juntadeandalucia.es\/ceipblancadelosrios\/wp-json\/wp\/v2\/pages\/2074\/revisions\/13705"}],"wp:attachment":[{"href":"https:\/\/blogsaverroes.juntadeandalucia.es\/ceipblancadelosrios\/wp-json\/wp\/v2\/media?parent=2074"}],"curies":[{"name":"wp","href":"https:\/\/api.w.org\/{rel}","templated":true}]}}