{"id":2361,"date":"2017-09-17T00:26:02","date_gmt":"2017-09-16T22:26:02","guid":{"rendered":"http:\/\/blogsaverroes.juntadeandalucia.es\/ceipblancadelosrios\/?page_id=2361"},"modified":"2025-02-26T23:20:40","modified_gmt":"2025-02-26T22:20:40","slug":"e-p-2o-ciclo-noticias","status":"publish","type":"page","link":"https:\/\/blogsaverroes.juntadeandalucia.es\/ceipblancadelosrios\/educacion-primaria\/ed-primaria-2o-ciclo\/e-p-2o-ciclo-noticias\/","title":{"rendered":"3\u00ba Y 4\u00ba EDUCACI\u00d3N PRIMARIA"},"content":{"rendered":"<p>El alumnado de 4\u00ba de Primaria del Blanca han celebrado cantando el Himno de Andaluc\u00eda, para festejar el 28 de Febrero, d\u00eda de nuestra Comunidad Andaluza.<\/p>\n<div style=\"width: 848px;\" class=\"wp-video\"><!--[if lt IE 9]><script>document.createElement('video');<\/script><![endif]-->\n<video class=\"wp-video-shortcode\" id=\"video-2361-1\" width=\"848\" height=\"480\" preload=\"metadata\" controls=\"controls\"><source type=\"video\/mp4\" src=\"https:\/\/blogsaverroes.juntadeandalucia.es\/ceipblancadelosrios\/files\/2025\/02\/Video-de-WhatsApp-2025-02-26-a-las-20.13.48_6c174ff3.mp4?_=1\" \/><a href=\"https:\/\/blogsaverroes.juntadeandalucia.es\/ceipblancadelosrios\/files\/2025\/02\/Video-de-WhatsApp-2025-02-26-a-las-20.13.48_6c174ff3.mp4\">https:\/\/blogsaverroes.juntadeandalucia.es\/ceipblancadelosrios\/files\/2025\/02\/Video-de-WhatsApp-2025-02-26-a-las-20.13.48_6c174ff3.mp4<\/a><\/video><\/div>\n<p>&nbsp;<\/p>\n<p>El pasado Martes 10 de Diciembre, el \u00e1rea de Religi\u00f3n Cat\u00f3lica ha organizado una jornada l\u00fadica, cultural y de convivencia, entre el alumnado del SEGUNDO CICLO DE PRIMARIA.<\/p>\n<p>La actividad ha consistido en una ruta por los diferentes BELENES de Sevilla.<\/p>\n<p>\u00a1UN D\u00cdA INOLVIDABLE PARA TODOS!<\/p>\n\n\t\t<style>\n\t\t\t#gallery-1 {\n\t\t\t\tmargin: auto;\n\t\t\t}\n\t\t\t#gallery-1 .gallery-item {\n\t\t\t\tfloat: left;\n\t\t\t\tmargin-top: 10px;\n\t\t\t\ttext-align: center;\n\t\t\t\twidth: 33%;\n\t\t\t}\n\t\t\t#gallery-1 img {\n\t\t\t\tborder: 2px solid #cfcfcf;\n\t\t\t}\n\t\t\t#gallery-1 .gallery-caption {\n\t\t\t\tmargin-left: 0;\n\t\t\t}\n\t\t\t\/* see gallery_shortcode() in wp-includes\/media.php *\/\n\t\t<\/style>\n\t\t<div id='gallery-1' class='gallery galleryid-2361 gallery-columns-3 gallery-size-thumbnail'><dl class='gallery-item'>\n\t\t\t<dt class='gallery-icon landscape'>\n\t\t\t\t<a href='https:\/\/blogsaverroes.juntadeandalucia.es\/ceipblancadelosrios\/educacion-primaria\/ed-primaria-2o-ciclo\/e-p-2o-ciclo-noticias\/img_4467\/'><img loading=\"lazy\" decoding=\"async\" width=\"150\" height=\"150\" src=\"https:\/\/blogsaverroes.juntadeandalucia.es\/ceipblancadelosrios\/files\/2024\/12\/IMG_4467-150x150.jpg\" class=\"attachment-thumbnail size-thumbnail\" alt=\"\" srcset=\"https:\/\/blogsaverroes.juntadeandalucia.es\/ceipblancadelosrios\/files\/2024\/12\/IMG_4467-150x150.jpg 150w, https:\/\/blogsaverroes.juntadeandalucia.es\/ceipblancadelosrios\/files\/2024\/12\/IMG_4467-80x80.jpg 80w, https:\/\/blogsaverroes.juntadeandalucia.es\/ceipblancadelosrios\/files\/2024\/12\/IMG_4467-320x320.jpg 320w\" sizes=\"(max-width: 150px) 100vw, 150px\" \/><\/a>\n\t\t\t<\/dt><\/dl><dl class='gallery-item'>\n\t\t\t<dt class='gallery-icon landscape'>\n\t\t\t\t<a href='https:\/\/blogsaverroes.juntadeandalucia.es\/ceipblancadelosrios\/educacion-primaria\/ed-primaria-2o-ciclo\/e-p-2o-ciclo-noticias\/photo-2024-12-11-16-05-142\/'><img loading=\"lazy\" decoding=\"async\" width=\"150\" height=\"150\" src=\"https:\/\/blogsaverroes.juntadeandalucia.es\/ceipblancadelosrios\/files\/2024\/12\/PHOTO-2024-12-11-16-05-142-150x150.jpg\" class=\"attachment-thumbnail size-thumbnail\" alt=\"\" srcset=\"https:\/\/blogsaverroes.juntadeandalucia.es\/ceipblancadelosrios\/files\/2024\/12\/PHOTO-2024-12-11-16-05-142-150x150.jpg 150w, https:\/\/blogsaverroes.juntadeandalucia.es\/ceipblancadelosrios\/files\/2024\/12\/PHOTO-2024-12-11-16-05-142-80x80.jpg 80w, https:\/\/blogsaverroes.juntadeandalucia.es\/ceipblancadelosrios\/files\/2024\/12\/PHOTO-2024-12-11-16-05-142-320x320.jpg 320w\" sizes=\"(max-width: 150px) 100vw, 150px\" \/><\/a>\n\t\t\t<\/dt><\/dl><dl class='gallery-item'>\n\t\t\t<dt class='gallery-icon landscape'>\n\t\t\t\t<a href='https:\/\/blogsaverroes.juntadeandalucia.es\/ceipblancadelosrios\/educacion-primaria\/ed-primaria-2o-ciclo\/e-p-2o-ciclo-noticias\/photo-2024-12-11-16-05-141\/'><img loading=\"lazy\" decoding=\"async\" width=\"150\" height=\"150\" src=\"https:\/\/blogsaverroes.juntadeandalucia.es\/ceipblancadelosrios\/files\/2024\/12\/PHOTO-2024-12-11-16-05-141-150x150.jpg\" class=\"attachment-thumbnail size-thumbnail\" alt=\"\" srcset=\"https:\/\/blogsaverroes.juntadeandalucia.es\/ceipblancadelosrios\/files\/2024\/12\/PHOTO-2024-12-11-16-05-141-150x150.jpg 150w, https:\/\/blogsaverroes.juntadeandalucia.es\/ceipblancadelosrios\/files\/2024\/12\/PHOTO-2024-12-11-16-05-141-80x80.jpg 80w, https:\/\/blogsaverroes.juntadeandalucia.es\/ceipblancadelosrios\/files\/2024\/12\/PHOTO-2024-12-11-16-05-141-320x320.jpg 320w\" sizes=\"(max-width: 150px) 100vw, 150px\" \/><\/a>\n\t\t\t<\/dt><\/dl><br style=\"clear: both\" \/><dl class='gallery-item'>\n\t\t\t<dt class='gallery-icon landscape'>\n\t\t\t\t<a href='https:\/\/blogsaverroes.juntadeandalucia.es\/ceipblancadelosrios\/educacion-primaria\/ed-primaria-2o-ciclo\/e-p-2o-ciclo-noticias\/img_4466\/'><img loading=\"lazy\" decoding=\"async\" width=\"150\" height=\"150\" src=\"https:\/\/blogsaverroes.juntadeandalucia.es\/ceipblancadelosrios\/files\/2024\/12\/IMG_4466-150x150.jpg\" class=\"attachment-thumbnail size-thumbnail\" alt=\"\" srcset=\"https:\/\/blogsaverroes.juntadeandalucia.es\/ceipblancadelosrios\/files\/2024\/12\/IMG_4466-150x150.jpg 150w, https:\/\/blogsaverroes.juntadeandalucia.es\/ceipblancadelosrios\/files\/2024\/12\/IMG_4466-80x80.jpg 80w, https:\/\/blogsaverroes.juntadeandalucia.es\/ceipblancadelosrios\/files\/2024\/12\/IMG_4466-320x320.jpg 320w\" sizes=\"(max-width: 150px) 100vw, 150px\" \/><\/a>\n\t\t\t<\/dt><\/dl><dl class='gallery-item'>\n\t\t\t<dt class='gallery-icon landscape'>\n\t\t\t\t<a href='https:\/\/blogsaverroes.juntadeandalucia.es\/ceipblancadelosrios\/educacion-primaria\/ed-primaria-2o-ciclo\/e-p-2o-ciclo-noticias\/img_4462\/'><img loading=\"lazy\" decoding=\"async\" width=\"150\" height=\"150\" src=\"https:\/\/blogsaverroes.juntadeandalucia.es\/ceipblancadelosrios\/files\/2024\/12\/IMG_4462-150x150.jpg\" class=\"attachment-thumbnail size-thumbnail\" alt=\"\" srcset=\"https:\/\/blogsaverroes.juntadeandalucia.es\/ceipblancadelosrios\/files\/2024\/12\/IMG_4462-150x150.jpg 150w, https:\/\/blogsaverroes.juntadeandalucia.es\/ceipblancadelosrios\/files\/2024\/12\/IMG_4462-80x80.jpg 80w, https:\/\/blogsaverroes.juntadeandalucia.es\/ceipblancadelosrios\/files\/2024\/12\/IMG_4462-320x320.jpg 320w\" sizes=\"(max-width: 150px) 100vw, 150px\" \/><\/a>\n\t\t\t<\/dt><\/dl><dl class='gallery-item'>\n\t\t\t<dt class='gallery-icon portrait'>\n\t\t\t\t<a href='https:\/\/blogsaverroes.juntadeandalucia.es\/ceipblancadelosrios\/educacion-primaria\/ed-primaria-2o-ciclo\/e-p-2o-ciclo-noticias\/img_4472\/'><img loading=\"lazy\" decoding=\"async\" width=\"150\" height=\"150\" src=\"https:\/\/blogsaverroes.juntadeandalucia.es\/ceipblancadelosrios\/files\/2024\/12\/IMG_4472-150x150.jpg\" class=\"attachment-thumbnail size-thumbnail\" alt=\"\" srcset=\"https:\/\/blogsaverroes.juntadeandalucia.es\/ceipblancadelosrios\/files\/2024\/12\/IMG_4472-150x150.jpg 150w, https:\/\/blogsaverroes.juntadeandalucia.es\/ceipblancadelosrios\/files\/2024\/12\/IMG_4472-80x80.jpg 80w, https:\/\/blogsaverroes.juntadeandalucia.es\/ceipblancadelosrios\/files\/2024\/12\/IMG_4472-320x320.jpg 320w\" sizes=\"(max-width: 150px) 100vw, 150px\" \/><\/a>\n\t\t\t<\/dt><\/dl><br style=\"clear: both\" \/><dl class='gallery-item'>\n\t\t\t<dt class='gallery-icon portrait'>\n\t\t\t\t<a href='https:\/\/blogsaverroes.juntadeandalucia.es\/ceipblancadelosrios\/educacion-primaria\/ed-primaria-2o-ciclo\/e-p-2o-ciclo-noticias\/img_4471\/'><img loading=\"lazy\" decoding=\"async\" width=\"150\" height=\"150\" src=\"https:\/\/blogsaverroes.juntadeandalucia.es\/ceipblancadelosrios\/files\/2024\/12\/IMG_4471-150x150.jpg\" class=\"attachment-thumbnail size-thumbnail\" alt=\"\" srcset=\"https:\/\/blogsaverroes.juntadeandalucia.es\/ceipblancadelosrios\/files\/2024\/12\/IMG_4471-150x150.jpg 150w, https:\/\/blogsaverroes.juntadeandalucia.es\/ceipblancadelosrios\/files\/2024\/12\/IMG_4471-80x80.jpg 80w, https:\/\/blogsaverroes.juntadeandalucia.es\/ceipblancadelosrios\/files\/2024\/12\/IMG_4471-320x320.jpg 320w\" sizes=\"(max-width: 150px) 100vw, 150px\" \/><\/a>\n\t\t\t<\/dt><\/dl><dl class='gallery-item'>\n\t\t\t<dt class='gallery-icon landscape'>\n\t\t\t\t<a href='https:\/\/blogsaverroes.juntadeandalucia.es\/ceipblancadelosrios\/educacion-primaria\/ed-primaria-2o-ciclo\/e-p-2o-ciclo-noticias\/img_4470\/'><img loading=\"lazy\" decoding=\"async\" width=\"150\" height=\"150\" src=\"https:\/\/blogsaverroes.juntadeandalucia.es\/ceipblancadelosrios\/files\/2024\/12\/IMG_4470-150x150.jpg\" class=\"attachment-thumbnail size-thumbnail\" alt=\"\" srcset=\"https:\/\/blogsaverroes.juntadeandalucia.es\/ceipblancadelosrios\/files\/2024\/12\/IMG_4470-150x150.jpg 150w, https:\/\/blogsaverroes.juntadeandalucia.es\/ceipblancadelosrios\/files\/2024\/12\/IMG_4470-80x80.jpg 80w, https:\/\/blogsaverroes.juntadeandalucia.es\/ceipblancadelosrios\/files\/2024\/12\/IMG_4470-320x320.jpg 320w\" sizes=\"(max-width: 150px) 100vw, 150px\" \/><\/a>\n\t\t\t<\/dt><\/dl><dl class='gallery-item'>\n\t\t\t<dt class='gallery-icon landscape'>\n\t\t\t\t<a href='https:\/\/blogsaverroes.juntadeandalucia.es\/ceipblancadelosrios\/educacion-primaria\/ed-primaria-2o-ciclo\/e-p-2o-ciclo-noticias\/img_4469\/'><img loading=\"lazy\" decoding=\"async\" width=\"150\" height=\"150\" src=\"https:\/\/blogsaverroes.juntadeandalucia.es\/ceipblancadelosrios\/files\/2024\/12\/IMG_4469-150x150.jpg\" class=\"attachment-thumbnail size-thumbnail\" alt=\"\" srcset=\"https:\/\/blogsaverroes.juntadeandalucia.es\/ceipblancadelosrios\/files\/2024\/12\/IMG_4469-150x150.jpg 150w, https:\/\/blogsaverroes.juntadeandalucia.es\/ceipblancadelosrios\/files\/2024\/12\/IMG_4469-80x80.jpg 80w, https:\/\/blogsaverroes.juntadeandalucia.es\/ceipblancadelosrios\/files\/2024\/12\/IMG_4469-320x320.jpg 320w\" sizes=\"(max-width: 150px) 100vw, 150px\" \/><\/a>\n\t\t\t<\/dt><\/dl><br style=\"clear: both\" \/><dl class='gallery-item'>\n\t\t\t<dt class='gallery-icon landscape'>\n\t\t\t\t<a href='https:\/\/blogsaverroes.juntadeandalucia.es\/ceipblancadelosrios\/educacion-primaria\/ed-primaria-2o-ciclo\/e-p-2o-ciclo-noticias\/photo-2024-12-11-16-05-143\/'><img loading=\"lazy\" decoding=\"async\" width=\"150\" height=\"150\" src=\"https:\/\/blogsaverroes.juntadeandalucia.es\/ceipblancadelosrios\/files\/2024\/12\/PHOTO-2024-12-11-16-05-143-150x150.jpg\" class=\"attachment-thumbnail size-thumbnail\" alt=\"\" srcset=\"https:\/\/blogsaverroes.juntadeandalucia.es\/ceipblancadelosrios\/files\/2024\/12\/PHOTO-2024-12-11-16-05-143-150x150.jpg 150w, https:\/\/blogsaverroes.juntadeandalucia.es\/ceipblancadelosrios\/files\/2024\/12\/PHOTO-2024-12-11-16-05-143-80x80.jpg 80w, https:\/\/blogsaverroes.juntadeandalucia.es\/ceipblancadelosrios\/files\/2024\/12\/PHOTO-2024-12-11-16-05-143-320x320.jpg 320w\" sizes=\"(max-width: 150px) 100vw, 150px\" \/><\/a>\n\t\t\t<\/dt><\/dl><dl class='gallery-item'>\n\t\t\t<dt class='gallery-icon portrait'>\n\t\t\t\t<a href='https:\/\/blogsaverroes.juntadeandalucia.es\/ceipblancadelosrios\/educacion-primaria\/ed-primaria-2o-ciclo\/e-p-2o-ciclo-noticias\/photo-2024-12-11-16-05-151\/'><img loading=\"lazy\" decoding=\"async\" width=\"150\" height=\"150\" src=\"https:\/\/blogsaverroes.juntadeandalucia.es\/ceipblancadelosrios\/files\/2024\/12\/PHOTO-2024-12-11-16-05-151-150x150.jpg\" class=\"attachment-thumbnail size-thumbnail\" alt=\"\" srcset=\"https:\/\/blogsaverroes.juntadeandalucia.es\/ceipblancadelosrios\/files\/2024\/12\/PHOTO-2024-12-11-16-05-151-150x150.jpg 150w, https:\/\/blogsaverroes.juntadeandalucia.es\/ceipblancadelosrios\/files\/2024\/12\/PHOTO-2024-12-11-16-05-151-80x80.jpg 80w, https:\/\/blogsaverroes.juntadeandalucia.es\/ceipblancadelosrios\/files\/2024\/12\/PHOTO-2024-12-11-16-05-151-320x320.jpg 320w\" sizes=\"(max-width: 150px) 100vw, 150px\" \/><\/a>\n\t\t\t<\/dt><\/dl><dl class='gallery-item'>\n\t\t\t<dt class='gallery-icon landscape'>\n\t\t\t\t<a href='https:\/\/blogsaverroes.juntadeandalucia.es\/ceipblancadelosrios\/educacion-primaria\/ed-primaria-2o-ciclo\/e-p-2o-ciclo-noticias\/photo-2024-12-11-16-05-152\/'><img loading=\"lazy\" decoding=\"async\" width=\"150\" height=\"150\" src=\"https:\/\/blogsaverroes.juntadeandalucia.es\/ceipblancadelosrios\/files\/2024\/12\/PHOTO-2024-12-11-16-05-152-150x150.jpg\" class=\"attachment-thumbnail size-thumbnail\" alt=\"\" srcset=\"https:\/\/blogsaverroes.juntadeandalucia.es\/ceipblancadelosrios\/files\/2024\/12\/PHOTO-2024-12-11-16-05-152-150x150.jpg 150w, https:\/\/blogsaverroes.juntadeandalucia.es\/ceipblancadelosrios\/files\/2024\/12\/PHOTO-2024-12-11-16-05-152-80x80.jpg 80w, https:\/\/blogsaverroes.juntadeandalucia.es\/ceipblancadelosrios\/files\/2024\/12\/PHOTO-2024-12-11-16-05-152-320x320.jpg 320w\" sizes=\"(max-width: 150px) 100vw, 150px\" \/><\/a>\n\t\t\t<\/dt><\/dl><br style=\"clear: both\" \/><dl class='gallery-item'>\n\t\t\t<dt class='gallery-icon portrait'>\n\t\t\t\t<a href='https:\/\/blogsaverroes.juntadeandalucia.es\/ceipblancadelosrios\/educacion-primaria\/ed-primaria-2o-ciclo\/e-p-2o-ciclo-noticias\/photo-2024-12-11-16-05-153\/'><img loading=\"lazy\" decoding=\"async\" width=\"150\" height=\"150\" src=\"https:\/\/blogsaverroes.juntadeandalucia.es\/ceipblancadelosrios\/files\/2024\/12\/PHOTO-2024-12-11-16-05-153-150x150.jpg\" class=\"attachment-thumbnail size-thumbnail\" alt=\"\" srcset=\"https:\/\/blogsaverroes.juntadeandalucia.es\/ceipblancadelosrios\/files\/2024\/12\/PHOTO-2024-12-11-16-05-153-150x150.jpg 150w, https:\/\/blogsaverroes.juntadeandalucia.es\/ceipblancadelosrios\/files\/2024\/12\/PHOTO-2024-12-11-16-05-153-80x80.jpg 80w, https:\/\/blogsaverroes.juntadeandalucia.es\/ceipblancadelosrios\/files\/2024\/12\/PHOTO-2024-12-11-16-05-153-320x320.jpg 320w\" sizes=\"(max-width: 150px) 100vw, 150px\" \/><\/a>\n\t\t\t<\/dt><\/dl><dl class='gallery-item'>\n\t\t\t<dt class='gallery-icon landscape'>\n\t\t\t\t<a href='https:\/\/blogsaverroes.juntadeandalucia.es\/ceipblancadelosrios\/educacion-primaria\/ed-primaria-2o-ciclo\/e-p-2o-ciclo-noticias\/photo-2024-12-11-16-05-155\/'><img loading=\"lazy\" decoding=\"async\" width=\"150\" height=\"150\" src=\"https:\/\/blogsaverroes.juntadeandalucia.es\/ceipblancadelosrios\/files\/2024\/12\/PHOTO-2024-12-11-16-05-155-150x150.jpg\" class=\"attachment-thumbnail size-thumbnail\" alt=\"\" srcset=\"https:\/\/blogsaverroes.juntadeandalucia.es\/ceipblancadelosrios\/files\/2024\/12\/PHOTO-2024-12-11-16-05-155-150x150.jpg 150w, https:\/\/blogsaverroes.juntadeandalucia.es\/ceipblancadelosrios\/files\/2024\/12\/PHOTO-2024-12-11-16-05-155-80x80.jpg 80w, https:\/\/blogsaverroes.juntadeandalucia.es\/ceipblancadelosrios\/files\/2024\/12\/PHOTO-2024-12-11-16-05-155-320x320.jpg 320w\" sizes=\"(max-width: 150px) 100vw, 150px\" \/><\/a>\n\t\t\t<\/dt><\/dl><dl class='gallery-item'>\n\t\t\t<dt class='gallery-icon landscape'>\n\t\t\t\t<a href='https:\/\/blogsaverroes.juntadeandalucia.es\/ceipblancadelosrios\/educacion-primaria\/ed-primaria-2o-ciclo\/e-p-2o-ciclo-noticias\/photo-2024-12-11-16-05-15\/'><img loading=\"lazy\" decoding=\"async\" width=\"150\" height=\"150\" src=\"https:\/\/blogsaverroes.juntadeandalucia.es\/ceipblancadelosrios\/files\/2024\/12\/PHOTO-2024-12-11-16-05-15-150x150.jpg\" class=\"attachment-thumbnail size-thumbnail\" alt=\"\" srcset=\"https:\/\/blogsaverroes.juntadeandalucia.es\/ceipblancadelosrios\/files\/2024\/12\/PHOTO-2024-12-11-16-05-15-150x150.jpg 150w, https:\/\/blogsaverroes.juntadeandalucia.es\/ceipblancadelosrios\/files\/2024\/12\/PHOTO-2024-12-11-16-05-15-80x80.jpg 80w, https:\/\/blogsaverroes.juntadeandalucia.es\/ceipblancadelosrios\/files\/2024\/12\/PHOTO-2024-12-11-16-05-15-320x320.jpg 320w\" sizes=\"(max-width: 150px) 100vw, 150px\" \/><\/a>\n\t\t\t<\/dt><\/dl><br style=\"clear: both\" \/>\n\t\t<\/div>\n\n<p>VISITA CULTURAL<br \/>\nEl pasado martes 12 de noviembre, tercero viaj\u00f3 a las <strong>\u00e9poca romana de la ciudad de C\u00f3rdoba<\/strong>: por una ma\u00f1ana se convirtieron en soldados romanos batallando contra los cartagineses, descubrieron sus ritos funerarios, sus monedas, sus teselas y muchas cosas mas. Fue divertido y aprendieron&nbsp;un&nbsp;mont\u00f3n.<\/p>\n<div style=\"width: 1080px;\" class=\"wp-video\"><video class=\"wp-video-shortcode\" id=\"video-2361-2\" width=\"1080\" height=\"1080\" preload=\"metadata\" controls=\"controls\"><source type=\"video\/mp4\" src=\"https:\/\/blogsaverroes.juntadeandalucia.es\/ceipblancadelosrios\/files\/2024\/11\/3.mp4?_=2\" \/><a href=\"https:\/\/blogsaverroes.juntadeandalucia.es\/ceipblancadelosrios\/files\/2024\/11\/3.mp4\">https:\/\/blogsaverroes.juntadeandalucia.es\/ceipblancadelosrios\/files\/2024\/11\/3.mp4<\/a><\/video><\/div>\n","protected":false},"excerpt":{"rendered":"<p>El alumnado de 4\u00ba de Primaria del Blanca han celebrado cantando el Himno de Andaluc\u00eda, para festejar el 28 de Febrero, d\u00eda de nuestra Comunidad Andaluza. &nbsp; El pasado Martes 10 de Diciembre, el&#46;&#46;&#46;<\/p>\n","protected":false},"author":2329,"featured_media":0,"parent":432,"menu_order":0,"comment_status":"closed","ping_status":"closed","template":"page-templates\/child-menu.php","meta":{"ngg_post_thumbnail":0,"footnotes":"","_mc_calendar":[]},"aioseo_notices":[],"_links":{"self":[{"href":"https:\/\/blogsaverroes.juntadeandalucia.es\/ceipblancadelosrios\/wp-json\/wp\/v2\/pages\/2361"}],"collection":[{"href":"https:\/\/blogsaverroes.juntadeandalucia.es\/ceipblancadelosrios\/wp-json\/wp\/v2\/pages"}],"about":[{"href":"https:\/\/blogsaverroes.juntadeandalucia.es\/ceipblancadelosrios\/wp-json\/wp\/v2\/types\/page"}],"author":[{"embeddable":true,"href":"https:\/\/blogsaverroes.juntadeandalucia.es\/ceipblancadelosrios\/wp-json\/wp\/v2\/users\/2329"}],"replies":[{"embeddable":true,"href":"https:\/\/blogsaverroes.juntadeandalucia.es\/ceipblancadelosrios\/wp-json\/wp\/v2\/comments?post=2361"}],"version-history":[{"count":12,"href":"https:\/\/blogsaverroes.juntadeandalucia.es\/ceipblancadelosrios\/wp-json\/wp\/v2\/pages\/2361\/revisions"}],"predecessor-version":[{"id":19115,"href":"https:\/\/blogsaverroes.juntadeandalucia.es\/ceipblancadelosrios\/wp-json\/wp\/v2\/pages\/2361\/revisions\/19115"}],"up":[{"embeddable":true,"href":"https:\/\/blogsaverroes.juntadeandalucia.es\/ceipblancadelosrios\/wp-json\/wp\/v2\/pages\/432"}],"wp:attachment":[{"href":"https:\/\/blogsaverroes.juntadeandalucia.es\/ceipblancadelosrios\/wp-json\/wp\/v2\/media?parent=2361"}],"curies":[{"name":"wp","href":"https:\/\/api.w.org\/{rel}","templated":true}]}}