{"id":2366,"date":"2017-09-17T00:30:30","date_gmt":"2017-09-16T22:30:30","guid":{"rendered":"http:\/\/blogsaverroes.juntadeandalucia.es\/ceipblancadelosrios\/?page_id=2366"},"modified":"2026-01-28T11:53:03","modified_gmt":"2026-01-28T10:53:03","slug":"e-p-1o-ciclo-noticias-2","status":"publish","type":"page","link":"https:\/\/blogsaverroes.juntadeandalucia.es\/ceipblancadelosrios\/educacion-primaria\/ed-primaria-1o-ciclo\/e-p-1o-ciclo-noticias-2\/","title":{"rendered":"E.P. 1\u00ba ciclo. Noticias"},"content":{"rendered":"<blockquote><p><em><strong>Taller de Primeros Auxilios para 2\u00baEP.<\/strong><\/em><\/p>\n<p>En el cole el alumnado han practicado ejercicios de RCP y maniobra de des-obstrucci\u00f3n de las v\u00edas a\u00e9reas.<\/p>\n<p>Este taller ha sido im organizado por el Ayuntamiento e impartido por Jes\u00fas G\u00f3mez Ram\u00edrez, enfermero del HOSPITAL UNIVERSITARIO VIRGEN MACARENA e instructor de soporte vital b\u00e1sico.&nbsp;<\/p><\/blockquote>\n<p><img loading=\"lazy\" decoding=\"async\" class=\"aligncenter size-full wp-image-20225\" src=\"https:\/\/blogsaverroes.juntadeandalucia.es\/ceipblancadelosrios\/files\/2026\/01\/WhatsApp-Image-2026-01-28-at-11.25.52.jpeg\" alt=\"\" width=\"1600\" height=\"1200\" srcset=\"https:\/\/blogsaverroes.juntadeandalucia.es\/ceipblancadelosrios\/files\/2026\/01\/WhatsApp-Image-2026-01-28-at-11.25.52.jpeg 1600w, https:\/\/blogsaverroes.juntadeandalucia.es\/ceipblancadelosrios\/files\/2026\/01\/WhatsApp-Image-2026-01-28-at-11.25.52-300x225.jpeg 300w, https:\/\/blogsaverroes.juntadeandalucia.es\/ceipblancadelosrios\/files\/2026\/01\/WhatsApp-Image-2026-01-28-at-11.25.52-800x600.jpeg 800w, https:\/\/blogsaverroes.juntadeandalucia.es\/ceipblancadelosrios\/files\/2026\/01\/WhatsApp-Image-2026-01-28-at-11.25.52-768x576.jpeg 768w, https:\/\/blogsaverroes.juntadeandalucia.es\/ceipblancadelosrios\/files\/2026\/01\/WhatsApp-Image-2026-01-28-at-11.25.52-1536x1152.jpeg 1536w\" sizes=\"(max-width: 1600px) 100vw, 1600px\" \/> <img loading=\"lazy\" decoding=\"async\" class=\"aligncenter size-full wp-image-20226\" src=\"https:\/\/blogsaverroes.juntadeandalucia.es\/ceipblancadelosrios\/files\/2026\/01\/WhatsApp-Image-2026-01-28-at-11.26.31.jpeg\" alt=\"\" width=\"1200\" height=\"1600\" srcset=\"https:\/\/blogsaverroes.juntadeandalucia.es\/ceipblancadelosrios\/files\/2026\/01\/WhatsApp-Image-2026-01-28-at-11.26.31.jpeg 1200w, https:\/\/blogsaverroes.juntadeandalucia.es\/ceipblancadelosrios\/files\/2026\/01\/WhatsApp-Image-2026-01-28-at-11.26.31-225x300.jpeg 225w, https:\/\/blogsaverroes.juntadeandalucia.es\/ceipblancadelosrios\/files\/2026\/01\/WhatsApp-Image-2026-01-28-at-11.26.31-600x800.jpeg 600w, https:\/\/blogsaverroes.juntadeandalucia.es\/ceipblancadelosrios\/files\/2026\/01\/WhatsApp-Image-2026-01-28-at-11.26.31-768x1024.jpeg 768w, https:\/\/blogsaverroes.juntadeandalucia.es\/ceipblancadelosrios\/files\/2026\/01\/WhatsApp-Image-2026-01-28-at-11.26.31-1152x1536.jpeg 1152w\" sizes=\"(max-width: 1200px) 100vw, 1200px\" \/> <img loading=\"lazy\" decoding=\"async\" class=\"aligncenter size-full wp-image-20227\" src=\"https:\/\/blogsaverroes.juntadeandalucia.es\/ceipblancadelosrios\/files\/2026\/01\/WhatsApp-Image-2026-01-28-at-11.26.54.jpeg\" alt=\"\" width=\"1200\" height=\"1600\" srcset=\"https:\/\/blogsaverroes.juntadeandalucia.es\/ceipblancadelosrios\/files\/2026\/01\/WhatsApp-Image-2026-01-28-at-11.26.54.jpeg 1200w, https:\/\/blogsaverroes.juntadeandalucia.es\/ceipblancadelosrios\/files\/2026\/01\/WhatsApp-Image-2026-01-28-at-11.26.54-225x300.jpeg 225w, https:\/\/blogsaverroes.juntadeandalucia.es\/ceipblancadelosrios\/files\/2026\/01\/WhatsApp-Image-2026-01-28-at-11.26.54-600x800.jpeg 600w, https:\/\/blogsaverroes.juntadeandalucia.es\/ceipblancadelosrios\/files\/2026\/01\/WhatsApp-Image-2026-01-28-at-11.26.54-768x1024.jpeg 768w, https:\/\/blogsaverroes.juntadeandalucia.es\/ceipblancadelosrios\/files\/2026\/01\/WhatsApp-Image-2026-01-28-at-11.26.54-1152x1536.jpeg 1152w\" sizes=\"(max-width: 1200px) 100vw, 1200px\" \/><\/p>\n<p>&nbsp;<\/p>\n<p>&nbsp;<\/p>\n<h5 style=\"text-align: center\"><span style=\"color: #ff6600\">&nbsp;ACTIVIDADES FINAL 2\u00ba TRIMESTRE (PENSAMIENTO COMPUTACIONAL Y OBSERVACI\u00d3N DE INVERTEBRADOS EN NUESTRO HUERTO)<\/span><\/h5>\n<p>ngg_shortcode_0_placeholder<!--nextpage--><\/p>\n<p style=\"text-align: right\"><em>19<\/em><em>\/04\/23<\/em><\/p>\n<h5><span style=\"color: #ff6600\">ACTIVIDADES DEPORTIVAS<\/span><\/h5>\n<p>ngg_shortcode_1_placeholder<!--nextpage--><\/p>\n<p style=\"text-align: right\"><em>25<\/em><em>\/11\/22<\/em><\/p>\n<h5><span style=\"color: #ff6600\">CONCIERTO MEDITERRANEO<\/span><\/h5>\n<p>ngg_shortcode_2_placeholder<!--nextpage--><\/p>\n<h5><span style=\"color: #ff6600\">INICIACI\u00d3N AL ACROSPORT<\/span><\/h5>\n<p>ngg_shortcode_3_placeholder<!--nextpage--><\/p>\n<h5><span style=\"color: #ff6600\">SALIDA HERMANDADES 22-23<\/span><\/h5>\n<p>ngg_shortcode_4_placeholder<!--nextpage--><\/p>\n<h5><span style=\"color: #ff6600\">TALLER DE LAVADO DE MANOS PARA 1\u00ba Y 2\u00ba<\/span><\/h5>\n<p><span style=\"font-weight: 400\">Este 15 de marzo en alumnado de 1\u00ba y 2\u00ba de Primaria ha recibido la visita, dentro del programa de H\u00e1bitos de Vida Saludable, de la referente sanitaria de zona, que ha dado una charla muy interesante sobre c\u00f3mo realizar un lavado de manos eficaz, que termine con todos los g\u00e9rmenes que habitan en nuestras manos y que han podido visualizar claramente con una \u00abluz m\u00e1gica\u00bb que enfocando a un reactivo sobre la superficie ha permitido ver cu\u00e1ntos peque\u00f1os seres se encuentran en nuestras manos sin saberlo.&nbsp;<\/span><\/p>\n<p>ngg_shortcode_5_placeholder<br \/>\n<!--nextpage--><\/p>\n<h5><span style=\"color: #ff6600\">VISITA DE UNOS PROFESIONALES MUY IMPORTANTES (2\u00aa PARTE)<\/span><\/h5>\n<p><span style=\"font-weight: 400\">Este 31 de enero, hemos continuado la actividad iniciada el d\u00eda antes.&nbsp;<\/span><\/p>\n<p>Hoy nos han visitado otros profesionales con perfiles variopintos, todos igual de interesantes.&nbsp;<\/p>\n<p>Los ni\u00f1os y ni\u00f1as han realizado un excelente trabajo de entrevistadores, haciendo preguntas muy acertadas a Estefan\u00eda, Juanma, Ram\u00f3n, Mar\u00eda \u00c1ngeles, Celia y Sara, que son las personas que nos han acompa\u00f1ado hoy.<\/p>\n<p>Los ni\u00f1os y ni\u00f1as han podido observar al microscopio peque\u00f1os microorganismos, organizar viajes, hacer pedidos en una hamburgueser\u00eda, ver un ordenador por dentro, escuchar cuentos, jugar con juguetes s\u00faper divertidos&#8230;<\/p>\n<p>En definitiva, la experiencia, como no pod\u00eda ser de otra manera, ha sido muy enriquecedora para todos y todas.&nbsp;<\/p>\n<p>\u00a1Gracias familias por colaborar e implicaros como lo hab\u00e9is hecho!&nbsp;<\/p>\nngg_shortcode_6_placeholder\n<h5><span style=\"color: #ff6600\">VISITA DE UNOS PROFESIONALES MUY IMPORTANTES (1\u00aa PARTE)<\/span><\/h5>\n<p><span style=\"font-weight: 400\">Este d\u00eda de la Paz, 30 de enero, hemos estado de celebraci\u00f3n. Hemos recibido la visita de diferentes padres y madres que nos han querido mostrar en qu\u00e9 consiste su trabajo, las herramientas o instrumentos que utilizan para desarrollarlos y experimentar con ellos un ratito de su d\u00eda a d\u00eda en los diferentes desempe\u00f1os profesionales de cada uno de ellos.<\/span><\/p>\n<p>Previamente el alumnado ha trabajado en Ciencias Sociales la localidad y los distintos profesionales que trabajan en los diversos sectores de la econom\u00eda. El profesorado tutor ha trabajado desde el \u00e1rea de Lengua el formato de la entrevista, siendo los ni\u00f1os en peque\u00f1os grupos quienes han elaborado las preguntas que luego han hecho a Sergio, Abraham, Mar\u00eda del Carmen, Raquel y Roc\u00edo.&nbsp;<\/p>\n<p>La experiencia ha sido muy rica en todos los sentidos. Han disfrutado maestros, familiares y alumnado. Estamos seguros de que la sesi\u00f3n del d\u00eda 31 ser\u00e1 igual de buena que la de hoy.&nbsp;<\/p>\n<p>Gracias a todas las familias que hab\u00e9is participado de una u otra manera para que se haya llevado a cabo la actividad, de la que os dejamos una galer\u00eda muy representativa.&nbsp;<\/p>\n<p>ngg_shortcode_7_placeholder<br \/>\n<!--nextpage--><\/p>\n<p style=\"text-align: right\"><em>26<\/em><em>\/01\/23<\/em><\/p>\n<h5><span style=\"color: #ff6600\">ACTIVIDADES CIRCENSES: \u00abEL GRAN CIRCO M\u00c1GICO\u00bb&nbsp;<\/span><\/h5>\n<p style=\"text-align: center\"><b>ACTIVIDAD ORGANIZADA POR LOS ESTUDIANTES DEL CICLO FORMATIVO DE GRADO SUPERIOR DE ENSE\u00d1ANZA Y ANIMACI\u00d3N SOCIODEPORTIVA<\/b><\/p>\n<p style=\"text-align: center\"><strong>IES CARMEN LAFF\u00d3N<\/strong><\/p>\n<p><span style=\"font-weight: 400\">La actividad ha comenzado con varios monitores recogi\u00e9ndonos en cada una de las aulas y gui\u00e1ndonos al polideportivo.&nbsp;<\/span><\/p>\n<p><span style=\"font-weight: 400\">El espacio del polideportivo y sus diferentes pistas estaban divididas en \u2018postas\u2019 cada una con diferente tem\u00e1tica. El alumnado dividido en peque\u00f1os grupos iba rotando por las diferentes postas:<\/span><\/p>\n<ul>\n<li style=\"font-weight: 400\"><span style=\"font-weight: 400\">Diversos juegos<\/span><\/li>\n<li style=\"font-weight: 400\"><span style=\"font-weight: 400\">Pintacaras<\/span><\/li>\n<li style=\"font-weight: 400\"><span style=\"font-weight: 400\">Baile<\/span><\/li>\n<li style=\"font-weight: 400\"><span style=\"font-weight: 400\">Animaci\u00f3n<\/span><\/li>\n<\/ul>\n<p><span style=\"font-weight: 400\">Una vez todos los grupos hab\u00edan pasado por todas las postas nos hemos reunido en la pista central y todos juntos han bailado algunas canciones con los monitores.&nbsp;<\/span><\/p>\n<h5 style=\"text-align: center\"><strong>\u00a1Los peques lo han flipado!<\/strong><\/h5>\nngg_shortcode_8_placeholder\n<h5>&nbsp;<\/h5>\n<p><!--nextpage--><\/p>\n<h5><span style=\"color: #ff6600\">VISITA AL MUSEO PALEONTOL\u00d3GICO Y ARQUEOL\u00d3GICO DE LA RINCONADA FRANCISCO SOUSA<\/span><\/h5>\n<p>En esta&nbsp; fr\u00eda ma\u00f1ana del 10 de noviembre, (la cual amaneci\u00f3 con niebla y finaliz\u00f3 con un sol calentito de oto\u00f1o), nuestro alumnado de 2\u00ba de Primaria se ha acercado caminando por parejas al Centro Cultural de la Villa, con su dossier de actividades para la visita.<\/p>\n<p>Los ni\u00f1os y ni\u00f1as se han adentrado con esta visita al Museo Paleontol\u00f3gico y Arqueol\u00f3gico de la Rinconada, Francisco Sousa, en el maravilloso mundo de la Historia y sus etapas, como colof\u00f3n del trabajo realizado durante el mes de octubre en el \u00e1rea de Ciencias Sociales.<\/p>\n<p>En el museo, nuestro gu\u00eda Javier, ha deleitado al alumnado con un taller relacionado con las etapas de la Historia y algunos de los grandes acontecimientos e inventos que marcaron el cambio de cada&nbsp; periodo.<\/p>\n<p>Posteriormente&nbsp; los ni\u00f1os y ni\u00f1as han podido comprobar a trav\u00e9s de las diferentes piezas encontradas en el Cerro Macareno \u00a1e incluso en el actual Parque de los Pintores!, que las distintas civilizaciones (Prehist\u00f3rica, de la Edad Antigua, Edad Media y Edad Moderna), han dejado su huella en nuestra localidad, testimonio del que podemos dar cuenta en las diferentes vitrinas del museo.<\/p>\n<p>Finalmente, con la presencia de un enorme colmillo de elefante en la sala, Javier ha explicado el paso del Paleol\u00edtico al Neol\u00edtico y la Edad de los Metales a trav\u00e9s de una maqueta que se ha ido construyendo poco a poco a trav\u00e9s del relato de nuestro experimentado gu\u00eda.\u00a1Magn\u00edfica visita, magn\u00edfico gu\u00eda y magn\u00edfica experiencia!<\/p>\n<p>ngg_shortcode_9_placeholder<!--nextpage--><\/p>\n<p style=\"text-align: right\"><em>23<\/em><em>\/10\/22<\/em><\/p>\n<h5><span style=\"color: #ff6600\">PRIMEROS AUXILIOS EN 2\u00ba EP<\/span><\/h5>\n<p class=\"text-justify\" style=\"text-align: justify\">Desde el \u00e1rea de Salud y de forma transversal con el \u00e1rea de Juventud, a trav\u00e9s de su programa de Ciudadan\u00eda y Fomento de la Convivencia en las aulas, se ha desarrollado este <strong>taller de Primeros Auxilios<\/strong> en nuestro centro educativo.<\/p>\n<p class=\"text-justify\" style=\"text-align: justify\">El objetivo ha sido que aprendan conocimientos necesarios, acordes a su edad, que puedan ser determinantes a la hora de salvar vidas. C\u00f3mo actuar ante una situaci\u00f3n de emergencia sanitaria, detectar cuando alguien requiere asistencia urgente, as\u00ed como, a poner en pr\u00e1ctica las t\u00e9cnicas b\u00e1sicas de seguridad como la posici\u00f3n lateral de seguridad, t\u00e9cnicas de reanimaci\u00f3n&#8230; y algo tan importante como conocer el tel\u00e9fono de emergencia y poder seguir las instrucciones que desde \u00e9ste se les dar\u00eda. As\u00ed que se les ha ayudado a conocer el 112 y a usarlo de manera eficaz, se les ha explicado c\u00f3mo y cu\u00e1ndo deben llamar al tel\u00e9fono de emergencias y se les ha entregado pegatinas con el n\u00famero para que lo memoricen y lo tengan siempre visible.<\/p>\n<p>ngg_shortcode_10_placeholder<!--nextpage--><\/p>\n<p style=\"text-align: right\"><em>25<\/em><em>\/05\/22<\/em><\/p>\n<h5><span style=\"color: #ff6600\">NATURALIZA<\/span><\/h5>\n<p>Las ni\u00f1as y ni\u00f1os de 1\u00b0 han salido con su carnet de \u00abExploradores de los sentidos\u00bb al Parque Dehesa Boyal, acompa\u00f1ados de sus tutores, Nerea (alumna en pr\u00e1cticas) y la se\u00f1o de Ciencias.<\/p>\n<p>En el camino han tomado conciencia de que existe un carril bici que hay que respetar cuando caminamos, as\u00ed como tambi\u00e9n se han percatado de la basura que los ciudadanos arrojan al suelo y que ensucian nuestro entorno a la vista.<\/p>\n<p>Ya dentro del parque con ayuda de la t\u00e9cnico de Ecoembes, Cristina, hemos experimentado con nuestros sentidos empleando todo lo que el parque nos ofrec\u00eda a nuestro alrededor: Plantas, flores, frutos, insectos, aves, transportes, incluso agua fresquita de los periquitos&#8230;<\/p>\n<p>Lamentablemente, la ausencia de servicios (W.C.) y el apetito creciente, abierto con tanta exploraci\u00f3n, nos han obligado a volver al cole, donde tras experimentar con el sentido del gusto con sus desayunos, hemos continuado con juegos y exploraciones en el huerto del cole, donde han indagado observando de cerca y se han llevado un recuerdo de las plantas arom\u00e1ticas que se cultivan en \u00e9l: Lavanda y\/o romero.<\/p>\n<p>Para finalizar, han comenzado una bonita manualidad en la que hab\u00eda que tener claro para qu\u00e9 usamos cada uno de los sentidos y que terminar\u00e1n en los pr\u00f3ximos d\u00edas en clase de Ciencias.<\/p>\n<p>Como siempre, nuestros ni\u00f1os y ni\u00f1as han dado ejemplo de saber estar y su capacidad de observaci\u00f3n y reflexi\u00f3n sobre c\u00f3mo hemos de cuidar nuestro entorno m\u00e1s cercano y el medioambiente en general.<\/p>\n<p><a href=\"https:\/\/www.naturalizaeducacion.org\/\"><img loading=\"lazy\" decoding=\"async\" class=\"alignright wp-image-15336\" src=\"https:\/\/blogsaverroes.juntadeandalucia.es\/ceipblancadelosrios\/files\/2022\/05\/descarga.png\" alt=\"\" width=\"177\" height=\"178\" srcset=\"https:\/\/blogsaverroes.juntadeandalucia.es\/ceipblancadelosrios\/files\/2022\/05\/descarga.png 224w, https:\/\/blogsaverroes.juntadeandalucia.es\/ceipblancadelosrios\/files\/2022\/05\/descarga-150x150.png 150w, https:\/\/blogsaverroes.juntadeandalucia.es\/ceipblancadelosrios\/files\/2022\/05\/descarga-80x80.png 80w\" sizes=\"(max-width: 177px) 100vw, 177px\" \/><\/a><\/p>\nngg_shortcode_11_placeholder\n<p style=\"text-align: right\">&nbsp;<\/p>\n<p><!--nextpage--><\/p>\n<h5><span style=\"color: #ff6600\">GRANJA ESCUELA ENCINAR DE ESCARDIEL<\/span><\/h5>\n<p style=\"text-align: center\">Los ni\u00f1os y ni\u00f1as del 1\u00b0 Ciclo de Educaci\u00f3n Primaria han disfrutado de una fant\u00e1stica y soleada ma\u00f1ana en la Granja Escuela Encinar de Escardiel.<\/p>\n<p style=\"text-align: center\">Han realizado diversos talleres (de sales arom\u00e1ticas, plantaci\u00f3n de semillas), adem\u00e1s de visitar el huerto y la zona de animales (cerdos, ovejas, cabras, burros).<\/p>\n<p style=\"text-align: center\">Todo esto tras un magn\u00edfico desayuno que les ha dado energ\u00eda para disfrutar de cada una de las actividades.<\/p>\n<p style=\"text-align: right\"><img loading=\"lazy\" decoding=\"async\" class=\"aligncenter size-full wp-image-15122\" src=\"https:\/\/blogsaverroes.juntadeandalucia.es\/ceipblancadelosrios\/files\/2022\/02\/ENCINAR.png\" alt=\"\" width=\"374\" height=\"80\" srcset=\"https:\/\/blogsaverroes.juntadeandalucia.es\/ceipblancadelosrios\/files\/2022\/02\/ENCINAR.png 374w, https:\/\/blogsaverroes.juntadeandalucia.es\/ceipblancadelosrios\/files\/2022\/02\/ENCINAR-300x64.png 300w\" sizes=\"(max-width: 374px) 100vw, 374px\" \/><em>11<\/em><em>\/02\/22<\/em><\/p>\n<h5><span style=\"color: #ff6600\">Primero de Primaria<\/span><\/h5>\nngg_shortcode_12_placeholder\n<p style=\"text-align: right\"><em>18\/<\/em><em>02\/22<\/em><\/p>\n<h5><span style=\"color: #ff6600\">Segundo <\/span><span style=\"color: #ff6600\">&nbsp;de Primaria<\/span><\/h5>\n<p>ngg_shortcode_13_placeholder<!--nextpage--><\/p>\n<p style=\"text-align: right\"><em>27<\/em><em>\/01\/22<\/em><\/p>\n<h5><span style=\"color: #ff6600\">ACTIVIDADES CIRCENSES<\/span><\/h5>\n<p style=\"text-align: center\"><b>ACTIVIDAD ORGANIZADA POR LOS ESTUDIANTES DEL CICLO FORMATIVO DE GRADO SUPERIOR DE ENSE\u00d1ANZA Y ANIMACI\u00d3N SOCIODEPORTIVA<\/b><\/p>\n<p style=\"text-align: center\"><strong>IES CARMEN LAFF\u00d3N<\/strong><\/p>\n<p><span style=\"font-weight: 400\">La actividad ha comenzado con varios monitores recogi\u00e9ndonos en cada una de las aulas y gui\u00e1ndonos al polideportivo.&nbsp;<\/span><\/p>\n<p><span style=\"font-weight: 400\">El espacio del polideportivo y sus diferentes pistas estaban divididas en \u2018postas\u2019 cada una con diferente tem\u00e1tica. El alumnado dividido en peque\u00f1os grupos de 10 ni\u00f1os\/as aproximadamente iba rotando por las diferentes postas.&nbsp;<\/span><\/p>\n<p><span style=\"font-weight: 400\">Las postas eran variadas:<\/span><\/p>\n<ul>\n<li style=\"font-weight: 400\"><span style=\"font-weight: 400\">Orientaci\u00f3n<\/span><\/li>\n<li style=\"font-weight: 400\"><span style=\"font-weight: 400\">Pintacaras<\/span><\/li>\n<li style=\"font-weight: 400\"><span style=\"font-weight: 400\">Lanzamiento de bolos<\/span><\/li>\n<li style=\"font-weight: 400\"><span style=\"font-weight: 400\">Desplazamientos<\/span><\/li>\n<li style=\"font-weight: 400\"><span style=\"font-weight: 400\">Mimos<\/span><\/li>\n<li style=\"font-weight: 400\"><span style=\"font-weight: 400\">Etc<\/span><\/li>\n<\/ul>\n<p><span style=\"font-weight: 400\">Una vez todos los grupos hab\u00edan pasado por todas las postas nos hemos reunido en la pista central, dispuestos en 3 filas para asegurar la distancia de seguridad y han bailado dos canciones con los monitores.&nbsp;<\/span><\/p>\n<h5 style=\"text-align: center\"><strong>\u00a1Los peques lo han flipado!<\/strong><\/h5>\n<h5><span style=\"color: #ff6600\">Primero de Primaria<\/span><\/h5>\nngg_shortcode_14_placeholder\n<h5><span style=\"color: #ff6600\">Segundo de Primaria<\/span><\/h5>\nngg_shortcode_15_placeholder\n<p style=\"text-align: right\"><!--nextpage--><br \/>\n<em>14<\/em><em>\/01\/22<\/em><\/p>\n<h5><span style=\"color: #ff6600\">Concurso de elaboraci\u00f3n de marcap\u00e1ginas organizado por AFADI.<\/span><\/h5>\n<p style=\"text-align: center\">En esta edici\u00f3n han participado distintos alumnos de varios niveles que, previamente han trabajado en clase el tema de la discapacidad que se celebr\u00f3 el pasado d\u00eda 3 de diciembre.<\/p>\n<p style=\"text-align: center\">FELICIDADES a todos por participar y muy especialmente al alumno:<\/p>\n<h5 style=\"text-align: center\"><strong>\u00c1ngel Arenas Herrero de 2\u00b0A<\/strong><\/h5>\n<p style=\"text-align: center\"><em>(por ser uno de los premiados)<\/em><\/p>\n<p style=\"text-align: right\">&nbsp;<\/p>\n<p style=\"text-align: center\">Nuestro agradecimiento por su iniciativa, como cada a\u00f1o, a AFADI.<\/p>\n<p><img loading=\"lazy\" decoding=\"async\" class=\"wp-image-15030 alignright\" src=\"https:\/\/blogsaverroes.juntadeandalucia.es\/ceipblancadelosrios\/files\/2022\/01\/logo-afadi-3.jpeg\" alt=\"\" width=\"124\" height=\"135\"><\/p>\nngg_shortcode_16_placeholder\n","protected":false},"excerpt":{"rendered":"<p>Taller de Primeros Auxilios para 2\u00baEP. En el cole el alumnado han practicado ejercicios de RCP y maniobra de des-obstrucci\u00f3n de las v\u00edas a\u00e9reas. Este taller ha sido im organizado por el Ayuntamiento e&#46;&#46;&#46;<\/p>\n","protected":false},"author":2329,"featured_media":0,"parent":428,"menu_order":0,"comment_status":"closed","ping_status":"closed","template":"page-templates\/child-menu.php","meta":{"ngg_post_thumbnail":0,"footnotes":"","_mc_calendar":[]},"aioseo_notices":[],"_links":{"self":[{"href":"https:\/\/blogsaverroes.juntadeandalucia.es\/ceipblancadelosrios\/wp-json\/wp\/v2\/pages\/2366"}],"collection":[{"href":"https:\/\/blogsaverroes.juntadeandalucia.es\/ceipblancadelosrios\/wp-json\/wp\/v2\/pages"}],"about":[{"href":"https:\/\/blogsaverroes.juntadeandalucia.es\/ceipblancadelosrios\/wp-json\/wp\/v2\/types\/page"}],"author":[{"embeddable":true,"href":"https:\/\/blogsaverroes.juntadeandalucia.es\/ceipblancadelosrios\/wp-json\/wp\/v2\/users\/2329"}],"replies":[{"embeddable":true,"href":"https:\/\/blogsaverroes.juntadeandalucia.es\/ceipblancadelosrios\/wp-json\/wp\/v2\/comments?post=2366"}],"version-history":[{"count":25,"href":"https:\/\/blogsaverroes.juntadeandalucia.es\/ceipblancadelosrios\/wp-json\/wp\/v2\/pages\/2366\/revisions"}],"predecessor-version":[{"id":20229,"href":"https:\/\/blogsaverroes.juntadeandalucia.es\/ceipblancadelosrios\/wp-json\/wp\/v2\/pages\/2366\/revisions\/20229"}],"up":[{"embeddable":true,"href":"https:\/\/blogsaverroes.juntadeandalucia.es\/ceipblancadelosrios\/wp-json\/wp\/v2\/pages\/428"}],"wp:attachment":[{"href":"https:\/\/blogsaverroes.juntadeandalucia.es\/ceipblancadelosrios\/wp-json\/wp\/v2\/media?parent=2366"}],"curies":[{"name":"wp","href":"https:\/\/api.w.org\/{rel}","templated":true}]}}