{"id":2722,"date":"2017-10-19T01:06:27","date_gmt":"2017-10-18T23:06:27","guid":{"rendered":"http:\/\/blogsaverroes.juntadeandalucia.es\/ceipblancadelosrios\/?page_id=2722"},"modified":"2020-10-08T11:12:15","modified_gmt":"2020-10-08T09:12:15","slug":"educacion-infantil-2","status":"publish","type":"page","link":"https:\/\/blogsaverroes.juntadeandalucia.es\/ceipblancadelosrios\/fototeca\/actividades-educativas-201718\/educacion-infantil-2\/","title":{"rendered":"Educaci\u00f3n Infantil"},"content":{"rendered":"<ul>\n<li><span style=\"color: #ff0000\"><strong>26\/04\/2018:<\/strong><span style=\"color: #0000ff\"> \u00a1\u00a1Del huerto a la mesa!! Taller de cocina Infantil 5 a\u00f1os A. Recolectamos habas del huerto, las cocinamos y las probamos. \u00a1\u00a1\u00a1Est\u00e1n de rechupete!!!&nbsp;&nbsp;&nbsp; (<a href=\"https:\/\/wp.me\/P76aSc-1zw\">Enlace a fotos<\/a>)<\/span><\/span><\/li>\n<li><span style=\"color: #ff0000\"><strong>16\/04\/2018: <\/strong><span style=\"color: #0000ff\">El lunes 16 de abril, otro d\u00eda m\u00e1s de apadrinamiento de los alumnos de Quinto B y I5B y I5C. Vinieron a visitar el aula de Quinto y aprovechamos para intercambiar carn\u00e9 de padrinos y ahijados y para ense\u00f1arles el pasillo de las mujeres m\u00fasicas. El lunes anterior nos ense\u00f1aron los alumnos de infantil las mujeres deportistas y pintoras. (<a href=\"https:\/\/wp.me\/P76aSc-1oR\">Enlace a fotos<\/a>)<\/span> <\/span><\/li>\n<li><span style=\"color: #ff0000\"><strong>11\/04\/2018:<\/strong><span style=\"color: #0000ff\"> TALLER DE RCP (reanimaci\u00f3n cardiopulmonar)<br \/>\nLos ni\u00f1os y ni\u00f1as de cuatro a\u00f1os, han aprendido c\u00f3mo actuar en caso de presenciar un desvanecimiento y encontrarse solos. Gracias a dos madres preparadas para ello hemos puesto en pr\u00e1ctica las pautas de actuaci\u00f3n en tales situaciones. (<a href=\"https:\/\/wp.me\/P76aSc-1qP\">Enlace a fotos<\/a> y <a href=\"https:\/\/blogsaverroes.juntadeandalucia.es\/ceipblancadelosrios\/files\/2018\/04\/output.mp4\">enlace a video<\/a>)<\/span><\/span><\/li>\n<li><strong><span style=\"color: #ff0000\">15\/02\/2018: <\/span><\/strong><span style=\"color: #ff0000\"><span style=\"color: #0000ff\">Sesi\u00f3n de apadrinamiento lector entre Infantil 3 a\u00f1os A y 3\u00ba A de primaria. Ricardo y Eva han escenificado este apadrinamiento en el SUM con una divertida escenificaci\u00f3n denominada&nbsp; \u00abEl hechicero chapucero\u00bb&#8230;&nbsp; (<a href=\"https:\/\/wp.me\/P76aSc-1el\">Enlace a fotos<\/a> y <a href=\"https:\/\/blogsaverroes.juntadeandalucia.es\/ceipblancadelosrios\/files\/2018\/02\/VID-20180215-WA0060.mp4\">enlace a video<\/a>)<\/span><\/span><\/li>\n<li><span style=\"color: #ff0000\"><strong>05\/02\/2018:<\/strong><\/span> <span style=\"color: #0000ff\">Sesi\u00f3n de apadrinamiento lector entre 5\u00baB e Infantil 5 a\u00f1os B y C. Firmando contrato de apadrinamiento lector entre padrinos\/madrinas y ahijados\/ahijadas.<\/span>&nbsp; (<a href=\"https:\/\/wp.me\/P76aSc-19P\">Enlace a fotos<\/a>)<\/li>\n<li><span style=\"color: #000000\"><span style=\"color: #ff0000\"><strong>29\/10\/2017: <span style=\"color: #0000ff\">TALLER DE MAGIA EN INFANTIL DE 3<\/span><span style=\"color: #0000ff\"> A\u00d1OS.<\/span><\/strong><span style=\"color: #0000ff\"> Los trucos de&nbsp; Magia no son \u00fanicamente una forma de diversi\u00f3n, la magia puede&nbsp; desarrollar m\u00faltiples habilidades en los ni\u00f1os y las ni\u00f1as. La magia ense\u00f1a valores como el esfuerzo, la paciencia y el gusto por el trabajo bien hecho. Estimula la motricidad, potencia la creatividad, mejora la autoestima, fomenta el esp\u00edritu cr\u00edtico&#8230; Cualquier ni\u00f1@ es un mag@ en potencia porque ell@s llevan la magia dentro. <span style=\"color: #000000\">(<a href=\"https:\/\/wp.me\/P76aSc-Nh\">Enlace a fotos<\/a> y <a href=\"https:\/\/blogsaverroes.juntadeandalucia.es\/ceipblancadelosrios\/files\/2017\/11\/VID-20171029-WA0010-1.mp4\">enlace al v\u00eddeo<\/a>)<\/span><\/span><strong><br \/>\n<\/strong><\/span><\/span><\/li>\n<li><span style=\"color: #000000\"><span style=\"color: #ff0000\"><strong>18\/10\/2017: <\/strong><\/span><span style=\"color: #0000ff\">Tercero C y 3 a\u00f1os C comienzan hoy su apadrinamiento con una actividad de presentacion. Padrinos, madrinas, ahijadas y ahijados se conocen jugando y compartiendo.<\/span>&nbsp; (<a href=\"https:\/\/wp.me\/P76aSc-HA\">Enlace a fotos<\/a>) <\/span><\/li>\n<li><strong><span style=\"color: #ff0000\">16\/10\/2017<\/span><\/strong><span style=\"color: #ff0000\">: <span style=\"color: #000000\"><span style=\"color: #0000ff\">Los ni\u00f1os y ni\u00f1as de 5 a\u00f1os han comenzado este mes de Octubre con el taller de experimentos que realizar\u00e1n una vez al mes durante todo el curso. Para comenzar hemos experimentado con el huevo. Despu\u00e9s de observar sus caracter\u00edsticas, sobre todo su c\u00e1scara, lo hemos manipulado,&nbsp; sumergido en agua y&#8230; finalmente, en vinagre! Qu\u00e9 sucedi\u00f3? La c\u00e1scara desaparece y el huevo bota como una pelota. \u00abAhora est\u00e1 blandito\u00bb&#8230;<\/span>&nbsp; (Enlace a <a href=\"https:\/\/wp.me\/P76aSc-ET\"><span style=\"color: #ff0000\">fotos<\/span><\/a>)<\/span><\/span><\/li>\n<li><strong><span style=\"color: #ff0000\">04 y 05\/10\/2017: <\/span><\/strong><span style=\"color: #0000ff\">Este mes los peques de 5 a\u00f1os hemos realizado en el Taller de Pl\u00e1stica un dibujo colectivo por equipos. Cada uno nos hemos encargado de pintar de un color y entre todos hemos hecho y completado una gran obra de arte. Esperamos que os guste!!&nbsp;<span style=\"color: #000000\">(<a href=\"https:\/\/wp.me\/P76aSc-Ga\">Enlace a fotos<\/a>)<\/span><\/span><\/li>\n<li><strong><span style=\"color: #ff0000\">Infantil de 3 a\u00f1os A: <\/span><\/strong><span style=\"color: #0000ff\">Nuestros ni\u00f1os y ni\u00f1as de Infantil de 3 a\u00f1os A realizan diversas actividades en clase:&nbsp; <span style=\"color: #000000\">(<a href=\"https:\/\/wp.me\/P76aSc-H7\">Enlace a fotos<\/a>)<\/span><\/span>\n<ol style=\"list-style-type: lower-alpha\">\n<li><em><span style=\"color: #0000ff\">\u00a1YO pinto, T\u00da pintas, \u00c9L pinta&#8230;!<\/span><\/em><\/li>\n<li><em><span style=\"color: #0000ff\">Primer contacto con el ARTE, los chicos y chicas reciben el oto\u00f1o de una forma pl\u00e1stica&#8230;<\/span><\/em><\/li>\n<li><em><span style=\"color: #0000ff\">Rinc\u00f3n de lectura en marcha&#8230; Un ambiente colorista, desenfadado, motivador con la silla en-cantada donde por \u00abarte de magia\u00bb los vuelve lectores en un \u00abplis plas\u00bb.<\/span><\/em><\/li>\n<li><em><span style=\"color: #0000ff\">Juego cooperativo y visionado de peli.<\/span><\/em><\/li>\n<li><em><span style=\"color: #0000ff\">En clase las plantas ir\u00e1n creciendo como nuestros ni\u00f1os, a ellas las regamos con agua y cari\u00f1o y a nuestros ni\u00f1os y ni\u00f1as con aprendizaje y cari\u00f1o.&nbsp;&nbsp;<\/span><\/em><\/li>\n<li><em><span style=\"color: #0000ff\">Las emoci\u00f3n es un estado de \u00e1nimo como respuesta a impresiones que implican expresiones faciales, posturas, gestos, cambios de tono de voz&#8230;; el mundo de los \u00abmonstruos\u00bb&nbsp; proporciona a los peque\u00f1os toda una puerta al aprendizaje de sus emociones&#8230;<\/span><\/em><\/li>\n<li><em><span style=\"color: #0000ff\">En clase pueden suceder cosas fant\u00e1sticas, tan cotidianas y reconocibles por los ni\u00f1os y ni\u00f1as en Educaci\u00f3n Infantil y solo presentes en los cuentos. Este oto\u00f1o convierte las hojas de los \u00e1rboles en manos de ni\u00f1os dispuestas a hacer e inventar mil aventuras&#8230;<\/span><\/em><\/li>\n<li><em><span style=\"color: #0000ff\">La mesas de luz es un recurso tan m\u00e1gico y especial que el aprendizaje se convierte en una experiencia divertida y \u00fanica. Un est\u00edmulo sensorial visual maravilloso&#8230; &nbsp;&nbsp;<\/span><\/em><\/li>\n<li><em><span style=\"color: #0000ff\">La expresi\u00f3n pl\u00e1stica en general y la pintura en particular siempre han sido consideradas como \u00ababurridas\u00bb.<br \/>\nEl objetivo es fomentar este tipo de expresi\u00f3n en la que los chicos y chicas pongan en juego su creatividad, su capacidad de decisi\u00f3n sobre la manipulaci\u00f3n de nuevos recursos y materiales para ellos.<br \/>\nEsta actividad es libre, siempre presente en clase, y cada chic@ decide cu\u00e1ndo quiere participar&#8230; &nbsp; <\/span><\/em><\/li>\n<\/ol>\n<\/li>\n<\/ul>\n","protected":false},"excerpt":{"rendered":"<p>26\/04\/2018: \u00a1\u00a1Del huerto a la mesa!! Taller de cocina Infantil 5 a\u00f1os A. Recolectamos habas del huerto, las cocinamos y las probamos. \u00a1\u00a1\u00a1Est\u00e1n de rechupete!!!&nbsp;&nbsp;&nbsp; (Enlace a fotos) 16\/04\/2018: El lunes 16 de abril,&#46;&#46;&#46;<\/p>\n","protected":false},"author":2329,"featured_media":0,"parent":2378,"menu_order":0,"comment_status":"closed","ping_status":"closed","template":"page-templates\/child-menu.php","meta":{"ngg_post_thumbnail":0,"footnotes":"","_mc_calendar":[]},"aioseo_notices":[],"_links":{"self":[{"href":"https:\/\/blogsaverroes.juntadeandalucia.es\/ceipblancadelosrios\/wp-json\/wp\/v2\/pages\/2722"}],"collection":[{"href":"https:\/\/blogsaverroes.juntadeandalucia.es\/ceipblancadelosrios\/wp-json\/wp\/v2\/pages"}],"about":[{"href":"https:\/\/blogsaverroes.juntadeandalucia.es\/ceipblancadelosrios\/wp-json\/wp\/v2\/types\/page"}],"author":[{"embeddable":true,"href":"https:\/\/blogsaverroes.juntadeandalucia.es\/ceipblancadelosrios\/wp-json\/wp\/v2\/users\/2329"}],"replies":[{"embeddable":true,"href":"https:\/\/blogsaverroes.juntadeandalucia.es\/ceipblancadelosrios\/wp-json\/wp\/v2\/comments?post=2722"}],"version-history":[{"count":19,"href":"https:\/\/blogsaverroes.juntadeandalucia.es\/ceipblancadelosrios\/wp-json\/wp\/v2\/pages\/2722\/revisions"}],"predecessor-version":[{"id":6048,"href":"https:\/\/blogsaverroes.juntadeandalucia.es\/ceipblancadelosrios\/wp-json\/wp\/v2\/pages\/2722\/revisions\/6048"}],"up":[{"embeddable":true,"href":"https:\/\/blogsaverroes.juntadeandalucia.es\/ceipblancadelosrios\/wp-json\/wp\/v2\/pages\/2378"}],"wp:attachment":[{"href":"https:\/\/blogsaverroes.juntadeandalucia.es\/ceipblancadelosrios\/wp-json\/wp\/v2\/media?parent=2722"}],"curies":[{"name":"wp","href":"https:\/\/api.w.org\/{rel}","templated":true}]}}