{"id":3475,"date":"2018-01-05T12:49:29","date_gmt":"2018-01-05T11:49:29","guid":{"rendered":"http:\/\/blogsaverroes.juntadeandalucia.es\/ceipblancadelosrios\/?page_id=3475"},"modified":"2020-10-08T11:06:46","modified_gmt":"2020-10-08T09:06:46","slug":"navidad","status":"publish","type":"page","link":"https:\/\/blogsaverroes.juntadeandalucia.es\/ceipblancadelosrios\/fototeca\/actividades-educativas-201718\/navidad\/","title":{"rendered":"Navidad"},"content":{"rendered":"<p><img loading=\"lazy\" decoding=\"async\" class=\"aligncenter size-full wp-image-3267\" src=\"https:\/\/blogsaverroes.juntadeandalucia.es\/ceipblancadelosrios\/files\/2017\/12\/PROGRAMA-NAVIDAD-2017-CEIP-BLANCA-DE-LOS-R\u00cdO1_001.jpg\" alt=\"\" width=\"842\" height=\"595\" srcset=\"https:\/\/blogsaverroes.juntadeandalucia.es\/ceipblancadelosrios\/files\/2017\/12\/PROGRAMA-NAVIDAD-2017-CEIP-BLANCA-DE-LOS-R\u00cdO1_001.jpg 842w, https:\/\/blogsaverroes.juntadeandalucia.es\/ceipblancadelosrios\/files\/2017\/12\/PROGRAMA-NAVIDAD-2017-CEIP-BLANCA-DE-LOS-R\u00cdO1_001-300x212.jpg 300w, https:\/\/blogsaverroes.juntadeandalucia.es\/ceipblancadelosrios\/files\/2017\/12\/PROGRAMA-NAVIDAD-2017-CEIP-BLANCA-DE-LOS-R\u00cdO1_001-768x543.jpg 768w, https:\/\/blogsaverroes.juntadeandalucia.es\/ceipblancadelosrios\/files\/2017\/12\/PROGRAMA-NAVIDAD-2017-CEIP-BLANCA-DE-LOS-R\u00cdO1_001-800x565.jpg 800w, https:\/\/blogsaverroes.juntadeandalucia.es\/ceipblancadelosrios\/files\/2017\/12\/PROGRAMA-NAVIDAD-2017-CEIP-BLANCA-DE-LOS-R\u00cdO1_001-24x17.jpg 24w, https:\/\/blogsaverroes.juntadeandalucia.es\/ceipblancadelosrios\/files\/2017\/12\/PROGRAMA-NAVIDAD-2017-CEIP-BLANCA-DE-LOS-R\u00cdO1_001-36x25.jpg 36w, https:\/\/blogsaverroes.juntadeandalucia.es\/ceipblancadelosrios\/files\/2017\/12\/PROGRAMA-NAVIDAD-2017-CEIP-BLANCA-DE-LOS-R\u00cdO1_001-48x34.jpg 48w\" sizes=\"(max-width: 842px) 100vw, 842px\" \/><\/p>\n<ul>\n<li><span style=\"color: #0000ff\">SS.MM. Los Reyes Magos del colegio, entregan una aportaci\u00f3n econ\u00f3mica a FUNDAME (Fundaci\u00f3n Atrofia Muscular Espinal).&nbsp; (<a href=\"https:\/\/wp.me\/P76aSc-11U\">Enlace a fotos)<\/a><\/span><\/li>\n<li><span style=\"color: #0000ff\">Actuaciones de los ni\u00f1os y las ni\u00f1as de Educaci\u00f3n Infantil y Primaria.&nbsp; <a href=\"https:\/\/wp.me\/P76aSc-YY\">(Enlace a fotos)<\/a><\/span><span style=\"color: #0000ff\"><br \/>\n<\/span><\/li>\n<li><span style=\"color: #0000ff\">El \u00abambiente navide\u00f1o\u00bb invade nuestro centro antes de comenzar las clases, muy temprano se celebra la llegada de la Navidad&#8230; <a href=\"https:\/\/wp.me\/P76aSc-Zl\">(Enlace a fotos)<\/a><\/span><\/li>\n<li><span style=\"color: #0000ff\">Cuando el maestro \u00c1ngel, nos habl\u00f3 del proyecto \u00abNi\u00f1os de la Navidad\u00bb, la clase de sexto A, no dud\u00f3 en colaborar. Hemos recogido materiales, recolectado dinero, comprado los regalos, montado las cajitas, clasificado los materiales, rellenado y etiquetado las cajas&#8230;.<\/span><br \/>\n<span style=\"color: #0000ff\">Un proyecto con el que hemos aprendido entre otras muchas cosas, a trabajar en equipo y a sentirnos bien compartiendo con los que menos tienen. Estamos muy ilusionados de pensar en cuando abran sus cajitas llenas de regalos. (<a href=\"https:\/\/wp.me\/P76aSc-109\">Enlace a fotos<\/a> y <a href=\"https:\/\/wp.me\/a76aSc-10d\">enlace a video)<\/a><\/span><\/li>\n<li><span style=\"color: #0000ff\">Ir a visitar a nuestros mayores en estos d\u00edas tan entra\u00f1ables y familiares nos llena de amor y paz; 4\u00b0A, B y C visitan la Residencia Vitalia para llenar de villancicos baile sonrisas y regalos a los abuelitos. Una experiencia maravillosa para todos, alumnado y mayores. <a href=\"https:\/\/wp.me\/P76aSc-10o\">(Enlace a fotos)<\/a><\/span>&nbsp;&nbsp; <span style=\"color: #0000ff\">(<a href=\"https:\/\/blogsaverroes.juntadeandalucia.es\/ceipblancadelosrios\/files\/2018\/02\/VID-20180213-WA0022.mp4\">Enlace a video<\/a>)<\/span><\/li>\n<li><span style=\"color: #0000ff\">Visitar los Belenes es algo recurrente en estas fiestas, nuestro alumnado de 4\u00ba no se lo han querido perder y se han ido a Sevilla. Partiendo de la Plaza de la Encarnaci\u00f3n visitamos la Hermandad de los Panaderos con popurr\u00ed de villancicos de Don Federico; a continuaci\u00f3n visita al Bel\u00e9n de Cajasol y a la Iglesia del Salvador.Terminamos con Bel\u00e9n de San Juan de Di\u00f3s y del Ayuntamiento de camino al bus&#8230; <a href=\"https:\/\/wp.me\/P76aSc-10X\">(Enlace a fotos<\/a> y <a href=\"https:\/\/wp.me\/a76aSc-10V\">enlace al v\u00eddeo)<\/a><\/span><\/li>\n<li><span style=\"color: #0000ff\">En estas fechas, tambi\u00e9n hay un rinc\u00f3n reservado a la lectura, mayores y peque\u00f1os se reunen para leer. La motiviaci\u00f3n a la lectura es un pilar b\u00e1sico en el desarrollo intelectual de nuestros ni\u00f1os y ni\u00f1as. CUARTO B PADRINOS DE 4 A\u00d1OS B. Los ni\u00f1os y ni\u00f1as disfrutan con la lectura conjunta en nuestra biblioteca.&nbsp; <a href=\"https:\/\/wp.me\/P76aSc-11o\">(Enlace a fotos)<\/a><\/span><\/li>\n<\/ul>\n","protected":false},"excerpt":{"rendered":"<p>SS.MM. Los Reyes Magos del colegio, entregan una aportaci\u00f3n econ\u00f3mica a FUNDAME (Fundaci\u00f3n Atrofia Muscular Espinal).&nbsp; (Enlace a fotos) Actuaciones de los ni\u00f1os y las ni\u00f1as de Educaci\u00f3n Infantil y Primaria.&nbsp; (Enlace a fotos)&#46;&#46;&#46;<\/p>\n","protected":false},"author":2329,"featured_media":0,"parent":2378,"menu_order":0,"comment_status":"closed","ping_status":"closed","template":"page-templates\/child-menu.php","meta":{"ngg_post_thumbnail":0,"footnotes":"","_mc_calendar":[]},"aioseo_notices":[],"_links":{"self":[{"href":"https:\/\/blogsaverroes.juntadeandalucia.es\/ceipblancadelosrios\/wp-json\/wp\/v2\/pages\/3475"}],"collection":[{"href":"https:\/\/blogsaverroes.juntadeandalucia.es\/ceipblancadelosrios\/wp-json\/wp\/v2\/pages"}],"about":[{"href":"https:\/\/blogsaverroes.juntadeandalucia.es\/ceipblancadelosrios\/wp-json\/wp\/v2\/types\/page"}],"author":[{"embeddable":true,"href":"https:\/\/blogsaverroes.juntadeandalucia.es\/ceipblancadelosrios\/wp-json\/wp\/v2\/users\/2329"}],"replies":[{"embeddable":true,"href":"https:\/\/blogsaverroes.juntadeandalucia.es\/ceipblancadelosrios\/wp-json\/wp\/v2\/comments?post=3475"}],"version-history":[{"count":24,"href":"https:\/\/blogsaverroes.juntadeandalucia.es\/ceipblancadelosrios\/wp-json\/wp\/v2\/pages\/3475\/revisions"}],"predecessor-version":[{"id":13928,"href":"https:\/\/blogsaverroes.juntadeandalucia.es\/ceipblancadelosrios\/wp-json\/wp\/v2\/pages\/3475\/revisions\/13928"}],"up":[{"embeddable":true,"href":"https:\/\/blogsaverroes.juntadeandalucia.es\/ceipblancadelosrios\/wp-json\/wp\/v2\/pages\/2378"}],"wp:attachment":[{"href":"https:\/\/blogsaverroes.juntadeandalucia.es\/ceipblancadelosrios\/wp-json\/wp\/v2\/media?parent=3475"}],"curies":[{"name":"wp","href":"https:\/\/api.w.org\/{rel}","templated":true}]}}