{"id":3982,"date":"2018-01-28T18:51:47","date_gmt":"2018-01-28T17:51:47","guid":{"rendered":"http:\/\/blogsaverroes.juntadeandalucia.es\/ceipblancadelosrios\/?page_id=3982"},"modified":"2020-10-08T11:05:50","modified_gmt":"2020-10-08T09:05:50","slug":"dia-de-la-paz","status":"publish","type":"page","link":"https:\/\/blogsaverroes.juntadeandalucia.es\/ceipblancadelosrios\/fototeca\/actividades-educativas-201718\/dia-de-la-paz\/","title":{"rendered":"D\u00eda de la Paz"},"content":{"rendered":"<ul>\n<li><span style=\"color: #0000ff\">Para preparar esta festividad, durante toda la ma\u00f1ana del viernes 26 de enero, dos representantes de la ONG \u00abAMIGOS DEL SAHARA\u00bb de San Jos\u00e9 de la Rinconada, han dado una charla y visionado v\u00eddeos con todo el alumnado del centro referente a la situaci\u00f3n que sufre este pueblo desde hace mucho tiempo.&nbsp; (<a href=\"https:\/\/wp.me\/P76aSc-12X\">Enlace a fotos<\/a> y <a href=\"https:\/\/blogsaverroes.juntadeandalucia.es\/ceipblancadelosrios\/files\/2018\/01\/VID-20180124-WA0005.mp4\">enlace a video<\/a>)<br \/>\n<\/span><\/li>\n<li><span style=\"color: #0000ff\">D\u00eda 30 de enero, celebramos en el colegio el D\u00eda de la Paz y No Violencia. La climatolog\u00eda, el buen ambiente, la participaci\u00f3n y lo recaudado, han contribuido a que hoy haya sido un d\u00eda grande para esta comunidad educativa. (<a href=\"https:\/\/wp.me\/P76aSc-15L\">Enlace a fotos)<\/a>&nbsp;&nbsp; (Enlace a <a href=\"https:\/\/blogsaverroes.juntadeandalucia.es\/ceipblancadelosrios\/files\/2018\/01\/1517354037.mp4\">video I<\/a>, <a href=\"https:\/\/blogsaverroes.juntadeandalucia.es\/ceipblancadelosrios\/files\/2018\/01\/VID-20180130-WA0071.mp4\">video II<\/a>, <a href=\"https:\/\/blogsaverroes.juntadeandalucia.es\/ceipblancadelosrios\/files\/2018\/01\/VID-20180130-WA0070.mp4\">video III<\/a> y <a href=\"https:\/\/blogsaverroes.juntadeandalucia.es\/ceipblancadelosrios\/files\/2018\/01\/VID-20180131-WA0005.mp4\">video IV<\/a>)<br \/>\n<\/span><\/li>\n<\/ul>\n","protected":false},"excerpt":{"rendered":"<p>Para preparar esta festividad, durante toda la ma\u00f1ana del viernes 26 de enero, dos representantes de la ONG \u00abAMIGOS DEL SAHARA\u00bb de San Jos\u00e9 de la Rinconada, han dado una charla y visionado v\u00eddeos&#46;&#46;&#46;<\/p>\n","protected":false},"author":2329,"featured_media":0,"parent":2378,"menu_order":0,"comment_status":"closed","ping_status":"closed","template":"page-templates\/child-menu.php","meta":{"ngg_post_thumbnail":0,"footnotes":"","_mc_calendar":[]},"aioseo_notices":[],"_links":{"self":[{"href":"https:\/\/blogsaverroes.juntadeandalucia.es\/ceipblancadelosrios\/wp-json\/wp\/v2\/pages\/3982"}],"collection":[{"href":"https:\/\/blogsaverroes.juntadeandalucia.es\/ceipblancadelosrios\/wp-json\/wp\/v2\/pages"}],"about":[{"href":"https:\/\/blogsaverroes.juntadeandalucia.es\/ceipblancadelosrios\/wp-json\/wp\/v2\/types\/page"}],"author":[{"embeddable":true,"href":"https:\/\/blogsaverroes.juntadeandalucia.es\/ceipblancadelosrios\/wp-json\/wp\/v2\/users\/2329"}],"replies":[{"embeddable":true,"href":"https:\/\/blogsaverroes.juntadeandalucia.es\/ceipblancadelosrios\/wp-json\/wp\/v2\/comments?post=3982"}],"version-history":[{"count":11,"href":"https:\/\/blogsaverroes.juntadeandalucia.es\/ceipblancadelosrios\/wp-json\/wp\/v2\/pages\/3982\/revisions"}],"predecessor-version":[{"id":4217,"href":"https:\/\/blogsaverroes.juntadeandalucia.es\/ceipblancadelosrios\/wp-json\/wp\/v2\/pages\/3982\/revisions\/4217"}],"up":[{"embeddable":true,"href":"https:\/\/blogsaverroes.juntadeandalucia.es\/ceipblancadelosrios\/wp-json\/wp\/v2\/pages\/2378"}],"wp:attachment":[{"href":"https:\/\/blogsaverroes.juntadeandalucia.es\/ceipblancadelosrios\/wp-json\/wp\/v2\/media?parent=3982"}],"curies":[{"name":"wp","href":"https:\/\/api.w.org\/{rel}","templated":true}]}}