{"id":42,"date":"2015-03-13T08:40:47","date_gmt":"2015-03-13T08:40:47","guid":{"rendered":"http:\/\/blogsaverroes.juntadeandalucia.es\/pre\/ceip\/?page_id=42"},"modified":"2022-09-08T17:50:20","modified_gmt":"2022-09-08T15:50:20","slug":"equipo-directivo","status":"publish","type":"page","link":"https:\/\/blogsaverroes.juntadeandalucia.es\/ceipblancadelosrios\/equipo-directivo\/","title":{"rendered":"Equipo directivo"},"content":{"rendered":"<h3><img loading=\"lazy\" decoding=\"async\" class=\"size-full wp-image-13708 alignleft\" src=\"https:\/\/blogsaverroes.juntadeandalucia.es\/ceipblancadelosrios\/files\/2020\/09\/EQUIPO_DIRECTIVO1.png\" alt=\"\" width=\"300\" height=\"150\" srcset=\"https:\/\/blogsaverroes.juntadeandalucia.es\/ceipblancadelosrios\/files\/2020\/09\/EQUIPO_DIRECTIVO1.png 300w, https:\/\/blogsaverroes.juntadeandalucia.es\/ceipblancadelosrios\/files\/2020\/09\/EQUIPO_DIRECTIVO1-24x12.png 24w, https:\/\/blogsaverroes.juntadeandalucia.es\/ceipblancadelosrios\/files\/2020\/09\/EQUIPO_DIRECTIVO1-36x18.png 36w, https:\/\/blogsaverroes.juntadeandalucia.es\/ceipblancadelosrios\/files\/2020\/09\/EQUIPO_DIRECTIVO1-48x24.png 48w\" sizes=\"(max-width: 300px) 100vw, 300px\" \/><\/h3>\n<h3>&nbsp;<\/h3>\n<h3>&nbsp;<\/h3>\n<h3>&nbsp;<\/h3>\n<h3><img loading=\"lazy\" decoding=\"async\" class=\"alignright wp-image-13710\" src=\"https:\/\/blogsaverroes.juntadeandalucia.es\/ceipblancadelosrios\/files\/2020\/09\/gif-tres-la\u0301pices.gif\" alt=\"\" width=\"262\" height=\"243\"><\/h3>\n<h3>&nbsp;<\/h3>\n<h3><big><em>&#8211; Directora:<\/em> <strong>Ana Mar\u00eda Fern\u00e1ndez Gonz\u00e1lez<\/strong><\/big><br \/>\n<big><em> &#8211; Jefa de estudios:<\/em><strong> Sandra Galindo Fern\u00e1ndez<\/strong><\/big><br \/>\n<em>&#8211; <\/em><big><em>Secretaria:<\/em> <strong>Mercedes Romero Gil<\/strong><\/big><\/h3>\n<h3>&nbsp;<\/h3>\n","protected":false},"excerpt":{"rendered":"<p>&nbsp; &nbsp; &nbsp; &nbsp; &#8211; Directora: Ana Mar\u00eda Fern\u00e1ndez Gonz\u00e1lez &#8211; Jefa de estudios: Sandra Galindo Fern\u00e1ndez &#8211; Secretaria: Mercedes Romero Gil &nbsp;<\/p>\n","protected":false},"author":1,"featured_media":0,"parent":0,"menu_order":0,"comment_status":"open","ping_status":"open","template":"","meta":{"ngg_post_thumbnail":0,"footnotes":"","_mc_calendar":[]},"aioseo_notices":[],"_links":{"self":[{"href":"https:\/\/blogsaverroes.juntadeandalucia.es\/ceipblancadelosrios\/wp-json\/wp\/v2\/pages\/42"}],"collection":[{"href":"https:\/\/blogsaverroes.juntadeandalucia.es\/ceipblancadelosrios\/wp-json\/wp\/v2\/pages"}],"about":[{"href":"https:\/\/blogsaverroes.juntadeandalucia.es\/ceipblancadelosrios\/wp-json\/wp\/v2\/types\/page"}],"author":[{"embeddable":true,"href":"https:\/\/blogsaverroes.juntadeandalucia.es\/ceipblancadelosrios\/wp-json\/wp\/v2\/users\/1"}],"replies":[{"embeddable":true,"href":"https:\/\/blogsaverroes.juntadeandalucia.es\/ceipblancadelosrios\/wp-json\/wp\/v2\/comments?post=42"}],"version-history":[{"count":13,"href":"https:\/\/blogsaverroes.juntadeandalucia.es\/ceipblancadelosrios\/wp-json\/wp\/v2\/pages\/42\/revisions"}],"predecessor-version":[{"id":15373,"href":"https:\/\/blogsaverroes.juntadeandalucia.es\/ceipblancadelosrios\/wp-json\/wp\/v2\/pages\/42\/revisions\/15373"}],"wp:attachment":[{"href":"https:\/\/blogsaverroes.juntadeandalucia.es\/ceipblancadelosrios\/wp-json\/wp\/v2\/media?parent=42"}],"curies":[{"name":"wp","href":"https:\/\/api.w.org\/{rel}","templated":true}]}}