{"id":424,"date":"2015-03-20T07:05:20","date_gmt":"2015-03-20T07:05:20","guid":{"rendered":"http:\/\/blogsaverroes.juntadeandalucia.es\/pre\/ceip\/?page_id=424"},"modified":"2017-09-16T22:21:22","modified_gmt":"2017-09-16T20:21:22","slug":"educacion-infantil","status":"publish","type":"page","link":"https:\/\/blogsaverroes.juntadeandalucia.es\/ceipblancadelosrios\/educacion-infantil\/","title":{"rendered":"Educaci\u00f3n infantil"},"content":{"rendered":"<p><a href=\"http:\/\/blogsaverroes.juntadeandalucia.es\/pre\/ceip\/files\/2015\/03\/letra.jpg\"><img loading=\"lazy\" decoding=\"async\" class=\"alignnone size-medium wp-image-465\" src=\"http:\/\/blogsaverroes.juntadeandalucia.es\/pre\/ceip\/files\/2015\/03\/letra-300x212.jpg\" alt=\"letra\" width=\"300\" height=\"212\"><\/a><\/p>\n<p>La Educaci\u00f3n Infantil&nbsp;es la etapa educativa que atiende a ni\u00f1as y ni\u00f1os <strong>desde el nacimiento hasta los seis a\u00f1os <\/strong>con la finalidad de contribuir a su desarrollo f\u00edsico, afectivo, social e intelectual. Se ordena en dos ciclos: el primero comprende hasta los tres a\u00f1os; el segundo, que es gratuito, va&nbsp;desde los tres a los seis a\u00f1os de edad.<\/p>\n<p>Teniendo&nbsp;<strong>car\u00e1cter voluntario<\/strong>, este segundo ciclo se ha generalizado en toda Espa\u00f1a, de modo que en la actualidad pr\u00e1cticamente el 100% de los ni\u00f1os y ni\u00f1as de 3 a 6 a\u00f1os acuden al colegio de manera gratuita. La escolarizaci\u00f3n temprana se considera un gran logro que incidir\u00e1 positivamente en la mejora del rendimiento escolar futuro.<\/p>\n<p>En&nbsp;los dos&nbsp;ciclos de la Educaci\u00f3n Infantil se atiende progresivamente al desarrollo afectivo, al movimiento y a los h\u00e1bitos de control corporal, a las manifestaciones de la comunicaci\u00f3n y del lenguaje, a las pautas elementales de convivencia y relaci\u00f3n social, as\u00ed como al descubrimiento de las caracter\u00edsticas f\u00edsicas y sociales del medio. Adem\u00e1s se&nbsp;propicia que ni\u00f1as y ni\u00f1os&nbsp;logren una imagen positiva y equilibrada de s\u00ed mismos&nbsp;y adquieran autonom\u00eda personal.<\/p>\n<p>&nbsp;<\/p>\n","protected":false},"excerpt":{"rendered":"<p>La Educaci\u00f3n Infantil&nbsp;es la etapa educativa que atiende a ni\u00f1as y ni\u00f1os desde el nacimiento hasta los seis a\u00f1os con la finalidad de contribuir a su desarrollo f\u00edsico, afectivo, social e intelectual. Se ordena&#46;&#46;&#46;<\/p>\n","protected":false},"author":1,"featured_media":0,"parent":0,"menu_order":0,"comment_status":"open","ping_status":"open","template":"page-templates\/child-menu.php","meta":{"ngg_post_thumbnail":0,"footnotes":"","_mc_calendar":[]},"aioseo_notices":[],"_links":{"self":[{"href":"https:\/\/blogsaverroes.juntadeandalucia.es\/ceipblancadelosrios\/wp-json\/wp\/v2\/pages\/424"}],"collection":[{"href":"https:\/\/blogsaverroes.juntadeandalucia.es\/ceipblancadelosrios\/wp-json\/wp\/v2\/pages"}],"about":[{"href":"https:\/\/blogsaverroes.juntadeandalucia.es\/ceipblancadelosrios\/wp-json\/wp\/v2\/types\/page"}],"author":[{"embeddable":true,"href":"https:\/\/blogsaverroes.juntadeandalucia.es\/ceipblancadelosrios\/wp-json\/wp\/v2\/users\/1"}],"replies":[{"embeddable":true,"href":"https:\/\/blogsaverroes.juntadeandalucia.es\/ceipblancadelosrios\/wp-json\/wp\/v2\/comments?post=424"}],"version-history":[{"count":2,"href":"https:\/\/blogsaverroes.juntadeandalucia.es\/ceipblancadelosrios\/wp-json\/wp\/v2\/pages\/424\/revisions"}],"predecessor-version":[{"id":2342,"href":"https:\/\/blogsaverroes.juntadeandalucia.es\/ceipblancadelosrios\/wp-json\/wp\/v2\/pages\/424\/revisions\/2342"}],"wp:attachment":[{"href":"https:\/\/blogsaverroes.juntadeandalucia.es\/ceipblancadelosrios\/wp-json\/wp\/v2\/media?parent=424"}],"curies":[{"name":"wp","href":"https:\/\/api.w.org\/{rel}","templated":true}]}}