{"id":44,"date":"2015-03-13T08:42:15","date_gmt":"2015-03-13T08:42:15","guid":{"rendered":"http:\/\/blogsaverroes.juntadeandalucia.es\/pre\/ceip\/?page_id=44"},"modified":"2020-10-07T12:51:19","modified_gmt":"2020-10-07T10:51:19","slug":"planes-y-proyectos","status":"publish","type":"page","link":"https:\/\/blogsaverroes.juntadeandalucia.es\/ceipblancadelosrios\/planes-y-proyectos\/","title":{"rendered":"Planes y Programas"},"content":{"rendered":"<p>Cada centro personaliza y adapta su Proyecto Educativo adheriendose a diferentes <strong>Planes y Programas<\/strong> promovidos desde la Consejer\u00eda de Educaci\u00f3n y Deporte.<\/p>\n<p>A continuaci\u00f3n se muestran aquellos a los que nuestro centro se encuentra adherido <em>(pulsa sobre la imagen para tener m\u00e1s informaci\u00f3n)<\/em><\/p>\n<h1 class=\"portlet-title\"><a href=\"https:\/\/www.juntadeandalucia.es\/educacion\/portals\/web\/plurilinguismo\"><img loading=\"lazy\" decoding=\"async\" class=\"wp-image-13814 alignright\" src=\"https:\/\/blogsaverroes.juntadeandalucia.es\/ceipblancadelosrios\/files\/2020\/10\/plurilinguismo.jpg\" alt=\"\" width=\"208\" height=\"104\" srcset=\"https:\/\/blogsaverroes.juntadeandalucia.es\/ceipblancadelosrios\/files\/2020\/10\/plurilinguismo.jpg 400w, https:\/\/blogsaverroes.juntadeandalucia.es\/ceipblancadelosrios\/files\/2020\/10\/plurilinguismo-300x150.jpg 300w, https:\/\/blogsaverroes.juntadeandalucia.es\/ceipblancadelosrios\/files\/2020\/10\/plurilinguismo-24x12.jpg 24w, https:\/\/blogsaverroes.juntadeandalucia.es\/ceipblancadelosrios\/files\/2020\/10\/plurilinguismo-36x18.jpg 36w, https:\/\/blogsaverroes.juntadeandalucia.es\/ceipblancadelosrios\/files\/2020\/10\/plurilinguismo-48x24.jpg 48w\" sizes=\"(max-width: 208px) 100vw, 208px\" \/><\/a><\/h1>\n<p>&nbsp;<\/p>\n<p style=\"text-align: justify\">El aprendizaje de idiomas es uno de los m\u00e1s importantes objetivos en nuestro sistema educativo, y<strong> la ense\u00f1anza biling\u00fce<\/strong> es, no la \u00fanica, pero s\u00ed una muy importante para la adquisici\u00f3n de la competencia ling\u00fc\u00edstica entre nuestro alumnado.<\/p>\n<p>&nbsp;<\/p>\n<div class=\"inner_cuerpo\">\n<p><a href=\"https:\/\/www.juntadeandalucia.es\/educacion\/portals\/web\/igualdad\"><img loading=\"lazy\" decoding=\"async\" class=\"wp-image-13816 alignleft\" src=\"https:\/\/blogsaverroes.juntadeandalucia.es\/ceipblancadelosrios\/files\/2020\/10\/igualdad.png\" alt=\"\" width=\"348\" height=\"58\" srcset=\"https:\/\/blogsaverroes.juntadeandalucia.es\/ceipblancadelosrios\/files\/2020\/10\/igualdad.png 1200w, https:\/\/blogsaverroes.juntadeandalucia.es\/ceipblancadelosrios\/files\/2020\/10\/igualdad-300x50.png 300w, https:\/\/blogsaverroes.juntadeandalucia.es\/ceipblancadelosrios\/files\/2020\/10\/igualdad-800x133.png 800w, https:\/\/blogsaverroes.juntadeandalucia.es\/ceipblancadelosrios\/files\/2020\/10\/igualdad-768x128.png 768w, https:\/\/blogsaverroes.juntadeandalucia.es\/ceipblancadelosrios\/files\/2020\/10\/igualdad-24x4.png 24w, https:\/\/blogsaverroes.juntadeandalucia.es\/ceipblancadelosrios\/files\/2020\/10\/igualdad-36x6.png 36w, https:\/\/blogsaverroes.juntadeandalucia.es\/ceipblancadelosrios\/files\/2020\/10\/igualdad-48x8.png 48w\" sizes=\"(max-width: 348px) 100vw, 348px\" \/><\/a><\/p>\n<p style=\"text-align: justify\">La educaci\u00f3n integral de las personas implica la adquisici\u00f3n de un conjunto de capacidades b\u00e1sicas de tipo cognitivo, emocional y \u00e9tico. Esto supone que a la necesidad incuestionable de educar en habilidades y conocimientos se a\u00f1ade la de educar para una mejor calidad de vida y para dotar a esta de sentido moral.<\/p>\n<\/div>\n<p><a href=\"https:\/\/www.juntadeandalucia.es\/educacion\/portals\/web\/transformacion-digital-educativa\"><img loading=\"lazy\" decoding=\"async\" class=\" wp-image-13819 alignright\" src=\"https:\/\/blogsaverroes.juntadeandalucia.es\/ceipblancadelosrios\/files\/2020\/10\/logo-TDE.png\" alt=\"\" width=\"133\" height=\"133\" srcset=\"https:\/\/blogsaverroes.juntadeandalucia.es\/ceipblancadelosrios\/files\/2020\/10\/logo-TDE.png 100w, https:\/\/blogsaverroes.juntadeandalucia.es\/ceipblancadelosrios\/files\/2020\/10\/logo-TDE-80x80.png 80w, https:\/\/blogsaverroes.juntadeandalucia.es\/ceipblancadelosrios\/files\/2020\/10\/logo-TDE-24x24.png 24w, https:\/\/blogsaverroes.juntadeandalucia.es\/ceipblancadelosrios\/files\/2020\/10\/logo-TDE-36x36.png 36w, https:\/\/blogsaverroes.juntadeandalucia.es\/ceipblancadelosrios\/files\/2020\/10\/logo-TDE-48x48.png 48w\" sizes=\"(max-width: 133px) 100vw, 133px\" \/><\/a><\/p>\n<div class=\"inner_cuerpo\">\n<p>&nbsp;<\/p>\n<p style=\"text-align: justify\"><strong>Transformaci\u00f3n Digital Educativa (#TDE)<\/strong>, estableciendo pautas y ofreciendo herramientas a los centros para su diagn\u00f3stico y mejora general y especialmente en el desarrollo de la Competencia Digital, mediante la formaci\u00f3n y la implementaci\u00f3n de actuaciones en cada uno de sus \u00e1mbitos: Organizaci\u00f3n, Informaci\u00f3n y Comunicaci\u00f3n, y procesos de Ense\u00f1anza-Aprendizaje.<\/p>\n<\/div>\n<p style=\"text-align: justify\"><a href=\"http:\/\/www.juntadeandalucia.es\/educacion\/webportal\/web\/lecturas-y-bibliotecas-escolares\/bibliotecas-escolares\"><img loading=\"lazy\" decoding=\"async\" class=\"alignleft wp-image-13890\" src=\"https:\/\/blogsaverroes.juntadeandalucia.es\/ceipblancadelosrios\/files\/2020\/10\/biblioteca-escolares.jpg\" alt=\"\" width=\"147\" height=\"144\" srcset=\"https:\/\/blogsaverroes.juntadeandalucia.es\/ceipblancadelosrios\/files\/2020\/10\/biblioteca-escolares.jpg 300w, https:\/\/blogsaverroes.juntadeandalucia.es\/ceipblancadelosrios\/files\/2020\/10\/biblioteca-escolares-24x24.jpg 24w, https:\/\/blogsaverroes.juntadeandalucia.es\/ceipblancadelosrios\/files\/2020\/10\/biblioteca-escolares-36x36.jpg 36w, https:\/\/blogsaverroes.juntadeandalucia.es\/ceipblancadelosrios\/files\/2020\/10\/biblioteca-escolares-48x48.jpg 48w\" sizes=\"(max-width: 147px) 100vw, 147px\" \/><\/a><\/p>\n<p>&nbsp;<\/p>\n<p style=\"text-align: justify\">En la sociedad de la informaci\u00f3n y el conocimiento se requiere que las <strong>bibliotecas escolares<\/strong> se conviertan en centros de recursos para la ense\u00f1anza y el aprendizaje; en factores de compensaci\u00f3n social, que posibiliten el acceso a los recursos informativos y culturales a quienes carecen de ellos; y en espacios f\u00edsicos, digitales y sociales abiertos a toda la comunidad educativa y a eventos culturales y profesionales.<\/p>\n<p>&nbsp;<\/p>\n","protected":false},"excerpt":{"rendered":"<p>Cada centro personaliza y adapta su Proyecto Educativo adheriendose a diferentes Planes y Programas promovidos desde la Consejer\u00eda de Educaci\u00f3n y Deporte. A continuaci\u00f3n se muestran aquellos a los que nuestro centro se encuentra&#46;&#46;&#46;<\/p>\n","protected":false},"author":1,"featured_media":0,"parent":0,"menu_order":0,"comment_status":"open","ping_status":"closed","template":"","meta":{"ngg_post_thumbnail":0,"footnotes":"","_mc_calendar":[]},"aioseo_notices":[],"_links":{"self":[{"href":"https:\/\/blogsaverroes.juntadeandalucia.es\/ceipblancadelosrios\/wp-json\/wp\/v2\/pages\/44"}],"collection":[{"href":"https:\/\/blogsaverroes.juntadeandalucia.es\/ceipblancadelosrios\/wp-json\/wp\/v2\/pages"}],"about":[{"href":"https:\/\/blogsaverroes.juntadeandalucia.es\/ceipblancadelosrios\/wp-json\/wp\/v2\/types\/page"}],"author":[{"embeddable":true,"href":"https:\/\/blogsaverroes.juntadeandalucia.es\/ceipblancadelosrios\/wp-json\/wp\/v2\/users\/1"}],"replies":[{"embeddable":true,"href":"https:\/\/blogsaverroes.juntadeandalucia.es\/ceipblancadelosrios\/wp-json\/wp\/v2\/comments?post=44"}],"version-history":[{"count":14,"href":"https:\/\/blogsaverroes.juntadeandalucia.es\/ceipblancadelosrios\/wp-json\/wp\/v2\/pages\/44\/revisions"}],"predecessor-version":[{"id":13889,"href":"https:\/\/blogsaverroes.juntadeandalucia.es\/ceipblancadelosrios\/wp-json\/wp\/v2\/pages\/44\/revisions\/13889"}],"wp:attachment":[{"href":"https:\/\/blogsaverroes.juntadeandalucia.es\/ceipblancadelosrios\/wp-json\/wp\/v2\/media?parent=44"}],"curies":[{"name":"wp","href":"https:\/\/api.w.org\/{rel}","templated":true}]}}