{"id":4670,"date":"2018-02-16T23:22:51","date_gmt":"2018-02-16T22:22:51","guid":{"rendered":"http:\/\/blogsaverroes.juntadeandalucia.es\/ceipblancadelosrios\/san-valentin-2018\/"},"modified":"2018-02-17T00:04:47","modified_gmt":"2018-02-16T23:04:47","slug":"san-valentin-2018","status":"publish","type":"page","link":"https:\/\/blogsaverroes.juntadeandalucia.es\/ceipblancadelosrios\/san-valentin-2018\/","title":{"rendered":"San Valent\u00edn 2018"},"content":{"rendered":"<p><span style=\"color: #ff0000\"><strong>D\u00eda de San Valent\u00edn: homenaje al cari\u00f1o, al compa\u00f1erismo, a la amistad&#8230;<\/strong><\/span><\/p>\nngg_shortcode_0_placeholder\n","protected":false},"excerpt":{"rendered":"<p>D\u00eda de San Valent\u00edn: homenaje al cari\u00f1o, al compa\u00f1erismo, a la amistad&#8230;<\/p>\n","protected":false},"author":2329,"featured_media":0,"parent":0,"menu_order":0,"comment_status":"closed","ping_status":"closed","template":"","meta":{"ngg_post_thumbnail":0,"footnotes":"","_mc_calendar":[]},"aioseo_notices":[],"_links":{"self":[{"href":"https:\/\/blogsaverroes.juntadeandalucia.es\/ceipblancadelosrios\/wp-json\/wp\/v2\/pages\/4670"}],"collection":[{"href":"https:\/\/blogsaverroes.juntadeandalucia.es\/ceipblancadelosrios\/wp-json\/wp\/v2\/pages"}],"about":[{"href":"https:\/\/blogsaverroes.juntadeandalucia.es\/ceipblancadelosrios\/wp-json\/wp\/v2\/types\/page"}],"author":[{"embeddable":true,"href":"https:\/\/blogsaverroes.juntadeandalucia.es\/ceipblancadelosrios\/wp-json\/wp\/v2\/users\/2329"}],"replies":[{"embeddable":true,"href":"https:\/\/blogsaverroes.juntadeandalucia.es\/ceipblancadelosrios\/wp-json\/wp\/v2\/comments?post=4670"}],"version-history":[{"count":1,"href":"https:\/\/blogsaverroes.juntadeandalucia.es\/ceipblancadelosrios\/wp-json\/wp\/v2\/pages\/4670\/revisions"}],"predecessor-version":[{"id":4672,"href":"https:\/\/blogsaverroes.juntadeandalucia.es\/ceipblancadelosrios\/wp-json\/wp\/v2\/pages\/4670\/revisions\/4672"}],"wp:attachment":[{"href":"https:\/\/blogsaverroes.juntadeandalucia.es\/ceipblancadelosrios\/wp-json\/wp\/v2\/media?parent=4670"}],"curies":[{"name":"wp","href":"https:\/\/api.w.org\/{rel}","templated":true}]}}