{"id":4940,"date":"2018-03-04T00:17:45","date_gmt":"2018-03-03T23:17:45","guid":{"rendered":"http:\/\/blogsaverroes.juntadeandalucia.es\/ceipblancadelosrios\/apadrinamiento-dia-andalucia-febrero-2018\/"},"modified":"2018-03-04T00:20:49","modified_gmt":"2018-03-03T23:20:49","slug":"apadrinamiento-dia-andalucia-febrero-2018","status":"publish","type":"page","link":"https:\/\/blogsaverroes.juntadeandalucia.es\/ceipblancadelosrios\/apadrinamiento-dia-andalucia-febrero-2018\/","title":{"rendered":"Apadrinamiento D\u00eda Andalucia febrero 2018"},"content":{"rendered":"<p><span style=\"color: #ff0000\"><strong>Apadrinamiento de 5 EPO B a Infantil 5 a\u00f1os B y C para preparar los actividades del D\u00eda de Andaluc\u00eda&#8230;<\/strong><\/span><\/p>\nngg_shortcode_0_placeholder\n","protected":false},"excerpt":{"rendered":"<p>Apadrinamiento de 5 EPO B a Infantil 5 a\u00f1os B y C para preparar los actividades del D\u00eda de Andaluc\u00eda&#8230;<\/p>\n","protected":false},"author":2329,"featured_media":0,"parent":0,"menu_order":0,"comment_status":"closed","ping_status":"closed","template":"","meta":{"ngg_post_thumbnail":0,"footnotes":"","_mc_calendar":[]},"aioseo_notices":[],"_links":{"self":[{"href":"https:\/\/blogsaverroes.juntadeandalucia.es\/ceipblancadelosrios\/wp-json\/wp\/v2\/pages\/4940"}],"collection":[{"href":"https:\/\/blogsaverroes.juntadeandalucia.es\/ceipblancadelosrios\/wp-json\/wp\/v2\/pages"}],"about":[{"href":"https:\/\/blogsaverroes.juntadeandalucia.es\/ceipblancadelosrios\/wp-json\/wp\/v2\/types\/page"}],"author":[{"embeddable":true,"href":"https:\/\/blogsaverroes.juntadeandalucia.es\/ceipblancadelosrios\/wp-json\/wp\/v2\/users\/2329"}],"replies":[{"embeddable":true,"href":"https:\/\/blogsaverroes.juntadeandalucia.es\/ceipblancadelosrios\/wp-json\/wp\/v2\/comments?post=4940"}],"version-history":[{"count":2,"href":"https:\/\/blogsaverroes.juntadeandalucia.es\/ceipblancadelosrios\/wp-json\/wp\/v2\/pages\/4940\/revisions"}],"predecessor-version":[{"id":4942,"href":"https:\/\/blogsaverroes.juntadeandalucia.es\/ceipblancadelosrios\/wp-json\/wp\/v2\/pages\/4940\/revisions\/4942"}],"wp:attachment":[{"href":"https:\/\/blogsaverroes.juntadeandalucia.es\/ceipblancadelosrios\/wp-json\/wp\/v2\/media?parent=4940"}],"curies":[{"name":"wp","href":"https:\/\/api.w.org\/{rel}","templated":true}]}}