{"id":6066,"date":"2018-05-20T21:38:50","date_gmt":"2018-05-20T19:38:50","guid":{"rendered":"http:\/\/blogsaverroes.juntadeandalucia.es\/ceipblancadelosrios\/votacion-dinero-carrera-popular\/"},"modified":"2018-05-20T21:44:21","modified_gmt":"2018-05-20T19:44:21","slug":"votacion-dinero-carrera-popular","status":"publish","type":"page","link":"https:\/\/blogsaverroes.juntadeandalucia.es\/ceipblancadelosrios\/votacion-dinero-carrera-popular\/","title":{"rendered":"Votacion dinero carrera popular"},"content":{"rendered":"<p><span style=\"color: #ff0000\"><strong>Nuestro alumnado decidiendo de forma democr\u00e1tica la inversi\u00f3n econ\u00f3mica del premio&#8230;<\/strong><\/span><\/p>\nngg_shortcode_0_placeholder\n","protected":false},"excerpt":{"rendered":"<p>Nuestro alumnado decidiendo de forma democr\u00e1tica la inversi\u00f3n econ\u00f3mica del premio&#8230;<\/p>\n","protected":false},"author":2329,"featured_media":0,"parent":0,"menu_order":0,"comment_status":"closed","ping_status":"closed","template":"","meta":{"ngg_post_thumbnail":0,"footnotes":"","_mc_calendar":[]},"aioseo_notices":[],"_links":{"self":[{"href":"https:\/\/blogsaverroes.juntadeandalucia.es\/ceipblancadelosrios\/wp-json\/wp\/v2\/pages\/6066"}],"collection":[{"href":"https:\/\/blogsaverroes.juntadeandalucia.es\/ceipblancadelosrios\/wp-json\/wp\/v2\/pages"}],"about":[{"href":"https:\/\/blogsaverroes.juntadeandalucia.es\/ceipblancadelosrios\/wp-json\/wp\/v2\/types\/page"}],"author":[{"embeddable":true,"href":"https:\/\/blogsaverroes.juntadeandalucia.es\/ceipblancadelosrios\/wp-json\/wp\/v2\/users\/2329"}],"replies":[{"embeddable":true,"href":"https:\/\/blogsaverroes.juntadeandalucia.es\/ceipblancadelosrios\/wp-json\/wp\/v2\/comments?post=6066"}],"version-history":[{"count":2,"href":"https:\/\/blogsaverroes.juntadeandalucia.es\/ceipblancadelosrios\/wp-json\/wp\/v2\/pages\/6066\/revisions"}],"predecessor-version":[{"id":6068,"href":"https:\/\/blogsaverroes.juntadeandalucia.es\/ceipblancadelosrios\/wp-json\/wp\/v2\/pages\/6066\/revisions\/6068"}],"wp:attachment":[{"href":"https:\/\/blogsaverroes.juntadeandalucia.es\/ceipblancadelosrios\/wp-json\/wp\/v2\/media?parent=6066"}],"curies":[{"name":"wp","href":"https:\/\/api.w.org\/{rel}","templated":true}]}}