{"id":6445,"date":"2018-09-16T13:37:57","date_gmt":"2018-09-16T11:37:57","guid":{"rendered":"https:\/\/blogsaverroes.juntadeandalucia.es\/ceipblancadelosrios\/jornada-skateboard-septiembre-2018\/"},"modified":"2018-09-16T13:44:13","modified_gmt":"2018-09-16T11:44:13","slug":"jornada-skateboard-septiembre-2018","status":"publish","type":"page","link":"https:\/\/blogsaverroes.juntadeandalucia.es\/ceipblancadelosrios\/jornada-skateboard-septiembre-2018\/","title":{"rendered":"Jornada Skateboard septiembre 2018"},"content":{"rendered":"<p><span style=\"color: #ff0000\"><strong>El centro ha organizado en colaboraci\u00f3n con el que ser\u00e1 el monitor de Skateboard este curso, unas jornadas para conocer esta actividad y hacer que los ni\u00f1os participen&#8230;<\/strong><\/span><\/p>\nngg_shortcode_0_placeholder\n","protected":false},"excerpt":{"rendered":"<p>El centro ha organizado en colaboraci\u00f3n con el que ser\u00e1 el monitor de Skateboard este curso, unas jornadas para conocer esta actividad y hacer que los ni\u00f1os participen&#8230;<\/p>\n","protected":false},"author":2329,"featured_media":0,"parent":0,"menu_order":0,"comment_status":"closed","ping_status":"closed","template":"","meta":{"ngg_post_thumbnail":0,"footnotes":"","_mc_calendar":[]},"aioseo_notices":[],"_links":{"self":[{"href":"https:\/\/blogsaverroes.juntadeandalucia.es\/ceipblancadelosrios\/wp-json\/wp\/v2\/pages\/6445"}],"collection":[{"href":"https:\/\/blogsaverroes.juntadeandalucia.es\/ceipblancadelosrios\/wp-json\/wp\/v2\/pages"}],"about":[{"href":"https:\/\/blogsaverroes.juntadeandalucia.es\/ceipblancadelosrios\/wp-json\/wp\/v2\/types\/page"}],"author":[{"embeddable":true,"href":"https:\/\/blogsaverroes.juntadeandalucia.es\/ceipblancadelosrios\/wp-json\/wp\/v2\/users\/2329"}],"replies":[{"embeddable":true,"href":"https:\/\/blogsaverroes.juntadeandalucia.es\/ceipblancadelosrios\/wp-json\/wp\/v2\/comments?post=6445"}],"version-history":[{"count":1,"href":"https:\/\/blogsaverroes.juntadeandalucia.es\/ceipblancadelosrios\/wp-json\/wp\/v2\/pages\/6445\/revisions"}],"predecessor-version":[{"id":6446,"href":"https:\/\/blogsaverroes.juntadeandalucia.es\/ceipblancadelosrios\/wp-json\/wp\/v2\/pages\/6445\/revisions\/6446"}],"wp:attachment":[{"href":"https:\/\/blogsaverroes.juntadeandalucia.es\/ceipblancadelosrios\/wp-json\/wp\/v2\/media?parent=6445"}],"curies":[{"name":"wp","href":"https:\/\/api.w.org\/{rel}","templated":true}]}}