{"id":6729,"date":"2018-10-14T21:31:02","date_gmt":"2018-10-14T19:31:02","guid":{"rendered":"https:\/\/blogsaverroes.juntadeandalucia.es\/ceipblancadelosrios\/?page_id=6729"},"modified":"2019-11-23T23:03:20","modified_gmt":"2019-11-23T22:03:20","slug":"erasmus","status":"publish","type":"page","link":"https:\/\/blogsaverroes.juntadeandalucia.es\/ceipblancadelosrios\/erasmus\/","title":{"rendered":"Erasmus + 2018\/2020"},"content":{"rendered":"<h2 style=\"text-align: center\"><span style=\"color: #008000\"><em><strong>\u00abHealthy reporters around Europe\u00bb<\/strong><\/em><\/span><\/h2>\n<h3 style=\"text-align: center\"><a href=\"https:\/\/erasmushraeblog.wordpress.com\/\"><strong>erasmushraeblog<\/strong><\/a><\/h3>\n<p style=\"text-align: center\"><span style=\"color: #ff6600\"><em><strong>Este es el enlace Europeo del Blog del Erasmus+. En este blog podr\u00e1s seguir todas las actividades que vamos a ir realizando los cinco centros educativos europeos. Puedes pinchar <span style=\"color: #ff0000\"><a href=\"https:\/\/erasmushraeblog.wordpress.com\/spain\/\"><span style=\"color: #ff0000\">AQU\u00cd<\/span><\/a> <\/span>para ver la p\u00e1gina de nuestro cole y las actividades que se van realizando.<br \/>\n<\/strong><\/em><\/span><\/p>\n<p style=\"text-align: center\"><a href=\"https:\/\/blogsaverroes.juntadeandalucia.es\/ceipblancadelosrios\/files\/2019\/11\/CARTEL-visita-a-Espa\u00f1a_001.jpg\"><img loading=\"lazy\" decoding=\"async\" class=\"wp-image-12421\" src=\"https:\/\/blogsaverroes.juntadeandalucia.es\/ceipblancadelosrios\/files\/2019\/11\/CARTEL-visita-a-Espa\u00f1a_001-216x300.jpg\" alt=\"\" width=\"375\" height=\"520\" srcset=\"https:\/\/blogsaverroes.juntadeandalucia.es\/ceipblancadelosrios\/files\/2019\/11\/CARTEL-visita-a-Espa\u00f1a_001-216x300.jpg 216w, https:\/\/blogsaverroes.juntadeandalucia.es\/ceipblancadelosrios\/files\/2019\/11\/CARTEL-visita-a-Espa\u00f1a_001-768x1066.jpg 768w, https:\/\/blogsaverroes.juntadeandalucia.es\/ceipblancadelosrios\/files\/2019\/11\/CARTEL-visita-a-Espa\u00f1a_001-577x800.jpg 577w, https:\/\/blogsaverroes.juntadeandalucia.es\/ceipblancadelosrios\/files\/2019\/11\/CARTEL-visita-a-Espa\u00f1a_001-17x24.jpg 17w, https:\/\/blogsaverroes.juntadeandalucia.es\/ceipblancadelosrios\/files\/2019\/11\/CARTEL-visita-a-Espa\u00f1a_001-26x36.jpg 26w, https:\/\/blogsaverroes.juntadeandalucia.es\/ceipblancadelosrios\/files\/2019\/11\/CARTEL-visita-a-Espa\u00f1a_001-35x48.jpg 35w, https:\/\/blogsaverroes.juntadeandalucia.es\/ceipblancadelosrios\/files\/2019\/11\/CARTEL-visita-a-Espa\u00f1a_001.jpg 1153w\" sizes=\"(max-width: 375px) 100vw, 375px\" \/><\/a><\/p>\n<p style=\"text-align: center\"><a href=\"https:\/\/issuu.com\/juntadeandalucia97\/docs\/yoga_lesson_brochure\"><img loading=\"lazy\" decoding=\"async\" class=\"aligncenter wp-image-12431\" src=\"https:\/\/blogsaverroes.juntadeandalucia.es\/ceipblancadelosrios\/files\/2019\/11\/Yoga-lesson-brochure_001-566x800.jpg\" alt=\"\" width=\"290\" height=\"410\" srcset=\"https:\/\/blogsaverroes.juntadeandalucia.es\/ceipblancadelosrios\/files\/2019\/11\/Yoga-lesson-brochure_001-566x800.jpg 566w, https:\/\/blogsaverroes.juntadeandalucia.es\/ceipblancadelosrios\/files\/2019\/11\/Yoga-lesson-brochure_001-212x300.jpg 212w, https:\/\/blogsaverroes.juntadeandalucia.es\/ceipblancadelosrios\/files\/2019\/11\/Yoga-lesson-brochure_001-768x1085.jpg 768w, https:\/\/blogsaverroes.juntadeandalucia.es\/ceipblancadelosrios\/files\/2019\/11\/Yoga-lesson-brochure_001-17x24.jpg 17w, https:\/\/blogsaverroes.juntadeandalucia.es\/ceipblancadelosrios\/files\/2019\/11\/Yoga-lesson-brochure_001-25x36.jpg 25w, https:\/\/blogsaverroes.juntadeandalucia.es\/ceipblancadelosrios\/files\/2019\/11\/Yoga-lesson-brochure_001-34x48.jpg 34w, https:\/\/blogsaverroes.juntadeandalucia.es\/ceipblancadelosrios\/files\/2019\/11\/Yoga-lesson-brochure_001.jpg 1132w\" sizes=\"(max-width: 290px) 100vw, 290px\" \/><\/a><a href=\"https:\/\/blogsaverroes.juntadeandalucia.es\/ceipblancadelosrios\/files\/2019\/11\/Yoga-lesson-brochure.pdf\"><span style=\"color: #ff0000\"><em><strong>(Enlace a documento \u00abYoga lessons\u00bb en formato PDF)<\/strong><\/em><\/span><\/a><\/p>\n<p><span style=\"color: #000080\"><strong>SEGUNDO DESPLAZAMIENTO (27 de abril a 4 de mayo de 2019):<\/strong><\/span> <span style=\"color: #003300\">Nuestro alumnado de 5\u00ba EPO se marcha a <strong>Finlandia<\/strong> para desarrollar las actividades contempladas en el proyecto eurpeo del Erasmus+ donde estamos inmersos&#8230;&nbsp;<span style=\"color: #0000ff\"><strong>(<a href=\"https:\/\/wp.me\/P76aSc-2KH\">ENLACE A P\u00c1GINA DEL VIAJE<\/a>)&nbsp; <span style=\"color: #0000ff\">(<a href=\"https:\/\/youtu.be\/W5DDOAMrjeM\">ENLACE V\u00cdDEO DEL VIAJE<\/a>)<\/span><br \/>\n<\/strong><\/span><\/span><\/p>\n<p><span style=\"color: #ff0000\"><strong>10\/04\/2019: <\/strong><\/span><strong><span style=\"color: #0000ff\">Entrevista a un deportista. <\/span><\/strong><span style=\"color: #0000ff\">Esta semana ha sido la elegida para celebrar las distintas entrevistas a deportistas de la localidad con distintos perfiles, al hilo de las actividades promovidas desde nuestro colegio para el <strong>proyecto Erasmus +<\/strong> del que participamos.<\/span><br \/>\n<span style=\"color: #0000ff\">Hace ya semanas que los maestros del \u00e1rea de Educaci\u00f3n F\u00edsica iniciaron su trabajo para el dise\u00f1o de una entrevista con preguntas variadas y categorizadas creadas por los propios alumnos.<\/span><br \/>\n<span style=\"color: #0000ff\">El profesorado del centro ha contactado con diversos deportistas de la Rinconada y finalmente han podido asistir haciendo un gran esfuerzo por cuestiones de horario y sus propias obligaciones, dos jugadores de Balonmano, una entrenadora de gimnasia R\u00edtmica y un monitor de Hapkido.<\/span><br \/>\n<span style=\"color: #0000ff\">Desde 3\u00b0 a 6\u00b0 se han sucedido las entrevistas con un marcado car\u00e1cter profesional donde los ni\u00f1os y ni\u00f1as han demostrado su saber estar y su respeto al trabajo de los dem\u00e1s, adem\u00e1s de haber aprendido y haberse despertado el deseo por la pr\u00e1ctica deportiva vista a trav\u00e9s de los ojos de sus protagonistas m\u00e1s directos.&nbsp; <strong>(<a href=\"https:\/\/wp.me\/P76aSc-2HY\">ENLACE FOTOS HAPKIDO 3\u00ba Y 4\u00ba<\/a>)&nbsp; (<a href=\"https:\/\/wp.me\/P76aSc-2IQ\">ENLACE FOTOS BALONMANO 5\u00ba Y 6\u00ba<\/a>)&nbsp; (<a href=\"https:\/\/wp.me\/P76aSc-2Kc\">G. R\u00cdTMICA 5\u00ba Y 6\u00ba<\/a>)<\/strong><br \/>\n<\/span><\/p>\n<p><span style=\"color: #993300\"><span style=\"color: #800000\"><strong>PRIMER DESPLAZAMIENTO (18 al 24 de noviembre de 2018):<\/strong> Nuestro alumnado de 6\u00ba EPO se marcha a B\u00e9lgica, concretamente al \u00abStedelijke Basisschool Polderstad, Hoboken\u00bb para desarrollar las actividades contempladas en el proyecto eurpeo del Erasmus+ donde estamos inmersos.&nbsp;<\/span>&nbsp;&nbsp; <strong><span style=\"color: #0000ff\">(<a href=\"https:\/\/wp.me\/P76aSc-23b\">ENLACE A FOTOS<\/a>)&nbsp;&nbsp; <span style=\"color: #0000ff\">(<a href=\"https:\/\/blogsaverroes.juntadeandalucia.es\/ceipblancadelosrios\/files\/2018\/12\/Viaje-a-B\u00e9lgica-1.mp4\">ENLACE A V\u00cdDEO<\/a>)&nbsp;&nbsp; (<a href=\"https:\/\/youtu.be\/Dj8M0YtZp4k\">ENLACE V\u00cdDEO YouTube<\/a>)<\/span><br \/>\n<\/span><\/strong><\/span><\/p>\n<p><strong><span style=\"color: #333300\">TALLER DE YOGA: <\/span><\/strong><span style=\"color: #333300\">El centro est\u00e1 llevando un taller de yoga para todo el alumnado del centro. Las maestros y los maestros del centro hemos comenzado a prepararnos&#8230; Una de las muchas actividades que nuestro alumnado va a realizar en el desplazamiento a B\u00e9lgica es precisamente \u00e9sta; adem\u00e1s, dentro de las ACTIVIDADES COMPLEMENTARIAS que contiene el proyecto Erasmus+, para el pr\u00f3ximo mes de marzo de 2019, se va a desarrollar un taller de yoga para el alumnado y profesorado de cada centro educativo para ver los beneficios en la salud. Coordinado por B\u00e9lgica. As\u00ed que no queda m\u00e1s remedio que prepararmos muy bien&#8230; <span style=\"color: #0000ff\"><strong>(<a href=\"https:\/\/wp.me\/P76aSc-256\">ENLACE A FOTOS DE 6\u00ba EPO<\/a>)&nbsp; (<a href=\"https:\/\/wp.me\/P76aSc-25B\">ENLACE A FOTOS RESTO CENTRO<\/a>)<\/strong><\/span><\/span><\/p>\n<p><span style=\"color: #ff0000\"><strong>Nuestro colegio colabora con el proyecto Erasmus+ del IES Carmen Laffon:<\/strong><\/span><\/p>\n<p><span style=\"color: #ff0000\"><span style=\"color: #0000ff\"><em><span style=\"color: #ff0000\">Octubre 2018:<\/span> Puedes colaborar con nosotros donando objetos para el mercadillo de solidario de noviembre&#8230;&nbsp;&nbsp;&nbsp;&nbsp; <\/em><strong>(<a href=\"https:\/\/wp.me\/P76aSc-1UD\">ENLACE A FOTOS<\/a>)<\/strong><\/span><\/span><\/p>\n<p><em><span style=\"color: #ff0000\">02\/11\/2018:<\/span><\/em> <span style=\"color: #0000ff\">Alum@s de cuarto de ESO del IES Carmen Laff\u00f3n junto a alumn@s italianos de su proyecto Erasmus +, han venido a pedirnos colaboraci\u00f3n en el mercadillo solidario para personas necesitadas.<\/span>&nbsp;&nbsp;&nbsp; <span style=\"color: #0000ff\"><strong>(<a href=\"https:\/\/wp.me\/P76aSc-1YI\">ENLACE A FOTO<\/a>S)<\/strong><\/span><\/p>\n<p><span style=\"color: #ff0000\"><em>14\/11\/2018: <\/em><span style=\"color: #0000ff\">M<\/span><span style=\"color: #0000ff\">ercadillo solidario del IES Carmen Laff\u00f3n, nuestr@s alumn@s de sexto colaborando con el proyecto Erasmus \u201cPeople un need\u201d del instituto.&nbsp;&nbsp;&nbsp; <strong>(<a href=\"https:\/\/wp.me\/P76aSc-1Z2\">ENLACE A FOTOS<\/a>)<\/strong><\/span><\/span><\/p>\n<p><span style=\"color: #ff0000\"><strong>18\/10\/2018:<\/strong><span style=\"color: #0000ff\"> Concurso para elegir el logo del Erasmus + que nos va a representar en este proyecto.&nbsp;&nbsp;&nbsp;&nbsp; <strong>(<a href=\"https:\/\/wp.me\/P76aSc-1NH\">ENLACE A FOTOS<\/a>)<\/strong><\/span><\/span><\/p>\n<p><span style=\"color: #0000ff\"><span style=\"color: #ff0000\"><strong>Octubre 2018: <\/strong><\/span>El alumnado de 5\u00ba de Primaria, ha comenzado su trabajo para conocer en qu\u00e9 consiste el Proyecto Erasmus +: \u00abHealthy reporters around Europe\u00bb. Proyecto que Espa\u00f1a llevar\u00e1 a cabo junto a Italia (Coordinadora del proyecto), Grecia, B\u00e9lgica y Finlandia durante los cursos 2018-2019 y 2019-2020. La primera toma de contacto que ha tenido el alumnado ha sido a trav\u00e9s de v\u00eddeos explicativos en ingl\u00e9s de en qu\u00e9 consiste el Proyecto Erasmus + en general y los diversos \u00e1mbitos a los que se puede dirigir. Posteriormente se ha presentado el proyecto para nuestro centro con las distintas etapas por las que pasar\u00e1 y las distintas movilidades del alumnado a otros pa\u00edses, as\u00ed como la visita que otros pa\u00edses realizar\u00e1n a nuestro colegio.<\/span><\/p>\n<p><span style=\"color: #0000ff\">Para familiarizarse con la ubicaci\u00f3n de las distintas naciones participantes en el proyecto, as\u00ed como con aspectos pr\u00e1cticos que implican moverse por la Uni\u00f3n Europea, nuestro alumnado ha llevado a cabo en equipos una gymkhana en la que han localizado informaci\u00f3n \u00fatil para cualquiera de nosotros una vez salgamos de nuestras fronteras.<\/span><\/p>\n<p><span style=\"color: #0000ff\">Su trabajo ha sido rico, lleno de ilusi\u00f3n, de reflexiones de las ventajas e inconvenientes del trabajo cooperativo del que ya ven\u00edan siendo protagonistas en cursos anteriores. Y lo que es m\u00e1s importante, en muchos de los ni\u00f1os y ni\u00f1as de 5\u00ba se ha activado la ilusi\u00f3n y la motivaci\u00f3n por conocer a ni\u00f1os de otros pa\u00edses. \u00a1Esto no ha hecho m\u00e1s que comenzar!&nbsp;&nbsp;&nbsp;&nbsp;&nbsp;&nbsp; <strong>(<a href=\"https:\/\/wp.me\/P76aSc-1Lk\">ENLACE A FOTOS<\/a>)<\/strong><br \/>\n<\/span><\/p>\n","protected":false},"excerpt":{"rendered":"<p>\u00abHealthy reporters around Europe\u00bb erasmushraeblog Este es el enlace Europeo del Blog del Erasmus+. En este blog podr\u00e1s seguir todas las actividades que vamos a ir realizando los cinco centros educativos europeos. Puedes pinchar&#46;&#46;&#46;<\/p>\n","protected":false},"author":2329,"featured_media":0,"parent":0,"menu_order":0,"comment_status":"closed","ping_status":"closed","template":"","meta":{"ngg_post_thumbnail":0,"footnotes":"","_mc_calendar":[]},"aioseo_notices":[],"_links":{"self":[{"href":"https:\/\/blogsaverroes.juntadeandalucia.es\/ceipblancadelosrios\/wp-json\/wp\/v2\/pages\/6729"}],"collection":[{"href":"https:\/\/blogsaverroes.juntadeandalucia.es\/ceipblancadelosrios\/wp-json\/wp\/v2\/pages"}],"about":[{"href":"https:\/\/blogsaverroes.juntadeandalucia.es\/ceipblancadelosrios\/wp-json\/wp\/v2\/types\/page"}],"author":[{"embeddable":true,"href":"https:\/\/blogsaverroes.juntadeandalucia.es\/ceipblancadelosrios\/wp-json\/wp\/v2\/users\/2329"}],"replies":[{"embeddable":true,"href":"https:\/\/blogsaverroes.juntadeandalucia.es\/ceipblancadelosrios\/wp-json\/wp\/v2\/comments?post=6729"}],"version-history":[{"count":60,"href":"https:\/\/blogsaverroes.juntadeandalucia.es\/ceipblancadelosrios\/wp-json\/wp\/v2\/pages\/6729\/revisions"}],"predecessor-version":[{"id":12635,"href":"https:\/\/blogsaverroes.juntadeandalucia.es\/ceipblancadelosrios\/wp-json\/wp\/v2\/pages\/6729\/revisions\/12635"}],"wp:attachment":[{"href":"https:\/\/blogsaverroes.juntadeandalucia.es\/ceipblancadelosrios\/wp-json\/wp\/v2\/media?parent=6729"}],"curies":[{"name":"wp","href":"https:\/\/api.w.org\/{rel}","templated":true}]}}