{"id":6782,"date":"2018-10-15T23:19:36","date_gmt":"2018-10-15T21:19:36","guid":{"rendered":"https:\/\/blogsaverroes.juntadeandalucia.es\/ceipblancadelosrios\/?page_id=6782"},"modified":"2020-10-08T23:33:05","modified_gmt":"2020-10-08T21:33:05","slug":"jornadas-octubre","status":"publish","type":"page","link":"https:\/\/blogsaverroes.juntadeandalucia.es\/ceipblancadelosrios\/fototeca\/actividades-educativas-201819\/jornadas-octubre\/","title":{"rendered":"Jornadas Octubre"},"content":{"rendered":"<p><span style=\"color: #ff0000\"><strong>18, 19 y 25\/10\/2018: <\/strong><span style=\"color: #0000ff\">Esta semana el centro anda metido en un evento a nivel internacional: <strong>Coding week.<\/strong><br \/>\nA lo largo de esta semana, aprovechando las actividades de Rob\u00f3tica los d\u00edas 17 y 24, en horario de ma\u00f1ana, as\u00ed como la celebraci\u00f3n de la semana del C\u00f3digo, hemos comenzado a introducir lo que esperamos sea un proyecto ilusionante para ni\u00f1os y maestros.<br \/>\nLos m\u00e1s peque\u00f1os podr\u00e1n disfrutar de actividades de &#8216;Coding unplugged&#8217; en las que sobre cuadr\u00edculas en el suelo, creadas por nuestro conserje Manolo Blanco, los ni\u00f1os experienciar\u00e1n, c\u00f3mo avanzar, retroceder, girar y salvar obst\u00e1culos para llegar a su objetivo en equipo.<br \/>\nPor su parte, los mayores, tendr\u00e1n que descifrar c\u00f3digos de los que brotar\u00e1n bonitos dibujos o a la inversa, partir\u00e1n de dibujos de los que obtener un c\u00f3digo secreto: El c\u00f3digo de la l\u00f3gica, la orientaci\u00f3n,la atenci\u00f3n y la ilusi\u00f3n de alcanzar un objetivo.<br \/>\n\u00a1Feliz semana del c\u00f3digo!&nbsp;&nbsp;&nbsp; <strong>&nbsp;&nbsp;&nbsp;&nbsp; (ENLACE A FOTOS DE <a href=\"https:\/\/wp.me\/P76aSc-1Sy\">1\u00ba CICLO<\/a>, <a href=\"https:\/\/wp.me\/P76aSc-1Tb\">2\u00ba CICLO<\/a> Y <a href=\"https:\/\/wp.me\/P76aSc-1TC\">3\u00ba CICLO<\/a>)&nbsp;&nbsp;&nbsp;&nbsp; <span style=\"color: #0000ff\">(ENLACE <a href=\"https:\/\/www.educaciontrespuntocero.com\/noticias\/semana-del-codigo\/92506.html\">WEB 1<\/a>, <a href=\"https:\/\/codeweek.eu\/\">WEB 2<\/a> Y <a href=\"https:\/\/codeweek.eu\/events\">WEB 3<\/a>)<\/span><br \/>\n<\/strong><\/span><\/span><\/p>\n<p><span style=\"color: #ff0000\"><strong>17 Y 24\/10\/2018: <\/strong><span style=\"color: #0000ff\">Jornadas de <strong>Rob\u00f3tica Eucativa.<\/strong><\/span><span style=\"color: #0000ff\"> El principal objetivo es acercar el lenguaje de programaci\u00f3n y los materiales de rob\u00f3tica a las aulas para convertirlos en verdaderas herramientas educativas que ayuden a crecer a nuestros alumnos en un entorno que demanda propuestas de creaci\u00f3n, dise\u00f1o y ejecuci\u00f3n de soluciones ante problemas de la vida cotidiana.&nbsp;&nbsp; <strong>(ENLACE A FOTOS DE <a href=\"https:\/\/wp.me\/P76aSc-1PC\">1\u00ba CICLO<\/a>, <a href=\"https:\/\/wp.me\/P76aSc-1Q7\">2\u00ba CICLO<\/a> Y <a href=\"https:\/\/wp.me\/P76aSc-1WE\">3\u00ba CICLO<\/a>)&nbsp;&nbsp; (<a href=\"https:\/\/blogsaverroes.juntadeandalucia.es\/ceipblancadelosrios\/files\/2018\/11\/VID-20181025-WA0017.mp4\">ENLACE A V\u00cdDEO <\/a>)&nbsp;<br \/>\n<\/strong><\/span><\/span><\/p>\n<p><span style=\"color: #ff0000\"><strong>15\/10\/2018:<\/strong><span style=\"color: #0000ff\"> MINIOLIMPIADAS EN EL BLANCA DE LOS R\u00cdOS:<br \/>\nHoy el alumnado de Primaria, ha disfrutado a lo largo de toda la ma\u00f1ana, por niveles, de unas jornadas de difusi\u00f3n organizadas en colaboraci\u00f3n con el Patronato Municipal de Deportes de La Rinconada.<br \/>\nEn esta ocasi\u00f3n de lo que se trataba era de promover el conocimiento y la participaci\u00f3n el pr\u00f3ximo <strong>20 de octubre<\/strong> del alumnado del centro en <strong>Las Miniolimpiadas.<\/strong><br \/>\nEl objetivo de este a\u00f1o, es promover valores como lgualdad de oportunidades y la toma de conciencia de que el deporte, a pesar de cualquier limitaci\u00f3n, se puede practicar y alcanzar grandes metas, solos o en equipo.&nbsp; <strong>(<a href=\"https:\/\/wp.me\/P76aSc-1N3\">ENLACE A FOTOS<\/a>)<\/strong><\/span><\/span><\/p>\n","protected":false},"excerpt":{"rendered":"<p>18, 19 y 25\/10\/2018: Esta semana el centro anda metido en un evento a nivel internacional: Coding week. A lo largo de esta semana, aprovechando las actividades de Rob\u00f3tica los d\u00edas 17 y 24,&#46;&#46;&#46;<\/p>\n","protected":false},"author":2329,"featured_media":0,"parent":6360,"menu_order":0,"comment_status":"closed","ping_status":"closed","template":"page-templates\/child-menu.php","meta":{"ngg_post_thumbnail":0,"footnotes":"","_mc_calendar":[]},"aioseo_notices":[],"_links":{"self":[{"href":"https:\/\/blogsaverroes.juntadeandalucia.es\/ceipblancadelosrios\/wp-json\/wp\/v2\/pages\/6782"}],"collection":[{"href":"https:\/\/blogsaverroes.juntadeandalucia.es\/ceipblancadelosrios\/wp-json\/wp\/v2\/pages"}],"about":[{"href":"https:\/\/blogsaverroes.juntadeandalucia.es\/ceipblancadelosrios\/wp-json\/wp\/v2\/types\/page"}],"author":[{"embeddable":true,"href":"https:\/\/blogsaverroes.juntadeandalucia.es\/ceipblancadelosrios\/wp-json\/wp\/v2\/users\/2329"}],"replies":[{"embeddable":true,"href":"https:\/\/blogsaverroes.juntadeandalucia.es\/ceipblancadelosrios\/wp-json\/wp\/v2\/comments?post=6782"}],"version-history":[{"count":18,"href":"https:\/\/blogsaverroes.juntadeandalucia.es\/ceipblancadelosrios\/wp-json\/wp\/v2\/pages\/6782\/revisions"}],"predecessor-version":[{"id":7483,"href":"https:\/\/blogsaverroes.juntadeandalucia.es\/ceipblancadelosrios\/wp-json\/wp\/v2\/pages\/6782\/revisions\/7483"}],"up":[{"embeddable":true,"href":"https:\/\/blogsaverroes.juntadeandalucia.es\/ceipblancadelosrios\/wp-json\/wp\/v2\/pages\/6360"}],"wp:attachment":[{"href":"https:\/\/blogsaverroes.juntadeandalucia.es\/ceipblancadelosrios\/wp-json\/wp\/v2\/media?parent=6782"}],"curies":[{"name":"wp","href":"https:\/\/api.w.org\/{rel}","templated":true}]}}