{"id":7522,"date":"2018-11-18T20:26:44","date_gmt":"2018-11-18T19:26:44","guid":{"rendered":"https:\/\/blogsaverroes.juntadeandalucia.es\/ceipblancadelosrios\/?page_id=7522"},"modified":"2020-10-08T23:34:42","modified_gmt":"2020-10-08T21:34:42","slug":"huerto-escolar-2","status":"publish","type":"page","link":"https:\/\/blogsaverroes.juntadeandalucia.es\/ceipblancadelosrios\/fototeca\/actividades-educativas-201819\/huerto-escolar-2\/","title":{"rendered":"Huerto escolar"},"content":{"rendered":"<h4><span style=\"color: #008000\"><em><strong>Final de curso 2018\/19:<\/strong><\/em><\/span><\/h4>\n<ul style=\"list-style-type: square\">\n<li><span style=\"color: #0000ff\">Nuestra actividad de huerto lleg\u00f3 a su fin, por este curso. Hemos terminado recogiendo los \u00faltimos frutos de la primavera, remolachas, n\u00edsperos y alcachofas. Adem\u00e1s hemos empezado a preparar los palterres para el a\u00f1o pr\u00f3ximo, quitando restos de plantas, para su posterior aprovechamiento en la compostera.<\/span><br \/>\n<span style=\"color: #0000ff\">\u00a1\u00a1\u00a1Feliz verano y que el verde os acompa\u00f1e!!!&nbsp;&nbsp;&nbsp;&nbsp; <strong>(<a href=\"https:\/\/wp.me\/P76aSc-38A\">ENLACE A FOTOS<\/a>)<\/strong><br \/>\n<\/span><\/li>\n<\/ul>\n<h4><span style=\"color: #008000\"><em><strong>Marzo 2019:<\/strong><\/em><\/span><\/h4>\n<ul style=\"list-style-type: square\">\n<li><span style=\"color: #0000ff\">Nuestra tarea ha estado centrada en la siembra y recolecta de verduras, adem\u00e1s de otras actividades relacionadas con el mantenimiento del huerto. Hemos seguido sembrando semillas de mel\u00f3n y tomate sherry, y preparado ensaladas con espinacas y las primeras coles recolectadas.&nbsp;&nbsp; <strong>(<a href=\"https:\/\/wp.me\/P76aSc-2xF\">ENLACE A FOTOS<\/a>)<\/strong><\/span><\/li>\n<\/ul>\n<h4><span style=\"color: #008000\"><em><strong>Febrero 2019:<\/strong><\/em><\/span><\/h4>\n<ul style=\"list-style-type: square\">\n<li><span style=\"color: #0000ff\">En estas \u00faltimas semanas, despu\u00e9s de regresar de las vacaciones, hemos retomado las tareas de siembra en dos espacios. En el invernadero con semillas de mel\u00f3n y tomate sherry, y en el huerto con plantones de remolacha y lechuga.&nbsp; <strong>(<a href=\"https:\/\/wp.me\/P76aSc-2kG\">ENLACE A FOTOS<\/a>)<\/strong><\/span><\/li>\n<\/ul>\n<h4><span style=\"color: #008000\"><em><strong>Enero 2019:<\/strong><\/em><\/span><\/h4>\n<ul style=\"list-style-type: square\">\n<li><span style=\"color: #0000ff\">En este \u00faltimo mes, en nuestro huerto, hemos estado haciendo un poco de todo&#8230; Se han recolectado espinacas para preparaci\u00f3n de ensaladas, talleres de arom\u00e1ticas, como laurel y or\u00e9gano, y siembra de plantones de habas. Adem\u00e1s se ha trabajado en tareas de mantenimiento del huerto, como retirada de malas hierbas y elaboraci\u00f3n de compost.&nbsp; <strong>(<a href=\"https:\/\/wp.me\/P76aSc-2he\">ENLACE A FOTOS<\/a>)<\/strong><br \/>\n<\/span><\/li>\n<\/ul>\n<h4><span style=\"color: #008000\"><em><strong>Diciembre 2018:<\/strong><\/em><\/span><\/h4>\n<ul style=\"list-style-type: square\">\n<li><span style=\"color: #0000ff\">\u00a1Ha llegado el turno de las plantas arom\u00e1ticas que tenemos en nuestro huerto! Hemos realizado algunas tareas con nuestros alumnos como recolecci\u00f3n de laurel y or\u00e9gano, el secado de \u00e9stos, para finalmente realizar talleres. En \u00e9stos, los alumnos han preparado bolsitas, con estas hojas, para llevar a casa.&nbsp;&nbsp;&nbsp; (<strong><a href=\"https:\/\/wp.me\/P76aSc-2fl\">ENLACE A FOTOS<\/a>)<\/strong><\/span><\/li>\n<li><span style=\"color: #0000ff\">\u00a1Lleg\u00f3 el momento! Despu\u00e9s de cuidarlas, aquellas habas que sembramos por el mes de noviembre en maceta, ya est\u00e1n listas. Las hemos trasplantado, al exterior, en un palterre que ten\u00edamos reservado.<\/span><br \/>\n<span style=\"color: #0000ff\">Adem\u00e1s, con otro curso, se ha realizado la siembra de semillas de perejil. \u00a1Qu\u00e9 bien nos vendr\u00e1n para unas papas ali\u00f1\u00e1s!&nbsp;&nbsp;&nbsp; <strong>(<a href=\"https:\/\/wp.me\/P76aSc-2fQ\">ENLACE A FOTOS<\/a>)<\/strong><br \/>\n<\/span><\/li>\n<\/ul>\n<h4><span style=\"color: #008000\"><em><strong>Noviembre 2018:<\/strong><\/em><\/span><\/h4>\n<ul style=\"list-style-type: square\">\n<li><span style=\"color: #0000ff\">Ya hemos realizado tareas de siembra con todo el alumnado de nuestro centro, a excepci\u00f3n de los m\u00e1s peque\u00f1os de 3 a\u00f1os. Con los \u00faltimos cursos hemos preparado tiestos con semillas de habas. Cuando alcancen estas una cuarta y media de altura, las plantaremos en los parterres del huerto<\/span>.&nbsp;&nbsp; <strong><span style=\"color: #0000ff\">(<a href=\"https:\/\/wp.me\/P76aSc-21H\">ENLACE A FOTOS<\/a>)<\/span><\/strong><\/li>\n<li><span style=\"color: #0000ff\">Una vez terminado el per\u00edodo de siembra hemos dedicado nuestras sesiones a la recolecta de frutos de oto\u00f1o (granadas, membrillos y aceitunas). Tambi\u00e9n hemos realizado talleres, como el de plantas arom\u00e1ticas (laurel) o el de cocina, con estas maravillas oto\u00f1ales que nos da nuestro huerto.&nbsp; <strong>(<a href=\"https:\/\/wp.me\/P76aSc-22y\">ENLACE A FOTOS<\/a>)<\/strong><br \/>\n<\/span><\/li>\n<\/ul>\n<h4><span style=\"color: #008000\"><em><strong>Octubre 2018:<\/strong><\/em><\/span><\/h4>\n<ul style=\"list-style-type: square\">\n<li><span style=\"color: #0000ff\">Ya hemos comenzado un nuevo curso escolar en nuestro huerto. Hemos empezado, como todos los a\u00f1os, con mucha fuerza e ilusi\u00f3n. Despu\u00e9s de haber preparado y puesto al d\u00eda el terreno y el sistema de riego, hemos comenzado a sembrar hortalizas con nuestros alumn@s. Algunas de estas han sido, remolachas, cebollas, puerros, alcachofas, coles, coliflores, lechugas y espinacas.&nbsp;&nbsp; <strong>(<a href=\"https:\/\/wp.me\/P76aSc-1Yr\">ENLACE A FOTOS<\/a>)<\/strong><\/span><\/li>\n<\/ul>\n","protected":false},"excerpt":{"rendered":"<p>Final de curso 2018\/19: Nuestra actividad de huerto lleg\u00f3 a su fin, por este curso. Hemos terminado recogiendo los \u00faltimos frutos de la primavera, remolachas, n\u00edsperos y alcachofas. Adem\u00e1s hemos empezado a preparar los&#46;&#46;&#46;<\/p>\n","protected":false},"author":2329,"featured_media":0,"parent":6360,"menu_order":0,"comment_status":"closed","ping_status":"closed","template":"page-templates\/child-menu.php","meta":{"ngg_post_thumbnail":0,"footnotes":"","_mc_calendar":[]},"aioseo_notices":[],"_links":{"self":[{"href":"https:\/\/blogsaverroes.juntadeandalucia.es\/ceipblancadelosrios\/wp-json\/wp\/v2\/pages\/7522"}],"collection":[{"href":"https:\/\/blogsaverroes.juntadeandalucia.es\/ceipblancadelosrios\/wp-json\/wp\/v2\/pages"}],"about":[{"href":"https:\/\/blogsaverroes.juntadeandalucia.es\/ceipblancadelosrios\/wp-json\/wp\/v2\/types\/page"}],"author":[{"embeddable":true,"href":"https:\/\/blogsaverroes.juntadeandalucia.es\/ceipblancadelosrios\/wp-json\/wp\/v2\/users\/2329"}],"replies":[{"embeddable":true,"href":"https:\/\/blogsaverroes.juntadeandalucia.es\/ceipblancadelosrios\/wp-json\/wp\/v2\/comments?post=7522"}],"version-history":[{"count":17,"href":"https:\/\/blogsaverroes.juntadeandalucia.es\/ceipblancadelosrios\/wp-json\/wp\/v2\/pages\/7522\/revisions"}],"predecessor-version":[{"id":12065,"href":"https:\/\/blogsaverroes.juntadeandalucia.es\/ceipblancadelosrios\/wp-json\/wp\/v2\/pages\/7522\/revisions\/12065"}],"up":[{"embeddable":true,"href":"https:\/\/blogsaverroes.juntadeandalucia.es\/ceipblancadelosrios\/wp-json\/wp\/v2\/pages\/6360"}],"wp:attachment":[{"href":"https:\/\/blogsaverroes.juntadeandalucia.es\/ceipblancadelosrios\/wp-json\/wp\/v2\/media?parent=7522"}],"curies":[{"name":"wp","href":"https:\/\/api.w.org\/{rel}","templated":true}]}}