{"id":3319,"date":"2020-03-23T13:03:51","date_gmt":"2020-03-23T12:03:51","guid":{"rendered":"http:\/\/blogsaverroes.juntadeandalucia.es\/ceipblasinfantedeecija\/?page_id=3319"},"modified":"2020-07-05T14:05:57","modified_gmt":"2020-07-05T12:05:57","slug":"ensenanza-on-line","status":"publish","type":"page","link":"https:\/\/blogsaverroes.juntadeandalucia.es\/ceipblasinfantedeecija\/ensenanza-on-line\/","title":{"rendered":"Ense\u00f1anza \u00abon line\u00bb"},"content":{"rendered":"<p>&nbsp;<\/p>\n<p>Estimadas familias, en este apartado toda la comunidad educativa del Blas podemos encontrar recursos de diferentes materias y recursos educativos para hacer el proceso de ense\u00f1anza-aprendizaje m\u00e1s f\u00e1cil, divertido y motivante.<\/p>\n<p>1. En este apartado puedes entrar al apartado de nuestros proyectos de primaria, de los cursos de 1\u00ba y 2\u00ba adem\u00e1s de tener multitud de proyectos en su web donde podr\u00e1s visualizar v\u00eddeos, im\u00e1genes y contenidos interactivos muy interesantes. Comunicaros que Santillana ha dejado <b>en abierto el acceso a nuestra web de recursos<\/b> <b><a href=\"https:\/\/proyectos.santillana.com\/\" target=\"_blank\" rel=\"noopener noreferrer\" data-saferedirecturl=\"https:\/\/www.google.com\/url?q=https:\/\/proyectos.santillana.com\/&amp;source=gmail&amp;ust=1585048984631000&amp;usg=AFQjCNFfRfD6bDbuRhnP6QNlVXGivx4oKw\">https:\/\/proyectos.santillana.com\/<\/a>, <\/b>a la que podr\u00e1n acceder tus alumnos desde el bot\u00f3n ENTRAR i<b>ntroduciendo:<\/b><\/p>\n<p><b>&nbsp;claves: santillana<\/b><\/p>\n<p><b>Usuario: santillana <\/b><\/p>\n<p><a href=\"https:\/\/blogsaverroes.juntadeandalucia.es\/ceipblasinfantedeecija\/files\/2020\/03\/Imagen-proyecto-Santillana.jpg\"><img loading=\"lazy\" decoding=\"async\" class=\" wp-image-3367 aligncenter\" src=\"https:\/\/blogsaverroes.juntadeandalucia.es\/ceipblasinfantedeecija\/files\/2020\/03\/Imagen-proyecto-Santillana-300x200.jpg\" alt=\"\" width=\"342\" height=\"231\" srcset=\"https:\/\/blogsaverroes.juntadeandalucia.es\/ceipblasinfantedeecija\/files\/2020\/03\/Imagen-proyecto-Santillana-24x16.jpg 24w, https:\/\/blogsaverroes.juntadeandalucia.es\/ceipblasinfantedeecija\/files\/2020\/03\/Imagen-proyecto-Santillana-36x24.jpg 36w, https:\/\/blogsaverroes.juntadeandalucia.es\/ceipblasinfantedeecija\/files\/2020\/03\/Imagen-proyecto-Santillana-48x32.jpg 48w\" sizes=\"(max-width: 342px) 100vw, 342px\" \/>2<\/a>. Presentamos para el \u00c1rea de Ingl\u00e9s y con la colaboraci\u00f3n de <strong>Richmond-Santillana<\/strong>&nbsp; <b>recursos que pod\u00e9is hacer llegar a vuestros hij@s<\/b> para que de modo l\u00fadico puedan repasar los contenidos curriculares y hacer m\u00e1s llevadera esta excepcional situaci\u00f3n de confinamiento que nos ha tocado vivir.<\/p>\n<p>En esta ocasi\u00f3n os anunciamos que est\u00e1 abierta<strong> de forma gratuita el acceso a la web de producto de Amanda and Friends,<\/strong> una de nuestras metodolog\u00edas de ingl\u00e9s para Educaci\u00f3n Infantil.<\/p>\n<p>Para ello vuestro hij@ deber\u00e1 acceder a la web <strong>&nbsp;&nbsp;&nbsp;&nbsp;&nbsp;&nbsp;<\/strong><\/p>\n<p><strong>&nbsp;<\/strong><strong>&nbsp;&nbsp;&nbsp;&nbsp;&nbsp;&nbsp;&nbsp;&nbsp;&nbsp;&nbsp;&nbsp;&nbsp;&nbsp;&nbsp;&nbsp;&nbsp;&nbsp; &nbsp;<span style=\"color: #00ccff\">&nbsp;<\/span><\/strong><span style=\"color: #00ccff\"><a style=\"color: #00ccff\" href=\"http:\/\/www.amanda.richmonddigital.net\/\"><strong>http:\/\/www.amanda.richmonddigital.net\/<\/strong><\/a><\/span><\/p>\n<p><img decoding=\"async\" class=\"aligncenter\" src=\"https:\/\/blogsaverroes.juntadeandalucia.es\/directormanuelsomoza\/files\/2020\/03\/Captura-de-pantalla-2020-03-20-a-las-10.12.47.png\"><\/p>\n<p><strong>&nbsp;<\/strong>Una vez en ella debe clicar en el \u00e1rea&nbsp;<strong>Student\u2019s Acces<\/strong><\/p>\n<p><strong><img loading=\"lazy\" decoding=\"async\" class=\"alignnone wp-image-4070 size-full\" src=\"https:\/\/blogsaverroes.juntadeandalucia.es\/directormanuelsomoza\/files\/2020\/03\/Captura-de-pantalla-2020-03-20-a-las-10.13.04.png\" alt=\"\" width=\"566\" height=\"375\"><\/strong><\/p>\n<p>&nbsp;&nbsp;&nbsp;&nbsp;&nbsp;&nbsp; E introducir el&nbsp;<strong>mismo username v\u00e1lido para todos<\/strong>&nbsp;los que accedan<\/p>\n<p><strong>&nbsp; &nbsp; &nbsp; &nbsp; &nbsp; &nbsp; &nbsp; &nbsp; &nbsp; &nbsp; &nbsp; &nbsp; &nbsp; &nbsp; Username&nbsp;&nbsp;&nbsp;&nbsp;&nbsp; richmond2020<\/strong><\/p>\n<p><strong>&nbsp; &nbsp; &nbsp; &nbsp; &nbsp; &nbsp; &nbsp; &nbsp; &nbsp; &nbsp; &nbsp; &nbsp; &nbsp; &nbsp; Password&nbsp;&nbsp;&nbsp;&nbsp;&nbsp;&nbsp; richmond<\/strong><\/p>\n<p><strong>&nbsp;<\/strong>As\u00ed acceder\u00e1 a la interfaz del m\u00e9todo, pudiendo ya desde aqu\u00ed elegir el nivel al que quiera acceder y dentro de \u00e9l:<\/p>\n<ul>\n<li><strong>Games:&nbsp;<\/strong>con juegos interactivos para repasar de forma l\u00fadica<\/li>\n<li><strong>V\u00eddeos:&nbsp;<\/strong>acceso a todos los v\u00eddeos, chants e historias animadas del curso seleccionado<\/li>\n<li><strong>Letter to Parents:&nbsp;<\/strong>desde donde podr\u00e1 descargarse un PDF con el resumen de los contenidos vistos en cada trimestre<\/li>\n<\/ul>\n<p><img loading=\"lazy\" decoding=\"async\" class=\"alignnone wp-image-4071 size-full\" src=\"https:\/\/blogsaverroes.juntadeandalucia.es\/directormanuelsomoza\/files\/2020\/03\/Captura-de-pantalla-2020-03-20-a-las-10.13.21.png\" alt=\"\" width=\"566\" height=\"375\"><\/p>\n<p>Agradecer a Santillana su colaboraci\u00f3n con estos recursos y muchos \u00e1nimos. #Quedateencasa.<\/p>\n","protected":false},"excerpt":{"rendered":"<p>&nbsp; Estimadas familias, en este apartado toda la comunidad educativa del Blas podemos encontrar recursos de diferentes materias y recursos educativos para hacer el proceso de ense\u00f1anza-aprendizaje m\u00e1s f\u00e1cil, divertido y motivante. 1. En&#46;&#46;&#46;<\/p>\n","protected":false},"author":3097,"featured_media":0,"parent":0,"menu_order":0,"comment_status":"closed","ping_status":"closed","template":"","meta":{"ngg_post_thumbnail":0,"footnotes":"","_mc_calendar":[]},"aioseo_notices":[],"_links":{"self":[{"href":"https:\/\/blogsaverroes.juntadeandalucia.es\/ceipblasinfantedeecija\/wp-json\/wp\/v2\/pages\/3319"}],"collection":[{"href":"https:\/\/blogsaverroes.juntadeandalucia.es\/ceipblasinfantedeecija\/wp-json\/wp\/v2\/pages"}],"about":[{"href":"https:\/\/blogsaverroes.juntadeandalucia.es\/ceipblasinfantedeecija\/wp-json\/wp\/v2\/types\/page"}],"author":[{"embeddable":true,"href":"https:\/\/blogsaverroes.juntadeandalucia.es\/ceipblasinfantedeecija\/wp-json\/wp\/v2\/users\/3097"}],"replies":[{"embeddable":true,"href":"https:\/\/blogsaverroes.juntadeandalucia.es\/ceipblasinfantedeecija\/wp-json\/wp\/v2\/comments?post=3319"}],"version-history":[{"count":10,"href":"https:\/\/blogsaverroes.juntadeandalucia.es\/ceipblasinfantedeecija\/wp-json\/wp\/v2\/pages\/3319\/revisions"}],"predecessor-version":[{"id":3747,"href":"https:\/\/blogsaverroes.juntadeandalucia.es\/ceipblasinfantedeecija\/wp-json\/wp\/v2\/pages\/3319\/revisions\/3747"}],"wp:attachment":[{"href":"https:\/\/blogsaverroes.juntadeandalucia.es\/ceipblasinfantedeecija\/wp-json\/wp\/v2\/media?parent=3319"}],"curies":[{"name":"wp","href":"https:\/\/api.w.org\/{rel}","templated":true}]}}