{"id":3435,"date":"2020-03-25T09:14:02","date_gmt":"2020-03-25T08:14:02","guid":{"rendered":"http:\/\/blogsaverroes.juntadeandalucia.es\/ceipblasinfantedeecija\/?page_id=3435"},"modified":"2020-04-23T07:45:15","modified_gmt":"2020-04-23T06:45:15","slug":"la-escuela-en-casa","status":"publish","type":"page","link":"https:\/\/blogsaverroes.juntadeandalucia.es\/ceipblasinfantedeecija\/la-esscuela-en-casa\/la-escuela-en-casa\/","title":{"rendered":"LA ESCUELA EN CASA"},"content":{"rendered":"<div class=\"entry-content\">\n<p>Estimada Comunidad Educativa del CEIP Blas Infante:<br \/>\nTal y como se recoge en el Real Decreto 463\/2020, de 14 de marzo, por el que se declara el estado de alarma para la gesti\u00f3n de la situaci\u00f3n de crisis sanitaria ocasionada por el COVID-19. Arti\u0301culo 9. Medidas de contencio\u0301n en el a\u0301mbito educativo y de la formacio\u0301n. 2.) \u00abDurante el per\u00edodo de suspensi\u00f3n se mantendr\u00e1n las actividades educativas a trav\u00e9s de las modalidades a distancia y \u00abon line\u00bb, siempre que resulte posible.\u201d<br \/>\nPara favorecer y continuar con este proceso educativo \u00abon line\u00bb, desde nuestro COLE nos hemos organizado mediante estas WEB DEL CENTRO, APLICACI\u00d3N IPASEN y otros enlaces a BLOGS y PLATAFORMAS EDUCATIVAS. Para tutorizar y organizar el trabajo de los distintos cursos se han ORGANIZADO unas CARPETAS, las cuales pueden visualizar pinchando en el t\u00edtulo <a href=\"https:\/\/drive.google.com\/drive\/folders\/1iT_UhkS8Dup1b41XyfAZep1orYr7fGZB?usp=sharing\">\u00abREPOSITORIO DE ACTIVIDADES EDUCATIVAS\u00ab<\/a>. Una vez que entren en la carpeta, podr\u00e1n seleccionar el curso que les interese y descargarse la actividad\/tarea concreta.<\/p>\n<p><a href=\"https:\/\/drive.google.com\/drive\/folders\/1iT_UhkS8Dup1b41XyfAZep1orYr7fGZB?usp=sharing\">REPOSITORIO DE ACTIVIDADES EDUCATIVAS:<\/a><\/p>\n<p><a href=\"https:\/\/drive.google.com\/drive\/folders\/1iT_UhkS8Dup1b41XyfAZep1orYr7fGZB?usp=sharing\"><img loading=\"lazy\" decoding=\"async\" class=\"rg_i Q4LuWd tx8vtf alignnone\" src=\"https:\/\/encrypted-tbn0.gstatic.com\/images?q=tbn%3AANd9GcQMyXSGwRywfPTNzcp0IFkBVlmuwfPHoiLjZlGa-l3HWD90hRzW\" alt=\"REPOSITORIO CARPETA TAREAS\" width=\"367\" height=\"178\" data-src=\"https:\/\/encrypted-tbn0.gstatic.com\/images?q=tbn%3AANd9GcQMyXSGwRywfPTNzcp0IFkBVlmuwfPHoiLjZlGa-l3HWD90hRzW\" data-lt=\"\"><\/a><\/p>\n<p>Por otro lado tambi\u00e9n queremos adjuntar a continuaci\u00f3n elementos que complementar\u00e1n y ayudar\u00e1n en este proceso de ense\u00f1anza-aprendizaje a vuestros hij@s y vosotros como familias.<br \/>\n<a href=\"https:\/\/www.juntadeandalucia.es\/educacion\/portalseneca\/web\/pasen\/inicio\/-\/blogs\/se-habilita-nuevo-procedimiento-opcional-de-autologin-para-las-familias?_33_redirect=%2Feducacion%2Fportalseneca%2Fweb%2Fpasen%2Finicio\">IPASEN FAMILIAS<\/a>: Aplicaci\u00f3n de comunicaci\u00f3n entre familia y centro educativo.<\/p>\n<p><a href=\"https:\/\/blogsaverroes.juntadeandalucia.es\/eaprendizaje\/#\">eAPRENDIZAJE:<\/a> Para facilitar la continuidad de la actividad educativa, CONSEJER\u00cdA DE EDUCACI\u00d3N pone a disposici\u00f3n de la comunidad educativa de Andaluc\u00eda el espacio web de Aprendizaje con recursos y recomendaciones para profesorado, alumnado y familias.<\/p>\n<p><a href=\"https:\/\/blogsaverroes.juntadeandalucia.es\/eaprendizaje\/#\"><img decoding=\"async\" class=\"n3VNCb\" src=\"https:\/\/www.ahoracordoba.es\/wp-content\/uploads\/2020\/03\/Sin-t%C3%ADtulo-scaled.jpg\" alt=\"Resultado de imagen de eAPRENDIZAJE\" data-noaft=\"1\"><\/a><\/p>\n<p>Adjuntamos tambi\u00e9n <a href=\"https:\/\/youtu.be\/cHLova48ULE\">TUTORIAL PARA DARSE DE ALTA EN iPASEN:<\/a><\/p>\n<p><a href=\"https:\/\/youtu.be\/cHLova48ULE\"><img decoding=\"async\" class=\"n3VNCb\" src=\"https:\/\/lh3.googleusercontent.com\/YuOPdHRPsvWU_uYjpn_0Oaj4cgK2r3WvVUNVrwANMY9Y9QbATStytrzXjBohP1FiNqs\" alt=\"Resultado de imagen de IPASEN FAMILIAS\" data-noaft=\"1\"><\/a><\/p>\n<div class=\"clear\">&nbsp;<\/div>\n<\/div>\n","protected":false},"excerpt":{"rendered":"<p>Estimada Comunidad Educativa del CEIP Blas Infante: Tal y como se recoge en el Real Decreto 463\/2020, de 14 de marzo, por el que se declara el estado de alarma para la gesti\u00f3n de&#46;&#46;&#46;<\/p>\n","protected":false},"author":3097,"featured_media":0,"parent":3336,"menu_order":1,"comment_status":"closed","ping_status":"closed","template":"","meta":{"ngg_post_thumbnail":0,"footnotes":"","_mc_calendar":[]},"aioseo_notices":[],"_links":{"self":[{"href":"https:\/\/blogsaverroes.juntadeandalucia.es\/ceipblasinfantedeecija\/wp-json\/wp\/v2\/pages\/3435"}],"collection":[{"href":"https:\/\/blogsaverroes.juntadeandalucia.es\/ceipblasinfantedeecija\/wp-json\/wp\/v2\/pages"}],"about":[{"href":"https:\/\/blogsaverroes.juntadeandalucia.es\/ceipblasinfantedeecija\/wp-json\/wp\/v2\/types\/page"}],"author":[{"embeddable":true,"href":"https:\/\/blogsaverroes.juntadeandalucia.es\/ceipblasinfantedeecija\/wp-json\/wp\/v2\/users\/3097"}],"replies":[{"embeddable":true,"href":"https:\/\/blogsaverroes.juntadeandalucia.es\/ceipblasinfantedeecija\/wp-json\/wp\/v2\/comments?post=3435"}],"version-history":[{"count":6,"href":"https:\/\/blogsaverroes.juntadeandalucia.es\/ceipblasinfantedeecija\/wp-json\/wp\/v2\/pages\/3435\/revisions"}],"predecessor-version":[{"id":3521,"href":"https:\/\/blogsaverroes.juntadeandalucia.es\/ceipblasinfantedeecija\/wp-json\/wp\/v2\/pages\/3435\/revisions\/3521"}],"up":[{"embeddable":true,"href":"https:\/\/blogsaverroes.juntadeandalucia.es\/ceipblasinfantedeecija\/wp-json\/wp\/v2\/pages\/3336"}],"wp:attachment":[{"href":"https:\/\/blogsaverroes.juntadeandalucia.es\/ceipblasinfantedeecija\/wp-json\/wp\/v2\/media?parent=3435"}],"curies":[{"name":"wp","href":"https:\/\/api.w.org\/{rel}","templated":true}]}}