{"id":4140,"date":"2021-06-03T17:40:42","date_gmt":"2021-06-03T15:40:42","guid":{"rendered":"http:\/\/blogsaverroes.juntadeandalucia.es\/ceipblasinfantedeecija\/?page_id=4140"},"modified":"2021-06-03T17:40:42","modified_gmt":"2021-06-03T15:40:42","slug":"proyecto-educativo-3","status":"publish","type":"page","link":"https:\/\/blogsaverroes.juntadeandalucia.es\/ceipblasinfantedeecija\/proyecto-educativo-3\/","title":{"rendered":"Proyecto educativo"},"content":{"rendered":"<p><a href=\"https:\/\/blogsaverroes.juntadeandalucia.es\/ceipblasinfantedeecija\/files\/2020\/11\/0.-INDICE-PROYECTO-EDUCATIVO.pdf\">0. INDICE PROYECTO EDUCATIVO<\/a><\/p>\n<p><a href=\"https:\/\/blogsaverroes.juntadeandalucia.es\/ceipblasinfantedeecija\/files\/2020\/11\/CAP.-1.-OBJETIVOS-MEJORA-RENDIMIENTO.pdf\">CAP. 1. OBJETIVOS MEJORA RENDIMIENTO<\/a><\/p>\n<p><a href=\"https:\/\/blogsaverroes.juntadeandalucia.es\/ceipblasinfantedeecija\/files\/2020\/11\/CAP.-2.-LGAP.pdf\">CAP. 2. LGAP<\/a><\/p>\n<p><a href=\"https:\/\/blogsaverroes.juntadeandalucia.es\/ceipblasinfantedeecija\/files\/2020\/11\/CAP.-4.-CRITERIOS-HORARIOS.pdf\">CAP. 4. CRITERIOS HORARIOS<\/a><\/p>\n<p><a href=\"https:\/\/blogsaverroes.juntadeandalucia.es\/ceipblasinfantedeecija\/files\/2020\/11\/CAP.-5.-PROCED.-Y-CRITERIOS-EVALUACIO\u00a6\u00fcN-Y-PROMOCIO\u00a6\u00fcN.pdf\">CAP. 5. PROCED. Y CRITERIOS EVALUACI\u00d3N Y PROMOCI\u00d3N<\/a><\/p>\n<p><a href=\"https:\/\/blogsaverroes.juntadeandalucia.es\/ceipblasinfantedeecija\/files\/2020\/11\/CAP.-5.-PROCED.-Y-CRITERIOS-EVALUACI\u00d3N-Y-PROMOCI\u00d3N.pdf\">CAP. 5. PROCED. Y CRITERIOS EVALUACI\u00d3N Y PROMOCI\u00d3N<\/a><\/p>\n<p><a href=\"https:\/\/blogsaverroes.juntadeandalucia.es\/ceipblasinfantedeecija\/files\/2020\/11\/CAP.-6.-FORMAS-ATENCI\u00d3N-DIVERSIDAD.pdf\">CAP. 6. FORMAS ATENCI\u00d3N DIVERSIDAD<\/a><\/p>\n<p><a href=\"https:\/\/blogsaverroes.juntadeandalucia.es\/ceipblasinfantedeecija\/files\/2020\/11\/CAP.-7.-ORG.-ACTIVIDADES-DE-REFUERZO-Y-RECUPERACIO\u00a6\u00fcN.pdf\">CAP. 7. ORG. ACTIVIDADES DE REFUERZO Y RECUPERACI\u00d3N<\/a><\/p>\n<p><a href=\"https:\/\/blogsaverroes.juntadeandalucia.es\/ceipblasinfantedeecija\/files\/2020\/11\/CAP.-8.-POAT.pdf\">CAP. 8. POAT<\/a><\/p>\n<p><a href=\"https:\/\/blogsaverroes.juntadeandalucia.es\/ceipblasinfantedeecija\/files\/2020\/11\/CAP.-9.-PROCEDIMIENTO-COMPROMISOS-Y-PROTOCOLOS-DE-ACTUACI\u00d3N.pdf\">CAP. 9. PROCEDIMIENTO COMPROMISOS Y PROTOCOLOS DE ACTUACI\u00d3N<\/a><\/p>\n<p><a href=\"https:\/\/blogsaverroes.juntadeandalucia.es\/ceipblasinfantedeecija\/files\/2020\/11\/CAP.-10.-PLAN-DE-CONVIVENCIA.pdf\">CAP. 10. PLAN DE CONVIVENCIA<\/a><\/p>\n<p><a href=\"https:\/\/blogsaverroes.juntadeandalucia.es\/ceipblasinfantedeecija\/files\/2020\/11\/CAP.-11.-PLAN-FORMACI\u00d3N-PROFESORADO.pdf\">CAP. 11. PLAN FORMACI\u00d3N PROFESORADO<\/a><\/p>\n<p><a href=\"https:\/\/blogsaverroes.juntadeandalucia.es\/ceipblasinfantedeecija\/files\/2020\/11\/CAP.-12.-CRITERIOS-ORGANIZACIO\u00a6\u00fcN-HORARIOS.pdf\">CAP. 12. CRITERIOS ORGANIZACI\u00d3N HORARIOS<\/a><\/p>\n<p><a href=\"https:\/\/blogsaverroes.juntadeandalucia.es\/ceipblasinfantedeecija\/files\/2020\/11\/CAP.-13.-PROCEDIMIENTO-EVALUACI\u00d3N-INTERNA.pdf\">CAP. 13. PROCEDIMIENTO EVALUACI\u00d3N INTERNA<\/a><\/p>\n<p><a href=\"https:\/\/blogsaverroes.juntadeandalucia.es\/ceipblasinfantedeecija\/files\/2020\/11\/CAP.-14.-CRITERIOS-AGRUPAMIENTO-ALUMNADO-Y-TUTORIA.pdf\">CAP. 14. CRITERIOS AGRUPAMIENTO ALUMNADO Y TUTORIA<\/a><\/p>\n<p><a href=\"https:\/\/blogsaverroes.juntadeandalucia.es\/ceipblasinfantedeecija\/files\/2020\/11\/CAP.-15.-CRITERIOS-PROGRAMACIONES.pdf\">CAP. 15. CRITERIOS PROGRAMACIONES<\/a><\/p>\n<p><a href=\"https:\/\/blogsaverroes.juntadeandalucia.es\/ceipblasinfantedeecija\/files\/2020\/11\/CAP.-16.-PLANES-Y-PROYECTOS.pdf\">CAP. 16. PLANES Y PROYECTOS<\/a><\/p>\n<p><a href=\"https:\/\/blogsaverroes.juntadeandalucia.es\/ceipblasinfantedeecija\/files\/2021\/06\/CAP-20.-PLAN-DE-IGUALDAD.pdf\">CAP 20. PLAN DE IGUALDAD<\/a><\/p>\n<p><a href=\"https:\/\/blogsaverroes.juntadeandalucia.es\/ceipblasinfantedeecija\/files\/2021\/06\/CAP.-21-PLAN-DE-ACTUACI\u00d3N-DIGITAL.pdf\">CAP. 21 PLAN DE ACTUACI\u00d3N DIGITAL<\/a><\/p>\n","protected":false},"excerpt":{"rendered":"<p>0. INDICE PROYECTO EDUCATIVO CAP. 1. OBJETIVOS MEJORA RENDIMIENTO CAP. 2. LGAP CAP. 4. CRITERIOS HORARIOS CAP. 5. PROCED. Y CRITERIOS EVALUACI\u00d3N Y PROMOCI\u00d3N CAP. 5. PROCED. Y CRITERIOS EVALUACI\u00d3N Y PROMOCI\u00d3N CAP. 6.&#46;&#46;&#46;<\/p>\n","protected":false},"author":3097,"featured_media":0,"parent":0,"menu_order":0,"comment_status":"closed","ping_status":"closed","template":"","meta":{"ngg_post_thumbnail":0,"footnotes":"","_mc_calendar":[]},"aioseo_notices":[],"_links":{"self":[{"href":"https:\/\/blogsaverroes.juntadeandalucia.es\/ceipblasinfantedeecija\/wp-json\/wp\/v2\/pages\/4140"}],"collection":[{"href":"https:\/\/blogsaverroes.juntadeandalucia.es\/ceipblasinfantedeecija\/wp-json\/wp\/v2\/pages"}],"about":[{"href":"https:\/\/blogsaverroes.juntadeandalucia.es\/ceipblasinfantedeecija\/wp-json\/wp\/v2\/types\/page"}],"author":[{"embeddable":true,"href":"https:\/\/blogsaverroes.juntadeandalucia.es\/ceipblasinfantedeecija\/wp-json\/wp\/v2\/users\/3097"}],"replies":[{"embeddable":true,"href":"https:\/\/blogsaverroes.juntadeandalucia.es\/ceipblasinfantedeecija\/wp-json\/wp\/v2\/comments?post=4140"}],"version-history":[{"count":2,"href":"https:\/\/blogsaverroes.juntadeandalucia.es\/ceipblasinfantedeecija\/wp-json\/wp\/v2\/pages\/4140\/revisions"}],"predecessor-version":[{"id":4144,"href":"https:\/\/blogsaverroes.juntadeandalucia.es\/ceipblasinfantedeecija\/wp-json\/wp\/v2\/pages\/4140\/revisions\/4144"}],"wp:attachment":[{"href":"https:\/\/blogsaverroes.juntadeandalucia.es\/ceipblasinfantedeecija\/wp-json\/wp\/v2\/media?parent=4140"}],"curies":[{"name":"wp","href":"https:\/\/api.w.org\/{rel}","templated":true}]}}