{"id":141,"date":"2015-03-17T07:13:24","date_gmt":"2015-03-17T07:13:24","guid":{"rendered":"http:\/\/blogsaverroes.juntadeandalucia.es\/pre\/ceip\/?page_id=141"},"modified":"2018-04-14T10:35:52","modified_gmt":"2018-04-14T10:35:52","slug":"escolarizacion","status":"publish","type":"page","link":"https:\/\/blogsaverroes.juntadeandalucia.es\/ceipblasinfanteguadaira\/escolarizacion\/","title":{"rendered":"Escolarizaci\u00f3n"},"content":{"rendered":"<div class=\"osc-res-tab tabbable   osc-tabs-left\"><div style=\"clear:both;width: 100%;\"><ul class=\"nav osc-res-nav nav-pills osc-tabs-left-ul\" id=\"oscitas-restabs-1-escolarizacion-24507\"><li class=\"active\"><a href=\"#ert_pane1-0\" data-toggle=\"tab\">Informaci\u00f3n<\/a><\/li><li class=\"\"><a href=\"#ert_pane1-1\" data-toggle=\"tab\">Impresos<\/a><\/li><li class=\"\"><a href=\"#ert_pane1-2\" data-toggle=\"tab\">Normativa<\/a><\/li><li class=\"\"><a href=\"#ert_pane1-3\" data-toggle=\"tab\">Calendario de procedimiento<\/a><\/li><li class=\"\"><a href=\"#ert_pane1-4\" data-toggle=\"tab\">Novedades<\/a><\/li><\/ul><\/div><div style=\"clear:both;width: 100%;\"><ul class=\"tab-content\" id=\"oscitas-restabcontent-1-escolarizacion-24507\"><li class=\"tab-pane active\" id=\"ert_pane1-0\"><\/p>\n<p><a href=\"https:\/\/blogsaverroes.juntadeandalucia.es\/ceipblasinfanteguadaira\/files\/2015\/03\/Escolarizacion-1.jpg\"><img loading=\"lazy\" decoding=\"async\" class=\"size-medium wp-image-2385 alignleft\" src=\"https:\/\/blogsaverroes.juntadeandalucia.es\/ceipblasinfanteguadaira\/files\/2015\/03\/Escolarizacion-1-300x169.jpg\" alt=\"\" width=\"300\" height=\"169\" srcset=\"https:\/\/blogsaverroes.juntadeandalucia.es\/ceipblasinfanteguadaira\/files\/2015\/03\/Escolarizacion-1-300x169.jpg 300w, https:\/\/blogsaverroes.juntadeandalucia.es\/ceipblasinfanteguadaira\/files\/2015\/03\/Escolarizacion-1-1024x576.jpg 1024w, https:\/\/blogsaverroes.juntadeandalucia.es\/ceipblasinfanteguadaira\/files\/2015\/03\/Escolarizacion-1-24x14.jpg 24w, https:\/\/blogsaverroes.juntadeandalucia.es\/ceipblasinfanteguadaira\/files\/2015\/03\/Escolarizacion-1-36x20.jpg 36w, https:\/\/blogsaverroes.juntadeandalucia.es\/ceipblasinfanteguadaira\/files\/2015\/03\/Escolarizacion-1-48x27.jpg 48w, https:\/\/blogsaverroes.juntadeandalucia.es\/ceipblasinfanteguadaira\/files\/2015\/03\/Escolarizacion-1.jpg 1600w\" sizes=\"(max-width: 300px) 100vw, 300px\" \/><\/a>Durante todo el mes de marzo permanecer\u00e1 abierto el plazo para la presentaci\u00f3n de solicitudes de admisi\u00f3n. Se inicia de este modo el proceso de escolarizaci\u00f3n en el que participan todos los ni\u00f1os y ni\u00f1as que se incorporan por primera vez al sistema educativo, as\u00ed como el alumnado que cambie de centro escolar.&nbsp;<span style=\"color: #000080\"><a href=\"http:\/\/www.juntadeandalucia.es\/educacion\/portals\/abaco-portlet\/content\/e8433f4f-5c9f-4c1f-bc5a-fc06f16f5749\" target=\"_blank\" rel=\"noopener\"><em>(Tr\u00edptico informativo)<\/em><\/a><\/span><\/p>\n<p>La Consejer\u00eda pone a disposici\u00f3n de las familias el&nbsp;<span style=\"color: #000080\"><a href=\"http:\/\/www.juntadeandalucia.es\/educacion\/webportal\/web\/portal-escolarizacion\" target=\"_blank\" rel=\"noopener\">Portal de Escolarizaci\u00f3n<\/a><\/span>,&nbsp;donde est\u00e1 recogida toda la informaci\u00f3n sobre los centros docentes, sus ense\u00f1anzas y oferta de servicios complementarios, as\u00ed como la normativa que regula el proceso de escolarizaci\u00f3n y el<span style=\"color: #000080\">&nbsp;<a href=\"https:\/\/drive.google.com\/file\/d\/0BxAAm0RRTLUQUTlxU3ZIMGtCWTQ\/view?usp=sharing\" target=\"_blank\" rel=\"noopener\">impreso de solicitud<\/a>&nbsp;<\/span>que se podr\u00e1 presentar telem\u00e1ticamente o bien en los propios centros.<\/p>\n<p>Informaci\u00f3n de la oferta educativa &gt;&gt;&gt;<\/p>\n<p><strong><a href=\"https:\/\/blogsaverroes.juntadeandalucia.es\/ceipblasinfanteguadaira\/files\/2015\/03\/Documento-informativo-escolarizaci\u00f3n.pdf\">Documento informativo escolarizaci\u00f3n<\/a> <\/strong>&gt;&gt;&gt;<\/p>\n<p>Zona de influencia <span style=\"color: #000080\"><strong><a href=\"https:\/\/blogsaverroes.juntadeandalucia.es\/ceipblasinfanteguadaira\/files\/2015\/03\/Mapa-escolarizaci\u00f3n.pdf\">mapa<\/a><\/strong><\/span>\/viales &gt;&gt;&gt;<\/p>\n<p><span style=\"color: #000080\"><strong><a href=\"https:\/\/blogsaverroes.juntadeandalucia.es\/ceipblasinfanteguadaira\/files\/2015\/03\/Informaci\u00f3n-sobre-matriculaci\u00f3n.pdf\"><span style=\"color: #000080\">Informaci\u00f3n<\/span> <span style=\"color: #000080\">sobre matriculaci\u00f3n<\/span><\/a><span style=\"color: #000080\">&nbsp;<\/span><\/strong><\/span>(del 1 al 8 de junio)&gt;&gt;&gt;<\/p>\n<p>Para atender consultas sobre todo el proceso de escolarizaci\u00f3n, la Consejer\u00eda ha habilitado un tel\u00e9fono gratuito de informaci\u00f3n (900 848 000), en horario ininterrumpido de 8.00 a 19.00 horas.<img decoding=\"async\" title=\"M\u00e1s...\" src=\"http:\/\/ceipreinafabiola.redes-cepalcala.org\/wp-includes\/js\/tinymce\/plugins\/wordpress\/img\/trans.gif\" alt=\"\"><\/p>\n<p>.<\/li><li class=\"tab-pane \" id=\"ert_pane1-1\"><\/p>\n<p><a href=\"https:\/\/blogsaverroes.juntadeandalucia.es\/ceipblasinfanteguadaira\/files\/2015\/03\/banner_530x230_medico.jpg\"><img loading=\"lazy\" decoding=\"async\" class=\"size-medium wp-image-2394 aligncenter\" src=\"https:\/\/blogsaverroes.juntadeandalucia.es\/ceipblasinfanteguadaira\/files\/2015\/03\/banner_530x230_medico-300x117.jpg\" alt=\"\" width=\"300\" height=\"117\" srcset=\"https:\/\/blogsaverroes.juntadeandalucia.es\/ceipblasinfanteguadaira\/files\/2015\/03\/banner_530x230_medico-300x117.jpg 300w, https:\/\/blogsaverroes.juntadeandalucia.es\/ceipblasinfanteguadaira\/files\/2015\/03\/banner_530x230_medico-24x9.jpg 24w, https:\/\/blogsaverroes.juntadeandalucia.es\/ceipblasinfanteguadaira\/files\/2015\/03\/banner_530x230_medico-36x14.jpg 36w, https:\/\/blogsaverroes.juntadeandalucia.es\/ceipblasinfanteguadaira\/files\/2015\/03\/banner_530x230_medico-48x19.jpg 48w, https:\/\/blogsaverroes.juntadeandalucia.es\/ceipblasinfanteguadaira\/files\/2015\/03\/banner_530x230_medico.jpg 581w\" sizes=\"(max-width: 300px) 100vw, 300px\" \/><\/a><\/p>\n<ul>\n<li><a title=\"Modelo oficial de solicitud de plaza\" href=\"https:\/\/blogsaverroes.juntadeandalucia.es\/ceipblasinfanteguadaira\/files\/2015\/03\/ANEXO-III-Impreso-Solicitud-Admision.pdf\" target=\"_blank\" rel=\"noopener\"><strong>Impreso oficial de solicitud de plaza.<\/strong><\/a>&nbsp;(Por duplicado).&nbsp;<em>Desde este enlace tendr\u00e1n acceso al modelo oficial de Solicitud. (Impriman dos ejemplares si quieren que se les selle uno de ellos como resguardo al entregarla en la Secretar\u00eda del Centro junto con la documentaci\u00f3n necesaria).<\/em><\/li>\n<li><strong><a href=\"https:\/\/blogsaverroes.juntadeandalucia.es\/ceipblasinfanteguadaira\/files\/2015\/03\/ANEXO-IV-Matricula-Ed-Infantil.pdf\" target=\"_blank\" rel=\"noopener\">Impreso oficial de Matriculaci\u00f3n&nbsp;en Ed. Infantil<\/a>.<\/strong>&nbsp;(Por duplicado)&nbsp;<em>Desde este enlace tendr\u00e1n acceso al modelo oficial de Matr\u00edcula de Educaci\u00f3n Infantil. Rellenar, imprimir &nbsp;y hacer entrega de la misma en la Secretar\u00eda del Centro del 1 al 8 de junio, (los alumnos nuevos deber\u00e1n entregar adem\u00e1s el impreso de Solicitud de Ense\u00f1anza de Religi\u00f3n).<\/em><\/li>\n<li><a href=\"https:\/\/blogsaverroes.juntadeandalucia.es\/ceipblasinfanteguadaira\/files\/2015\/03\/ANEXO-V-Matricula-Ed-Primaria.pdf\" target=\"_blank\" rel=\"noopener\"><strong>Impreso oficial de Matriculaci\u00f3n&nbsp;en Ed. Primaria.<\/strong><\/a>&nbsp;(Por duplicado)&nbsp;<em>Desde este enlace tendr\u00e1n acceso al modelo oficial de Matr\u00edcula de Educaci\u00f3n Primaria. Rellenar, imprimir &nbsp;y hacer entrega de la misma en la Secretar\u00eda del Centro del 1 al 8 de junio, (los alumnos nuevos deber\u00e1n entregar adem\u00e1s el impreso de Solicitud de Ense\u00f1anza de Religi\u00f3n).<\/em><\/li>\n<li><a href=\"https:\/\/blogsaverroes.juntadeandalucia.es\/ceipblasinfanteguadaira\/files\/2015\/03\/Ficha-de-alumno20_20.pdf\"><strong>Ficha personal del alumno\/a:<\/strong> <\/a>Entregar en secretar\u00eda junto con la matr\u00edcula. Es imprescindible anotar m\u00e1s de un n\u00famero de tel\u00e9fono con el fin de agilizar la comunicaci\u00f3n familia-escuela. Esta ficha tambi\u00e9n est\u00e1 disponible en Secretar\u00eda.<\/li>\n<li><a href=\"https:\/\/blogsaverroes.juntadeandalucia.es\/ceipblasinfanteguadaira\/files\/2015\/03\/AUTORIZACI\u00d3N-PARA-LA-PUBLICACI\u00d3N-DE-IM\u00c1GENES.pdf\"><strong>Autorizaci\u00f3n im\u00e1genes en p\u00e1gina web:<\/strong><\/a>&nbsp;Imprimir, rellenar y entregar en secretar\u00eda. Tambi\u00e9n se puede solicitar en el centro.<\/li>\n<li><a href=\"https:\/\/blogsaverroes.juntadeandalucia.es\/ceipblasinfanteguadaira\/files\/2015\/03\/ANEXO-RELIGI\u00d3N.pdf\"><strong>Anexo ense\u00f1anza religiosa:<\/strong><\/a>&nbsp;S\u00f3lo se podr\u00e1 solicitar el cambio de ense\u00f1anza de Religi\u00f3n del 1 a 8 de Junio de cada a\u00f1o debido a que hay que entregar los Cheque-Libros. Para ello, lo deber\u00e1 rellenar, imprimir y entregar junto con el impreso de Inscripci\u00f3n en la fecha citada.<\/li>\n<\/ul>\n<p>.<\/li><li class=\"tab-pane \" id=\"ert_pane1-2\"><\/p>\n<p><a href=\"https:\/\/blogsaverroes.juntadeandalucia.es\/ceipblasinfanteguadaira\/files\/2015\/03\/banner_530x230_medico.jpg\"><img loading=\"lazy\" decoding=\"async\" class=\"size-medium wp-image-2394 aligncenter\" src=\"https:\/\/blogsaverroes.juntadeandalucia.es\/ceipblasinfanteguadaira\/files\/2015\/03\/banner_530x230_medico-300x117.jpg\" alt=\"\" width=\"300\" height=\"117\" srcset=\"https:\/\/blogsaverroes.juntadeandalucia.es\/ceipblasinfanteguadaira\/files\/2015\/03\/banner_530x230_medico-300x117.jpg 300w, https:\/\/blogsaverroes.juntadeandalucia.es\/ceipblasinfanteguadaira\/files\/2015\/03\/banner_530x230_medico-24x9.jpg 24w, https:\/\/blogsaverroes.juntadeandalucia.es\/ceipblasinfanteguadaira\/files\/2015\/03\/banner_530x230_medico-36x14.jpg 36w, https:\/\/blogsaverroes.juntadeandalucia.es\/ceipblasinfanteguadaira\/files\/2015\/03\/banner_530x230_medico-48x19.jpg 48w, https:\/\/blogsaverroes.juntadeandalucia.es\/ceipblasinfanteguadaira\/files\/2015\/03\/banner_530x230_medico.jpg 581w\" sizes=\"(max-width: 300px) 100vw, 300px\" \/><\/a><\/p>\n<h4><b>Normativa que regula el procedimiento de&nbsp;<\/b><strong>admisi\u00f3n de alumnado<\/strong><b>:<\/b><\/h4>\n<ul>\n<li><a href=\"http:\/\/www.juntadeandalucia.es\/boja\/2011\/40\/d2.pdf\" target=\"_blank\" rel=\"noopener\">DECRETO 40\/2011 (BOJA 40 de 25 de febrero de 2011)<\/a><\/li>\n<li><a href=\"http:\/\/www.adideandalucia.es\/normas\/decretos\/CorreccionErroresDecreto40Escolarizacion.pdf\" target=\"_blank\" rel=\"noopener\">CORRECCI\u00d3N de errores al Decreto 40\/2011, de 22 de febrero.<\/a><\/li>\n<li><a href=\"http:\/\/www.juntadeandalucia.es\/boja\/2011\/40\/d3.pdf\" target=\"_blank\" rel=\"noopener\">ORDEN de la Consejer\u00eda de Educaci\u00f3n de 24 de febrero (BOJA 40 de 25 de febrero de 2011)<\/a><\/li>\n<li><a href=\"https:\/\/drive.google.com\/file\/d\/0BxAAm0RRTLUQYjU1aEFTU242anc\/view?usp=sharing\" target=\"_blank\" rel=\"noopener\">RESOLUCI\u00d3N de 16 de enero de 2017, de la Direcci\u00f3n General de Planificaci\u00f3n y Centros, por la que se establece el calendario de actuaciones del procedimiento ordinario de admisi\u00f3n del alumnado.<\/a><\/li>\n<\/ul>\n<p>.<\/li><li class=\"tab-pane \" id=\"ert_pane1-3\"><\/p>\n<p><a href=\"https:\/\/blogsaverroes.juntadeandalucia.es\/ceipblasinfanteguadaira\/files\/2015\/03\/banner_530x230_medico.jpg\"><img loading=\"lazy\" decoding=\"async\" class=\"size-medium wp-image-2394 aligncenter\" src=\"https:\/\/blogsaverroes.juntadeandalucia.es\/ceipblasinfanteguadaira\/files\/2015\/03\/banner_530x230_medico-300x117.jpg\" alt=\"\" width=\"300\" height=\"117\" srcset=\"https:\/\/blogsaverroes.juntadeandalucia.es\/ceipblasinfanteguadaira\/files\/2015\/03\/banner_530x230_medico-300x117.jpg 300w, https:\/\/blogsaverroes.juntadeandalucia.es\/ceipblasinfanteguadaira\/files\/2015\/03\/banner_530x230_medico-24x9.jpg 24w, https:\/\/blogsaverroes.juntadeandalucia.es\/ceipblasinfanteguadaira\/files\/2015\/03\/banner_530x230_medico-36x14.jpg 36w, https:\/\/blogsaverroes.juntadeandalucia.es\/ceipblasinfanteguadaira\/files\/2015\/03\/banner_530x230_medico-48x19.jpg 48w, https:\/\/blogsaverroes.juntadeandalucia.es\/ceipblasinfanteguadaira\/files\/2015\/03\/banner_530x230_medico.jpg 581w\" sizes=\"(max-width: 300px) 100vw, 300px\" \/><\/a><\/p>\n<h4><b>Calendario del procedimiento ordinario de admisi\u00f3n del alumnado:<\/b><b><\/b><\/h4>\n<ul>\n<li><strong>1 a 31 MARZO:<\/strong>&nbsp;Presentaci\u00f3n Solicitudes de Admisi\u00f3n<\/li>\n<li><strong>11 ABRIL:<\/strong>&nbsp;Publicaci\u00f3n Relaci\u00f3n baremada de alumnado solicitante.<\/li>\n<li><strong>13 a 26 ABRIL:<\/strong>&nbsp;Tr\u00e1mite de audiencia.<\/li>\n<li><strong>14 MAYO:<\/strong>&nbsp;Celebraci\u00f3n del sorteo p\u00fablico&nbsp;para dirimir empates<\/li>\n<li><strong>15 MAYO:<\/strong>&nbsp;Publicaci\u00f3n Relaci\u00f3n Admitidos en los centros elegidos como prioritarios<\/li>\n<li><strong>22 MAYO:<\/strong>&nbsp;Publicaci\u00f3n Adjudicaci\u00f3n de plaza escolar al alumnado No Admitido<\/li>\n<li><strong>23 MAYO a 22 JUNIO:<\/strong>&nbsp;Reclamaciones\/recursos de alzada<\/li>\n<li><strong>1 a 8 JUNIO:<\/strong>&nbsp;Plazo de Matriculaci\u00f3n<\/li>\n<\/ul>\n<p>.<\/li><li class=\"tab-pane \" id=\"ert_pane1-4\"><div class=\"pt-cv-wrapper\"><div class=\"pt-cv-view pt-cv-grid pt-cv-colsys\" id=\"pt-cv-view-9e601fe6vy\"><div data-id=\"pt-cv-page-1\" class=\"pt-cv-page\" data-cvc=\"2\"><div class=\"col-md-6 col-sm-6 col-xs-12 pt-cv-content-item pt-cv-1-col\" ><div class='pt-cv-ifield'><a href=\"https:\/\/blogsaverroes.juntadeandalucia.es\/ceipblasinfanteguadaira\/2018\/03\/10\/2468\/\" class=\"_self pt-cv-href-thumbnail pt-cv-thumb-default\" target=\"_self\" ><img loading=\"lazy\" decoding=\"async\" width=\"300\" height=\"184\" src=\"https:\/\/blogsaverroes.juntadeandalucia.es\/ceipblasinfanteguadaira\/files\/2018\/03\/preoceso-escolarizacion-klRF-U501114045161QWC-624x385@Ideal-300x184.jpg\" class=\"pt-cv-thumbnail\" alt=\"\" srcset=\"https:\/\/blogsaverroes.juntadeandalucia.es\/ceipblasinfanteguadaira\/files\/2018\/03\/preoceso-escolarizacion-klRF-U501114045161QWC-624x385@Ideal-300x184.jpg 300w, https:\/\/blogsaverroes.juntadeandalucia.es\/ceipblasinfanteguadaira\/files\/2018\/03\/preoceso-escolarizacion-klRF-U501114045161QWC-624x385@Ideal-24x15.jpg 24w, https:\/\/blogsaverroes.juntadeandalucia.es\/ceipblasinfanteguadaira\/files\/2018\/03\/preoceso-escolarizacion-klRF-U501114045161QWC-624x385@Ideal-36x22.jpg 36w, https:\/\/blogsaverroes.juntadeandalucia.es\/ceipblasinfanteguadaira\/files\/2018\/03\/preoceso-escolarizacion-klRF-U501114045161QWC-624x385@Ideal-48x29.jpg 48w, https:\/\/blogsaverroes.juntadeandalucia.es\/ceipblasinfanteguadaira\/files\/2018\/03\/preoceso-escolarizacion-klRF-U501114045161QWC-624x385@Ideal.jpg 624w\" sizes=\"(max-width: 300px) 100vw, 300px\" \/><\/a>\n<h4 class=\"pt-cv-title\"><a href=\"https:\/\/blogsaverroes.juntadeandalucia.es\/ceipblasinfanteguadaira\/2018\/03\/10\/2468\/\" class=\"_self\" target=\"_self\" >Escolarizaci\u00f3n curso 18-19: bienvenidos\/as al CEIP Blas Infante<\/a><\/h4>\n<div class=\"pt-cv-content\">Estimadas familias: Desde el d\u00eda 1 hasta el 31 de marzo est\u00e1 abierto el proceso de escolarizaci\u00f3n, tanto para los ...<br \/><div class=\"pt-cv-rmwrap\"><a href=\"https:\/\/blogsaverroes.juntadeandalucia.es\/ceipblasinfanteguadaira\/2018\/03\/10\/2468\/\" class=\"_self pt-cv-readmore btn btn-success\" target=\"_self\">Leer M\u00e1s<\/a><\/div><\/div><\/div><\/div><\/div><\/div><\/div>.<\/li><\/ul><\/div><\/div>\n","protected":false},"excerpt":{"rendered":"","protected":false},"author":1,"featured_media":0,"parent":0,"menu_order":0,"comment_status":"open","ping_status":"open","template":"page-templates\/child-menu.php","meta":{"ngg_post_thumbnail":0,"footnotes":"","_mc_calendar":[]},"aioseo_notices":[],"_links":{"self":[{"href":"https:\/\/blogsaverroes.juntadeandalucia.es\/ceipblasinfanteguadaira\/wp-json\/wp\/v2\/pages\/141"}],"collection":[{"href":"https:\/\/blogsaverroes.juntadeandalucia.es\/ceipblasinfanteguadaira\/wp-json\/wp\/v2\/pages"}],"about":[{"href":"https:\/\/blogsaverroes.juntadeandalucia.es\/ceipblasinfanteguadaira\/wp-json\/wp\/v2\/types\/page"}],"author":[{"embeddable":true,"href":"https:\/\/blogsaverroes.juntadeandalucia.es\/ceipblasinfanteguadaira\/wp-json\/wp\/v2\/users\/1"}],"replies":[{"embeddable":true,"href":"https:\/\/blogsaverroes.juntadeandalucia.es\/ceipblasinfanteguadaira\/wp-json\/wp\/v2\/comments?post=141"}],"version-history":[{"count":37,"href":"https:\/\/blogsaverroes.juntadeandalucia.es\/ceipblasinfanteguadaira\/wp-json\/wp\/v2\/pages\/141\/revisions"}],"predecessor-version":[{"id":2503,"href":"https:\/\/blogsaverroes.juntadeandalucia.es\/ceipblasinfanteguadaira\/wp-json\/wp\/v2\/pages\/141\/revisions\/2503"}],"wp:attachment":[{"href":"https:\/\/blogsaverroes.juntadeandalucia.es\/ceipblasinfanteguadaira\/wp-json\/wp\/v2\/media?parent=141"}],"curies":[{"name":"wp","href":"https:\/\/api.w.org\/{rel}","templated":true}]}}