{"id":2244,"date":"2018-01-29T22:13:48","date_gmt":"2018-01-29T22:13:48","guid":{"rendered":"https:\/\/blogsaverroes.juntadeandalucia.es\/ceipblasinfanteguadaira\/?page_id=2244"},"modified":"2018-01-29T22:44:02","modified_gmt":"2018-01-29T22:44:02","slug":"proyecto-de-gestion","status":"publish","type":"page","link":"https:\/\/blogsaverroes.juntadeandalucia.es\/ceipblasinfanteguadaira\/proyecto-de-gestion\/","title":{"rendered":"PROYECTO DE GESTI\u00d3N"},"content":{"rendered":"<table style=\"height: 381px;background-color: #f0de6c\" width=\"817\">\n<tbody>\n<tr>\n<td style=\"width: 807px\"><img decoding=\"async\" class=\"alignright\" src=\"http:\/\/4.bp.blogspot.com\/-7nXqG0Z7fC0\/T8dxUye_ICI\/AAAAAAAAABs\/lNvkyNeXPVY\/s760\/Sistema-Nacional-de-Contabilidad.gif\" alt=\"Resultado de imagen de cuentas gestion dibujo\"><\/p>\n<p style=\"text-align: left\">El Proyecto de Gesti\u00f3n, como parte del Plan de Centro, es el instrumento que debe establecer los criterios a seguir en las decisiones relativas a la gesti\u00f3n de los recursos humanos, materiales y econ\u00f3micos del Centro, favoreciendo el uso responsable de los mismos. Esto adquiere especial importancia en un centro educativo, que&nbsp; &nbsp; debe contribuir a que el alumnado reciba una formaci\u00f3n que incluya el respeto al medio ambiente y el consumo reflexivo y prudente.<\/p>\n<p style=\"text-align: left\">Debemos ser conscientes que nuestro centro utiliza recursos econ\u00f3micos p\u00fablicos para su funcionamiento y, por tanto, su gesti\u00f3n debe ser transparente y rigurosa y debe estar enfocada a la mejora de la educaci\u00f3n.<\/p>\n<p style=\"text-align: left\">Este proyecto debe basarse en una buena gesti\u00f3n de los recursos de los que se dispone en el Centro, evitando gastos innecesarios y fomentando, en todos los miembros de la Comunidad&nbsp;&nbsp;Educativa, la consideraci\u00f3n de los consumos de recursos que realizamos, y en los medios que tenemos a nuestra disposici\u00f3n para que se ajusten a lo realmente necesario.<\/p>\n<p style=\"text-align: left\">Consulta aqu\u00ed nuestro Proyecto de Gesti\u00f3n:<\/p>\n<p style=\"text-align: left\"><iframe loading=\"lazy\" src=\"\/\/v.calameo.com\/?bkcode=004655778de297909a8f6&amp;mode=mini\" width=\"600\" height=\"400\" frameborder=\"0\" scrolling=\"no\"><\/iframe><\/p>\n<\/td>\n<\/tr>\n<\/tbody>\n<\/table>\n","protected":false},"excerpt":{"rendered":"<p>El Proyecto de Gesti\u00f3n, como parte del Plan de Centro, es el instrumento que debe establecer los criterios a seguir en las decisiones relativas a la gesti\u00f3n de los recursos humanos, materiales y econ\u00f3micos&#46;&#46;&#46;<\/p>\n","protected":false},"author":5792,"featured_media":0,"parent":0,"menu_order":0,"comment_status":"closed","ping_status":"closed","template":"","meta":{"ngg_post_thumbnail":0,"footnotes":"","_mc_calendar":[]},"aioseo_notices":[],"_links":{"self":[{"href":"https:\/\/blogsaverroes.juntadeandalucia.es\/ceipblasinfanteguadaira\/wp-json\/wp\/v2\/pages\/2244"}],"collection":[{"href":"https:\/\/blogsaverroes.juntadeandalucia.es\/ceipblasinfanteguadaira\/wp-json\/wp\/v2\/pages"}],"about":[{"href":"https:\/\/blogsaverroes.juntadeandalucia.es\/ceipblasinfanteguadaira\/wp-json\/wp\/v2\/types\/page"}],"author":[{"embeddable":true,"href":"https:\/\/blogsaverroes.juntadeandalucia.es\/ceipblasinfanteguadaira\/wp-json\/wp\/v2\/users\/5792"}],"replies":[{"embeddable":true,"href":"https:\/\/blogsaverroes.juntadeandalucia.es\/ceipblasinfanteguadaira\/wp-json\/wp\/v2\/comments?post=2244"}],"version-history":[{"count":5,"href":"https:\/\/blogsaverroes.juntadeandalucia.es\/ceipblasinfanteguadaira\/wp-json\/wp\/v2\/pages\/2244\/revisions"}],"predecessor-version":[{"id":2262,"href":"https:\/\/blogsaverroes.juntadeandalucia.es\/ceipblasinfanteguadaira\/wp-json\/wp\/v2\/pages\/2244\/revisions\/2262"}],"wp:attachment":[{"href":"https:\/\/blogsaverroes.juntadeandalucia.es\/ceipblasinfanteguadaira\/wp-json\/wp\/v2\/media?parent=2244"}],"curies":[{"name":"wp","href":"https:\/\/api.w.org\/{rel}","templated":true}]}}