{"id":35,"date":"2015-03-13T08:21:43","date_gmt":"2015-03-13T08:21:43","guid":{"rendered":"http:\/\/blogsaverroes.juntadeandalucia.es\/pre\/ceip\/?page_id=35"},"modified":"2018-02-13T22:34:58","modified_gmt":"2018-02-13T22:34:58","slug":"el-centro-2","status":"publish","type":"page","link":"https:\/\/blogsaverroes.juntadeandalucia.es\/ceipblasinfanteguadaira\/el-centro-2\/","title":{"rendered":"Datos del centro"},"content":{"rendered":"<p>[googlemaps https:\/\/www.google.com\/maps\/embed?pb=!1m18!1m12!1m3!1d3171.988060933845!2d-5.831782585397565!3d37.34279134466912!2m3!1f0!2f0!3f0!3m2!1i1024!2i768!4f13.1!3m3!1m2!1s0xd1264bdcb77626f%3A0x3dd27ff7cf8473a3!2sCeip+Blas+Infante!5e0!3m2!1ses!2ses!4v1517179891004&amp;w=400&amp;h=300]<\/p>\n<table style=\"height: 169px;background-color: #aced9f\" width=\"773\">\n<tbody>\n<tr style=\"height: 416px\">\n<td style=\"width: 763px;height: 416px;text-align: left\"><strong><a href=\"https:\/\/blogsaverroes.juntadeandalucia.es\/ceipblasinfanteguadaira\/files\/2015\/03\/IMAG3593.jpg\"><img loading=\"lazy\" decoding=\"async\" class=\"size-medium wp-image-2312 alignleft\" src=\"https:\/\/blogsaverroes.juntadeandalucia.es\/ceipblasinfanteguadaira\/files\/2015\/03\/IMAG3593-300x180.jpg\" alt=\"\" width=\"300\" height=\"180\" srcset=\"https:\/\/blogsaverroes.juntadeandalucia.es\/ceipblasinfanteguadaira\/files\/2015\/03\/IMAG3593-300x180.jpg 300w, https:\/\/blogsaverroes.juntadeandalucia.es\/ceipblasinfanteguadaira\/files\/2015\/03\/IMAG3593-1024x613.jpg 1024w, https:\/\/blogsaverroes.juntadeandalucia.es\/ceipblasinfanteguadaira\/files\/2015\/03\/IMAG3593-24x14.jpg 24w, https:\/\/blogsaverroes.juntadeandalucia.es\/ceipblasinfanteguadaira\/files\/2015\/03\/IMAG3593-36x22.jpg 36w, https:\/\/blogsaverroes.juntadeandalucia.es\/ceipblasinfanteguadaira\/files\/2015\/03\/IMAG3593-48x29.jpg 48w, https:\/\/blogsaverroes.juntadeandalucia.es\/ceipblasinfanteguadaira\/files\/2015\/03\/IMAG3593.jpg 1600w\" sizes=\"(max-width: 300px) 100vw, 300px\" \/><\/a>Nuestro centro<\/strong><\/p>\n<p>Denominaci\u00f3n del centro:&nbsp;C.E.I.P. &nbsp;Blas Infante<\/p>\n<p>C\u00f3digo de centro:&nbsp;41602119<\/p>\n<p>Tipo de centro:&nbsp;P\u00fablico<\/p>\n<p>Provincia:&nbsp;Sevilla<\/p>\n<p>Localidad:&nbsp;Alcal\u00e1 de Guada\u00edra &nbsp; C.P. 41500<\/p>\n<p>Direcci\u00f3n:&nbsp;Av. 28 febrero S\/N<\/p>\n<p>Correo electr\u00f3nico:&nbsp;41602119.edu@juntadeandalucia.es<\/p>\n<p>Tel\u00e9fono:&nbsp;955622130 &nbsp; &nbsp; &nbsp; &nbsp; &nbsp; &nbsp; &nbsp; &nbsp; &nbsp; &nbsp; &nbsp; &nbsp;Fax:&nbsp;955622131<\/p>\n<p>Corporativo:&nbsp;39213<\/td>\n<\/tr>\n<tr style=\"height: 130px\">\n<td style=\"width: 763px;height: 130px;text-align: left\">\n<h4><strong>Horarios<\/strong><\/h4>\n<p><strong>Aula Matinal:<\/strong> de lunes a viernes de 7:30 a 9:00 horas.<\/p>\n<p><strong>Comedor escolar:<\/strong> de lunes a viernes de 14:00 a 16:00 h (consultar turnos)<\/p>\n<p><strong>Acompa\u00f1amiento escolar:<\/strong> lunes y mi\u00e9rcoles de 16:00 a 18:00 horas.<\/td>\n<\/tr>\n<tr style=\"height: 130px\">\n<td style=\"width: 763px;height: 130px;text-align: left\">\n<h4><strong>Oferta educativa<\/strong><\/h4>\n<p>Una breve descripci\u00f3n de las ense\u00f1anzas ofrecidas en el centro, con posibilidad de&nbsp;<a title=\"Educaci\u00f3n infantil\" href=\"https:\/\/blogsaverroes.juntadeandalucia.es\/ceipblasinfanteguadaira\/educacion-infantil\/\">enlazar&nbsp;<\/a>a otras secciones informativas de la web.<\/td>\n<\/tr>\n<tr style=\"height: 24px\">\n<td style=\"width: 763px;height: 24px\"><strong>Actividades extraescolares:<\/strong><\/p>\n<p>&nbsp;<\/td>\n<\/tr>\n<\/tbody>\n<\/table>\n<h4>Instalaciones<\/h4>\nngg_shortcode_0_placeholder\n","protected":false},"excerpt":{"rendered":"<p>[googlemaps https:\/\/www.google.com\/maps\/embed?pb=!1m18!1m12!1m3!1d3171.988060933845!2d-5.831782585397565!3d37.34279134466912!2m3!1f0!2f0!3f0!3m2!1i1024!2i768!4f13.1!3m3!1m2!1s0xd1264bdcb77626f%3A0x3dd27ff7cf8473a3!2sCeip+Blas+Infante!5e0!3m2!1ses!2ses!4v1517179891004&amp;w=400&amp;h=300] Nuestro centro Denominaci\u00f3n del centro:&nbsp;C.E.I.P. &nbsp;Blas Infante C\u00f3digo de centro:&nbsp;41602119 Tipo de centro:&nbsp;P\u00fablico Provincia:&nbsp;Sevilla Localidad:&nbsp;Alcal\u00e1 de Guada\u00edra &nbsp; C.P. 41500 Direcci\u00f3n:&nbsp;Av. 28 febrero S\/N Correo electr\u00f3nico:&nbsp;41602119.edu@juntadeandalucia.es Tel\u00e9fono:&nbsp;955622130 &nbsp; &nbsp; &nbsp; &nbsp; &nbsp;&#46;&#46;&#46;<\/p>\n","protected":false},"author":1,"featured_media":0,"parent":0,"menu_order":0,"comment_status":"open","ping_status":"open","template":"","meta":{"ngg_post_thumbnail":0,"footnotes":"","_mc_calendar":[]},"aioseo_notices":[],"_links":{"self":[{"href":"https:\/\/blogsaverroes.juntadeandalucia.es\/ceipblasinfanteguadaira\/wp-json\/wp\/v2\/pages\/35"}],"collection":[{"href":"https:\/\/blogsaverroes.juntadeandalucia.es\/ceipblasinfanteguadaira\/wp-json\/wp\/v2\/pages"}],"about":[{"href":"https:\/\/blogsaverroes.juntadeandalucia.es\/ceipblasinfanteguadaira\/wp-json\/wp\/v2\/types\/page"}],"author":[{"embeddable":true,"href":"https:\/\/blogsaverroes.juntadeandalucia.es\/ceipblasinfanteguadaira\/wp-json\/wp\/v2\/users\/1"}],"replies":[{"embeddable":true,"href":"https:\/\/blogsaverroes.juntadeandalucia.es\/ceipblasinfanteguadaira\/wp-json\/wp\/v2\/comments?post=35"}],"version-history":[{"count":33,"href":"https:\/\/blogsaverroes.juntadeandalucia.es\/ceipblasinfanteguadaira\/wp-json\/wp\/v2\/pages\/35\/revisions"}],"predecessor-version":[{"id":2313,"href":"https:\/\/blogsaverroes.juntadeandalucia.es\/ceipblasinfanteguadaira\/wp-json\/wp\/v2\/pages\/35\/revisions\/2313"}],"wp:attachment":[{"href":"https:\/\/blogsaverroes.juntadeandalucia.es\/ceipblasinfanteguadaira\/wp-json\/wp\/v2\/media?parent=35"}],"curies":[{"name":"wp","href":"https:\/\/api.w.org\/{rel}","templated":true}]}}