{"id":49,"date":"2015-03-13T08:47:05","date_gmt":"2015-03-13T08:47:05","guid":{"rendered":"http:\/\/blogsaverroes.juntadeandalucia.es\/pre\/ceip\/?page_id=49"},"modified":"2018-01-29T22:24:47","modified_gmt":"2018-01-29T22:24:47","slug":"proyecto-educativo","status":"publish","type":"page","link":"https:\/\/blogsaverroes.juntadeandalucia.es\/ceipblasinfanteguadaira\/proyecto-educativo\/","title":{"rendered":"Proyecto Educativo"},"content":{"rendered":"<table style=\"background-color: #f2eaa2\" border=\"9\" width=\"834\" cellpadding=\"6\">\n<tbody>\n<tr>\n<td><strong>\u00bfQU\u00c9 ES EL PROYECTO EDUCATIVO?<\/strong><\/p>\n<p><img loading=\"lazy\" decoding=\"async\" class=\" wp-image-1662 alignright\" style=\"font-family: inherit;font-size: inherit;background-color: #fafafa\" src=\"https:\/\/blogsaverroes.juntadeandalucia.es\/ceipblasinfanteguadaira\/files\/2015\/03\/proyecto-300x266.png\" alt=\"proyecto\" width=\"202\" height=\"179\" srcset=\"https:\/\/blogsaverroes.juntadeandalucia.es\/ceipblasinfanteguadaira\/files\/2015\/03\/proyecto-300x266.png 300w, https:\/\/blogsaverroes.juntadeandalucia.es\/ceipblasinfanteguadaira\/files\/2015\/03\/proyecto.png 640w\" sizes=\"(max-width: 202px) 100vw, 202px\" \/>El Proyecto Educativo es un documento que forma parte del Plan de Centro del CEIP Blas Infante. Dicho documento contempla los valores, objetivos y prioridades de actuaci\u00f3n del Centro tratando de expresar el tipo de escuela que pretendemos construir.<\/p>\n<p>Adem\u00e1s, dicho documento aporta car\u00e1cter y personalidad a nuestro centro ya que atiende a las necesidades del contexto en el que se encuentra inmerso nuestro cole.<\/p>\n<p>Dicho documento ha sido elaborado y aprobado por el Claustro de maestros\/as bajo la consulta y supervisi\u00f3n del Consejo escolar.<\/p>\n<p>Por \u00faltimo, hay que decir que dicho documento respeta valores fundamentales tales como los principios de no-discriminaci\u00f3n y de inclusi\u00f3n educativa.<\/td>\n<\/tr>\n<tr>\n<td><strong>CONSULTA NUESTRO PROYECTO EDUCATIVO<\/strong><\/p>\n<div>\n<div><iframe loading=\"lazy\" src=\"\/\/v.calameo.com\/?bkcode=004655778b6bdec8360dc&amp;mode=mini\" width=\"480\" height=\"300\" frameborder=\"0\" scrolling=\"no\"><\/iframe><\/div>\n<p>&nbsp;<\/p>\n<\/div>\n<\/td>\n<\/tr>\n<\/tbody>\n<\/table>\n<p>&nbsp;<\/p>\n<div style=\"text-align: center\">\n<div style=\"margin: 8px 0px 4px\"><a href=\"http:\/\/www.calameo.com\/books\/004655778b6bdec8360dc\" target=\"_blank\" rel=\"noopener\">Plan De Centro 16 17<\/a><\/div>\n<p>&nbsp;<\/p>\n<div style=\"margin: 4px 0px 8px\"><a href=\"http:\/\/www.calameo.com\/\" target=\"_blank\" rel=\"noopener\">Leer m\u00e1s publicaciones en Calam\u00e9o<\/a><\/div>\n<\/div>\n","protected":false},"excerpt":{"rendered":"<p>\u00bfQU\u00c9 ES EL PROYECTO EDUCATIVO? El Proyecto Educativo es un documento que forma parte del Plan de Centro del CEIP Blas Infante. Dicho documento contempla los valores, objetivos y prioridades de actuaci\u00f3n del Centro&#46;&#46;&#46;<\/p>\n","protected":false},"author":1,"featured_media":0,"parent":0,"menu_order":0,"comment_status":"open","ping_status":"open","template":"page-templates\/child-menu.php","meta":{"ngg_post_thumbnail":0,"footnotes":"","_mc_calendar":[]},"aioseo_notices":[],"_links":{"self":[{"href":"https:\/\/blogsaverroes.juntadeandalucia.es\/ceipblasinfanteguadaira\/wp-json\/wp\/v2\/pages\/49"}],"collection":[{"href":"https:\/\/blogsaverroes.juntadeandalucia.es\/ceipblasinfanteguadaira\/wp-json\/wp\/v2\/pages"}],"about":[{"href":"https:\/\/blogsaverroes.juntadeandalucia.es\/ceipblasinfanteguadaira\/wp-json\/wp\/v2\/types\/page"}],"author":[{"embeddable":true,"href":"https:\/\/blogsaverroes.juntadeandalucia.es\/ceipblasinfanteguadaira\/wp-json\/wp\/v2\/users\/1"}],"replies":[{"embeddable":true,"href":"https:\/\/blogsaverroes.juntadeandalucia.es\/ceipblasinfanteguadaira\/wp-json\/wp\/v2\/comments?post=49"}],"version-history":[{"count":11,"href":"https:\/\/blogsaverroes.juntadeandalucia.es\/ceipblasinfanteguadaira\/wp-json\/wp\/v2\/pages\/49\/revisions"}],"predecessor-version":[{"id":2251,"href":"https:\/\/blogsaverroes.juntadeandalucia.es\/ceipblasinfanteguadaira\/wp-json\/wp\/v2\/pages\/49\/revisions\/2251"}],"wp:attachment":[{"href":"https:\/\/blogsaverroes.juntadeandalucia.es\/ceipblasinfanteguadaira\/wp-json\/wp\/v2\/media?parent=49"}],"curies":[{"name":"wp","href":"https:\/\/api.w.org\/{rel}","templated":true}]}}