{"id":77,"date":"2015-03-16T06:54:56","date_gmt":"2015-03-16T06:54:56","guid":{"rendered":"http:\/\/blogsaverroes.juntadeandalucia.es\/pre\/ceip\/?page_id=77"},"modified":"2018-01-28T22:46:28","modified_gmt":"2018-01-28T22:46:28","slug":"secretaria","status":"publish","type":"page","link":"https:\/\/blogsaverroes.juntadeandalucia.es\/ceipblasinfanteguadaira\/secretaria\/","title":{"rendered":"Secretar\u00eda"},"content":{"rendered":"<p><a href=\"https:\/\/blogsaverroes.juntadeandalucia.es\/ceipblasinfanteguadaira\/files\/2015\/03\/IMAG3580.jpg\"><img loading=\"lazy\" decoding=\"async\" class=\"alignnone wp-image-2181\" src=\"https:\/\/blogsaverroes.juntadeandalucia.es\/ceipblasinfanteguadaira\/files\/2015\/03\/IMAG3580-300x180.jpg\" alt=\"\" width=\"342\" height=\"205\" srcset=\"https:\/\/blogsaverroes.juntadeandalucia.es\/ceipblasinfanteguadaira\/files\/2015\/03\/IMAG3580-300x180.jpg 300w, https:\/\/blogsaverroes.juntadeandalucia.es\/ceipblasinfanteguadaira\/files\/2015\/03\/IMAG3580-1024x613.jpg 1024w, https:\/\/blogsaverroes.juntadeandalucia.es\/ceipblasinfanteguadaira\/files\/2015\/03\/IMAG3580-24x14.jpg 24w, https:\/\/blogsaverroes.juntadeandalucia.es\/ceipblasinfanteguadaira\/files\/2015\/03\/IMAG3580-36x22.jpg 36w, https:\/\/blogsaverroes.juntadeandalucia.es\/ceipblasinfanteguadaira\/files\/2015\/03\/IMAG3580-48x29.jpg 48w, https:\/\/blogsaverroes.juntadeandalucia.es\/ceipblasinfanteguadaira\/files\/2015\/03\/IMAG3580.jpg 1600w\" sizes=\"(max-width: 342px) 100vw, 342px\" \/><\/a><\/p>\n<table style=\"background-color: #85bf77\" border=\"8\" width=\"745\" cellpadding=\"6\">\n<tbody>\n<tr>\n<td><strong>HORARIO DE SECRETARIA<\/strong><\/td>\n<\/tr>\n<tr>\n<td><strong>De lunes a viernes de 9:15 a 11:00 horas<\/strong><\/p>\n<p><strong>Martes de 16:00 a 18:00 horas<\/strong><\/td>\n<\/tr>\n<\/tbody>\n<\/table>\n<p>La web del CEIP Blas Infante ofrece a disposici\u00f3n de la comunidad educativa varios modelos de impresos y solicitudes con el fin de facilitar la labor administrativa. A continuaci\u00f3n quedan detallados tanto los diferentes enlaces as\u00ed como una aclaraci\u00f3n de los mismos:<\/p>\n<table style=\"background-color: #8ae68b\" border=\"8\" width=\"768\" cellpadding=\"6\">\n<tbody>\n<tr>\n<td><strong><a href=\"http:\/\/ceipblasinfanteguadaira.hol.es\/wp-content\/uploads\/2016\/05\/Anxo-II-Inscripci%C3%B3n-al-Plan-de-apertura.pdf\" rel=\"\">Anexo II Inscripci\u00f3n al Plan de apertura<\/a><\/strong><\/p>\n<p>Modelo oficial de solicitud para el Plan de Apertura (COMEDOR, AULA MATINAL Y ACTIVIDADES EXTRAESCOLARES). Dicha solicitud debe presentarse durante el per\u00edodo de matriculaci\u00f3n del 1 al 8 de junio en horario de Secretar\u00eda.&nbsp;Recordad&nbsp;que deben presentar el certificado de empresa de ambos tutores cuando soliciten aula matinal o comedor, en el cual, se especifique el horario laboral y la fecha de contrato.<\/td>\n<\/tr>\n<tr>\n<td><strong><a href=\"http:\/\/ceipblasinfanteguadaira.hol.es\/wp-content\/uploads\/2016\/05\/Anexo-V-Solicitud-de-bonificaci%C3%B3n.pdf\" rel=\"\">Anexo V Solicitud de bonificaci\u00f3n<\/a><\/strong><\/p>\n<p>Presentar junto con el modelo oficial del Plan de apertura entre los d\u00edas 1 y 8 de junio en horario de Secretar\u00eda. Recordad&nbsp;que deben presentar el certificado de empresa de ambos tutores cuando soliciten aula matinal o comedor, en el cual, se especifique el horario laboral y la fecha de contrato.<\/td>\n<\/tr>\n<tr>\n<td><strong><a href=\"http:\/\/ceipblasinfanteguadaira.hol.es\/wp-content\/uploads\/2016\/02\/Anexo-III-Impreso-oficial-para-solicitud-de-plaza.pdf\">Anexo III&nbsp;Impreso oficial para solicitud de plaza.<em>(Por duplicado).<\/em><\/a><\/strong><\/p>\n<p><em>&nbsp;Desde este enlace tendr\u00e1n acceso al modelo&nbsp;<\/em><em>oficial de Solicitud. (Impriman dos ejemplares si quieren que se les selle uno de ellos como resguardo al entregarla en la Secretar\u00eda del Centro junto con la documentaci\u00f3n necesaria).<\/em><\/td>\n<\/tr>\n<tr>\n<td><strong>&nbsp;<a href=\"http:\/\/ceipblasinfanteguadaira.hol.es\/wp-content\/uploads\/2016\/02\/Anexo-IV-Impreso-de-matriculaci%C3%B3n2.pdf\">Anexo IV Impreso para matriculaci\u00f3n<\/a><\/strong><\/p>\n<p><em>(Por duplicado)&nbsp;Desde este enlace tendr\u00e1n acceso al modelo oficial de Matr\u00edcula. Rellenar, imprimir &nbsp;y hacer entrega de la misma en la Secretar\u00eda del Centro del 1 al 8 de junio, (los alumnos nuevos deber\u00e1n entregar adem\u00e1s el impreso de Solicitud de Ense\u00f1anza de Religi\u00f3n).<\/em><\/td>\n<\/tr>\n<tr>\n<td><strong><a href=\"http:\/\/ceipblasinfanteguadaira.hol.es\/wp-content\/uploads\/2016\/05\/Ficha-de-alumno20_20.pdf\" rel=\"\">Ficha personal del alumno\/a<\/a><\/strong><br \/>\n<em>Entregar en secretar\u00eda junto con la matr\u00edcula. Es imprescindible anotar m\u00e1s de un n\u00famero de tel\u00e9fono con el fin de agilizar la comunicaci\u00f3n familia-escuela. Esta ficha tambi\u00e9n est\u00e1 disponible en Secretar\u00eda.<\/em><\/td>\n<\/tr>\n<tr>\n<td><strong><a href=\"http:\/\/ceipblasinfanteguadaira.hol.es\/wp-content\/uploads\/2016\/02\/Justificante-de-faltas-de-asistencia.pdf\">Justificante faltas de asistencia<\/a><\/strong><\/p>\n<p>&nbsp;<em>Imprimir , rellenar y entregar en secretar\u00eda o al tutor\/a&nbsp;del alumno\/a cada vez que se haya producido una ausencia. Este justificante tambi\u00e9n se podr\u00e1 expedir en Secretar\u00eda.<\/em><\/td>\n<\/tr>\n<tr>\n<td><a href=\"http:\/\/ceipblasinfanteguadaira.hol.es\/wp-content\/uploads\/2016\/02\/Impreso-para-recogida-de-alumnos-en-horario-escolar.pdf\">&nbsp;<strong>Impreso para recogida de alumnos en horario escolar<\/strong><\/a><\/p>\n<p><em>Imprimir, rellenar y e<\/em><em>ntregar en secretar\u00eda cada vez que recojan a los ni\u00f1os\/as en horario escolar por cualquier motivo. Tambi\u00e9n se puede pedir en secretar\u00eda.&nbsp;<\/em><\/td>\n<\/tr>\n<tr>\n<td><strong><a href=\"http:\/\/ceipblasinfanteguadaira.hol.es\/wp-content\/uploads\/2016\/02\/ANEXO-RELIGI%C3%93N.pdf\" rel=\"\">Anexo Religi\u00f3n<\/a><\/strong><br \/>\n<em>S\u00f3lo se podr\u00e1 solicitar el cambio de ense\u00f1anza de Religi\u00f3n del 1 a 8 de Junio de cada a\u00f1o debido a que hay que entregar los Cheque-Libros. Para ello, lo deber\u00e1 rellenar, imprimir y entregar junto con el impreso de Inscripci\u00f3n en la fecha citada.<\/em><\/td>\n<\/tr>\n<tr>\n<td><strong><a href=\"http:\/\/ceipblasinfanteguadaira.hol.es\/wp-content\/uploads\/2016\/05\/AUTORIZACI%C3%93N-PARA-LA-PUBLICACI%C3%93N-DE-IM%C3%81GENES.pdf\" rel=\"\">Autorizaci\u00f3n para la publicaci\u00f3n de im\u00e1genes<\/a><\/strong><em>Imprimir, rellenar y entregar en secretar\u00eda. Tambi\u00e9n se puede solicitar en el centro.<\/em><\/td>\n<\/tr>\n<\/tbody>\n<\/table>\n","protected":false},"excerpt":{"rendered":"<p>HORARIO DE SECRETARIA De lunes a viernes de 9:15 a 11:00 horas Martes de 16:00 a 18:00 horas La web del CEIP Blas Infante ofrece a disposici\u00f3n de la comunidad educativa varios modelos de&#46;&#46;&#46;<\/p>\n","protected":false},"author":1,"featured_media":0,"parent":0,"menu_order":0,"comment_status":"open","ping_status":"open","template":"page-templates\/child-menu.php","meta":{"ngg_post_thumbnail":0,"footnotes":"","_mc_calendar":[]},"aioseo_notices":[],"_links":{"self":[{"href":"https:\/\/blogsaverroes.juntadeandalucia.es\/ceipblasinfanteguadaira\/wp-json\/wp\/v2\/pages\/77"}],"collection":[{"href":"https:\/\/blogsaverroes.juntadeandalucia.es\/ceipblasinfanteguadaira\/wp-json\/wp\/v2\/pages"}],"about":[{"href":"https:\/\/blogsaverroes.juntadeandalucia.es\/ceipblasinfanteguadaira\/wp-json\/wp\/v2\/types\/page"}],"author":[{"embeddable":true,"href":"https:\/\/blogsaverroes.juntadeandalucia.es\/ceipblasinfanteguadaira\/wp-json\/wp\/v2\/users\/1"}],"replies":[{"embeddable":true,"href":"https:\/\/blogsaverroes.juntadeandalucia.es\/ceipblasinfanteguadaira\/wp-json\/wp\/v2\/comments?post=77"}],"version-history":[{"count":8,"href":"https:\/\/blogsaverroes.juntadeandalucia.es\/ceipblasinfanteguadaira\/wp-json\/wp\/v2\/pages\/77\/revisions"}],"predecessor-version":[{"id":2183,"href":"https:\/\/blogsaverroes.juntadeandalucia.es\/ceipblasinfanteguadaira\/wp-json\/wp\/v2\/pages\/77\/revisions\/2183"}],"wp:attachment":[{"href":"https:\/\/blogsaverroes.juntadeandalucia.es\/ceipblasinfanteguadaira\/wp-json\/wp\/v2\/media?parent=77"}],"curies":[{"name":"wp","href":"https:\/\/api.w.org\/{rel}","templated":true}]}}