{"id":113,"date":"2015-03-16T08:06:00","date_gmt":"2015-03-16T08:06:00","guid":{"rendered":"http:\/\/blogsaverroes.juntadeandalucia.es\/pre\/ceip\/?page_id=113"},"modified":"2025-12-04T18:41:03","modified_gmt":"2025-12-04T18:41:03","slug":"biblioteca","status":"publish","type":"page","link":"https:\/\/blogsaverroes.juntadeandalucia.es\/ceipblasinfanteps\/biblioteca\/","title":{"rendered":"Biblioteca"},"content":{"rendered":"\t\t<div data-elementor-type=\"wp-page\" data-elementor-id=\"113\" class=\"elementor elementor-113\">\n\t\t\t\t\t\t<section class=\"elementor-section elementor-top-section elementor-element elementor-element-699c31e elementor-section-boxed elementor-section-height-default elementor-section-height-default\" data-id=\"699c31e\" data-element_type=\"section\">\n\t\t\t\t\t\t<div class=\"elementor-container elementor-column-gap-default\">\n\t\t\t\t\t<div class=\"elementor-column elementor-col-100 elementor-top-column elementor-element elementor-element-f516a81\" data-id=\"f516a81\" data-element_type=\"column\">\n\t\t\t<div class=\"elementor-widget-wrap elementor-element-populated\">\n\t\t\t\t\t\t<div class=\"elementor-element elementor-element-1b4da0a elementor-widget elementor-widget-heading\" data-id=\"1b4da0a\" data-element_type=\"widget\" data-widget_type=\"heading.default\">\n\t\t\t\t<div class=\"elementor-widget-container\">\n\t\t\t\t\t<h2 class=\"elementor-heading-title elementor-size-default\">Nuestra biblioteca decora su entrada<\/h2>\t\t\t\t<\/div>\n\t\t\t\t<\/div>\n\t\t\t\t\t<\/div>\n\t\t<\/div>\n\t\t\t\t\t<\/div>\n\t\t<\/section>\n\t\t\t\t<section class=\"elementor-section elementor-top-section elementor-element elementor-element-80d42ca elementor-section-boxed elementor-section-height-default elementor-section-height-default\" data-id=\"80d42ca\" data-element_type=\"section\">\n\t\t\t\t\t\t<div class=\"elementor-container elementor-column-gap-default\">\n\t\t\t\t\t<div class=\"elementor-column elementor-col-100 elementor-top-column elementor-element elementor-element-879f75f\" data-id=\"879f75f\" data-element_type=\"column\">\n\t\t\t<div class=\"elementor-widget-wrap elementor-element-populated\">\n\t\t\t\t\t\t<div class=\"elementor-element elementor-element-98ffc37 elementor-widget elementor-widget-image\" data-id=\"98ffc37\" data-element_type=\"widget\" data-widget_type=\"image.default\">\n\t\t\t\t<div class=\"elementor-widget-container\">\n\t\t\t\t\t\t\t\t\t\t\t\t\t\t\t<img fetchpriority=\"high\" decoding=\"async\" width=\"493\" height=\"373\" src=\"https:\/\/blogsaverroes.juntadeandalucia.es\/ceipblasinfanteps\/files\/2025\/12\/467CD0DD-1400-4E8D-BD33-DADAC10C549D-e1764873169942.jpg\" class=\"attachment-large size-large wp-image-5193\" alt=\"\" srcset=\"https:\/\/blogsaverroes.juntadeandalucia.es\/ceipblasinfanteps\/files\/2025\/12\/467CD0DD-1400-4E8D-BD33-DADAC10C549D-e1764873169942.jpg 493w, https:\/\/blogsaverroes.juntadeandalucia.es\/ceipblasinfanteps\/files\/2025\/12\/467CD0DD-1400-4E8D-BD33-DADAC10C549D-e1764873169942-300x227.jpg 300w\" sizes=\"(max-width: 493px) 100vw, 493px\" \/>\t\t\t\t\t\t\t\t\t\t\t\t\t\t\t<\/div>\n\t\t\t\t<\/div>\n\t\t\t\t\t<\/div>\n\t\t<\/div>\n\t\t\t\t\t<\/div>\n\t\t<\/section>\n\t\t\t\t<section class=\"elementor-section elementor-top-section elementor-element elementor-element-79a2e2d elementor-section-boxed elementor-section-height-default elementor-section-height-default\" data-id=\"79a2e2d\" data-element_type=\"section\">\n\t\t\t\t\t\t<div class=\"elementor-container elementor-column-gap-default\">\n\t\t\t\t\t<div class=\"elementor-column elementor-col-100 elementor-top-column elementor-element elementor-element-16c6fec\" data-id=\"16c6fec\" data-element_type=\"column\">\n\t\t\t<div class=\"elementor-widget-wrap elementor-element-populated\">\n\t\t\t\t\t\t<div class=\"elementor-element elementor-element-8836582 elementor-widget elementor-widget-image\" data-id=\"8836582\" data-element_type=\"widget\" data-widget_type=\"image.default\">\n\t\t\t\t<div class=\"elementor-widget-container\">\n\t\t\t\t\t\t\t\t\t\t\t\t<figure class=\"wp-caption\">\n\t\t\t\t\t\t\t\t\t\t<img decoding=\"async\" width=\"768\" height=\"805\" src=\"https:\/\/blogsaverroes.juntadeandalucia.es\/ceipblasinfanteps\/files\/2025\/12\/estanteria-768x805.jpeg\" class=\"attachment-medium_large size-medium_large wp-image-5196\" alt=\"\" srcset=\"https:\/\/blogsaverroes.juntadeandalucia.es\/ceipblasinfanteps\/files\/2025\/12\/estanteria-768x805.jpeg 768w, https:\/\/blogsaverroes.juntadeandalucia.es\/ceipblasinfanteps\/files\/2025\/12\/estanteria-286x300.jpeg 286w, https:\/\/blogsaverroes.juntadeandalucia.es\/ceipblasinfanteps\/files\/2025\/12\/estanteria.jpeg 899w\" sizes=\"(max-width: 768px) 100vw, 768px\" \/>\t\t\t\t\t\t\t\t\t\t\t<figcaption class=\"widget-image-caption wp-caption-text\">Estanter\u00eda con los libros m\u00e1s le\u00eddos del mes.<\/figcaption>\n\t\t\t\t\t\t\t\t\t\t<\/figure>\n\t\t\t\t\t\t\t\t\t<\/div>\n\t\t\t\t<\/div>\n\t\t\t\t\t<\/div>\n\t\t<\/div>\n\t\t\t\t\t<\/div>\n\t\t<\/section>\n\t\t\t\t<\/div>\n\t\t","protected":false},"excerpt":{"rendered":"<p>Nuestra biblioteca decora su entrada Estanter\u00eda con los libros m\u00e1s le\u00eddos del mes.<\/p>\n","protected":false},"author":1,"featured_media":0,"parent":0,"menu_order":0,"comment_status":"closed","ping_status":"open","template":"","meta":{"ngg_post_thumbnail":0,"footnotes":"","_mc_calendar":[]},"aioseo_notices":[],"post_mailing_queue_ids":[],"_links":{"self":[{"href":"https:\/\/blogsaverroes.juntadeandalucia.es\/ceipblasinfanteps\/wp-json\/wp\/v2\/pages\/113"}],"collection":[{"href":"https:\/\/blogsaverroes.juntadeandalucia.es\/ceipblasinfanteps\/wp-json\/wp\/v2\/pages"}],"about":[{"href":"https:\/\/blogsaverroes.juntadeandalucia.es\/ceipblasinfanteps\/wp-json\/wp\/v2\/types\/page"}],"author":[{"embeddable":true,"href":"https:\/\/blogsaverroes.juntadeandalucia.es\/ceipblasinfanteps\/wp-json\/wp\/v2\/users\/1"}],"replies":[{"embeddable":true,"href":"https:\/\/blogsaverroes.juntadeandalucia.es\/ceipblasinfanteps\/wp-json\/wp\/v2\/comments?post=113"}],"version-history":[{"count":6,"href":"https:\/\/blogsaverroes.juntadeandalucia.es\/ceipblasinfanteps\/wp-json\/wp\/v2\/pages\/113\/revisions"}],"predecessor-version":[{"id":5201,"href":"https:\/\/blogsaverroes.juntadeandalucia.es\/ceipblasinfanteps\/wp-json\/wp\/v2\/pages\/113\/revisions\/5201"}],"wp:attachment":[{"href":"https:\/\/blogsaverroes.juntadeandalucia.es\/ceipblasinfanteps\/wp-json\/wp\/v2\/media?parent=113"}],"curies":[{"name":"wp","href":"https:\/\/api.w.org\/{rel}","templated":true}]}}