{"id":2292,"date":"2016-11-07T18:16:21","date_gmt":"2016-11-07T18:16:21","guid":{"rendered":"http:\/\/blogsaverroes.juntadeandalucia.es\/ceipblasinfanteps\/?page_id=2292"},"modified":"2021-01-29T08:29:46","modified_gmt":"2021-01-29T08:29:46","slug":"igualdad","status":"publish","type":"page","link":"https:\/\/blogsaverroes.juntadeandalucia.es\/ceipblasinfanteps\/igualdad\/","title":{"rendered":"Plan de Igualdad"},"content":{"rendered":"<p>Clicando en la imagen se accede al Plan de Igualdad entre hombres y mujeres de nuestro centro, desde el que pretendemos contribuir a una sociedad m\u00e1s humana y m\u00e1s justa entre g\u00e9neros.<\/p>\n<p style=\"text-align: center\"><a href=\"https:\/\/drive.google.com\/file\/d\/15lKHpptO1tkEkiLeK02o5oL71Q_EFxLN\/view?usp=sharing\"><img fetchpriority=\"high\" decoding=\"async\" class=\"alignnone size-medium wp-image-2398\" src=\"http:\/\/blogsaverroes.juntadeandalucia.es\/ceipblasinfanteps\/files\/2016\/11\/igualdad_de_genero3-227x300.gif\" alt=\"\" width=\"227\" height=\"300\" srcset=\"https:\/\/blogsaverroes.juntadeandalucia.es\/ceipblasinfanteps\/files\/2016\/11\/igualdad_de_genero3-227x300.gif 227w, https:\/\/blogsaverroes.juntadeandalucia.es\/ceipblasinfanteps\/files\/2016\/11\/igualdad_de_genero3-768x1015.gif 768w, https:\/\/blogsaverroes.juntadeandalucia.es\/ceipblasinfanteps\/files\/2016\/11\/igualdad_de_genero3-775x1024.gif 775w, https:\/\/blogsaverroes.juntadeandalucia.es\/ceipblasinfanteps\/files\/2016\/11\/igualdad_de_genero3-700x925.gif 700w, https:\/\/blogsaverroes.juntadeandalucia.es\/ceipblasinfanteps\/files\/2016\/11\/igualdad_de_genero3-18x24.gif 18w, https:\/\/blogsaverroes.juntadeandalucia.es\/ceipblasinfanteps\/files\/2016\/11\/igualdad_de_genero3-27x36.gif 27w, https:\/\/blogsaverroes.juntadeandalucia.es\/ceipblasinfanteps\/files\/2016\/11\/igualdad_de_genero3-36x48.gif 36w\" sizes=\"(max-width: 227px) 100vw, 227px\" \/><\/a><\/p>\n","protected":false},"excerpt":{"rendered":"<p>Clicando en la imagen se accede al Plan de Igualdad entre hombres y mujeres de nuestro centro, desde el que pretendemos contribuir a una sociedad m\u00e1s humana y m\u00e1s justa entre g\u00e9neros.<\/p>\n","protected":false},"author":4075,"featured_media":0,"parent":0,"menu_order":0,"comment_status":"open","ping_status":"open","template":"","meta":{"ngg_post_thumbnail":0,"footnotes":"","_mc_calendar":[]},"aioseo_notices":[],"post_mailing_queue_ids":[],"_links":{"self":[{"href":"https:\/\/blogsaverroes.juntadeandalucia.es\/ceipblasinfanteps\/wp-json\/wp\/v2\/pages\/2292"}],"collection":[{"href":"https:\/\/blogsaverroes.juntadeandalucia.es\/ceipblasinfanteps\/wp-json\/wp\/v2\/pages"}],"about":[{"href":"https:\/\/blogsaverroes.juntadeandalucia.es\/ceipblasinfanteps\/wp-json\/wp\/v2\/types\/page"}],"author":[{"embeddable":true,"href":"https:\/\/blogsaverroes.juntadeandalucia.es\/ceipblasinfanteps\/wp-json\/wp\/v2\/users\/4075"}],"replies":[{"embeddable":true,"href":"https:\/\/blogsaverroes.juntadeandalucia.es\/ceipblasinfanteps\/wp-json\/wp\/v2\/comments?post=2292"}],"version-history":[{"count":5,"href":"https:\/\/blogsaverroes.juntadeandalucia.es\/ceipblasinfanteps\/wp-json\/wp\/v2\/pages\/2292\/revisions"}],"predecessor-version":[{"id":3382,"href":"https:\/\/blogsaverroes.juntadeandalucia.es\/ceipblasinfanteps\/wp-json\/wp\/v2\/pages\/2292\/revisions\/3382"}],"wp:attachment":[{"href":"https:\/\/blogsaverroes.juntadeandalucia.es\/ceipblasinfanteps\/wp-json\/wp\/v2\/media?parent=2292"}],"curies":[{"name":"wp","href":"https:\/\/api.w.org\/{rel}","templated":true}]}}