{"id":42,"date":"2015-03-13T08:40:47","date_gmt":"2015-03-13T08:40:47","guid":{"rendered":"http:\/\/blogsaverroes.juntadeandalucia.es\/pre\/ceip\/?page_id=42"},"modified":"2017-09-06T17:11:03","modified_gmt":"2017-09-06T17:11:03","slug":"equipo-directivo","status":"publish","type":"page","link":"https:\/\/blogsaverroes.juntadeandalucia.es\/ceipblasinfanteps\/equipo-directivo\/","title":{"rendered":"Equipo directivo"},"content":{"rendered":"<p>&nbsp;<\/p>\n<p>Desde el 1 de Julio de 2017, el Equipo Directivo del centro est\u00e1 compuesto por:<\/p>\n<p><strong>Direcci\u00f3n:&nbsp;&nbsp;<span style=\"text-decoration: underline\"><em>M\u00aa VICTORIA BLASCO RUIZ<\/em><\/span><\/strong><\/p>\n<p><strong>Jefatura de estudios: <span style=\"text-decoration: underline\"><em>F\u00ba JAVIER CALVELLIDO PAV\u00d3N<\/em><\/span><\/strong><\/p>\n<p><strong>Secretar\u00eda: <span style=\"text-decoration: underline\"><em>JOS\u00c9 A. CALVILLO MARCHANTE<\/em><\/span><\/strong><\/p>\n","protected":false},"excerpt":{"rendered":"<p>&nbsp; Desde el 1 de Julio de 2017, el Equipo Directivo del centro est\u00e1 compuesto por: Direcci\u00f3n:&nbsp;&nbsp;M\u00aa VICTORIA BLASCO RUIZ Jefatura de estudios: F\u00ba JAVIER CALVELLIDO PAV\u00d3N Secretar\u00eda: JOS\u00c9 A. CALVILLO MARCHANTE<\/p>\n","protected":false},"author":1,"featured_media":0,"parent":0,"menu_order":0,"comment_status":"closed","ping_status":"open","template":"","meta":{"ngg_post_thumbnail":0,"footnotes":"","_mc_calendar":[]},"aioseo_notices":[],"post_mailing_queue_ids":[],"_links":{"self":[{"href":"https:\/\/blogsaverroes.juntadeandalucia.es\/ceipblasinfanteps\/wp-json\/wp\/v2\/pages\/42"}],"collection":[{"href":"https:\/\/blogsaverroes.juntadeandalucia.es\/ceipblasinfanteps\/wp-json\/wp\/v2\/pages"}],"about":[{"href":"https:\/\/blogsaverroes.juntadeandalucia.es\/ceipblasinfanteps\/wp-json\/wp\/v2\/types\/page"}],"author":[{"embeddable":true,"href":"https:\/\/blogsaverroes.juntadeandalucia.es\/ceipblasinfanteps\/wp-json\/wp\/v2\/users\/1"}],"replies":[{"embeddable":true,"href":"https:\/\/blogsaverroes.juntadeandalucia.es\/ceipblasinfanteps\/wp-json\/wp\/v2\/comments?post=42"}],"version-history":[{"count":4,"href":"https:\/\/blogsaverroes.juntadeandalucia.es\/ceipblasinfanteps\/wp-json\/wp\/v2\/pages\/42\/revisions"}],"predecessor-version":[{"id":2537,"href":"https:\/\/blogsaverroes.juntadeandalucia.es\/ceipblasinfanteps\/wp-json\/wp\/v2\/pages\/42\/revisions\/2537"}],"wp:attachment":[{"href":"https:\/\/blogsaverroes.juntadeandalucia.es\/ceipblasinfanteps\/wp-json\/wp\/v2\/media?parent=42"}],"curies":[{"name":"wp","href":"https:\/\/api.w.org\/{rel}","templated":true}]}}